{"id":1220,"date":"2022-10-06T21:15:12","date_gmt":"2022-10-06T21:15:12","guid":{"rendered":"https:\/\/smilinic.com\/homepage\/"},"modified":"2024-07-27T02:43:11","modified_gmt":"2024-07-27T02:43:11","slug":"homepage","status":"publish","type":"page","link":"https:\/\/smilinic.com\/tr\/","title":{"rendered":"Anasayfa"},"content":{"rendered":"<div class=\"brz-root__container brz-reset-all brz\">\n<section id=\"aaubimktqebekkczizgioormwyplhnpsleuo\" class=\"brz-section brz-css-eYg87 brz-css-cu2rs\">\n<div class=\"brz-section__content brz-section--boxed brz-css-cX1o6 brz-css-jLy9a\" data-brz-custom-id=\"utvouknyhkuyzjldvuwmwhlzwrltarhqepcn\">\n<div class=\"brz-bg\">\n<div class=\"brz-bg-image\"><\/div>\n<div data-type=\"youtube\" data-key=\"761260547\" data-loop=\"true\" data-start=\"0\" class=\"brz-bg-video\"><\/div>\n<div class=\"brz-bg-color\"><\/div>\n<\/div>\n<div class=\"brz-container brz-css-uF7px\">\n<div class=\"brz-row__container brz-css-pn92c\" data-brz-custom-id=\"qstonmkljvyiurxvjhumhjusngpkoerpqkzy\">\n<div class=\"brz-bg\"><\/div>\n<div class=\"brz-row brz-css-cfQcZ brz-css-cko6d\">\n<div id=\"header-left\" class=\"brz-columns brz-css-viMYX brz-css-xy1mj header-left\" data-brz-custom-id=\"rjgjhnziodabashrgeggvsbosaiigdhigorx\">\n<div class=\"brz-bg\"><\/div>\n<div class=\"brz-column__items brz-css-kSbKy brz-css-w7QIx\">\n<div data-brz-iteration-count=\"1\" class=\"brz-wrapper-clone brz-css-irqgR brz-animated brz-css-z3lHc brz-css-wosGv\" data-animationid=\"alaxavoaqwovnwsokibexyhkmdrhwydnoyjx\">\n<div class=\"brz-d-xs-flex brz-flex-xs-wrap brz-css-eeXwp brz-css-idYmV\" data-brz-custom-id=\"\">\n<div class=\"brz-wrapper-clone__item\" id=\"zosidqppwrlcvdajmygwmnyegrsobtlgemcj\"><a class=\"brz-a brz-btn brz-css-kZEdK brz-css-vHHfi\" href=\"\" target=\"_self\" rel=\"noopener\" data-brz-link-type=\"external\" data-brz-custom-id=\"zosidqppwrlcvdajmygwmnyegrsobtlgemcj\"><span data-brz-translate-text=\"1\" class=\"brz-span brz-text__editor\">\ud83d\udc4b Merhaba, Smilinic&#8217;e Ho\u015f Geldiniz \u2022<\/span><\/a><\/div>\n<\/div>\n<\/div>\n<div id=\"\" data-brz-iteration-count=\"1\" class=\"brz-css-y_7fY brz-wrapper brz-animated brz-css-nPR9R brz-css-aP09f\" data-animationid=\"kbivxecycjceazxlztozakmfaxerqjiemivp\">\n<div class=\"brz-rich-text brz-rich-text__custom brz-css-pzpLw\" data-brz-custom-id=\"exlbzqxutzpfiovieggqjvgiyyquymczrsdt\">\n<div data-brz-translate-text=\"1\">\n<p class=\"brz-fs-xs-40 brz-tp-xs-empty brz-lh-xs-1_2 brz-ls-xs-0 brz-fw-xs-700 brz-fss-xs-px brz-fw-lg-700 brz-fss-lg-px brz-fs-lg-54 brz-ft-google brz-ff-roboto brz-tp-lg-empty brz-lh-lg-1 brz-ls-lg-0 brz-css-ayoov\" data-generated-css=\"brz-css-yjwkp\" data-uniq-id=\"uazml\"><span>Birle\u015fik Krall\u0131k Merkezli Lider Sa\u011fl\u0131k Merkezi<\/span><\/p>\n<\/div>\n<\/div>\n<\/div>\n<div id=\"\" data-brz-iteration-count=\"1\" class=\"brz-css-y_7fY brz-wrapper brz-animated brz-css-a_SdD brz-css-md_ZC\" data-animationid=\"xsfvcfoodzkhceaidgzwoeqpkuispusexspp\">\n<div class=\"brz-rich-text brz-rich-text__custom brz-css-pzpLw\" data-brz-custom-id=\"mulnjkmohivxdcmmfnxpikyxkzgcgfiusxpl\">\n<div data-brz-translate-text=\"1\">\n<p class=\"brz-tp-lg-empty brz-ff-ymubgefsxldrywogxtzekrfkmzwinepjvqkm brz-ft-upload brz-fs-lg-16 brz-fss-lg-px brz-fw-lg-400 brz-ls-lg-0 brz-lh-lg-1_4 brz-mb-lg-20 brz-css-rbqGh\" data-generated-css=\"brz-css-ewvyi\" data-uniq-id=\"cklfa\"><span>Smilinic&#8217;te hayat de\u011fi\u015ftiren tedavileri ve unutulmaz seyahat deneyimlerini uygun bir fiyata bir araya getiren birinci s\u0131n\u0131f medikal turizm f\u0131rsatlar\u0131 sunuyoruz.<\/span><\/p>\n<\/div>\n<\/div>\n<\/div>\n<div id=\"\" data-brz-iteration-count=\"1\" class=\"brz-css-y_7fY brz-css-ygjna brz-wrapper brz-animated brz-css-a_SdD brz-css-iHQO1\" data-animationid=\"rugbhhwcezbklpkpkaxaggnprrpwncmgqjkl\">\n<div class=\"brz-rich-text brz-rich-text__custom brz-css-pzpLw\" data-brz-custom-id=\"qggilyblwgyklwlkegvnpirhngwkoigcdhyj\">\n<div data-brz-translate-text=\"1\">\n<p class=\"brz-fs-lg-14 brz-ft-upload brz-ff-pwqtjqcqiiwcectkngyvuehigyofipbwgfto brz-tp-lg-empty brz-lh-lg-1_4 brz-ls-lg-0 brz-fw-lg-400 brz-fss-lg-px brz-mb-lg-0 brz-css-xioZw\" data-generated-css=\"brz-css-mstne\" data-uniq-id=\"bdzgf\"><strong><em>\u00dccretsiz Dan\u0131\u015fmanl\u0131k \u0130\u00e7in:<\/em><\/strong><\/p>\n<\/div>\n<\/div>\n<\/div>\n<div data-brz-iteration-count=\"1\" class=\"brz-wrapper-clone brz-css-irqgR brz-animated brz-css-fplkn brz-css-w5pWh\" data-animationid=\"dasxleejxvwoffergpqjbgykdxrkevmbjhbh\">\n<div class=\"brz-d-xs-flex brz-flex-xs-wrap brz-css-eeXwp brz-css-nFctE\" data-brz-custom-id=\"\">\n<div class=\"brz-wrapper-clone__item\" id=\"jcntxjzlugdaubdukhnqmeeluoxfhlcivwet\"><a class=\"brz-a brz-btn brz-css-kZEdK brz-css-npuWv\" href=\"\/schedule-a-call\/\" target=\"_self\" rel=\"noopener\" data-brz-link-type=\"external\" data-brz-custom-id=\"jcntxjzlugdaubdukhnqmeeluoxfhlcivwet\"><span data-brz-translate-text=\"1\" class=\"brz-span brz-text__editor\">\u0130leti\u015fime Ge\u00e7in<\/span><\/a><\/div>\n<div class=\"brz-wrapper-clone__item\" id=\"ducqvmrpfdngjshmdfgnnzsxejautzahnikz\"><a class=\"brz-a brz-btn brz-css-kZEdK brz-css-tIh4n\" href=\"\/contact-us\/\" target=\"_self\" rel=\"noopener\" data-brz-link-type=\"external\" data-brz-custom-id=\"ducqvmrpfdngjshmdfgnnzsxejautzahnikz\"><span data-brz-translate-text=\"1\" class=\"brz-span brz-text__editor\"><\/span><\/a><\/div>\n<\/div>\n<\/div>\n<div id=\"\" data-brz-iteration-count=\"1\" class=\"brz-css-y_7fY brz-css-waqeI brz-wrapper brz-animated brz-css-phKi0 brz-css-rG4Wt\" data-animationid=\"dzulkhzoihydeiqkbdaqzidwfchrotigolqw\">\n<div class=\"brz-rich-text brz-rich-text__custom brz-css-pzpLw\" data-brz-custom-id=\"voddqavyyyjclkobijbsuhgomzmxrkhokuqu\">\n<div data-brz-translate-text=\"1\">\n<p class=\"brz-mt-lg-28 brz-fw-lg-600 brz-fss-lg-px brz-fs-lg-12 brz-ft-upload brz-ff-ymubgefsxldrywogxtzekrfkmzwinepjvqkm brz-tp-lg-empty brz-lh-lg-1_9 brz-ls-lg-0 brz-css-eMgK5\" data-uniq-id=\"ppfil\" data-generated-css=\"brz-css-cbhgw\"><span class=\"brz-capitalize-on\">KAPIDAN KAPIYA STRES YOK, GARANT\u0130L\u0130.<\/span><\/p>\n<\/div>\n<\/div>\n<\/div>\n<div id=\"\" data-brz-iteration-count=\"1\" class=\"brz-css-y_7fY brz-css-blIzx brz-wrapper brz-animated brz-css-z9Yhl brz-css-brwh4\" data-animationid=\"idkdbproukgryaliybqfhlydcslljfglzdhc\">\n<div class=\"brz-rich-text brz-rich-text__custom brz-css-pzpLw\" data-brz-custom-id=\"oyxeiunfpjgqepyiizpjcywmfecvigfwxvve\">\n<div data-brz-translate-text=\"1\">\n<p class=\"brz-mb-lg-0 brz-fss-lg-px brz-fw-lg-400 brz-ls-lg-0 brz-lh-lg-1_4 brz-tp-lg-empty brz-ff-ymubgefsxldrywogxtzekrfkmzwinepjvqkm brz-ft-upload brz-fs-lg-12 brz-css-ovKZ3\" data-uniq-id=\"pxdzq\" data-generated-css=\"brz-css-hgbft\"><span>T\u0131bbi ama\u00e7lar i\u00e7in seyahat etmek, sorunsuz hizmetimizin yard\u0131m\u0131yla kolayla\u015ft\u0131r\u0131lm\u0131\u015ft\u0131r. <\/span><\/p>\n<p class=\"brz-mb-lg-0 brz-fss-lg-px brz-fw-lg-400 brz-ls-lg-0 brz-lh-lg-1_4 brz-tp-lg-empty brz-ff-ymubgefsxldrywogxtzekrfkmzwinepjvqkm brz-ft-upload brz-fs-lg-12 brz-css-wRWsA\" data-uniq-id=\"pxdzq\" data-generated-css=\"brz-css-hgbft\"><span>Konaklama, prosed\u00fcrler s\u0131ras\u0131nda terc\u00fcmanlar, tedavi sonras\u0131 bak\u0131m ve turizm dan\u0131\u015fmanl\u0131\u011f\u0131 dahildir.<\/span><\/p>\n<\/div>\n<\/div>\n<\/div>\n<\/div>\n<\/div>\n<div id=\"header-right\" class=\"brz-columns brz-css-viMYX brz-css-hMKJb header-right\" data-brz-custom-id=\"ddevncwrpoywgaqqqeefsypzzlvslcscfujc\">\n<div class=\"brz-bg\"><\/div>\n<div class=\"brz-column__items brz-css-kSbKy brz-css-xKa87\">\n<div class=\"brz-wrapper-clone brz-css-irqgR\">\n<div class=\"brz-d-xs-flex brz-flex-xs-wrap brz-css-eeXwp brz-css-ytgnb\" data-brz-custom-id=\"\">\n<div class=\"brz-wrapper-clone__item\" id=\"tgjkwozcgjsxxztbimqriocppghranpmydtd\"><a class=\"brz-a brz-btn dentaltreatment-homebutton brz-css-kZEdK brz-css-wVyfA\" href=\"\/tr\/dental-treatments\/\" target=\"_self\" rel=\"noopener\" data-brz-link-type=\"external\" id=\"treatment-homebutton\" data-brz-custom-id=\"tgjkwozcgjsxxztbimqriocppghranpmydtd\"><span data-brz-translate-text=\"1\" class=\"brz-span brz-text__editor\">Di\u015f Tedavileri<\/span><\/a><\/div>\n<div class=\"brz-wrapper-clone__item\" id=\"jevgmknthxijfzuuzokyhwojtvmkekzsiwxr\"><a class=\"brz-a brz-btn esthetictreatment-homebutton brz-css-kZEdK brz-css-a5CL3\" href=\"\/tr\/esthetic-beauty\/\" target=\"_self\" rel=\"noopener\" data-brz-link-type=\"external\" id=\"treatment-homebutton\" data-brz-custom-id=\"jevgmknthxijfzuuzokyhwojtvmkekzsiwxr\"><span data-brz-translate-text=\"1\" class=\"brz-span brz-text__editor\">Estetik &amp; G\u00fczellik<\/span><\/a><\/div>\n<\/div>\n<\/div>\n<div class=\"brz-wrapper-clone brz-css-irqgR\">\n<div class=\"brz-d-xs-flex brz-flex-xs-wrap brz-css-eeXwp brz-css-oWOtl\" data-brz-custom-id=\"\">\n<div class=\"brz-wrapper-clone__item\" id=\"ynarkfhfdegdqupuogwnvtgispqxnqzczthg\"><a class=\"brz-a brz-btn treatment-homebutton brz-css-kZEdK brz-css-ckHuw\" href=\"\/tr\/eye-treatments\/\" target=\"_self\" rel=\"noopener\" data-brz-link-type=\"external\" id=\"treatment-homebutton\" data-brz-custom-id=\"ynarkfhfdegdqupuogwnvtgispqxnqzczthg\"><span data-brz-translate-text=\"1\" class=\"brz-span brz-text__editor\">G\u00f6z Tedavileri<\/span><\/a><\/div>\n<div class=\"brz-wrapper-clone__item\" id=\"upqypnhpshgyrzgyjnezznykrqfknqtqvfzt\"><a class=\"brz-a brz-btn treatment-homebutton brz-css-kZEdK brz-css-xdHEB\" href=\"\/tr\/hair-transplantation\/\" target=\"_self\" rel=\"noopener\" data-brz-link-type=\"external\" id=\"treatment-homebutton\" data-brz-custom-id=\"upqypnhpshgyrzgyjnezznykrqfknqtqvfzt\"><span data-brz-translate-text=\"1\" class=\"brz-span brz-text__editor\">Sa\u00e7 Ekimi<br \/>\n<\/span><\/a><\/div>\n<\/div>\n<\/div>\n<\/div>\n<\/div>\n<\/div>\n<\/div>\n<\/div>\n<\/div>\n<\/section>\n<\/div>\n<p>    <!-- version:1722048191 --><\/p>\n","protected":false},"excerpt":{"rendered":"<p>\ud83d\udc4b Merhaba, Smilinic&#8217;e Ho\u015f Geldiniz \u2022 Birle\u015fik Krall\u0131k Merkezli Lider Sa\u011fl\u0131k Merkezi Smilinic&#8217;te hayat de\u011fi\u015ftiren tedavileri ve unutulmaz seyahat deneyimlerini uygun bir fiyata bir araya getiren birinci s\u0131n\u0131f medikal turizm f\u0131rsatlar\u0131 sunuyoruz. \u00dccretsiz Dan\u0131\u015fmanl\u0131k \u0130\u00e7in: \u0130leti\u015fime Ge\u00e7in KAPIDAN KAPIYA STRES YOK, GARANT\u0130L\u0130. T\u0131bbi ama\u00e7lar i\u00e7in seyahat etmek, sorunsuz hizmetimizin yard\u0131m\u0131yla kolayla\u015ft\u0131r\u0131lm\u0131\u015ft\u0131r. Konaklama, prosed\u00fcrler s\u0131ras\u0131nda terc\u00fcmanlar, [&hellip;]<\/p>\n","protected":false},"author":5,"featured_media":0,"parent":0,"menu_order":0,"comment_status":"closed","ping_status":"closed","template":"","meta":{"footnotes":""},"class_list":["post-1220","page","type-page","status-publish","hentry"],"blocksy_meta":{"styles_descriptor":{"styles":{"desktop":"","tablet":"","mobile":""},"google_fonts":[],"version":6},"page_title_panel":"","has_hero_section":"default","674663bf60fe9916a423f98260178e9e":"","hero_section":"type-1","hero_elements":[{"id":"custom_title","enabled":true,"heading_tag":"h1","title":"Home"},{"id":"custom_description","enabled":true,"description_visibility":{"desktop":true,"tablet":true,"mobile":false}},{"id":"custom_meta","enabled":false,"meta_elements":[{"id":"author","enabled":true,"label":"By","has_author_avatar":"yes","avatar_size":25},{"id":"post_date","enabled":true,"label":"On","date_format_source":"default","date_format":"M j, Y"},{"id":"updated_date","enabled":false,"label":"On","date_format_source":"default","date_format":"M j, Y"},{"id":"categories","enabled":false,"label":"In","style":"simple"},{"id":"comments","enabled":true}],"page_meta_elements":{"joined":true,"articles_count":true,"comments":true}},{"id":"breadcrumbs","enabled":false}],"e6a1c8efe3b4e6f61c59c957896bcc29":"","hero_alignment1":"CT_CSS_SKIP_RULE","hero_margin":40,"hero_alignment2":"center","hero_vertical_alignment":"center","52704e81317e772e19aa1180f694d934":"","hero_structure":"narrow","a6756c8c9439e9aa1b62c07281ac6783":"","page_title_bg_type":"featured_image","custom_hero_background":{"attachment_id":null},"page_title_image_size":"full","parallax":{"desktop":false,"tablet":false,"mobile":false},"2f0e035478ff0cf62ce69fa5c62e619f":"","hero_height":"250px","pageTitleFont":{"family":"Default","variation":"Default","size":"30px","line-height":"CT_CSS_SKIP_RULE","letter-spacing":"CT_CSS_SKIP_RULE","text-transform":"CT_CSS_SKIP_RULE","text-decoration":"CT_CSS_SKIP_RULE"},"pageTitleFontColor":{"default":{"color":"CT_CSS_SKIP_RULEDEFAULT"}},"pageMetaFont":{"family":"Default","variation":"n6","size":"12px","line-height":"1.3","letter-spacing":"CT_CSS_SKIP_RULE","text-transform":"uppercase","text-decoration":"CT_CSS_SKIP_RULE"},"pageMetaFontColor":{"default":{"color":"CT_CSS_SKIP_RULEDEFAULT"},"hover":{"color":"CT_CSS_SKIP_RULEDEFAULT"}},"page_meta_button_type_font_colors":{"default":{"color":"CT_CSS_SKIP_RULEDEFAULT"},"hover":{"color":"CT_CSS_SKIP_RULEDEFAULT"}},"page_meta_button_type_background_colors":{"default":{"color":"CT_CSS_SKIP_RULEDEFAULT"},"hover":{"color":"CT_CSS_SKIP_RULEDEFAULT"}},"pageExcerptFont":{"family":"Default","variation":"Default","size":"CT_CSS_SKIP_RULE","line-height":"CT_CSS_SKIP_RULE","letter-spacing":"CT_CSS_SKIP_RULE","text-transform":"CT_CSS_SKIP_RULE","text-decoration":"CT_CSS_SKIP_RULE"},"pageExcerptColor":{"default":{"color":"CT_CSS_SKIP_RULEDEFAULT"}},"breadcrumbsFont":{"family":"Default","variation":"Default","size":"CT_CSS_SKIP_RULE","line-height":"CT_CSS_SKIP_RULE","letter-spacing":"CT_CSS_SKIP_RULE","text-transform":"CT_CSS_SKIP_RULE","text-decoration":"CT_CSS_SKIP_RULE"},"breadcrumbsFontColor":{"default":{"color":"CT_CSS_SKIP_RULEDEFAULT"},"initial":{"color":"CT_CSS_SKIP_RULEDEFAULT"},"hover":{"color":"CT_CSS_SKIP_RULEDEFAULT"}},"pageTitleOverlay":{"background_type":"color","background_pattern":"type-1","background_image":{"attachment_id":null,"x":0,"y":0},"gradient":"linear-gradient(135deg,rgba(6,147,227,1) 0%,rgb(155,81,224) 100%)","background_repeat":"repeat","background_size":"auto","background_attachment":"scroll","patternColor":{"default":{"color":"#e5e7ea"}},"overlayColor":{"default":{"color":"CT_CSS_SKIP_RULE"}},"backgroundColor":{"default":{"color":"CT_CSS_SKIP_RULE"}}},"pageTitleBackground":{"background_type":"color","background_pattern":"type-1","background_image":{"attachment_id":null,"x":0,"y":0},"gradient":"linear-gradient(135deg,rgba(6,147,227,1) 0%,rgb(155,81,224) 100%)","background_repeat":"repeat","background_size":"auto","background_attachment":"scroll","patternColor":{"default":{"color":"#e5e7ea"}},"overlayColor":{"default":{"color":"CT_CSS_SKIP_RULE"}},"backgroundColor":{"default":{"color":"var(--theme-palette-color-6)"}}},"pageTitlePadding":{"top":"50px","bottom":"50px","left":"auto","right":"auto","linked":true},"1e14b5484d343e1a2745db0ea9a9072e":"","page_structure_type":"default","c74004274cb5c60fc79da158027fc28b":"","content_style_source":"inherit","content_style":"wide","vertical_spacing_source":"inherit","content_area_spacing":"both","background":{"background_type":"color","background_pattern":"type-1","background_image":{"attachment_id":null,"x":0,"y":0},"gradient":"linear-gradient(135deg,rgba(6,147,227,1) 0%,rgb(155,81,224) 100%)","background_repeat":"repeat","background_size":"auto","background_attachment":"scroll","patternColor":{"default":{"color":"#e5e7ea"}},"overlayColor":{"default":{"color":"CT_CSS_SKIP_RULE"}},"backgroundColor":{"default":{"color":"CT_CSS_SKIP_RULE"}}},"content_background":{"background_type":"color","background_pattern":"type-1","background_image":{"attachment_id":null,"x":0,"y":0},"gradient":"linear-gradient(135deg,rgba(6,147,227,1) 0%,rgb(155,81,224) 100%)","background_repeat":"repeat","background_size":"auto","background_attachment":"scroll","patternColor":{"default":{"color":"#e5e7ea"}},"overlayColor":{"default":{"color":"CT_CSS_SKIP_RULE"}},"backgroundColor":{"default":{"color":"var(--theme-palette-color-8)"}}},"content_boxed_shadow":{"inherit":false,"blur":18,"spread":-6,"v_offset":12,"h_offset":0,"inset":false,"enable":true,"color":{"color":"rgba(34, 56, 101, 0.04)"}},"content_boxed_border":{"width":1,"style":"none","color":{"color":"rgba(44,62,80,0.2)"}},"content_boxed_radius":{"top":"3px","bottom":"3px","left":"3px","right":"3px","linked":true},"boxed_content_spacing":{"desktop":{"top":"40px","bottom":"40px","left":"40px","right":"40px","linked":true},"tablet":{"top":"35px","bottom":"35px","left":"35px","right":"35px","linked":true},"mobile":{"top":"20px","bottom":"20px","left":"20px","right":"20px","linked":true}},"4b711c4f7fa64dcd469fafdf4a24c86b":"","disable_featured_image":"no","disable_share_box":"no","disable_header":"no","disable_footer":"yes"},"_links":{"self":[{"href":"https:\/\/smilinic.com\/tr\/wp-json\/wp\/v2\/pages\/1220","targetHints":{"allow":["GET"]}}],"collection":[{"href":"https:\/\/smilinic.com\/tr\/wp-json\/wp\/v2\/pages"}],"about":[{"href":"https:\/\/smilinic.com\/tr\/wp-json\/wp\/v2\/types\/page"}],"author":[{"embeddable":true,"href":"https:\/\/smilinic.com\/tr\/wp-json\/wp\/v2\/users\/5"}],"replies":[{"embeddable":true,"href":"https:\/\/smilinic.com\/tr\/wp-json\/wp\/v2\/comments?post=1220"}],"version-history":[{"count":0,"href":"https:\/\/smilinic.com\/tr\/wp-json\/wp\/v2\/pages\/1220\/revisions"}],"wp:attachment":[{"href":"https:\/\/smilinic.com\/tr\/wp-json\/wp\/v2\/media?parent=1220"}],"curies":[{"name":"wp","href":"https:\/\/api.w.org\/{rel}","templated":true}]}}