{"id":1219,"date":"2022-10-06T21:25:29","date_gmt":"2022-10-06T21:25:29","guid":{"rendered":"https:\/\/smilinic.com\/hair-transplantation\/sapphire-hair-transplant\/"},"modified":"2024-07-27T04:57:03","modified_gmt":"2024-07-27T04:57:03","slug":"sapphire-hair-transplant","status":"publish","type":"page","link":"https:\/\/smilinic.com\/tr\/hair-transplantation\/sapphire-hair-transplant\/","title":{"rendered":"Safir Sa\u00e7 Ekimi"},"content":{"rendered":"<div class=\"brz-root__container brz-reset-all brz\">\n<section id=\"ehhzfjdjqhyewweoqtsyuqhatnseiniccypq\" class=\"brz-section brz-css-qouZw\">\n<div class=\"brz-section__content brz-section--boxed brz-css-tJ9cu brz-css-qDCRD\" data-brz-custom-id=\"cfnxrctjcurnosaxwazxgkhamusewapfmlty\">\n<div class=\"brz-bg\">\n<div class=\"brz-bg-image\"><\/div>\n<div class=\"brz-bg-color\"><\/div>\n<\/div>\n<div class=\"brz-container brz-css-sWx46 brz-css-cM_86\">\n<div id=\"\" class=\"brz-css-kpEpM brz-css-n26Hg brz-wrapper\">\n<div class=\"brz-rich-text brz-rich-text__custom brz-css-fNKcE\" data-brz-custom-id=\"pgiglsekxxlfhzdghxphljsqdytestyfnrnb\">\n<div data-brz-translate-text=\"1\">\n<p class=\"brz-text-lg-center brz-tp-lg-paragraph brz-css-l2iKh\" data-generated-css=\"brz-css-xsjgq\" data-uniq-id=\"yyunx\"><span class=\"brz-capitalize-on\">SA\u00c7 EK\u0130M\u0130<\/span><\/p>\n<\/div>\n<\/div>\n<\/div>\n<div id=\"\" class=\"brz-css-kpEpM brz-wrapper\">\n<div class=\"brz-rich-text brz-rich-text__custom brz-css-fNKcE\" data-brz-custom-id=\"xjdedknfmsqazcsgdxmbzoadwoarhzgrisdb\">\n<div data-brz-translate-text=\"1\">\n<p class=\"brz-fw-lg-700 brz-fss-lg-px brz-fs-lg-54 brz-ft-google brz-ff-roboto brz-tp-lg-empty brz-lh-lg-1 brz-ls-lg-0 brz-text-lg-center brz-css-ayjCa\" data-generated-css=\"brz-css-uqpie\" data-uniq-id=\"ebfdq\">Safir Sa\u00e7 Ekimi<\/p>\n<\/div>\n<\/div>\n<\/div>\n<\/div>\n<\/div>\n<\/section>\n<section id=\"ykuholojxuiaeltpgitivignmognnnrlcymz\" class=\"brz-section brz-css-qouZw\">\n<div class=\"brz-section__content brz-section--boxed brz-css-tJ9cu brz-css-wxf19\" data-brz-custom-id=\"eivalxvfvxeiupmhjpjpxddhrnpdnggxupqg\">\n<div class=\"brz-bg\">\n<div class=\"brz-bg-color\"><\/div>\n<\/div>\n<div class=\"brz-container brz-css-sWx46\">\n<div id=\"whitearea\" class=\"brz-row__container brz-css-cDa_a brz-css-eYtkw\" data-brz-custom-id=\"dipilmjktsxicjpygamgfpviskdkbsjgjlsu\">\n<div class=\"brz-bg\">\n<div class=\"brz-bg-color\"><\/div>\n<\/div>\n<div class=\"brz-row brz-css-v7cxJ brz-css-fENiE\">\n<div class=\"brz-columns brz-css-pSsVX brz-css-r50lH\" data-brz-custom-id=\"yactwkxzayuxdcijibprlyqguufokdgixpce\">\n<div class=\"brz-bg\"><\/div>\n<div class=\"brz-column__items brz-css-evXFU brz-css-rBKio\">\n<div id=\"\" class=\"brz-css-kpEpM brz-css-rtyN6 brz-wrapper\">\n<div class=\"brz-image brz-css-lUj6j brz-css-ti3Ti\" data-brz-custom-id=\"urvuqqlmdobbwzvspnmrrdcpcewjfophtpow\"><img decoding=\"async\" class=\"brz-img\" src=\"https:\/\/cafeduo.com.tr\/wp-content\/uploads\/brizy\/imgs\/wp-4c2f90e688066cf52558d8c7c3473336-554x715x0x150x554x557x1714077551.jpg\" alt=\"\" loading=\"lazy\"><\/div>\n<\/div>\n<\/div>\n<\/div>\n<div class=\"brz-columns brz-css-pSsVX brz-css-pJOaX\" data-brz-custom-id=\"lhmbpxkzhvjeawnbpyoooffujpzbjsvswqmj\">\n<div class=\"brz-bg\"><\/div>\n<div class=\"brz-column__items brz-css-evXFU brz-css-cv083\">\n<div id=\"\" class=\"brz-css-kpEpM brz-css-wOlmL brz-wrapper\">\n<div class=\"brz-rich-text brz-rich-text__custom brz-css-fNKcE\" data-brz-custom-id=\"kxrebwbjuvojmxuvwttbxtxxpdfntibqcjtr\">\n<div data-brz-translate-text=\"1\">\n<p class=\"brz-ls-lg-0 brz-lh-lg-1_9 brz-tp-lg-empty brz-ff-ymubgefsxldrywogxtzekrfkmzwinepjvqkm brz-ft-upload brz-fs-lg-12 brz-fss-lg-px brz-fw-lg-700 brz-css-czyul\" data-generated-css=\"brz-css-lhctw\" data-uniq-id=\"shvco\"><span class=\"brz-cp-color7\">SA\u00c7 EK\u0130M\u0130<\/span><\/p>\n<\/div>\n<\/div>\n<\/div>\n<div id=\"\" class=\"brz-css-kpEpM brz-css-bHGba brz-wrapper\">\n<div class=\"brz-rich-text brz-rich-text__custom brz-css-fNKcE\" data-brz-custom-id=\"rfurnjabppyoqcobcptuzgttywxunpjztqoa\">\n<div data-brz-translate-text=\"1\">\n<p class=\"brz-fs-lg-20 brz-ft-upload brz-ff-ymubgefsxldrywogxtzekrfkmzwinepjvqkm brz-tp-lg-empty brz-lh-lg-1_9 brz-ls-lg-0 brz-fw-lg-400 brz-fss-lg-px brz-css-fBLjK\" data-generated-css=\"brz-css-xellw\" data-uniq-id=\"szlri\"><strong>Safir Sa\u00e7 Ekimi<\/strong><\/p>\n<\/div>\n<\/div>\n<\/div>\n<div id=\"\" class=\"brz-css-kpEpM brz-wrapper\">\n<div class=\"brz-rich-text brz-rich-text__custom brz-css-fNKcE\" data-brz-custom-id=\"kkadvwbbzvvhfdhhjxtwhrwrexotlyparcea\">\n<div data-brz-translate-text=\"1\">\n<p class=\"brz-lh-lg-1_9 brz-ls-lg-0 brz-fw-lg-400 brz-fss-lg-px brz-fs-lg-16 brz-ft-upload brz-ff-ymubgefsxldrywogxtzekrfkmzwinepjvqkm brz-tp-lg-empty brz-mb-lg-20 brz-css-cXOv5\" data-generated-css=\"brz-css-dloxw\" data-uniq-id=\"hmfer\"><span class=\"brz-cp-color7\">FUE y\u00f6ntemi olduk\u00e7a pahal\u0131 bir mineral t\u00fcr\u00fc olan Safir u\u00e7lar kullan\u0131larak ger\u00e7ekle\u015ftirilir. Sapphire FUE ile sa\u00e7 restorasyonu, ayr\u0131 bir operasyon de\u011fil, FUE s\u00fcrecine ek olan bir tekniktir. Geleneksel FUE sa\u00e7 ekimi ile sa\u00e7 k\u00f6klerinin cerrahi olarak kesilerek \u00e7\u0131kar\u0131lmas\u0131 gerekir. Ancak bu teknikte mikrokanallar \u00f6zel olarak geli\u015ftirilmi\u015f \u00fc\u00e7 boyutlu safir u\u00e7 ile bir a\u00e7ma i\u015flemi ile olu\u015fturulmaktad\u0131r.<\/span><\/p>\n<\/div>\n<\/div>\n<\/div>\n<\/div>\n<\/div>\n<\/div>\n<\/div>\n<\/div>\n<\/div>\n<\/section>\n<section id=\"ecomguhggmpdmefqloraynjyltquoexcyoku\" class=\"brz-section brz-css-qouZw\">\n<div class=\"brz-section__content brz-section--boxed brz-css-tJ9cu brz-css-xLdTq\" data-brz-custom-id=\"uusposwaajahdricgyandqnrjhfcpqjdtuql\">\n<div class=\"brz-bg\">\n<div class=\"brz-bg-color\"><\/div>\n<\/div>\n<div class=\"brz-container brz-css-sWx46 brz-css-ri1EM\">\n<div class=\"brz-row__container brz-css-cDa_a\" data-brz-custom-id=\"yublhudvcskvjapaoegqpgsdyvrxzylzyiak\">\n<div class=\"brz-bg\"><\/div>\n<div class=\"brz-row brz-css-v7cxJ brz-css-y0SW0\">\n<div class=\"brz-columns brz-css-pSsVX\" data-brz-custom-id=\"oouphgbzpcszsptbjdtmkhhtpfwiewslcehk\">\n<div class=\"brz-bg\"><\/div>\n<div class=\"brz-column__items brz-css-evXFU brz-css-glEk4\">\n<div id=\"\" class=\"brz-css-kpEpM brz-css-w_dUn brz-wrapper\">\n<div class=\"brz-rich-text brz-rich-text__custom brz-css-fNKcE\" data-brz-custom-id=\"eljdkpdmbdcqfimozsqsihsybnfbxoehngse\">\n<div data-brz-translate-text=\"1\">\n<h3 class=\"brz-tp-lg-heading3 brz-css-zol6P\" data-generated-css=\"brz-css-aiive\" data-uniq-id=\"gxhbz\"><strong>Safir FUE Tekni\u011finin Avantajlar\u0131<\/strong><\/h3>\n<\/div>\n<\/div>\n<\/div>\n<div id=\"\" class=\"brz-css-kpEpM brz-css-uf5Gi brz-css-cN01F brz-wrapper\">\n<div class=\"brz-spacer brz-css-cm8YL brz-css-mbRGh\"><\/div>\n<\/div>\n<div id=\"\" class=\"brz-css-kpEpM brz-wrapper\">\n<div class=\"brz-rich-text brz-rich-text__custom brz-css-fNKcE\" data-brz-custom-id=\"ovajkqyemuspubeiodesppufwoncqchfqtwx\">\n<div data-brz-translate-text=\"1\">\n<ul>\n<li class=\"brz-tp-lg-paragraph brz-css-gpYN1\" data-uniq-id=\"zuang\" data-generated-css=\"brz-css-xtenv\"><span>Safir FUE tekni\u011fi \u00e7elik u\u00e7lara g\u00f6re daha do\u011fal ve sa\u011fl\u0131kl\u0131 g\u00f6r\u00fcnen bir sonu\u00e7 verecektir. <\/span><\/li>\n<li class=\"brz-tp-lg-paragraph brz-css-huNMK\" data-uniq-id=\"zuang\" data-generated-css=\"brz-css-xtenv\"><span>Kanallar safir u\u00e7lu kalem kullan\u0131larak olu\u015fturuldu\u011funda daha az doku hasar\u0131 meydana gelmi\u015ftir. Bu, k\u00fc\u00e7\u00fck ve p\u00fcr\u00fczs\u00fcz yap\u0131s\u0131ndan kaynaklanmaktad\u0131r. <\/span><\/li>\n<li class=\"brz-tp-lg-paragraph brz-css-tUycK\" data-uniq-id=\"zuang\" data-generated-css=\"brz-css-xtenv\"><span>\u00d6dem geli\u015fimi \u00e7ok az oldu\u011fu i\u00e7in iyile\u015fme h\u0131z\u0131 nispeten h\u0131zl\u0131d\u0131r. Ekim sonras\u0131 tekrar \u00e7\u0131kan sa\u00e7lar do\u011fal bir g\u00f6r\u00fcn\u00fcme sahiptir \u00e7\u00fcnk\u00fc ki\u015finin kafa derisindeki sa\u00e7lar istenilen y\u00f6nde kolayca konumland\u0131r\u0131labilir. <\/span><\/li>\n<li class=\"brz-tp-lg-paragraph brz-css-dDsOI\" data-uniq-id=\"zuang\" data-generated-css=\"brz-css-xtenv\"><span>Kanal a\u00e7mak i\u00e7in safir u\u00e7lu kalem kullan\u0131lmas\u0131yla standart FUE prosed\u00fcr\u00fcn\u00fcn neden oldu\u011fu a\u011fr\u0131 en aza indirilir. Bu hassasiyet sa\u011flar ve sizi herhangi bir ac\u0131 hissetmekten korur.<\/span><\/li>\n<\/ul>\n<\/div>\n<\/div>\n<\/div>\n<\/div>\n<\/div>\n<div class=\"brz-columns brz-css-pSsVX\" data-brz-custom-id=\"vpzglwauppqbvqupmioshxsqdisbymbfriis\">\n<div class=\"brz-column__items brz-css-evXFU brz-css-frzk2\">\n<div id=\"\" class=\"brz-css-kpEpM brz-css-pbk0b brz-wrapper\">\n<div class=\"brz-rich-text brz-rich-text__custom brz-css-fNKcE\" data-brz-custom-id=\"itjkqzpqnmfxuuhvizwglnwpeswdnqljnuhy\">\n<div data-brz-translate-text=\"1\">\n<h3 class=\"brz-tp-lg-heading3 brz-css-oOlUO\" data-uniq-id=\"wdeay\" data-generated-css=\"brz-css-euzcm\"><strong>Safir FUE Tekni\u011fi Sonu\u00e7lar\u0131<\/strong><\/h3>\n<\/div>\n<\/div>\n<\/div>\n<div id=\"\" class=\"brz-css-kpEpM brz-css-uf5Gi brz-css-jcZdw brz-wrapper\">\n<div class=\"brz-spacer brz-css-cm8YL brz-css-lAeF9\"><\/div>\n<\/div>\n<div id=\"\" class=\"brz-css-kpEpM brz-wrapper\">\n<div class=\"brz-rich-text brz-rich-text__custom brz-css-fNKcE\" data-brz-custom-id=\"dcymvcmzrbynkjlgqajhtymykycqtiorstjt\">\n<div data-brz-translate-text=\"1\">\n<ul>\n<li class=\"brz-tp-lg-paragraph brz-css-g8UVl\" data-generated-css=\"brz-css-xxjsk\" data-uniq-id=\"uxuyb\"><span>Sapphire FUE tekni\u011fi, \u00e7elik yerine safirden yap\u0131lm\u0131\u015f \u00f6zel bir alet kullanarak sa\u00e7 derinize\/sa\u00e7\u0131n\u0131za gelebilecek olas\u0131 hasar\u0131 en aza indirmeye yard\u0131mc\u0131 olur. <\/span><\/li>\n<li class=\"brz-tp-lg-paragraph brz-css-ohFZP\" data-generated-css=\"brz-css-xxjsk\" data-uniq-id=\"uxuyb\"><span>Yeni kan\u0131tlar, Sapphire FUE prosed\u00fcr\u00fcn\u00fcn daha k\u0131sa zaman dilimlerinde daha iyi g\u00f6r\u00fcnen sonu\u00e7lar sa\u011flad\u0131\u011f\u0131n\u0131 g\u00f6steriyor.<\/span><\/li>\n<li class=\"brz-tp-lg-paragraph brz-css-uO3hG\" data-generated-css=\"brz-css-xxjsk\" data-uniq-id=\"uxuyb\"><span> Sapphire FUE sa\u00e7 ekiminin etkisi ekim sonras\u0131 s\u00fcrecin \u00e7ok daha rahat ve konforlu olmas\u0131 ile devam eder. <\/span><\/li>\n<li class=\"brz-tp-lg-paragraph brz-css-b2QJj\" data-generated-css=\"brz-css-xxjsk\" data-uniq-id=\"uxuyb\"><span>Kanallar\u0131n mikro yap\u0131s\u0131 \u00e7ok daha s\u0131k sa\u00e7 ekimi operasyonuna izin verir. Sapphire FUE tekni\u011finin sonu\u00e7lar\u0131 en iyiler aras\u0131ndad\u0131r. \u00c7\u00fcnk\u00fc herkese yak\u0131\u015fan k\u0131sa s\u00fcrede &#8220;olduk\u00e7a tatminkar&#8221; bir sa\u00e7 ekimi sonucu veriyorlar. <\/span><\/li>\n<li class=\"brz-tp-lg-paragraph brz-css-ywtT9\" data-generated-css=\"brz-css-xxjsk\" data-uniq-id=\"uxuyb\"><span>Ekim sonras\u0131 hasta g\u00fcnl\u00fck hayat\u0131na hemen d\u00f6nebilir.<\/span><\/li>\n<\/ul>\n<\/div>\n<\/div>\n<\/div>\n<\/div>\n<\/div>\n<\/div>\n<\/div>\n<\/div>\n<\/div>\n<\/section>\n<\/div>\n<p>    <!-- version:1722056223 --><\/p>\n","protected":false},"excerpt":{"rendered":"<p>SA\u00c7 EK\u0130M\u0130 Safir Sa\u00e7 Ekimi SA\u00c7 EK\u0130M\u0130 Safir Sa\u00e7 Ekimi FUE y\u00f6ntemi olduk\u00e7a pahal\u0131 bir mineral t\u00fcr\u00fc olan Safir u\u00e7lar kullan\u0131larak ger\u00e7ekle\u015ftirilir. Sapphire FUE ile sa\u00e7 restorasyonu, ayr\u0131 bir operasyon de\u011fil, FUE s\u00fcrecine ek olan bir tekniktir. Geleneksel FUE sa\u00e7 ekimi ile sa\u00e7 k\u00f6klerinin cerrahi olarak kesilerek \u00e7\u0131kar\u0131lmas\u0131 gerekir. Ancak bu teknikte mikrokanallar \u00f6zel olarak [&hellip;]<\/p>\n","protected":false},"author":5,"featured_media":0,"parent":1211,"menu_order":0,"comment_status":"closed","ping_status":"closed","template":"","meta":{"footnotes":""},"class_list":["post-1219","page","type-page","status-publish","hentry"],"blocksy_meta":{"styles_descriptor":{"styles":{"desktop":"","tablet":"","mobile":""},"google_fonts":[],"version":6}},"_links":{"self":[{"href":"https:\/\/smilinic.com\/tr\/wp-json\/wp\/v2\/pages\/1219","targetHints":{"allow":["GET"]}}],"collection":[{"href":"https:\/\/smilinic.com\/tr\/wp-json\/wp\/v2\/pages"}],"about":[{"href":"https:\/\/smilinic.com\/tr\/wp-json\/wp\/v2\/types\/page"}],"author":[{"embeddable":true,"href":"https:\/\/smilinic.com\/tr\/wp-json\/wp\/v2\/users\/5"}],"replies":[{"embeddable":true,"href":"https:\/\/smilinic.com\/tr\/wp-json\/wp\/v2\/comments?post=1219"}],"version-history":[{"count":0,"href":"https:\/\/smilinic.com\/tr\/wp-json\/wp\/v2\/pages\/1219\/revisions"}],"up":[{"embeddable":true,"href":"https:\/\/smilinic.com\/tr\/wp-json\/wp\/v2\/pages\/1211"}],"wp:attachment":[{"href":"https:\/\/smilinic.com\/tr\/wp-json\/wp\/v2\/media?parent=1219"}],"curies":[{"name":"wp","href":"https:\/\/api.w.org\/{rel}","templated":true}]}}