{"id":1218,"date":"2022-10-06T21:27:04","date_gmt":"2022-10-06T21:27:04","guid":{"rendered":"https:\/\/smilinic.com\/hair-transplantation\/mesotherapy-treatment\/"},"modified":"2024-07-27T06:41:08","modified_gmt":"2024-07-27T06:41:08","slug":"mesotherapy-treatment","status":"publish","type":"page","link":"https:\/\/smilinic.com\/tr\/hair-transplantation\/mesotherapy-treatment\/","title":{"rendered":"Mezoterapi Tedavisi"},"content":{"rendered":"<div class=\"brz-root__container brz-reset-all brz\">\n<section id=\"svhmkaqfrwpytcqgrholhfcdveluztqvtqjw\" class=\"brz-section brz-css-lIBWo\">\n<div class=\"brz-section__content brz-section--boxed brz-css-qdHDT brz-css-fOqkQ\" data-brz-custom-id=\"taosubapqhbvasyxibypobjaeanmyykbtinu\">\n<div class=\"brz-bg\">\n<div class=\"brz-bg-image\"><\/div>\n<div class=\"brz-bg-color\"><\/div>\n<\/div>\n<div class=\"brz-container brz-css-lSqAn brz-css-ddQEK\">\n<div id=\"\" class=\"brz-css-eoaEW brz-css-iaUE0 brz-wrapper\">\n<div class=\"brz-rich-text brz-rich-text__custom brz-css-rOaPj\" data-brz-custom-id=\"lciiefmagtqcegatbhbedrdgbpmwvtkrqodv\">\n<div data-brz-translate-text=\"1\">\n<p class=\"brz-text-lg-center brz-tp-lg-paragraph brz-css-oNYAY\" data-generated-css=\"brz-css-ukepa\" data-uniq-id=\"olqnj\"><span class=\"brz-capitalize-on\">SA\u00c7 EK\u0130M\u0130<\/span><\/p>\n<\/div>\n<\/div>\n<\/div>\n<div id=\"\" class=\"brz-css-eoaEW brz-wrapper\">\n<div class=\"brz-rich-text brz-rich-text__custom brz-css-rOaPj\" data-brz-custom-id=\"rxohnkkskknnlrgmzvzmcpnnjphsmggfnsem\">\n<div data-brz-translate-text=\"1\">\n<p class=\"brz-fw-lg-700 brz-fss-lg-px brz-fs-lg-54 brz-ft-google brz-ff-roboto brz-tp-lg-empty brz-lh-lg-1 brz-ls-lg-0 brz-text-lg-center brz-css-fwv79\" data-generated-css=\"brz-css-lrbta\" data-uniq-id=\"oamdl\">Mezoterapi Tedavisi<\/p>\n<\/div>\n<\/div>\n<\/div>\n<\/div>\n<\/div>\n<\/section>\n<section id=\"lymklpjasknhtkieeftzfnerxompthhfvvdy\" class=\"brz-section brz-css-lIBWo\">\n<div class=\"brz-section__content brz-section--boxed brz-css-qdHDT brz-css-lWOmZ\" data-brz-custom-id=\"kjhfenifcvlhkcrvyxdkaxrkozxjnrspugdm\">\n<div class=\"brz-bg\">\n<div class=\"brz-bg-color\"><\/div>\n<\/div>\n<div class=\"brz-container brz-css-lSqAn\">\n<div id=\"whitearea\" class=\"brz-row__container brz-css-oyR0G brz-css-fxmtm\" data-brz-custom-id=\"uckcnlxyoakefebitpxwdbxqmtkrutibddal\">\n<div class=\"brz-bg\">\n<div class=\"brz-bg-color\"><\/div>\n<\/div>\n<div class=\"brz-row brz-css-ywQmY brz-css-hN1n2\">\n<div class=\"brz-columns brz-css-o5r5F brz-css-akwtc\" data-brz-custom-id=\"szyznohylscanjhstseujomdvgskbbkdqugp\">\n<div class=\"brz-bg\"><\/div>\n<div class=\"brz-column__items brz-css-vIUfq brz-css-hma5t\">\n<div id=\"\" class=\"brz-css-eoaEW brz-css-zbHLC brz-wrapper\">\n<div class=\"brz-image brz-css-dDpCJ brz-css-yqhu5\" data-brz-custom-id=\"sheaskbsilpjqakseqnszandbkezfbiyiiex\"><img decoding=\"async\" class=\"brz-img\" src=\"https:\/\/cafeduo.com.tr\/wp-content\/uploads\/brizy\/imgs\/wp-4c2f90e688066cf52558d8c7c3473336-554x715x0x93x554x622x1714077551.jpg\" alt=\"\" loading=\"lazy\"><\/div>\n<\/div>\n<\/div>\n<\/div>\n<div class=\"brz-columns brz-css-o5r5F brz-css-uRJkH\" data-brz-custom-id=\"dumrbzhiurzcggwexbgwzvyjsmdfnyadtrpo\">\n<div class=\"brz-bg\"><\/div>\n<div class=\"brz-column__items brz-css-vIUfq brz-css-pZcaC\">\n<div id=\"\" class=\"brz-css-eoaEW brz-css-xh4iZ brz-wrapper\">\n<div class=\"brz-rich-text brz-rich-text__custom brz-css-rOaPj\" data-brz-custom-id=\"rbnqgossharbgibjssfvlvuhlnuzkjguyiod\">\n<div data-brz-translate-text=\"1\">\n<p class=\"brz-ls-lg-0 brz-lh-lg-1_9 brz-tp-lg-empty brz-ff-ymubgefsxldrywogxtzekrfkmzwinepjvqkm brz-ft-upload brz-fs-lg-12 brz-fss-lg-px brz-fw-lg-700 brz-css-aTcyV\" data-generated-css=\"brz-css-qgwew\" data-uniq-id=\"qrdgo\"><span class=\"brz-cp-color7\">SA\u00c7 EK\u0130M\u0130<\/span><\/p>\n<\/div>\n<\/div>\n<\/div>\n<div id=\"\" class=\"brz-css-eoaEW brz-css-mkVqt brz-wrapper\">\n<div class=\"brz-rich-text brz-rich-text__custom brz-css-rOaPj\" data-brz-custom-id=\"wtmheohjmkpxknldmtrsprzrohgotueoyngc\">\n<div data-brz-translate-text=\"1\">\n<p class=\"brz-fs-lg-20 brz-ft-upload brz-ff-ymubgefsxldrywogxtzekrfkmzwinepjvqkm brz-tp-lg-empty brz-lh-lg-1_9 brz-ls-lg-0 brz-fw-lg-400 brz-fss-lg-px brz-css-cL62m\" data-generated-css=\"brz-css-leavo\" data-uniq-id=\"wmmrl\"><strong>Mezoterapi Tedavisi<\/strong><\/p>\n<\/div>\n<\/div>\n<\/div>\n<div id=\"\" class=\"brz-css-eoaEW brz-wrapper\">\n<div class=\"brz-rich-text brz-rich-text__custom brz-css-rOaPj\" data-brz-custom-id=\"caewffavtorcofztofrhwbktshxjnxetokvw\">\n<div data-brz-translate-text=\"1\">\n<p class=\"brz-lh-lg-1_9 brz-ls-lg-0 brz-fw-lg-400 brz-fss-lg-px brz-fs-lg-16 brz-ft-upload brz-ff-ymubgefsxldrywogxtzekrfkmzwinepjvqkm brz-tp-lg-empty brz-mb-lg-20 brz-css-zFz3u\" data-generated-css=\"brz-css-zyxyx\" data-uniq-id=\"elzdv\"><span class=\"brz-cp-color7\">Sa\u00e7 mezoterapisi, sa\u00e7 k\u00f6klerinin bulundu\u011fu deriye vitamin ve takviyelerin uyguland\u0131\u011f\u0131 tedavi edici bir yakla\u015f\u0131md\u0131r. Bu, b\u00fcy\u00fcme, beslenme ve genel sa\u011fl\u0131k dahil olmak \u00fczere geli\u015fmi\u015f sa\u00e7 sa\u011fl\u0131\u011f\u0131na yol a\u00e7ar. Sa\u00e7 k\u00f6klerini besleyen maddeler bu terapi tekni\u011fi sayesinde sa\u00e7a kolayca yerle\u015fir. \u0130ncelen bukleler tedavi sonras\u0131 kal\u0131nla\u015f\u0131r, d\u00f6k\u00fclme durur ve bukleler standarttan \u00e7ok daha canl\u0131 ve parlak bir yap\u0131ya kavu\u015fur.<\/span><\/p>\n<\/div>\n<\/div>\n<\/div>\n<\/div>\n<\/div>\n<\/div>\n<\/div>\n<\/div>\n<\/div>\n<\/section>\n<section id=\"rlcojlytbqpcaijjxfgigsmnuilpyywnkdbt\" class=\"brz-section brz-css-lIBWo\">\n<div class=\"brz-section__content brz-section--boxed brz-css-qdHDT brz-css-aDtUg\" data-brz-custom-id=\"mbwbkgofawkzvkgctgpishasrvcgwkwmszmv\">\n<div class=\"brz-bg\">\n<div class=\"brz-bg-color\"><\/div>\n<\/div>\n<div class=\"brz-container brz-css-lSqAn brz-css-mxAJj\">\n<div class=\"brz-row__container brz-css-oyR0G\" data-brz-custom-id=\"qjijtqdesjfjqgmwrplbkcnjppwfqjghizro\">\n<div class=\"brz-bg\"><\/div>\n<div class=\"brz-row brz-css-ywQmY brz-css-dww8y\">\n<div class=\"brz-columns brz-css-o5r5F brz-css-oZVaz\" data-brz-custom-id=\"mgwgfngtvqggedhotfvgfhelxpqxceochamm\">\n<div class=\"brz-bg\"><\/div>\n<div class=\"brz-column__items brz-css-vIUfq brz-css-wttmU\">\n<div id=\"\" class=\"brz-css-eoaEW brz-css-pIsl1 brz-wrapper\">\n<div class=\"brz-rich-text brz-rich-text__custom brz-css-rOaPj\" data-brz-custom-id=\"scovajktpmzfobgwnmvydlflnfqmqqwddulj\">\n<div data-brz-translate-text=\"1\">\n<p class=\"brz-lh-lg-1_8 brz-ls-lg-0 brz-fw-lg-400 brz-fss-lg-px brz-fs-lg-16 brz-ft-upload brz-ff-wezyasbxuqgubgesyrpopjmxdwuuvjhpghzy brz-tp-lg-empty brz-text-lg-center brz-mb-lg-27 brz-css-c8RY4\" data-generated-css=\"brz-css-uybhi\" data-uniq-id=\"kieug\"><span>B\u00fcy\u00fck \u015fehirlerde temiz hava ve ar\u0131t\u0131lmam\u0131\u015f su bulunmamas\u0131 nedeniyle sa\u00e7lar kolayca solabilir. Ne yaz\u0131k ki, bu kad\u0131nlar aras\u0131nda yayg\u0131n bir \u015fikayettir. Sa\u00e7 mezoterapisi yayg\u0131n bir sorunu \u00e7\u00f6zer ve sa\u00e7 d\u00f6k\u00fclmesine kar\u015f\u0131 \u00f6nleyici tedbir olarak kullan\u0131labilir. Sa\u00e7 d\u00f6k\u00fclmesi genellikle stres veya hastal\u0131kla ba\u011flant\u0131l\u0131 oldu\u011fundan, sa\u011fl\u0131kl\u0131 ve g\u00fc\u00e7l\u00fc sa\u00e7lar\u0131n ki\u015finin gizli duygular\u0131n\u0131 v\u00fccuttan uzak tutabilmesi mant\u0131kl\u0131d\u0131r. Sa\u00e7 Mezoterapisi , kafa derisini \u00e7ok fazla geren durumlarda da \u00f6nemli faydalar sa\u011flar.<\/span><\/p>\n<\/div>\n<\/div>\n<\/div>\n<div class=\"brz-wrapper-clone brz-css-jTMxR\">\n<div class=\"brz-d-xs-flex brz-flex-xs-wrap brz-css-yvlOE\" data-brz-custom-id=\"\">\n<div class=\"brz-wrapper-clone__item\" id=\"sxzmuctjhfkmfjanoqpfkuxwqhaponeondlr\"><a class=\"brz-a brz-btn brz-css-je8cn\" href=\"\" target=\"_self\" rel=\"noopener\" data-brz-link-type=\"external\" data-brz-custom-id=\"sxzmuctjhfkmfjanoqpfkuxwqhaponeondlr\"><span data-brz-translate-text=\"1\" class=\"brz-span brz-text__editor\">\u0130leti\u015fime Ge\u00e7<\/span><\/a><\/div>\n<\/div>\n<\/div>\n<\/div>\n<\/div>\n<\/div>\n<\/div>\n<\/div>\n<\/div>\n<\/section>\n<section id=\"wghzcqqmcozlmqxtqhgolgawnvyknrbbgwvo\" class=\"brz-section brz-css-lIBWo\">\n<div class=\"brz-section__content brz-section--boxed brz-css-qdHDT brz-css-f52n5\" data-brz-custom-id=\"vlxmejymthyxxguwkbaqeqvzpbibhecbzucg\">\n<div class=\"brz-bg\">\n<div class=\"brz-bg-color\"><\/div>\n<\/div>\n<div class=\"brz-container brz-css-lSqAn brz-css-nxnX2\">\n<div class=\"brz-row__container brz-css-oyR0G\" data-brz-custom-id=\"rjbmssyxquxnbnbllidnkmtencltddpvyvht\">\n<div class=\"brz-bg\"><\/div>\n<div class=\"brz-row brz-css-ywQmY brz-css-dww8y\">\n<div class=\"brz-columns brz-css-o5r5F\" data-brz-custom-id=\"ptlzjxvixqkemthesiewkhjfhdcnagxwzyot\">\n<div class=\"brz-bg\"><\/div>\n<div class=\"brz-column__items brz-css-vIUfq brz-css-wEA3F\">\n<div id=\"\" class=\"brz-css-eoaEW brz-css-ksKFA brz-wrapper\">\n<div class=\"brz-rich-text brz-rich-text__custom brz-css-rOaPj\" data-brz-custom-id=\"jvgiegsjvsqnibtjckkneztvhpxarjulljar\">\n<div data-brz-translate-text=\"1\">\n<h3 class=\"brz-tp-lg-heading3 brz-css-uz1Rp\" data-uniq-id=\"ubmqt\" data-generated-css=\"brz-css-jugxm\"><strong>Sa\u00e7 Mezoterapisi Ka\u00e7 Seans Uygulanmal\u0131d\u0131r?<\/strong><\/h3>\n<\/div>\n<\/div>\n<\/div>\n<div id=\"\" class=\"brz-css-eoaEW brz-css-xQTln brz-css-rf14O brz-wrapper\">\n<div class=\"brz-spacer brz-css-znGO3 brz-css-sRltZ\"><\/div>\n<\/div>\n<div id=\"\" class=\"brz-css-eoaEW brz-wrapper\">\n<div class=\"brz-rich-text brz-rich-text__custom brz-css-rOaPj\" data-brz-custom-id=\"djwfnxymslzqudpktxbdtsdyhrkwunxpvilk\">\n<div data-brz-translate-text=\"1\">\n<p class=\"brz-tp-lg-paragraph brz-css-yuI62\" data-generated-css=\"brz-css-tueuo\" data-uniq-id=\"ophcu\"><span>Sa\u00e7 tedavisi i\u015flemi, ki\u015finin ihtiyac\u0131na ve tedaviye nas\u0131l yan\u0131t verdi\u011fine ba\u011fl\u0131 olarak her seans aras\u0131nda 2 hafta olacak \u015fekilde 4-6 seans uygulan\u0131r. Bu teknolojiler di\u011fer tedavilerle birle\u015ftirildi\u011finde etkinlikleri artabilir.<\/span><\/p>\n<\/div>\n<\/div>\n<\/div>\n<\/div>\n<\/div>\n<div class=\"brz-columns brz-css-o5r5F\" data-brz-custom-id=\"xjqgwnmtqsqjrwnoyozpravxardotctwcpro\">\n<div class=\"brz-column__items brz-css-vIUfq brz-css-zJvo3\">\n<div id=\"\" class=\"brz-css-eoaEW brz-css-exxZ5 brz-wrapper\">\n<div class=\"brz-rich-text brz-rich-text__custom brz-css-rOaPj\" data-brz-custom-id=\"mqnkaeqbkbzygizelxdrksnzvjprbmlgimng\">\n<div data-brz-translate-text=\"1\">\n<h3 class=\"brz-tp-lg-heading3 brz-css-bsFH4\" data-uniq-id=\"ocscz\" data-generated-css=\"brz-css-mxuzi\"><strong>Sa\u00e7 Mezoterapisi Nas\u0131l Uygulan\u0131r?<\/strong><\/h3>\n<\/div>\n<\/div>\n<\/div>\n<div id=\"\" class=\"brz-css-eoaEW brz-css-xQTln brz-css-f6Aj7 brz-wrapper\">\n<div class=\"brz-spacer brz-css-znGO3 brz-css-cV7KZ\"><\/div>\n<\/div>\n<div id=\"\" class=\"brz-css-eoaEW brz-wrapper\">\n<div class=\"brz-rich-text brz-rich-text__custom brz-css-rOaPj\" data-brz-custom-id=\"ezneseckushtrcvqixbiwsnuuuqwwxnupiej\">\n<div data-brz-translate-text=\"1\">\n<p class=\"brz-tp-lg-paragraph brz-css-iv0F2\" data-generated-css=\"brz-css-wifbf\" data-uniq-id=\"mqmzz\"><span>Sa\u00e7 mezoterapisi kullan\u0131ma haz\u0131r bir kokteyl \u015fi\u015fesi ilac\u0131d\u0131r. Tedavi edilen ki\u015finin temiz, ya\u011fs\u0131z ve kuru bir kafa derisi olmal\u0131d\u0131r. \u00c7ok ince mezoterapi uygulama i\u011fneleri ile \u00e7ok k\u00fc\u00e7\u00fck hacimlerde mezoterapi i\u00e7eri\u011fi mezoterapi ihtiyac\u0131 olan yerlere sa\u00e7 derisine enjekte edilir. Etkili bir tedavi i\u00e7in cilde uygulanacak mezoterapi dozu e\u015fit olarak ayarlanmal\u0131d\u0131r. Masaj, t\u00fcm sa\u00e7l\u0131 b\u00f6lgeye e\u015fit olarak verilen mezoterapi maddesinin da\u011f\u0131lmas\u0131 i\u00e7in kullan\u0131l\u0131r. <\/span><\/p>\n<p class=\"brz-tp-lg-paragraph brz-css-buDeG\" data-generated-css=\"brz-css-wifbf\" data-uniq-id=\"mqmzz\"><span> <\/span><\/p>\n<p class=\"brz-tp-lg-paragraph brz-css-vyXiF\" data-generated-css=\"brz-css-wifbf\" data-uniq-id=\"mqmzz\"><span>Enjeksiyon yakla\u015f\u0131k 10-15 dakika s\u00fcrer ve i\u011fne u\u00e7lar\u0131 \u00e7ok k\u00fc\u00e7\u00fckt\u00fcr, yani a\u011fr\u0131 e\u015fi\u011fi daha d\u00fc\u015f\u00fck olan ki\u015filerde sorun olmaz. Ki\u015fi dilerse lokal anestezi ile uyu\u015fturularak da yap\u0131labilir.<\/span><\/p>\n<\/div>\n<\/div>\n<\/div>\n<\/div>\n<\/div>\n<\/div>\n<\/div>\n<\/div>\n<\/div>\n<\/section>\n<\/div>\n<p>    <!-- version:1722062468 --><\/p>\n","protected":false},"excerpt":{"rendered":"<p>SA\u00c7 EK\u0130M\u0130 Mezoterapi Tedavisi SA\u00c7 EK\u0130M\u0130 Mezoterapi Tedavisi Sa\u00e7 mezoterapisi, sa\u00e7 k\u00f6klerinin bulundu\u011fu deriye vitamin ve takviyelerin uyguland\u0131\u011f\u0131 tedavi edici bir yakla\u015f\u0131md\u0131r. Bu, b\u00fcy\u00fcme, beslenme ve genel sa\u011fl\u0131k dahil olmak \u00fczere geli\u015fmi\u015f sa\u00e7 sa\u011fl\u0131\u011f\u0131na yol a\u00e7ar. Sa\u00e7 k\u00f6klerini besleyen maddeler bu terapi tekni\u011fi sayesinde sa\u00e7a kolayca yerle\u015fir. \u0130ncelen bukleler tedavi sonras\u0131 kal\u0131nla\u015f\u0131r, d\u00f6k\u00fclme durur ve [&hellip;]<\/p>\n","protected":false},"author":5,"featured_media":0,"parent":1211,"menu_order":0,"comment_status":"closed","ping_status":"closed","template":"","meta":{"footnotes":""},"class_list":["post-1218","page","type-page","status-publish","hentry"],"blocksy_meta":{"styles_descriptor":{"styles":{"desktop":"","tablet":"","mobile":""},"google_fonts":[],"version":6}},"_links":{"self":[{"href":"https:\/\/smilinic.com\/tr\/wp-json\/wp\/v2\/pages\/1218","targetHints":{"allow":["GET"]}}],"collection":[{"href":"https:\/\/smilinic.com\/tr\/wp-json\/wp\/v2\/pages"}],"about":[{"href":"https:\/\/smilinic.com\/tr\/wp-json\/wp\/v2\/types\/page"}],"author":[{"embeddable":true,"href":"https:\/\/smilinic.com\/tr\/wp-json\/wp\/v2\/users\/5"}],"replies":[{"embeddable":true,"href":"https:\/\/smilinic.com\/tr\/wp-json\/wp\/v2\/comments?post=1218"}],"version-history":[{"count":0,"href":"https:\/\/smilinic.com\/tr\/wp-json\/wp\/v2\/pages\/1218\/revisions"}],"up":[{"embeddable":true,"href":"https:\/\/smilinic.com\/tr\/wp-json\/wp\/v2\/pages\/1211"}],"wp:attachment":[{"href":"https:\/\/smilinic.com\/tr\/wp-json\/wp\/v2\/media?parent=1218"}],"curies":[{"name":"wp","href":"https:\/\/api.w.org\/{rel}","templated":true}]}}