{"id":1217,"date":"2022-10-06T21:24:51","date_gmt":"2022-10-06T21:24:51","guid":{"rendered":"https:\/\/smilinic.com\/hair-transplantation\/hair-transplant\/"},"modified":"2024-07-27T11:37:13","modified_gmt":"2024-07-27T11:37:13","slug":"hair-transplant","status":"publish","type":"page","link":"https:\/\/smilinic.com\/tr\/hair-transplantation\/hair-transplant\/","title":{"rendered":"Sa\u00e7 Ekimi"},"content":{"rendered":"<div class=\"brz-root__container brz-reset-all brz\">\n<section id=\"oyimxsldxpbaakmhbmdpzgwanckachahzdir\" class=\"brz-section brz-css-zEC8D\">\n<div class=\"brz-section__content brz-section--boxed brz-css-bRy9F brz-css-qrPb2\" data-brz-custom-id=\"jrjtvbdwojbisclsylzjqgrwavtmxvaavblj\">\n<div class=\"brz-bg\">\n<div class=\"brz-bg-image\"><\/div>\n<div class=\"brz-bg-color\"><\/div>\n<\/div>\n<div class=\"brz-container brz-css-gdXK6 brz-css-eZdjS\">\n<div id=\"\" class=\"brz-css-lE_Uh brz-css-j9j1G brz-wrapper\">\n<div class=\"brz-rich-text brz-rich-text__custom brz-css-otEvD\" data-brz-custom-id=\"pntyboflkbrzdkehenhsirnzntyptsouctsh\">\n<div data-brz-translate-text=\"1\">\n<p class=\"brz-text-lg-center brz-tp-lg-paragraph brz-css-yR_nh\" data-generated-css=\"brz-css-ezwbf\" data-uniq-id=\"kymjo\"><span class=\"brz-capitalize-on\">SA\u00c7 EK\u0130M\u0130<\/span><\/p>\n<\/div>\n<\/div>\n<\/div>\n<div id=\"\" class=\"brz-css-lE_Uh brz-wrapper\">\n<div class=\"brz-rich-text brz-rich-text__custom brz-css-otEvD\" data-brz-custom-id=\"pzanazugadgzfwoyhuiwrtvlspobdpwupxas\">\n<div data-brz-translate-text=\"1\">\n<p class=\"brz-text-lg-center brz-ls-lg-0 brz-lh-lg-1 brz-tp-lg-empty brz-ff-roboto brz-ft-google brz-fs-lg-54 brz-fss-lg-px brz-fw-lg-700 brz-css-qgUIa\" data-uniq-id=\"wqedv\" data-generated-css=\"brz-css-jxrwu\">Sa\u00e7 Ekimi<\/p>\n<\/div>\n<\/div>\n<\/div>\n<\/div>\n<\/div>\n<\/section>\n<section id=\"szxscompogbiagkrdxwwtxhikqvcphadsaoq\" class=\"brz-section brz-css-zEC8D\">\n<div class=\"brz-section__content brz-section--boxed brz-css-bRy9F brz-css-ikuTx\" data-brz-custom-id=\"pnplsvozfpqcdkqsutskmrxiqaokldsbavor\">\n<div class=\"brz-bg\">\n<div class=\"brz-bg-color\"><\/div>\n<\/div>\n<div class=\"brz-container brz-css-gdXK6\">\n<div id=\"whitearea\" class=\"brz-row__container brz-css-xNtPL brz-css-zsRzn\" data-brz-custom-id=\"kobxfyutovmmkhifpvtkswrjusdlsyrhhvqt\">\n<div class=\"brz-bg\">\n<div class=\"brz-bg-color\"><\/div>\n<\/div>\n<div class=\"brz-row brz-css-t1s_p brz-css-zdqx3\">\n<div class=\"brz-columns brz-css-lcq00 brz-css-uYFaJ\" data-brz-custom-id=\"zdiseqzttwtkxskzursqablbphgxqmfuzckx\">\n<div class=\"brz-bg\"><\/div>\n<div class=\"brz-column__items brz-css-pzv_i brz-css-bWxnB\">\n<div id=\"\" class=\"brz-css-lE_Uh brz-css-pyWzu brz-wrapper\">\n<div class=\"brz-image brz-css-tIZ0E brz-css-wfBH4\" data-brz-custom-id=\"bdvalhubtjtqdhvubxkiixkkvihkfmhfdfrm\"><img decoding=\"async\" class=\"brz-img\" src=\"https:\/\/cafeduo.com.tr\/wp-content\/uploads\/brizy\/imgs\/wp-4c2f90e688066cf52558d8c7c3473336-554x715x0x93x554x622x1714077551.jpg\" alt=\"\" loading=\"lazy\"><\/div>\n<\/div>\n<\/div>\n<\/div>\n<div class=\"brz-columns brz-css-lcq00 brz-css-jtLWa\" data-brz-custom-id=\"zfyzndkivcegetybeficgglsxhpstospfwvo\">\n<div class=\"brz-bg\"><\/div>\n<div class=\"brz-column__items brz-css-pzv_i brz-css-g6Zpl\">\n<div id=\"\" class=\"brz-css-lE_Uh brz-css-zKgxY brz-wrapper\">\n<div class=\"brz-rich-text brz-rich-text__custom brz-css-otEvD\" data-brz-custom-id=\"mooboaixshamtfkslfqcorzoawddrwvxslre\">\n<div data-brz-translate-text=\"1\">\n<p class=\"brz-ls-lg-0 brz-lh-lg-1_9 brz-tp-lg-empty brz-ff-ymubgefsxldrywogxtzekrfkmzwinepjvqkm brz-ft-upload brz-fs-lg-12 brz-fss-lg-px brz-fw-lg-700 brz-css-ae683\" data-generated-css=\"brz-css-lpqkf\" data-uniq-id=\"aclze\"><span class=\"brz-cp-color7\">SA\u00c7 EK\u0130M\u0130<\/span><\/p>\n<\/div>\n<\/div>\n<\/div>\n<div id=\"\" class=\"brz-css-lE_Uh brz-css-gO2RE brz-wrapper\">\n<div class=\"brz-rich-text brz-rich-text__custom brz-css-otEvD\" data-brz-custom-id=\"xbifebiujzrvoonnspwdezettqnkayhxqwnf\">\n<div data-brz-translate-text=\"1\">\n<p class=\"brz-fss-lg-px brz-fw-lg-400 brz-ls-lg-0 brz-lh-lg-1_9 brz-tp-lg-empty brz-ff-ymubgefsxldrywogxtzekrfkmzwinepjvqkm brz-ft-upload brz-fs-lg-20 brz-css-gzZAX\" data-uniq-id=\"mkaoo\" data-generated-css=\"brz-css-cbvsv\"><strong>Sa\u00e7 Ekimi<\/strong><\/p>\n<\/div>\n<\/div>\n<\/div>\n<div id=\"\" class=\"brz-css-lE_Uh brz-wrapper\">\n<div class=\"brz-rich-text brz-rich-text__custom brz-css-otEvD\" data-brz-custom-id=\"dlzdtbdazmtxyxtaheihvzclxddgqcdympjb\">\n<div data-brz-translate-text=\"1\">\n<p class=\"brz-lh-lg-1_9 brz-ls-lg-0 brz-fw-lg-400 brz-fss-lg-px brz-fs-lg-16 brz-ft-upload brz-ff-ymubgefsxldrywogxtzekrfkmzwinepjvqkm brz-tp-lg-empty brz-mb-lg-20 brz-css-be8kT\" data-generated-css=\"brz-css-xcqir\" data-uniq-id=\"srwnj\"><span class=\"brz-cp-color7\">Y\u00fczy\u0131llar boyunca sa\u00e7lar\u0131m\u0131z sadece ki\u015fisel hijyenin de\u011fil, ayn\u0131 zamanda moda ve sosyal stat\u00fcn\u00fcn de \u00f6nemli bir par\u00e7as\u0131 olmu\u015ftur. Ancak g\u00fcn\u00fcm\u00fczde, beslenme yetersizlikleri, genetik veya hormonla ilgili hastal\u0131klar gibi sa\u00e7 d\u00f6k\u00fclmesine veya incelmesine neden olabilecek bir\u00e7ok ba\u015fka fakt\u00f6r vard\u0131r. Sa\u00e7 ekimi, bug\u00fcn mevcut olan a\u00e7\u0131k ara en iyi ve en kal\u0131c\u0131 \u00e7\u00f6z\u00fcmd\u00fcr. Nitelikli ve do\u011fal bir prosed\u00fcr kullan\u0131larak, en \u00fcst d\u00fczeyde verimlilikle ger\u00e7ekle\u015ftirilir.<\/span><\/p>\n<\/div>\n<\/div>\n<\/div>\n<\/div>\n<\/div>\n<\/div>\n<\/div>\n<\/div>\n<\/div>\n<\/section>\n<section id=\"lzlsaqqkudluikczadwdcmipvljyxivbwymw\" class=\"brz-section brz-css-zEC8D\">\n<div class=\"brz-section__content brz-section--boxed brz-css-bRy9F brz-css-jxBHO\" data-brz-custom-id=\"mgquxtligbabqqpvritfpzsifpghqxotbvlf\">\n<div class=\"brz-bg\">\n<div class=\"brz-bg-color\"><\/div>\n<\/div>\n<div class=\"brz-container brz-css-gdXK6 brz-css-bQC8L\">\n<div class=\"brz-row__container brz-css-xNtPL\" data-brz-custom-id=\"ggfyzdmrussfqifjoyflwxqiqqsizkpllwzi\">\n<div class=\"brz-bg\"><\/div>\n<div class=\"brz-row brz-css-t1s_p brz-css-jaSa9\">\n<div class=\"brz-columns brz-css-lcq00 brz-css-ogYr3\" data-brz-custom-id=\"brmmwozntdmlkaxfffiqyqhvhavwtmlgctda\">\n<div class=\"brz-bg\"><\/div>\n<div class=\"brz-column__items brz-css-pzv_i brz-css-tfY2p\">\n<div id=\"\" class=\"brz-css-lE_Uh brz-css-cvikG brz-wrapper\">\n<div class=\"brz-rich-text brz-rich-text__custom brz-css-otEvD\" data-brz-custom-id=\"bvmzdbvbxqdyrasibxzfylqsxyzjlchsqkqt\">\n<div data-brz-translate-text=\"1\">\n<p class=\"brz-tp-lg-abovetitle brz-text-lg-center brz-css-nxTgh\" data-uniq-id=\"rwhva\" data-generated-css=\"brz-css-ilort\"><strong>SA\u00c7 EK\u0130M\u0130<\/strong><\/p>\n<\/div>\n<\/div>\n<\/div>\n<div id=\"\" class=\"brz-css-lE_Uh brz-css-lx_5q brz-wrapper\">\n<div class=\"brz-rich-text brz-rich-text__custom brz-css-otEvD\" data-brz-custom-id=\"ywdgocdsdmzprkfsbfgjhgmwxsonvoyquuex\">\n<div data-brz-translate-text=\"1\">\n<p class=\"brz-tp-lg-empty brz-ff-xhmjbvrqbkqlffzvfmiyjgkwowqvkjfotwxd brz-ft-upload brz-fs-lg-36 brz-fss-lg-px brz-fw-lg-600 brz-ls-lg-m_1_5 brz-lh-lg-1_3 brz-text-lg-center brz-css-r8Max\" data-uniq-id=\"hdaty\" data-generated-css=\"brz-css-qkudj\"><strong>T\u00fcrkiye&#8217;de Sa\u00e7 Ekimi<\/strong><\/p>\n<\/div>\n<\/div>\n<\/div>\n<div id=\"\" class=\"brz-css-lE_Uh brz-css-y4zUb brz-wrapper\">\n<div class=\"brz-spacer brz-css-b9T1E brz-css-nK0zp\"><\/div>\n<\/div>\n<div id=\"\" class=\"brz-css-lE_Uh brz-css-zDTSg brz-wrapper\">\n<div class=\"brz-rich-text brz-rich-text__custom brz-css-otEvD\" data-brz-custom-id=\"grjmterufhutwqhsaguoahqngtfsucmszgab\">\n<div data-brz-translate-text=\"1\">\n<p class=\"brz-mb-lg-27 brz-text-lg-center brz-tp-lg-empty brz-ff-wezyasbxuqgubgesyrpopjmxdwuuvjhpghzy brz-ft-upload brz-fs-lg-16 brz-fss-lg-px brz-fw-lg-400 brz-ls-lg-0 brz-lh-lg-1_8 brz-css-xXV8o\" data-uniq-id=\"lzjhk\" data-generated-css=\"brz-css-ictww\"><span>Sa\u00e7 ekimi, T\u00fcrkiye&#8217;de 1990&#8217;l\u0131 y\u0131llardan beri yayg\u0131n bir uygulamad\u0131r ve 2000&#8217;li y\u0131llarda yeni prosed\u00fcrler sayesinde daha da pop\u00fcler hale gelmi\u015ftir. Son y\u0131llarda, T\u00fcrk sa\u00e7 klinikleri d\u00fcnyan\u0131n her yerinden m\u00fc\u015fteriler i\u00e7in pop\u00fcler bir destinasyon haline geldi.<\/span><\/p>\n<\/div>\n<\/div>\n<\/div>\n<div class=\"brz-wrapper-clone brz-css-nJpV4\">\n<div class=\"brz-d-xs-flex brz-flex-xs-wrap brz-css-y1rW_\" data-brz-custom-id=\"\">\n<div class=\"brz-wrapper-clone__item\" id=\"fshahdfjwoqabaqkoyrsujynndqsnsanhaml\"><a class=\"brz-a brz-btn brz-css-z4Jcp\" href=\"\" target=\"_self\" rel=\"noopener\" data-brz-link-type=\"external\" data-brz-custom-id=\"fshahdfjwoqabaqkoyrsujynndqsnsanhaml\"><span data-brz-translate-text=\"1\" class=\"brz-span brz-text__editor\">\u0130leti\u015fime Ge\u00e7<\/span><\/a><\/div>\n<\/div>\n<\/div>\n<\/div>\n<\/div>\n<\/div>\n<\/div>\n<\/div>\n<\/div>\n<\/section>\n<section id=\"vszuaegajdmzefvfmnsqmzxrdtaeuerlryzu\" class=\"brz-section brz-css-zEC8D\">\n<div class=\"brz-section__content brz-section--boxed brz-css-bRy9F brz-css-v0kY4\" data-brz-custom-id=\"mikzufgluxotpyqntevowvtcyuhbelvrbczy\">\n<div class=\"brz-bg\">\n<div class=\"brz-bg-color\"><\/div>\n<\/div>\n<div class=\"brz-container brz-css-gdXK6 brz-css-sYQQE\">\n<div class=\"brz-row__container brz-css-xNtPL\" data-brz-custom-id=\"obiflyoltefhycnkkbihinhaeosmpjquoghc\">\n<div class=\"brz-bg\"><\/div>\n<div class=\"brz-row brz-css-t1s_p brz-css-jaSa9\">\n<div class=\"brz-columns brz-css-lcq00\" data-brz-custom-id=\"gekajfhxocqnjjswgrpgtzgiksyevoaasfsx\">\n<div class=\"brz-bg\"><\/div>\n<div class=\"brz-column__items brz-css-pzv_i brz-css-b7Zct\">\n<div id=\"\" class=\"brz-css-lE_Uh brz-css-mucGm brz-wrapper\">\n<div class=\"brz-rich-text brz-rich-text__custom brz-css-otEvD\" data-brz-custom-id=\"fsdnfhgseeruojupaoycycyluzqiuoiajuaw\">\n<div data-brz-translate-text=\"1\">\n<h3 class=\"brz-tp-lg-heading3 brz-css-dneov\" data-generated-css=\"brz-css-hlkvv\" data-uniq-id=\"mipwz\"><strong>Sa\u00e7 ekimi nas\u0131l yap\u0131l\u0131r?<\/strong><\/h3>\n<\/div>\n<\/div>\n<\/div>\n<div id=\"\" class=\"brz-css-lE_Uh brz-css-y4zUb brz-css-nOrHv brz-wrapper\">\n<div class=\"brz-spacer brz-css-b9T1E brz-css-uIIjJ\"><\/div>\n<\/div>\n<div id=\"\" class=\"brz-css-lE_Uh brz-wrapper\">\n<div class=\"brz-rich-text brz-rich-text__custom brz-css-otEvD\" data-brz-custom-id=\"mxczvaokxatwqtcjvmuypbhnhdocartsmhhr\">\n<div data-brz-translate-text=\"1\">\n<p class=\"brz-tp-lg-paragraph brz-css-ohnZL\" data-uniq-id=\"lzrhg\" data-generated-css=\"brz-css-yyqnq\"><span>Sa\u00e7 ekimi i\u00e7in klini\u011fimize gelen \u00e7ok say\u0131da hasta var ve ilk etapta tarama yaparak i\u015fleme uygun olup olmad\u0131klar\u0131n\u0131 de\u011ferlendiriyoruz. Ayr\u0131ca sa\u011fl\u0131kl\u0131 olduklar\u0131ndan emin olmak i\u00e7in onlarla kapsaml\u0131 bir sa\u011fl\u0131k ge\u00e7mi\u015fi dan\u0131\u015fmanl\u0131\u011f\u0131 yap\u0131yoruz. <\/span><\/p>\n<p class=\"brz-tp-lg-paragraph brz-css-cLAdB\" data-uniq-id=\"lzrhg\" data-generated-css=\"brz-css-yyqnq\"><span> <\/span><\/p>\n<p class=\"brz-tp-lg-paragraph brz-css-xUHqt\" data-uniq-id=\"lzrhg\" data-generated-css=\"brz-css-yyqnq\"><span>Sa\u00e7 ekimi plan\u0131n\u0131 tart\u0131\u015f\u0131rken, ya\u015f, genel sa\u011fl\u0131k, d\u00f6k\u00fclme don\u00f6r y\u00f6netimi dikkate al\u0131n\u0131r. Bu bilgilere g\u00f6re en uygun teknik ve tedavi y\u00f6ntemi se\u00e7ilir. Sadece birka\u00e7 saat i\u00e7inde hayalini kurdu\u011funuz sa\u00e7lara kavu\u015fabilirsiniz.<\/span><\/p>\n<\/div>\n<\/div>\n<\/div>\n<\/div>\n<\/div>\n<div class=\"brz-columns brz-css-lcq00\" data-brz-custom-id=\"qpomednkvajryqyhhhkoizpijnzlbgbqsnmz\">\n<div class=\"brz-column__items brz-css-pzv_i brz-css-n6Eor\">\n<div id=\"\" class=\"brz-css-lE_Uh brz-css-iNvoJ brz-wrapper\">\n<div class=\"brz-rich-text brz-rich-text__custom brz-css-otEvD\" data-brz-custom-id=\"eyhzmfjwukiqtxskjgmazoxocchfkrgilnzw\">\n<div data-brz-translate-text=\"1\">\n<h3 class=\"brz-tp-lg-heading3 brz-css-uSYye\" data-generated-css=\"brz-css-jemji\" data-uniq-id=\"dgrcn\"><strong>Sa\u00e7 Ekiminin Riskleri<\/strong><\/h3>\n<\/div>\n<\/div>\n<\/div>\n<div id=\"\" class=\"brz-css-lE_Uh brz-css-y4zUb brz-css-h3Z0P brz-wrapper\">\n<div class=\"brz-spacer brz-css-b9T1E brz-css-crh3L\"><\/div>\n<\/div>\n<div id=\"\" class=\"brz-css-lE_Uh brz-wrapper\">\n<div class=\"brz-rich-text brz-rich-text__custom brz-css-otEvD\" data-brz-custom-id=\"vicbmrttlwunqmubtnlznfpkuvqlxqvpwkyi\">\n<div data-brz-translate-text=\"1\">\n<p class=\"brz-tp-lg-paragraph brz-css-shQo6\" data-uniq-id=\"nzoye\" data-generated-css=\"brz-css-uaecs\"><span>Sa\u00e7 ekimi ameliyat\u0131 di\u011fer t\u00fcm operasyonlar gibi k\u00fc\u00e7\u00fck bir risk ta\u015f\u0131yabilir. Sorun ya\u015famamak i\u00e7in lokal anestezi alt\u0131nda yap\u0131lan tedaviler doktor kontrol\u00fcnde yap\u0131lmal\u0131d\u0131r. Sa\u00e7 ekimi klini\u011fimizde sa\u00e7 ekimi ile gelen tehlikelerin b\u00fcy\u00fck \u00e7o\u011funlu\u011fu d\u00fc\u015f\u00fck kabul edilmektedir. Herhangi bir potansiyel tehlikeyle kar\u015f\u0131la\u015fmaman\u0131z\u0131 sa\u011flamak i\u00e7in bir dizi \u00f6nlem ald\u0131k.<\/span><\/p>\n<\/div>\n<\/div>\n<\/div>\n<\/div>\n<\/div>\n<\/div>\n<\/div>\n<\/div>\n<\/div>\n<\/section>\n<\/div>\n<p>    <!-- version:1722080233 --><\/p>\n","protected":false},"excerpt":{"rendered":"<p>SA\u00c7 EK\u0130M\u0130 Sa\u00e7 Ekimi SA\u00c7 EK\u0130M\u0130 Sa\u00e7 Ekimi Y\u00fczy\u0131llar boyunca sa\u00e7lar\u0131m\u0131z sadece ki\u015fisel hijyenin de\u011fil, ayn\u0131 zamanda moda ve sosyal stat\u00fcn\u00fcn de \u00f6nemli bir par\u00e7as\u0131 olmu\u015ftur. Ancak g\u00fcn\u00fcm\u00fczde, beslenme yetersizlikleri, genetik veya hormonla ilgili hastal\u0131klar gibi sa\u00e7 d\u00f6k\u00fclmesine veya incelmesine neden olabilecek bir\u00e7ok ba\u015fka fakt\u00f6r vard\u0131r. Sa\u00e7 ekimi, bug\u00fcn mevcut olan a\u00e7\u0131k ara en iyi [&hellip;]<\/p>\n","protected":false},"author":5,"featured_media":0,"parent":1211,"menu_order":0,"comment_status":"closed","ping_status":"closed","template":"","meta":{"footnotes":""},"class_list":["post-1217","page","type-page","status-publish","hentry"],"blocksy_meta":{"styles_descriptor":{"styles":{"desktop":"","tablet":"","mobile":""},"google_fonts":[],"version":6}},"_links":{"self":[{"href":"https:\/\/smilinic.com\/tr\/wp-json\/wp\/v2\/pages\/1217","targetHints":{"allow":["GET"]}}],"collection":[{"href":"https:\/\/smilinic.com\/tr\/wp-json\/wp\/v2\/pages"}],"about":[{"href":"https:\/\/smilinic.com\/tr\/wp-json\/wp\/v2\/types\/page"}],"author":[{"embeddable":true,"href":"https:\/\/smilinic.com\/tr\/wp-json\/wp\/v2\/users\/5"}],"replies":[{"embeddable":true,"href":"https:\/\/smilinic.com\/tr\/wp-json\/wp\/v2\/comments?post=1217"}],"version-history":[{"count":0,"href":"https:\/\/smilinic.com\/tr\/wp-json\/wp\/v2\/pages\/1217\/revisions"}],"up":[{"embeddable":true,"href":"https:\/\/smilinic.com\/tr\/wp-json\/wp\/v2\/pages\/1211"}],"wp:attachment":[{"href":"https:\/\/smilinic.com\/tr\/wp-json\/wp\/v2\/media?parent=1217"}],"curies":[{"name":"wp","href":"https:\/\/api.w.org\/{rel}","templated":true}]}}