{"id":1216,"date":"2022-10-06T21:26:01","date_gmt":"2022-10-06T21:26:01","guid":{"rendered":"https:\/\/smilinic.com\/hair-transplantation\/fue-hair-transplant\/"},"modified":"2024-07-27T07:33:16","modified_gmt":"2024-07-27T07:33:16","slug":"fue-hair-transplant","status":"publish","type":"page","link":"https:\/\/smilinic.com\/tr\/hair-transplantation\/fue-hair-transplant\/","title":{"rendered":"FUE Sa\u00e7 Ekimi"},"content":{"rendered":"<div class=\"brz-root__container brz-reset-all brz\">\n<section id=\"nvhlyvvknvcpymnircpzyvuawjvakhodlpcs\" class=\"brz-section brz-css-eu3sd\">\n<div class=\"brz-section__content brz-section--boxed brz-css-xsNzu brz-css-mQTRD\" data-brz-custom-id=\"sjutpjlnjrlvzasmocfrtolptebhsoozwvoy\">\n<div class=\"brz-bg\">\n<div class=\"brz-bg-image\"><\/div>\n<div class=\"brz-bg-color\"><\/div>\n<\/div>\n<div class=\"brz-container brz-css-lSAMD brz-css-mj0c_\">\n<div id=\"\" class=\"brz-css-oCLjj brz-css-oousL brz-wrapper\">\n<div class=\"brz-rich-text brz-rich-text__custom brz-css-lb9rt\" data-brz-custom-id=\"qoldfstjadbspxzmeqtvoslxsexbhexqpmta\">\n<div data-brz-translate-text=\"1\">\n<p class=\"brz-text-lg-center brz-tp-lg-paragraph brz-css-bKMnM\" data-generated-css=\"brz-css-dgcqw\" data-uniq-id=\"sfifs\"><span class=\"brz-capitalize-on\">SA\u00c7 EK\u0130M\u0130<\/span><\/p>\n<\/div>\n<\/div>\n<\/div>\n<div id=\"\" class=\"brz-css-oCLjj brz-wrapper\">\n<div class=\"brz-rich-text brz-rich-text__custom brz-css-lb9rt\" data-brz-custom-id=\"nnpiziklbgvwcjdhpgitshzxyllhszeznagj\">\n<div data-brz-translate-text=\"1\">\n<p class=\"brz-fw-lg-700 brz-fss-lg-px brz-fs-lg-54 brz-ft-google brz-ff-roboto brz-tp-lg-empty brz-lh-lg-1 brz-ls-lg-0 brz-text-lg-center brz-css-xnTnf\" data-generated-css=\"brz-css-qkqlm\" data-uniq-id=\"sfffw\">FUE Sa\u00e7 Ekimi<\/p>\n<\/div>\n<\/div>\n<\/div>\n<\/div>\n<\/div>\n<\/section>\n<section id=\"ompbuhbzdupjoekwprxoxszwmqwpkujcvfaw\" class=\"brz-section brz-css-eu3sd\">\n<div class=\"brz-section__content brz-section--boxed brz-css-xsNzu brz-css-edqI4\" data-brz-custom-id=\"kazvqdlrybokdxsmbwzzkymzhkiabfoquxml\">\n<div class=\"brz-bg\">\n<div class=\"brz-bg-color\"><\/div>\n<\/div>\n<div class=\"brz-container brz-css-lSAMD\">\n<div id=\"whitearea\" class=\"brz-row__container brz-css-cAJdC brz-css-fLj6L\" data-brz-custom-id=\"wsgsgloqrqwdgmtrmblzvyicxoezzzywwawd\">\n<div class=\"brz-bg\">\n<div class=\"brz-bg-color\"><\/div>\n<\/div>\n<div class=\"brz-row brz-css-gKRW5 brz-css-ddqSB\">\n<div class=\"brz-columns brz-css-mrIgK brz-css-mdsQS\" data-brz-custom-id=\"hnqdlpuepjmxjyzedzpskkzqdrdimwycdawf\">\n<div class=\"brz-bg\"><\/div>\n<div class=\"brz-column__items brz-css-wS7PB brz-css-jPCEJ\">\n<div id=\"\" class=\"brz-css-oCLjj brz-css-hWSHJ brz-wrapper\">\n<div class=\"brz-image brz-css-yHnN9 brz-css-zCbMj\" data-brz-custom-id=\"vqxqngyklpvjvjxlvngpuorisusdninzwxmy\"><img decoding=\"async\" class=\"brz-img\" src=\"https:\/\/cafeduo.com.tr\/wp-content\/uploads\/brizy\/imgs\/wp-4c2f90e688066cf52558d8c7c3473336-554x715x0x157x554x543x1714077551.jpg\" alt=\"\" loading=\"lazy\"><\/div>\n<\/div>\n<\/div>\n<\/div>\n<div class=\"brz-columns brz-css-mrIgK brz-css-amH2S\" data-brz-custom-id=\"auvjfkxsyfstphehxodupcczpzfnopklsdty\">\n<div class=\"brz-bg\"><\/div>\n<div class=\"brz-column__items brz-css-wS7PB brz-css-b9xtq\">\n<div id=\"\" class=\"brz-css-oCLjj brz-css-xXW3W brz-wrapper\">\n<div class=\"brz-rich-text brz-rich-text__custom brz-css-lb9rt\" data-brz-custom-id=\"mselhwvdukvcswibbtkbaoonmqjmsopfdvoc\">\n<div data-brz-translate-text=\"1\">\n<p class=\"brz-ls-lg-0 brz-lh-lg-1_9 brz-tp-lg-empty brz-ff-ymubgefsxldrywogxtzekrfkmzwinepjvqkm brz-ft-upload brz-fs-lg-12 brz-fss-lg-px brz-fw-lg-700 brz-css-yb3ce\" data-generated-css=\"brz-css-oglde\" data-uniq-id=\"ldblf\"><span class=\"brz-cp-color7\">SA\u00c7 EK\u0130M\u0130<\/span><\/p>\n<\/div>\n<\/div>\n<\/div>\n<div id=\"\" class=\"brz-css-oCLjj brz-css-mpXPE brz-wrapper\">\n<div class=\"brz-rich-text brz-rich-text__custom brz-css-lb9rt\" data-brz-custom-id=\"cejofzatbthenzwixrwcgcdqoowzdrjrjekm\">\n<div data-brz-translate-text=\"1\">\n<p class=\"brz-fs-lg-20 brz-ft-upload brz-ff-ymubgefsxldrywogxtzekrfkmzwinepjvqkm brz-tp-lg-empty brz-lh-lg-1_9 brz-ls-lg-0 brz-fw-lg-400 brz-fss-lg-px brz-css-f9jSB\" data-generated-css=\"brz-css-cahin\" data-uniq-id=\"fkrpx\"><strong>FUE Sa\u00e7 Ekimi<\/strong><\/p>\n<\/div>\n<\/div>\n<\/div>\n<div id=\"\" class=\"brz-css-oCLjj brz-wrapper\">\n<div class=\"brz-rich-text brz-rich-text__custom brz-css-lb9rt\" data-brz-custom-id=\"ykahkrumyfokjoincjtclfclsasvccluykcc\">\n<div data-brz-translate-text=\"1\">\n<p class=\"brz-lh-lg-1_9 brz-ls-lg-0 brz-fw-lg-400 brz-fss-lg-px brz-fs-lg-16 brz-ft-upload brz-ff-ymubgefsxldrywogxtzekrfkmzwinepjvqkm brz-tp-lg-empty brz-mb-lg-20 brz-css-iftw9\" data-generated-css=\"brz-css-wzrso\" data-uniq-id=\"fefnj\"><span class=\"brz-cp-color7\">Folik\u00fcler \u00fcnite ekstraksiyonu, sa\u00e7 greftlerinin \u00e7\u0131kar\u0131lmas\u0131 i\u00e7in bir tekniktir. FUE k\u0131saltmas\u0131, folik\u00fcler \u00fcnite \u00e7\u0131karma teriminden gelir ve FUE, kafa derisinden tek tek &#8216;k\u00f6k&#8217; k\u0131llar\u0131n\u0131n \u00e7\u0131kar\u0131lmas\u0131n\u0131 i\u00e7erir. Greftleri (bireysel sa\u00e7 k\u00fcmeleri) \u00e7\u0131karmak i\u00e7in bir prosed\u00fcrd\u00fcr.<\/span><\/p>\n<\/div>\n<\/div>\n<\/div>\n<\/div>\n<\/div>\n<\/div>\n<\/div>\n<\/div>\n<\/div>\n<\/section>\n<section id=\"slcwrkyvvuamvpqoimhkddhgsnkdrleeopkf\" class=\"brz-section brz-css-eu3sd\">\n<div class=\"brz-section__content brz-section--boxed brz-css-xsNzu brz-css-dToQk\" data-brz-custom-id=\"okibxrlvpferyvlpccdnhvotlaneaxeylbwy\">\n<div class=\"brz-bg\">\n<div class=\"brz-bg-color\"><\/div>\n<\/div>\n<div class=\"brz-container brz-css-lSAMD brz-css-qzSjV\">\n<div class=\"brz-row__container brz-css-cAJdC\" data-brz-custom-id=\"oxcamtjvbdcakrtygvixizloqtpyzrkmvwwd\">\n<div class=\"brz-bg\"><\/div>\n<div class=\"brz-row brz-css-gKRW5 brz-css-bBK_W\">\n<div class=\"brz-columns brz-css-mrIgK brz-css-qSNfw\" data-brz-custom-id=\"nwapahudapjjkegeyrtfnphhuknaxxzrslnp\">\n<div class=\"brz-bg\"><\/div>\n<div class=\"brz-column__items brz-css-wS7PB brz-css-i4mAv\">\n<div id=\"\" class=\"brz-css-oCLjj brz-css-pakta brz-wrapper\">\n<div class=\"brz-rich-text brz-rich-text__custom brz-css-lb9rt\" data-brz-custom-id=\"oppqahknpzksoxlwiomzbaudebodptatpfef\">\n<div data-brz-translate-text=\"1\">\n<p class=\"brz-mb-lg-27,0 brz-text-lg-center brz-tp-lg-empty brz-ff-wezyasbxuqgubgesyrpopjmxdwuuvjhpghzy brz-ft-upload brz-fs-lg-16 brz-fss-lg-px brz-fw-lg-400 brz-ls-lg-0 brz-lh-lg-1_8 brz-css-yUgBS\" data-uniq-id=\"vjsyp\" data-generated-css=\"brz-css-fcivx\"><span>Eskiden don\u00f6r b\u00f6lgeden ortalama 1 cm geni\u015fli\u011finde ve 10-15 cm uzunlu\u011funda bir doku par\u00e7as\u0131n\u0131n al\u0131nmas\u0131 i\u00e7in FUT (Follicular Unit Transplantation) kullan\u0131l\u0131rd\u0131 ve daha sonra bu doku par\u00e7as\u0131ndan greftler tek tek \u00e7\u0131kar\u0131l\u0131rd\u0131. Bu i\u015flem ile 2000 greft&#8217;e kadar elde edebilirsiniz ve sonunda b\u00fcy\u00fck bir iz kal\u0131r. FUE i\u015flemine g\u00f6re \u00e7ok fazla dezavantaj\u0131 oldu\u011fu i\u00e7in g\u00fcn\u00fcm\u00fczde neredeyse hi\u00e7 kullan\u0131lmamaktad\u0131r. Ekilen sa\u00e7lar FUE y\u00f6ntemiyle al\u0131n\u0131r ve DHI, Safir FUE, T\u0131ra\u015fs\u0131z gibi ekim teknikleri kullan\u0131larak ekilir.<\/span><\/p>\n<\/div>\n<\/div>\n<\/div>\n<\/div>\n<\/div>\n<\/div>\n<\/div>\n<\/div>\n<\/div>\n<\/section>\n<\/div>\n<p>    <!-- version:1722065596 --><\/p>\n","protected":false},"excerpt":{"rendered":"<p>SA\u00c7 EK\u0130M\u0130 FUE Sa\u00e7 Ekimi SA\u00c7 EK\u0130M\u0130 FUE Sa\u00e7 Ekimi Folik\u00fcler \u00fcnite ekstraksiyonu, sa\u00e7 greftlerinin \u00e7\u0131kar\u0131lmas\u0131 i\u00e7in bir tekniktir. FUE k\u0131saltmas\u0131, folik\u00fcler \u00fcnite \u00e7\u0131karma teriminden gelir ve FUE, kafa derisinden tek tek &#8216;k\u00f6k&#8217; k\u0131llar\u0131n\u0131n \u00e7\u0131kar\u0131lmas\u0131n\u0131 i\u00e7erir. Greftleri (bireysel sa\u00e7 k\u00fcmeleri) \u00e7\u0131karmak i\u00e7in bir prosed\u00fcrd\u00fcr. Eskiden don\u00f6r b\u00f6lgeden ortalama 1 cm geni\u015fli\u011finde ve 10-15 cm uzunlu\u011funda [&hellip;]<\/p>\n","protected":false},"author":5,"featured_media":0,"parent":1211,"menu_order":0,"comment_status":"closed","ping_status":"closed","template":"","meta":{"footnotes":""},"class_list":["post-1216","page","type-page","status-publish","hentry"],"blocksy_meta":{"styles_descriptor":{"styles":{"desktop":"","tablet":"","mobile":""},"google_fonts":[],"version":6}},"_links":{"self":[{"href":"https:\/\/smilinic.com\/tr\/wp-json\/wp\/v2\/pages\/1216","targetHints":{"allow":["GET"]}}],"collection":[{"href":"https:\/\/smilinic.com\/tr\/wp-json\/wp\/v2\/pages"}],"about":[{"href":"https:\/\/smilinic.com\/tr\/wp-json\/wp\/v2\/types\/page"}],"author":[{"embeddable":true,"href":"https:\/\/smilinic.com\/tr\/wp-json\/wp\/v2\/users\/5"}],"replies":[{"embeddable":true,"href":"https:\/\/smilinic.com\/tr\/wp-json\/wp\/v2\/comments?post=1216"}],"version-history":[{"count":0,"href":"https:\/\/smilinic.com\/tr\/wp-json\/wp\/v2\/pages\/1216\/revisions"}],"up":[{"embeddable":true,"href":"https:\/\/smilinic.com\/tr\/wp-json\/wp\/v2\/pages\/1211"}],"wp:attachment":[{"href":"https:\/\/smilinic.com\/tr\/wp-json\/wp\/v2\/media?parent=1216"}],"curies":[{"name":"wp","href":"https:\/\/api.w.org\/{rel}","templated":true}]}}