{"id":1215,"date":"2022-10-06T21:26:49","date_gmt":"2022-10-06T21:26:49","guid":{"rendered":"https:\/\/smilinic.com\/hair-transplantation\/female-hair-transplant\/"},"modified":"2024-07-27T09:17:32","modified_gmt":"2024-07-27T09:17:32","slug":"female-hair-transplant","status":"publish","type":"page","link":"https:\/\/smilinic.com\/tr\/hair-transplantation\/female-hair-transplant\/","title":{"rendered":"Kad\u0131n Sa\u00e7 Ekimi"},"content":{"rendered":"<div class=\"brz-root__container brz-reset-all brz\">\n<section id=\"jrqkdqalujgdmsjeuksuuefybfhzavuisidy\" class=\"brz-section brz-css-xjgCC\">\n<div class=\"brz-section__content brz-section--boxed brz-css-ciQLx brz-css-ds9k0\" data-brz-custom-id=\"bxnutepsphnrrfjfegmshukooxxssmjpgmpi\">\n<div class=\"brz-bg\">\n<div class=\"brz-bg-image\"><\/div>\n<div class=\"brz-bg-color\"><\/div>\n<\/div>\n<div class=\"brz-container brz-css-pFecy brz-css-kHA64\">\n<div id=\"\" class=\"brz-css-b681_ brz-css-fodXa brz-wrapper\">\n<div class=\"brz-rich-text brz-rich-text__custom brz-css-oBUVp\" data-brz-custom-id=\"idbokasakrpnadsvmkrmdmvmijjbpzwiusgb\">\n<div data-brz-translate-text=\"1\">\n<p class=\"brz-text-lg-center brz-tp-lg-paragraph brz-css-mVdx3\" data-generated-css=\"brz-css-kwbve\" data-uniq-id=\"vemln\"><span class=\"brz-capitalize-on\">SA\u00c7 EK\u0130M\u0130<\/span><\/p>\n<\/div>\n<\/div>\n<\/div>\n<div id=\"\" class=\"brz-css-b681_ brz-wrapper\">\n<div class=\"brz-rich-text brz-rich-text__custom brz-css-oBUVp\" data-brz-custom-id=\"ufcuoheemrbdorxqsyvmqwtknelhfbhosztj\">\n<div data-brz-translate-text=\"1\">\n<p class=\"brz-text-lg-center brz-ls-lg-0 brz-lh-lg-1 brz-tp-lg-empty brz-ff-roboto brz-ft-google brz-fs-lg-54 brz-fss-lg-px brz-fw-lg-700 brz-css-zRvDM\" data-uniq-id=\"sbfsx\" data-generated-css=\"brz-css-ajibt\">Female Hair Transplant<\/p>\n<\/div>\n<\/div>\n<\/div>\n<\/div>\n<\/div>\n<\/section>\n<section id=\"dglcxqctqddxtywnwmmjjofteqkskekpzhjd\" class=\"brz-section brz-css-xjgCC\">\n<div class=\"brz-section__content brz-section--boxed brz-css-ciQLx brz-css-osonG\" data-brz-custom-id=\"cstdfpffrnayfavsneswfyspadogmjvohebg\">\n<div class=\"brz-bg\">\n<div class=\"brz-bg-color\"><\/div>\n<\/div>\n<div class=\"brz-container brz-css-pFecy\">\n<div id=\"whitearea\" class=\"brz-row__container brz-css-f20el brz-css-rfj_M\" data-brz-custom-id=\"nsmkhfgrknyqbygqmqpffeatqmehbulfvbjp\">\n<div class=\"brz-bg\">\n<div class=\"brz-bg-color\"><\/div>\n<\/div>\n<div class=\"brz-row brz-css-cY04I brz-css-inV45\">\n<div class=\"brz-columns brz-css-ciKRw brz-css-wMTsN\" data-brz-custom-id=\"xcrfbdrbptmprlglchixpnstrmbhlmbyocmx\">\n<div class=\"brz-bg\"><\/div>\n<div class=\"brz-column__items brz-css-kNvfV brz-css-e7IiN\">\n<div id=\"\" class=\"brz-css-b681_ brz-css-toHaQ brz-wrapper\">\n<div class=\"brz-image brz-css-tDdkS brz-css-lTlep\" data-brz-custom-id=\"doreilxydkcuxrxqzyyubrjcipovyrpcyccp\"><img decoding=\"async\" class=\"brz-img\" src=\"https:\/\/cafeduo.com.tr\/wp-content\/uploads\/brizy\/imgs\/wp-d71fd26705c8e924038c591e0acbca3b-554x715x0x164x554x529x1714077551.jpg\" alt=\"\" loading=\"lazy\"><\/div>\n<\/div>\n<\/div>\n<\/div>\n<div class=\"brz-columns brz-css-ciKRw brz-css-jXYTD\" data-brz-custom-id=\"vvaqlumlfkjanjibhasimgnjcybjvqayjske\">\n<div class=\"brz-bg\"><\/div>\n<div class=\"brz-column__items brz-css-kNvfV brz-css-eXnKW\">\n<div id=\"\" class=\"brz-css-b681_ brz-css-qpxBy brz-wrapper\">\n<div class=\"brz-rich-text brz-rich-text__custom brz-css-oBUVp\" data-brz-custom-id=\"vridmkskwhrcntgfrjepuktsywownrvipbvz\">\n<div data-brz-translate-text=\"1\">\n<p class=\"brz-ls-lg-0 brz-lh-lg-1_9 brz-tp-lg-empty brz-ff-ymubgefsxldrywogxtzekrfkmzwinepjvqkm brz-ft-upload brz-fs-lg-12 brz-fss-lg-px brz-fw-lg-700 brz-css-dQr5x\" data-generated-css=\"brz-css-tsjcm\" data-uniq-id=\"yrqkm\"><span class=\"brz-cp-color7\">SA\u00c7 EK\u0130M\u0130<\/span><\/p>\n<\/div>\n<\/div>\n<\/div>\n<div id=\"\" class=\"brz-css-b681_ brz-css-xjgzk brz-wrapper\">\n<div class=\"brz-rich-text brz-rich-text__custom brz-css-oBUVp\" data-brz-custom-id=\"jderabvzctlcsjhcfzjpcmjvgyydfjohvsji\">\n<div data-brz-translate-text=\"1\">\n<p class=\"brz-fs-lg-20 brz-ft-upload brz-ff-ymubgefsxldrywogxtzekrfkmzwinepjvqkm brz-tp-lg-empty brz-lh-lg-1_9 brz-ls-lg-0 brz-fw-lg-400 brz-fss-lg-px brz-css-uPSMu\" data-generated-css=\"brz-css-utlyj\" data-uniq-id=\"rlsds\"><strong>Bayan Sa\u00e7 Ekimi<\/strong><\/p>\n<\/div>\n<\/div>\n<\/div>\n<div id=\"\" class=\"brz-css-b681_ brz-wrapper\">\n<div class=\"brz-rich-text brz-rich-text__custom brz-css-oBUVp\" data-brz-custom-id=\"kcuertobzxwsxwguigdwtsnsgiiowmaqcpes\">\n<div data-brz-translate-text=\"1\">\n<p class=\"brz-mb-lg-20 brz-tp-lg-empty brz-ff-ymubgefsxldrywogxtzekrfkmzwinepjvqkm brz-ft-upload brz-fs-lg-16 brz-fss-lg-px brz-fw-lg-400 brz-ls-lg-0 brz-lh-lg-1_9 brz-css-yG4td\" data-uniq-id=\"rliwe\" data-generated-css=\"brz-css-ypeea\"><span class=\"brz-cp-color7\">Sa\u00e7 d\u00f6k\u00fclmesi oran\u0131, yaln\u0131zca yeni ve sa\u011fl\u0131kl\u0131 sa\u00e7lar\u0131n ayn\u0131 oranda d\u00f6k\u00fclmesinde sorun olarak kabul edilir. Aksi takdirde sa\u00e7\u0131n\u0131z\u0131n kendi kendini onarmak i\u00e7in d\u00f6k\u00fclmesi sa\u011fl\u0131kl\u0131d\u0131r. Sa\u00e7 d\u00f6k\u00fclmesi do\u011fal bir s\u00fcre\u00e7tir ve zaman\u0131nda kendili\u011finden d\u00fczeldi\u011fi s\u00fcrece sizin i\u00e7in sa\u011fl\u0131kl\u0131d\u0131r.<\/span><\/p>\n<\/div>\n<\/div>\n<\/div>\n<\/div>\n<\/div>\n<\/div>\n<\/div>\n<\/div>\n<\/div>\n<\/section>\n<section id=\"yjzpvpxjkdpxrefcomcjjgcwwzcqnfcdtmqp\" class=\"brz-section brz-css-xjgCC\">\n<div class=\"brz-section__content brz-section--boxed brz-css-ciQLx brz-css-r5JnF\" data-brz-custom-id=\"ctbtgawpzopkgpaaguelnlvhroegjuafwepq\">\n<div class=\"brz-bg\">\n<div class=\"brz-bg-color\"><\/div>\n<\/div>\n<div class=\"brz-container brz-css-pFecy brz-css-mOsfh\">\n<div class=\"brz-row__container brz-css-f20el\" data-brz-custom-id=\"iimwuulmvuhvciuzmukuoxiqvirymklrhkgv\">\n<div class=\"brz-bg\"><\/div>\n<div class=\"brz-row brz-css-cY04I brz-css-hPB1i\">\n<div class=\"brz-columns brz-css-ciKRw\" data-brz-custom-id=\"xnswhwiegxdiybvyqqzkokfvvebdbaafjpny\">\n<div class=\"brz-bg\"><\/div>\n<div class=\"brz-column__items brz-css-kNvfV brz-css-aw_7o\">\n<div id=\"\" class=\"brz-css-b681_ brz-css-qQ4Yr brz-wrapper\">\n<div class=\"brz-rich-text brz-rich-text__custom brz-css-oBUVp\" data-brz-custom-id=\"ytxhhwxktbzfhdpmkkeqkwlgquudpefohksi\">\n<div data-brz-translate-text=\"1\">\n<h3 class=\"brz-tp-lg-heading3 brz-css-okh9x\" data-generated-css=\"brz-css-jbvwa\" data-uniq-id=\"aiwkx\"><strong>Kad\u0131nlarda En S\u0131k G\u00f6r\u00fclen Sa\u00e7 D\u00f6k\u00fclmesi T\u00fcrleri<\/strong><\/h3>\n<\/div>\n<\/div>\n<\/div>\n<div id=\"\" class=\"brz-css-b681_ brz-css-kcXgF brz-css-qg9BN brz-wrapper\">\n<div class=\"brz-spacer brz-css-crqIs brz-css-fZjAG\"><\/div>\n<\/div>\n<div id=\"\" class=\"brz-css-b681_ brz-wrapper\">\n<div class=\"brz-rich-text brz-rich-text__custom brz-css-oBUVp\" data-brz-custom-id=\"mludzqdtemmqblzbpsyqbkjypuwclayslxga\">\n<div data-brz-translate-text=\"1\">\n<p class=\"brz-tp-lg-paragraph brz-css-dMPzq\" data-generated-css=\"brz-css-dcvgi\" data-uniq-id=\"bzoke\"><strong>Androgenetik alopesi (erkek tipi sa\u00e7 d\u00f6k\u00fclmesi): <\/strong><span>Genetik tip sa\u00e7 d\u00f6k\u00fclmesi genellikle ya\u015fla birlikte kademeli olarak artar. <\/span><\/p>\n<p class=\"brz-tp-lg-paragraph brz-css-yZe6D\" data-generated-css=\"brz-css-kqglm\" data-uniq-id=\"yscwk\"><strong>Telogen effluvium (Periyodik h\u0131zland\u0131r\u0131lm\u0131\u015f sa\u00e7 d\u00f6k\u00fclmesi):<\/strong><span> Stres, diyet, ameliyat, ate\u015fli hastal\u0131k, do\u011fum gibi olaylardan sonra h\u0131zlanan sa\u00e7 d\u00f6k\u00fclmesi. Genellikle kendi kendine durur ve tekrar \u00e7\u0131kar.<\/span><\/p>\n<p class=\"brz-tp-lg-paragraph brz-css-x2Tda\" data-generated-css=\"brz-css-btmff\" data-uniq-id=\"wppuv\"><strong>Alopesi areata (sa\u00e7 k\u0131ran):<\/strong><span> Derideki lenfosit ad\u0131 verilen ba\u011f\u0131\u015f\u0131kl\u0131k h\u00fccrelerinin k\u0131l k\u00f6k\u00fcne sald\u0131rarak y\u0131k\u0131ma u\u011framas\u0131 sonucu olu\u015fan madeni para benzeri kelliktir. Genellikle tedavi ile neredeyse tamamen iyile\u015fir.<\/span><\/p>\n<\/div>\n<\/div>\n<\/div>\n<\/div>\n<\/div>\n<div class=\"brz-columns brz-css-ciKRw\" data-brz-custom-id=\"mqgadcbonktbcgsupfktwwxgurpdxdosiept\">\n<div class=\"brz-column__items brz-css-kNvfV brz-css-f9Udv\">\n<div id=\"\" class=\"brz-css-b681_ brz-css-scmB3 brz-wrapper\">\n<div class=\"brz-rich-text brz-rich-text__custom brz-css-oBUVp\" data-brz-custom-id=\"svhdosnxjbhsalkqxbprcnmyhlqwjqvstofy\">\n<div data-brz-translate-text=\"1\">\n<h3 class=\"brz-tp-lg-heading3 brz-css-eGJhL\" data-uniq-id=\"iwpeh\" data-generated-css=\"brz-css-dgghs\"><strong>Sa\u00e7 D\u00f6k\u00fclmesi Te\u015fhis ve Tedavi S\u00fcreci<\/strong><\/h3>\n<\/div>\n<\/div>\n<\/div>\n<div id=\"\" class=\"brz-css-b681_ brz-css-kcXgF brz-css-mCfUj brz-wrapper\">\n<div class=\"brz-spacer brz-css-crqIs brz-css-zdINM\"><\/div>\n<\/div>\n<div id=\"\" class=\"brz-css-b681_ brz-wrapper\">\n<div class=\"brz-rich-text brz-rich-text__custom brz-css-oBUVp\" data-brz-custom-id=\"wpkffndqrrfxodouxzvwncgspkjriqhvepyz\">\n<div data-brz-translate-text=\"1\">\n<p class=\"brz-tp-lg-paragraph brz-css-z10ei\" data-uniq-id=\"mubbi\" data-generated-css=\"brz-css-hswnz\"><span>Doktorlar\u0131m\u0131z kad\u0131n hastalarda sa\u00e7 d\u00f6k\u00fclmesinin nedenini te\u015fhis etmeye odaklan\u0131r. Ayr\u0131ca kad\u0131n hastalarda tedaviye karar vermeden \u00f6nce kandaki Demir, Demir ba\u011flama, Ferritin, \u00c7inko, Tsh, T3, T4, B12 d\u00fczeylerini de\u011ferlendiriyoruz. Uzman ekibimiz, doktorunuzla yapaca\u011f\u0131n\u0131z de\u011ferlendirmenin ard\u0131ndan sizinle ilgili t\u00fcm bilgileri dikkate alan bir tedavi plan\u0131 olu\u015fturur.<\/span><\/p>\n<\/div>\n<\/div>\n<\/div>\n<\/div>\n<\/div>\n<\/div>\n<\/div>\n<\/div>\n<\/div>\n<\/section>\n<\/div>\n<p>    <!-- version:1722071852 --><\/p>\n","protected":false},"excerpt":{"rendered":"<p>SA\u00c7 EK\u0130M\u0130 Female Hair Transplant SA\u00c7 EK\u0130M\u0130 Bayan Sa\u00e7 Ekimi Sa\u00e7 d\u00f6k\u00fclmesi oran\u0131, yaln\u0131zca yeni ve sa\u011fl\u0131kl\u0131 sa\u00e7lar\u0131n ayn\u0131 oranda d\u00f6k\u00fclmesinde sorun olarak kabul edilir. Aksi takdirde sa\u00e7\u0131n\u0131z\u0131n kendi kendini onarmak i\u00e7in d\u00f6k\u00fclmesi sa\u011fl\u0131kl\u0131d\u0131r. Sa\u00e7 d\u00f6k\u00fclmesi do\u011fal bir s\u00fcre\u00e7tir ve zaman\u0131nda kendili\u011finden d\u00fczeldi\u011fi s\u00fcrece sizin i\u00e7in sa\u011fl\u0131kl\u0131d\u0131r. Kad\u0131nlarda En S\u0131k G\u00f6r\u00fclen Sa\u00e7 D\u00f6k\u00fclmesi T\u00fcrleri Androgenetik [&hellip;]<\/p>\n","protected":false},"author":5,"featured_media":0,"parent":1211,"menu_order":0,"comment_status":"closed","ping_status":"closed","template":"","meta":{"footnotes":""},"class_list":["post-1215","page","type-page","status-publish","hentry"],"blocksy_meta":{"styles_descriptor":{"styles":{"desktop":"","tablet":"","mobile":""},"google_fonts":[],"version":6}},"_links":{"self":[{"href":"https:\/\/smilinic.com\/tr\/wp-json\/wp\/v2\/pages\/1215","targetHints":{"allow":["GET"]}}],"collection":[{"href":"https:\/\/smilinic.com\/tr\/wp-json\/wp\/v2\/pages"}],"about":[{"href":"https:\/\/smilinic.com\/tr\/wp-json\/wp\/v2\/types\/page"}],"author":[{"embeddable":true,"href":"https:\/\/smilinic.com\/tr\/wp-json\/wp\/v2\/users\/5"}],"replies":[{"embeddable":true,"href":"https:\/\/smilinic.com\/tr\/wp-json\/wp\/v2\/comments?post=1215"}],"version-history":[{"count":0,"href":"https:\/\/smilinic.com\/tr\/wp-json\/wp\/v2\/pages\/1215\/revisions"}],"up":[{"embeddable":true,"href":"https:\/\/smilinic.com\/tr\/wp-json\/wp\/v2\/pages\/1211"}],"wp:attachment":[{"href":"https:\/\/smilinic.com\/tr\/wp-json\/wp\/v2\/media?parent=1215"}],"curies":[{"name":"wp","href":"https:\/\/api.w.org\/{rel}","templated":true}]}}