{"id":1214,"date":"2022-10-06T21:26:30","date_gmt":"2022-10-06T21:26:30","guid":{"rendered":"https:\/\/smilinic.com\/hair-transplantation\/eyebrow-transplantation\/"},"modified":"2024-07-27T12:48:39","modified_gmt":"2024-07-27T12:48:39","slug":"eyebrow-transplantation","status":"publish","type":"page","link":"https:\/\/smilinic.com\/tr\/hair-transplantation\/eyebrow-transplantation\/","title":{"rendered":"Ka\u015f Ekimi"},"content":{"rendered":"<div class=\"brz-root__container brz-reset-all brz\">\n<section id=\"ltjenrptvbtbcqwyheebgnhokxtnwjwsmynf\" class=\"brz-section brz-css-fGI7F\">\n<div class=\"brz-section__content brz-section--boxed brz-css-vXfBQ brz-css-gKgpB\" data-brz-custom-id=\"hggpnqdefsrjtbdoposqoxrykyosmpnmqirm\">\n<div class=\"brz-bg\">\n<div class=\"brz-bg-image\"><\/div>\n<div class=\"brz-bg-color\"><\/div>\n<\/div>\n<div class=\"brz-container brz-css-kWQut brz-css-ryDTc\">\n<div id=\"\" class=\"brz-css-i7YzH brz-css-no2JG brz-wrapper\">\n<div class=\"brz-rich-text brz-rich-text__custom brz-css-pSK5G\" data-brz-custom-id=\"qoxjsyeopejtailbgsqmgybuyavqmlqccmtp\">\n<div data-brz-translate-text=\"1\">\n<p class=\"brz-text-lg-center brz-tp-lg-paragraph brz-css-ci2Ef\" data-generated-css=\"brz-css-adnll\" data-uniq-id=\"fjuhb\"><span class=\"brz-capitalize-on\">SA\u00c7 EK\u0130M\u0130<\/span><\/p>\n<\/div>\n<\/div>\n<\/div>\n<div id=\"\" class=\"brz-css-i7YzH brz-wrapper\">\n<div class=\"brz-rich-text brz-rich-text__custom brz-css-pSK5G\" data-brz-custom-id=\"tiueqrznqmiagspikxkkitxtcdtnipndinqy\">\n<div data-brz-translate-text=\"1\">\n<p class=\"brz-fw-lg-700 brz-fss-lg-px brz-fs-lg-54 brz-ft-google brz-ff-roboto brz-tp-lg-empty brz-lh-lg-1 brz-ls-lg-0 brz-text-lg-center brz-css-oVoTm\" data-generated-css=\"brz-css-supnu\" data-uniq-id=\"ehsjh\">Ka\u015f Ekimi<\/p>\n<\/div>\n<\/div>\n<\/div>\n<\/div>\n<\/div>\n<\/section>\n<section id=\"uvnrjnnucvycoaoyknyqmfzrmcgovuohipvp\" class=\"brz-section brz-css-fGI7F\">\n<div class=\"brz-section__content brz-section--boxed brz-css-vXfBQ brz-css-savgU\" data-brz-custom-id=\"mqlweumzkwlgoexelqbbyfcrtyikxsjhnkmt\">\n<div class=\"brz-bg\">\n<div class=\"brz-bg-color\"><\/div>\n<\/div>\n<div class=\"brz-container brz-css-kWQut\">\n<div id=\"whitearea\" class=\"brz-row__container brz-css-y5B0X brz-css-kc72s\" data-brz-custom-id=\"naeppepotdjlqagwhilsifzwdnkzjmolxrss\">\n<div class=\"brz-bg\">\n<div class=\"brz-bg-color\"><\/div>\n<\/div>\n<div class=\"brz-row brz-css-ehTY0 brz-css-bHvFe\">\n<div class=\"brz-columns brz-css-iDASd brz-css-ki8Vt\" data-brz-custom-id=\"clggbbcoyuoormatskfoeodvlufiomwybrmm\">\n<div class=\"brz-bg\"><\/div>\n<div class=\"brz-column__items brz-css-uIVGt brz-css-uuCqK\">\n<div id=\"\" class=\"brz-css-i7YzH brz-css-plGoY brz-wrapper\">\n<div class=\"brz-image brz-css-gM7ZV brz-css-iRdoi\" data-brz-custom-id=\"pzoixcwjkbflrbwevcesataheybddeshsqfq\"><img decoding=\"async\" class=\"brz-img\" src=\"https:\/\/cafeduo.com.tr\/wp-content\/uploads\/brizy\/imgs\/wp-4c2f90e688066cf52558d8c7c3473336-554x715x0x154x554x550x1714077551.jpg\" alt=\"\" loading=\"lazy\"><\/div>\n<\/div>\n<\/div>\n<\/div>\n<div class=\"brz-columns brz-css-iDASd brz-css-ugDaT\" data-brz-custom-id=\"jjitdwmgnwmugwrxbsmcthdbfisbuilhcukt\">\n<div class=\"brz-bg\"><\/div>\n<div class=\"brz-column__items brz-css-uIVGt brz-css-uUU_H\">\n<div id=\"\" class=\"brz-css-i7YzH brz-css-xIRuq brz-wrapper\">\n<div class=\"brz-rich-text brz-rich-text__custom brz-css-pSK5G\" data-brz-custom-id=\"xxgjbdzbvykrawkhlwfbbblncxhricnnupqs\">\n<div data-brz-translate-text=\"1\">\n<p class=\"brz-ls-lg-0 brz-lh-lg-1_9 brz-tp-lg-empty brz-ff-ymubgefsxldrywogxtzekrfkmzwinepjvqkm brz-ft-upload brz-fs-lg-12 brz-fss-lg-px brz-fw-lg-700 brz-css-mVYrk\" data-generated-css=\"brz-css-iibpi\" data-uniq-id=\"bbpii\"><span class=\"brz-cp-color7\">SA\u00c7 EK\u0130M\u0130<\/span><\/p>\n<\/div>\n<\/div>\n<\/div>\n<div id=\"\" class=\"brz-css-i7YzH brz-css-kTKny brz-wrapper\">\n<div class=\"brz-rich-text brz-rich-text__custom brz-css-pSK5G\" data-brz-custom-id=\"dqjfsqlznlkmiugrzralkfdnkxhzgkjnqbxi\">\n<div data-brz-translate-text=\"1\">\n<p class=\"brz-fs-lg-20 brz-ft-upload brz-ff-ymubgefsxldrywogxtzekrfkmzwinepjvqkm brz-tp-lg-empty brz-lh-lg-1_9 brz-ls-lg-0 brz-fw-lg-400 brz-fss-lg-px brz-css-zrlcY\" data-generated-css=\"brz-css-dkbkw\" data-uniq-id=\"yxiye\"><strong>Ka\u015f Ekimi<\/strong><\/p>\n<\/div>\n<\/div>\n<\/div>\n<div id=\"\" class=\"brz-css-i7YzH brz-wrapper\">\n<div class=\"brz-rich-text brz-rich-text__custom brz-css-pSK5G\" data-brz-custom-id=\"gtptvpgfoeaanlpdqwshuqhpcqowzdrkhwho\">\n<div data-brz-translate-text=\"1\">\n<p class=\"brz-mb-lg-20 brz-tp-lg-empty brz-ff-ymubgefsxldrywogxtzekrfkmzwinepjvqkm brz-ft-upload brz-fs-lg-16 brz-fss-lg-px brz-fw-lg-400 brz-ls-lg-0 brz-lh-lg-1_9 brz-css-klgpN\" data-uniq-id=\"huphj\" data-generated-css=\"brz-css-cjzpj\"><span class=\"brz-cp-color7\">Ka\u015flar da t\u0131pk\u0131 sa\u00e7lar gibi genetik ve d\u0131\u015f etkenlere tabidir. Bu sorunlar nedeniyle zay\u0131flayabilir, solabilir, zay\u0131f g\u00f6r\u00fcnebilir veya d\u00f6k\u00fclebilirler. Ka\u015flar y\u00fcze denge sa\u011flamak i\u00e7in gereklidir, bu nedenle ka\u015flar hafifledi\u011finde veya tamamen d\u00f6k\u00fcld\u00fc\u011f\u00fcnde y\u00fcz\u00fcn o b\u00f6lgesindeki ifadeler anlams\u0131zla\u015f\u0131r. Bu t\u00fcr durumlarda, ka\u015f \u015fekillendirme onlara yap\u0131 kazand\u0131rabilir ve o b\u00f6lgedeki ifadeye derinlik kazand\u0131rabilir.<\/span><\/p>\n<\/div>\n<\/div>\n<\/div>\n<\/div>\n<\/div>\n<\/div>\n<\/div>\n<\/div>\n<\/div>\n<\/section>\n<section id=\"dqowbkcmuqohzofmolzljbdjxmybokhbswlc\" class=\"brz-section brz-css-fGI7F\">\n<div class=\"brz-section__content brz-section--boxed brz-css-vXfBQ brz-css-xHyRr\" data-brz-custom-id=\"rvsgqrdlwduqyqplualpciweahfzjwgumfey\">\n<div class=\"brz-bg\">\n<div class=\"brz-bg-color\"><\/div>\n<\/div>\n<div class=\"brz-container brz-css-kWQut brz-css-i1tMd\">\n<div class=\"brz-row__container brz-css-y5B0X\" data-brz-custom-id=\"lcjdaxzmgugywiuiuvcqoejmzfknfreoqcol\">\n<div class=\"brz-bg\"><\/div>\n<div class=\"brz-row brz-css-ehTY0 brz-css-oUIZ7\">\n<div class=\"brz-columns brz-css-iDASd brz-css-vJjmP\" data-brz-custom-id=\"ndlorujatitdpgmtshzaoyorjylyqxvtjjvd\">\n<div class=\"brz-bg\"><\/div>\n<div class=\"brz-column__items brz-css-uIVGt brz-css-uyTkd\">\n<div id=\"\" class=\"brz-css-i7YzH brz-css-k3SFs brz-wrapper\">\n<div class=\"brz-rich-text brz-rich-text__custom brz-css-pSK5G\" data-brz-custom-id=\"mmikuyuidphfzcpbberannptdshfogtqycdt\">\n<div data-brz-translate-text=\"1\">\n<h3 class=\"brz-tp-lg-heading3 brz-css-fHfa_\" data-generated-css=\"brz-css-gfdge\" data-uniq-id=\"mibtt\">Ka\u015f D\u00f6vmesi<\/h3>\n<\/div>\n<\/div>\n<\/div>\n<div id=\"\" class=\"brz-css-i7YzH brz-css-cgBbk brz-css-wFUoE brz-wrapper\">\n<div class=\"brz-spacer brz-css-cyjxI brz-css-bKsma\"><\/div>\n<\/div>\n<div id=\"\" class=\"brz-css-i7YzH brz-wrapper\">\n<div class=\"brz-rich-text brz-rich-text__custom brz-css-pSK5G\" data-brz-custom-id=\"lzutluzcwalathhwrqedbmyqkknourojzyhx\">\n<div data-brz-translate-text=\"1\">\n<p class=\"brz-tp-lg-paragraph brz-css-kJ13X\" data-uniq-id=\"ihpyy\" data-generated-css=\"brz-css-httrg\"><span>Ge\u00e7ici ka\u015f d\u00f6vmeleri genellikle i\u011fne ve m\u00fcrekkep pigmenti ile uygulan\u0131rken, kal\u0131c\u0131 olanlar ya makine ya da do\u011fal renklendirme ile yap\u0131l\u0131r.<\/span><\/p>\n<p class=\"brz-tp-lg-paragraph brz-css-kkmTE\" data-uniq-id=\"xxnla\" data-generated-css=\"brz-css-kvmxt\"><span> <\/span><\/p>\n<p class=\"brz-tp-lg-paragraph brz-css-suiN9\" data-uniq-id=\"mljgb\" data-generated-css=\"brz-css-yaphd\"><strong>Art\u0131lar\u0131:<\/strong><span> Ger\u00e7ek\u00e7i G\u00f6r\u00fcn\u00fcyor. <\/span><\/p>\n<p class=\"brz-tp-lg-paragraph brz-css-vgybc\" data-uniq-id=\"prilo\" data-generated-css=\"brz-css-hdirg\"><strong>Eksileri:<\/strong><span> Ge\u00e7ici d\u00f6vmeler uzun \u00f6m\u00fcrl\u00fc de\u011fildir, ancak ge\u00e7ici d\u00f6vmeler zamanla solabilir. Kal\u0131c\u0131 ka\u015flar, ki\u015fi ka\u015flar\u0131n\u0131n stilini\/\u015feklini de\u011fi\u015ftirmek istiyorsa, d\u00f6vme sildirme gibi pahal\u0131 i\u015flemler gerektirebilir.<\/span><\/p>\n<\/div>\n<\/div>\n<\/div>\n<\/div>\n<\/div>\n<div class=\"brz-columns brz-css-iDASd brz-css-el11W\" data-brz-custom-id=\"yfgsmajtcboddasqpxprqwsjotflyqdfuhsa\">\n<div class=\"brz-column__items brz-css-uIVGt brz-css-gaHrY\">\n<div id=\"\" class=\"brz-css-i7YzH brz-css-a36EZ brz-wrapper\">\n<div class=\"brz-rich-text brz-rich-text__custom brz-css-pSK5G\" data-brz-custom-id=\"hocftowavixjrmrbbcgwabjjtmjbrgrpwnbe\">\n<div data-brz-translate-text=\"1\">\n<h3 class=\"brz-tp-lg-heading3 brz-css-fX9uI\" data-uniq-id=\"vcgox\" data-generated-css=\"brz-css-phgql\"><strong>Ka\u015f Ekimi<\/strong><\/h3>\n<\/div>\n<\/div>\n<\/div>\n<div id=\"\" class=\"brz-css-i7YzH brz-css-cgBbk brz-css-dXEvC brz-wrapper\">\n<div class=\"brz-spacer brz-css-cyjxI brz-css-t5Seu\"><\/div>\n<\/div>\n<div id=\"\" class=\"brz-css-i7YzH brz-wrapper\">\n<div class=\"brz-rich-text brz-rich-text__custom brz-css-pSK5G\" data-brz-custom-id=\"swzcglsnxhkundiiuhfsajcqfbcnyntjichh\">\n<div data-brz-translate-text=\"1\">\n<p class=\"brz-tp-lg-paragraph brz-css-yPRss\" data-generated-css=\"brz-css-ckbpi\" data-uniq-id=\"kdwwg\"><span>Lokal anestezi uygulanarak ka\u015f b\u00f6lgesi uyu\u015fturulduktan sonra sa\u00e7 k\u00f6kleri enseden al\u0131n\u0131yor ve ka\u015f \u00e7izgisine ekiliyor. Yakla\u015f\u0131k 6-8 ay i\u00e7inde kendi kendilerine b\u00fcy\u00fcmeye ba\u015flarlar.<\/span><\/p>\n<p class=\"brz-tp-lg-paragraph brz-css-pDatH\" data-generated-css=\"brz-css-wortg\" data-uniq-id=\"tjvtz\"><span> <\/span><\/p>\n<p class=\"brz-tp-lg-paragraph brz-css-x4ndi\" data-generated-css=\"brz-css-bcagl\" data-uniq-id=\"mgtkv\"><strong>Art\u0131lar\u0131:<\/strong><span> Sonu\u00e7lar kal\u0131c\u0131d\u0131r; bir c\u0131mb\u0131zdan \u00e7ok az yard\u0131m alarak do\u011fal, istenen \u015fekli verebilirsiniz<\/span><\/p>\n<p class=\"brz-tp-lg-paragraph brz-css-cGjh2\" data-generated-css=\"brz-css-ijvnw\" data-uniq-id=\"mzyaw\"><strong>Eksileri:<\/strong><span> Cerrahi bir prosed\u00fcr gerektirir.<\/span><\/p>\n<\/div>\n<\/div>\n<\/div>\n<\/div>\n<\/div>\n<\/div>\n<\/div>\n<\/div>\n<\/div>\n<\/section>\n<\/div>\n<p>    <!-- version:1722084519 --><\/p>\n","protected":false},"excerpt":{"rendered":"<p>SA\u00c7 EK\u0130M\u0130 Ka\u015f Ekimi SA\u00c7 EK\u0130M\u0130 Ka\u015f Ekimi Ka\u015flar da t\u0131pk\u0131 sa\u00e7lar gibi genetik ve d\u0131\u015f etkenlere tabidir. Bu sorunlar nedeniyle zay\u0131flayabilir, solabilir, zay\u0131f g\u00f6r\u00fcnebilir veya d\u00f6k\u00fclebilirler. Ka\u015flar y\u00fcze denge sa\u011flamak i\u00e7in gereklidir, bu nedenle ka\u015flar hafifledi\u011finde veya tamamen d\u00f6k\u00fcld\u00fc\u011f\u00fcnde y\u00fcz\u00fcn o b\u00f6lgesindeki ifadeler anlams\u0131zla\u015f\u0131r. Bu t\u00fcr durumlarda, ka\u015f \u015fekillendirme onlara yap\u0131 kazand\u0131rabilir ve o [&hellip;]<\/p>\n","protected":false},"author":5,"featured_media":0,"parent":1211,"menu_order":0,"comment_status":"closed","ping_status":"closed","template":"","meta":{"footnotes":""},"class_list":["post-1214","page","type-page","status-publish","hentry"],"blocksy_meta":{"styles_descriptor":{"styles":{"desktop":"","tablet":"","mobile":""},"google_fonts":[],"version":6}},"_links":{"self":[{"href":"https:\/\/smilinic.com\/tr\/wp-json\/wp\/v2\/pages\/1214","targetHints":{"allow":["GET"]}}],"collection":[{"href":"https:\/\/smilinic.com\/tr\/wp-json\/wp\/v2\/pages"}],"about":[{"href":"https:\/\/smilinic.com\/tr\/wp-json\/wp\/v2\/types\/page"}],"author":[{"embeddable":true,"href":"https:\/\/smilinic.com\/tr\/wp-json\/wp\/v2\/users\/5"}],"replies":[{"embeddable":true,"href":"https:\/\/smilinic.com\/tr\/wp-json\/wp\/v2\/comments?post=1214"}],"version-history":[{"count":0,"href":"https:\/\/smilinic.com\/tr\/wp-json\/wp\/v2\/pages\/1214\/revisions"}],"up":[{"embeddable":true,"href":"https:\/\/smilinic.com\/tr\/wp-json\/wp\/v2\/pages\/1211"}],"wp:attachment":[{"href":"https:\/\/smilinic.com\/tr\/wp-json\/wp\/v2\/media?parent=1214"}],"curies":[{"name":"wp","href":"https:\/\/api.w.org\/{rel}","templated":true}]}}