{"id":1213,"date":"2022-10-06T21:25:05","date_gmt":"2022-10-06T21:25:05","guid":{"rendered":"https:\/\/smilinic.com\/hair-transplantation\/dhi-hair-transplant\/"},"modified":"2024-07-27T07:33:17","modified_gmt":"2024-07-27T07:33:17","slug":"dhi-hair-transplant","status":"publish","type":"page","link":"https:\/\/smilinic.com\/tr\/hair-transplantation\/dhi-hair-transplant\/","title":{"rendered":"DHI Sa\u00e7 Ekimi"},"content":{"rendered":"<div class=\"brz-root__container brz-reset-all brz\">\n<section id=\"wbntgdjihvunpdprccdccbzpfswxasytjlbp\" class=\"brz-section brz-css-jAeTi\">\n<div class=\"brz-section__content brz-section--boxed brz-css-g74lt brz-css-mKpFb\" data-brz-custom-id=\"xwtxeswttumqdyptxbgqaiznrvhruxeigkcb\">\n<div class=\"brz-bg\">\n<div class=\"brz-bg-image\"><\/div>\n<div class=\"brz-bg-color\"><\/div>\n<\/div>\n<div class=\"brz-container brz-css-wWxbN brz-css-bzfx0\">\n<div id=\"\" class=\"brz-css-wTmBi brz-css-klSpO brz-wrapper\">\n<div class=\"brz-rich-text brz-rich-text__custom brz-css-rXbyw\" data-brz-custom-id=\"dymwpltswlrozxhwdwcwsnrdttqpdcnzmscg\">\n<div data-brz-translate-text=\"1\">\n<p class=\"brz-text-lg-center brz-tp-lg-paragraph brz-css-aHOQo\" data-generated-css=\"brz-css-plnwn\" data-uniq-id=\"qvsht\"><span class=\"brz-capitalize-on\">SA\u00c7 EK\u0130M\u0130<\/span><\/p>\n<\/div>\n<\/div>\n<\/div>\n<div id=\"\" class=\"brz-css-wTmBi brz-wrapper\">\n<div class=\"brz-rich-text brz-rich-text__custom brz-css-rXbyw\" data-brz-custom-id=\"kjkzovxnwycydzvmllufcvogfuwjtduzdkap\">\n<div data-brz-translate-text=\"1\">\n<p class=\"brz-fw-lg-700 brz-fss-lg-px brz-fs-lg-54 brz-ft-google brz-ff-roboto brz-tp-lg-empty brz-lh-lg-1 brz-ls-lg-0 brz-text-lg-center brz-css-oa8pP\" data-generated-css=\"brz-css-ppebx\" data-uniq-id=\"xlnzq\">DHI Sa\u00e7 Ekimi<\/p>\n<\/div>\n<\/div>\n<\/div>\n<\/div>\n<\/div>\n<\/section>\n<section id=\"hcrhciekduwtvnbnjrpuyqprlqxplsotjkku\" class=\"brz-section brz-css-jAeTi\">\n<div class=\"brz-section__content brz-section--boxed brz-css-g74lt brz-css-tyUzM\" data-brz-custom-id=\"tgxqyyvxoxjztrqpymqfbvqfcuofxetqwocl\">\n<div class=\"brz-bg\">\n<div class=\"brz-bg-color\"><\/div>\n<\/div>\n<div class=\"brz-container brz-css-wWxbN\">\n<div id=\"whitearea\" class=\"brz-row__container brz-css-adf7T brz-css-zDVxu\" data-brz-custom-id=\"bzllhlxjbnkkunzmbtxgjwyijcebfjrisyyd\">\n<div class=\"brz-bg\">\n<div class=\"brz-bg-color\"><\/div>\n<\/div>\n<div class=\"brz-row brz-css-wRkGO brz-css-fw_1H\">\n<div class=\"brz-columns brz-css-tfk2U brz-css-xDycm\" data-brz-custom-id=\"derzoccxaqsquxxxeeqnsfsxcawkxfocgpcq\">\n<div class=\"brz-bg\"><\/div>\n<div class=\"brz-column__items brz-css-f65nX brz-css-x5GSb\">\n<div id=\"\" class=\"brz-css-wTmBi brz-css-tZyIP brz-wrapper\">\n<div class=\"brz-image brz-css-d5Q1m brz-css-liY0S\" data-brz-custom-id=\"yncxtfpmztshgbpfdvnekpofbfqwoqymoqfu\"><img decoding=\"async\" class=\"brz-img\" src=\"https:\/\/cafeduo.com.tr\/wp-content\/uploads\/brizy\/imgs\/wp-4c2f90e688066cf52558d8c7c3473336-554x715x0x168x554x522x1714077551.jpg\" alt=\"\" loading=\"lazy\"><\/div>\n<\/div>\n<\/div>\n<\/div>\n<div class=\"brz-columns brz-css-tfk2U brz-css-gW8uM\" data-brz-custom-id=\"zfqgfywocxxwvptvjxbpizpemwclrhpcfbzs\">\n<div class=\"brz-bg\"><\/div>\n<div class=\"brz-column__items brz-css-f65nX brz-css-utz4C\">\n<div id=\"\" class=\"brz-css-wTmBi brz-css-sHwsg brz-wrapper\">\n<div class=\"brz-rich-text brz-rich-text__custom brz-css-rXbyw\" data-brz-custom-id=\"yvudiyptmvjcqgzuwuixcqwojtwdznerojav\">\n<div data-brz-translate-text=\"1\">\n<p class=\"brz-ls-lg-0 brz-lh-lg-1_9 brz-tp-lg-empty brz-ff-ymubgefsxldrywogxtzekrfkmzwinepjvqkm brz-ft-upload brz-fs-lg-12 brz-fss-lg-px brz-fw-lg-700 brz-css-nLm3h\" data-generated-css=\"brz-css-tlenh\" data-uniq-id=\"stdby\"><span class=\"brz-cp-color7\">SA\u00c7 EK\u0130M\u0130<\/span><\/p>\n<\/div>\n<\/div>\n<\/div>\n<div id=\"\" class=\"brz-css-wTmBi brz-css-mjOWH brz-wrapper\">\n<div class=\"brz-rich-text brz-rich-text__custom brz-css-rXbyw\" data-brz-custom-id=\"befgavnsooqoyaptfcvqpnaqzasdboxjvwnz\">\n<div data-brz-translate-text=\"1\">\n<p class=\"brz-fs-lg-20 brz-ft-upload brz-ff-ymubgefsxldrywogxtzekrfkmzwinepjvqkm brz-tp-lg-empty brz-lh-lg-1_9 brz-ls-lg-0 brz-fw-lg-400 brz-fss-lg-px brz-css-qVyF7\" data-generated-css=\"brz-css-usmef\" data-uniq-id=\"loxtk\"><strong>DHI Sa\u00e7 Ekimi<\/strong><\/p>\n<\/div>\n<\/div>\n<\/div>\n<div id=\"\" class=\"brz-css-wTmBi brz-wrapper\">\n<div class=\"brz-rich-text brz-rich-text__custom brz-css-rXbyw\" data-brz-custom-id=\"grmodofzlvbxxftwoystzteszrjqrainimle\">\n<div data-brz-translate-text=\"1\">\n<p class=\"brz-mb-lg-20 brz-tp-lg-empty brz-ff-ymubgefsxldrywogxtzekrfkmzwinepjvqkm brz-ft-upload brz-fs-lg-16 brz-fss-lg-px brz-fw-lg-400 brz-ls-lg-0 brz-lh-lg-1_9 brz-css-bPqfm\" data-uniq-id=\"dorgu\" data-generated-css=\"brz-css-urirs\"><span class=\"brz-cp-color7\">DHI Sa\u00e7 Ekimi benzersiz bir teknik olarak pazarlan\u0131r, ancak ger\u00e7ekte sadece pazarlama alan\u0131nda yarat\u0131lm\u0131\u015f bir isimdir. Dar ve geleneksel FUE sa\u00e7 ekimi olarak g\u00f6r\u00fclebilir. Bu prosed\u00fcr FUE s\u00fcrecini temel al\u0131r ve yeni bir sa\u00e7 ekimi tekni\u011fi olarak pop\u00fcler hale gelmi\u015ftir.<\/span><\/p>\n<\/div>\n<\/div>\n<\/div>\n<\/div>\n<\/div>\n<\/div>\n<\/div>\n<\/div>\n<\/div>\n<\/section>\n<section id=\"yarwchhjsuxpaylqutekykajtzgmnoqvmjtf\" class=\"brz-section brz-css-jAeTi\">\n<div class=\"brz-section__content brz-section--boxed brz-css-g74lt brz-css-jaMgB\" data-brz-custom-id=\"haohaeocqiolknaaozanuaroymcxowmolrsk\">\n<div class=\"brz-bg\">\n<div class=\"brz-bg-color\"><\/div>\n<\/div>\n<div class=\"brz-container brz-css-wWxbN brz-css-n99be\">\n<div class=\"brz-row__container brz-css-adf7T\" data-brz-custom-id=\"gilucbauivbwlzmbwvousrmlqlzogxlgjwyo\">\n<div class=\"brz-bg\"><\/div>\n<div class=\"brz-row brz-css-wRkGO brz-css-e2whj\">\n<div class=\"brz-columns brz-css-tfk2U\" data-brz-custom-id=\"tpkurtcjidhwpszagjakfmpmelstzowkyegv\">\n<div class=\"brz-bg\"><\/div>\n<div class=\"brz-column__items brz-css-f65nX brz-css-m0QE4\">\n<div id=\"\" class=\"brz-css-wTmBi brz-css-jh9Qw brz-wrapper\">\n<div class=\"brz-rich-text brz-rich-text__custom brz-css-rXbyw\" data-brz-custom-id=\"mpmxafncipfwzcgcnvbppjkokigtkeecmedk\">\n<div data-brz-translate-text=\"1\">\n<h3 class=\"brz-tp-lg-heading3 brz-css-kCIEP\" data-uniq-id=\"dloxt\" data-generated-css=\"brz-css-xlhdz\"><strong>DHI Sa\u00e7 Ekiminin Ba\u015far\u0131s\u0131n\u0131 Etkileyen Fakt\u00f6rler<\/strong><\/h3>\n<\/div>\n<\/div>\n<\/div>\n<div id=\"\" class=\"brz-css-wTmBi brz-css-qK7Rf brz-css-vB3cl brz-wrapper\">\n<div class=\"brz-spacer brz-css-enJjO brz-css-tEBgg\"><\/div>\n<\/div>\n<div id=\"\" class=\"brz-css-wTmBi brz-wrapper\">\n<div class=\"brz-rich-text brz-rich-text__custom brz-css-rXbyw\" data-brz-custom-id=\"xxfgxvjbjazaizzqnhxmahkpbudgtlvjjmrd\">\n<div data-brz-translate-text=\"1\">\n<ul>\n<li class=\"brz-tp-lg-paragraph brz-css-c2Opc\" data-generated-css=\"brz-css-jqnmk\" data-uniq-id=\"cdumx\"><span>DHI sa\u00e7 ekimi kalifiye ve deneyimli bir ekip taraf\u0131ndan yap\u0131lmal\u0131d\u0131r. <\/span><\/li>\n<li class=\"brz-tp-lg-paragraph brz-css-yFMgV\" data-generated-css=\"brz-css-jqnmk\" data-uniq-id=\"cdumx\"><span>DHI sa\u00e7 ekimi i\u015fleminde Choi kalemleri keskinlik  uzunluk Nakli ger\u00e7ekle\u015ftiren ki\u015finin, implante edilen klonal segmentler i\u00e7in uygun b\u00fcy\u00fcme y\u00f6n\u00fcn\u00fc ve a\u00e7\u0131s\u0131n\u0131 g\u00f6z \u00f6n\u00fcnde bulundurmas\u0131 gerekir.<\/span><\/li>\n<li class=\"brz-tp-lg-paragraph brz-css-oDVkm\" data-generated-css=\"brz-css-jqnmk\" data-uniq-id=\"cdumx\"><span>Sa\u00e7 k\u00f6klerine zarar vermemek i\u00e7in greftler do\u011fru boyuttaki Choi kalemlerine yerle\u015ftirilmelidir.<\/span><\/li>\n<\/ul>\n<\/div>\n<\/div>\n<\/div>\n<\/div>\n<\/div>\n<div class=\"brz-columns brz-css-tfk2U\" data-brz-custom-id=\"luofijnmopwaaddrwubztfsiwetwfsgqoixq\">\n<div class=\"brz-column__items brz-css-f65nX brz-css-bCmkd\">\n<div id=\"\" class=\"brz-css-wTmBi brz-css-kb9og brz-wrapper\">\n<div class=\"brz-rich-text brz-rich-text__custom brz-css-rXbyw\" data-brz-custom-id=\"mhqopedjvnyuqxdwywuxdmxsqjfdtujbzkhf\">\n<div data-brz-translate-text=\"1\">\n<h3 class=\"brz-tp-lg-heading3 brz-css-l6fBk\" data-uniq-id=\"vqrda\" data-generated-css=\"brz-css-wcfug\"><strong>DHI Sa\u00e7 Ekiminin Avantajlar\u0131 <\/strong><\/h3>\n<\/div>\n<\/div>\n<\/div>\n<div id=\"\" class=\"brz-css-wTmBi brz-css-qK7Rf brz-css-t3pw3 brz-wrapper\">\n<div class=\"brz-spacer brz-css-enJjO brz-css-ly6hj\"><\/div>\n<\/div>\n<div id=\"\" class=\"brz-css-wTmBi brz-wrapper\">\n<div class=\"brz-rich-text brz-rich-text__custom brz-css-rXbyw\" data-brz-custom-id=\"jiccevtfpclhvfbhessvxwgypbmvsyhlzvxj\">\n<div data-brz-translate-text=\"1\">\n<ul>\n<li class=\"brz-tp-lg-paragraph brz-css-fpQ0L\" data-generated-css=\"brz-css-mkdgx\" data-uniq-id=\"jiudo\"><span>Al\u0131nan greftlerin a\u00e7\u0131kta \u00e7ok uzun s\u00fcre saklanmas\u0131n\u0131 \u00f6nlemeye yard\u0131mc\u0131 olur. <\/span><\/li>\n<li class=\"brz-tp-lg-paragraph brz-css-lgaIa\" data-generated-css=\"brz-css-mkdgx\" data-uniq-id=\"jiudo\"><span>Bu, greft sa\u011fkal\u0131m\u0131n\u0131 art\u0131rmaya ve sonu\u00e7ta transplantasyonu h\u0131zland\u0131rmaya yard\u0131mc\u0131 olur. Belirlenmi\u015f kesilerin ve a\u00e7\u0131k kanallar\u0131n olmamas\u0131, di\u011fer i\u015flemlere g\u00f6re kanama oran\u0131n\u0131 b\u00fcy\u00fck \u00f6l\u00e7\u00fcde en aza indirir. <\/span><\/li>\n<li class=\"brz-tp-lg-paragraph brz-css-rDtHd\" data-generated-css=\"brz-css-mkdgx\" data-uniq-id=\"jiudo\"><span>Kesi izlerinin olmamas\u0131 nedeniyle, doku iyile\u015fmesinin kabuk olu\u015fturma olas\u0131l\u0131\u011f\u0131 daha d\u00fc\u015f\u00fckt\u00fcr. <\/span><\/li>\n<li class=\"brz-tp-lg-paragraph brz-css-i7oV0\" data-generated-css=\"brz-css-mkdgx\" data-uniq-id=\"jiudo\"><span>DHI sa\u00e7 ekimi, o b\u00f6lgedeki sa\u00e7 k\u00f6klerinin daha az hasar g\u00f6rmesine neden olur ve bu sayede oraya ekilebilir.<\/span><\/li>\n<\/ul>\n<\/div>\n<\/div>\n<\/div>\n<\/div>\n<\/div>\n<\/div>\n<\/div>\n<\/div>\n<\/div>\n<\/section>\n<\/div>\n<p>    <!-- version:1722065597 --><\/p>\n","protected":false},"excerpt":{"rendered":"<p>SA\u00c7 EK\u0130M\u0130 DHI Sa\u00e7 Ekimi SA\u00c7 EK\u0130M\u0130 DHI Sa\u00e7 Ekimi DHI Sa\u00e7 Ekimi benzersiz bir teknik olarak pazarlan\u0131r, ancak ger\u00e7ekte sadece pazarlama alan\u0131nda yarat\u0131lm\u0131\u015f bir isimdir. Dar ve geleneksel FUE sa\u00e7 ekimi olarak g\u00f6r\u00fclebilir. Bu prosed\u00fcr FUE s\u00fcrecini temel al\u0131r ve yeni bir sa\u00e7 ekimi tekni\u011fi olarak pop\u00fcler hale gelmi\u015ftir. DHI Sa\u00e7 Ekiminin Ba\u015far\u0131s\u0131n\u0131 Etkileyen [&hellip;]<\/p>\n","protected":false},"author":5,"featured_media":0,"parent":1211,"menu_order":0,"comment_status":"closed","ping_status":"closed","template":"","meta":{"footnotes":""},"class_list":["post-1213","page","type-page","status-publish","hentry"],"blocksy_meta":{"styles_descriptor":{"styles":{"desktop":"","tablet":"","mobile":""},"google_fonts":[],"version":6}},"_links":{"self":[{"href":"https:\/\/smilinic.com\/tr\/wp-json\/wp\/v2\/pages\/1213","targetHints":{"allow":["GET"]}}],"collection":[{"href":"https:\/\/smilinic.com\/tr\/wp-json\/wp\/v2\/pages"}],"about":[{"href":"https:\/\/smilinic.com\/tr\/wp-json\/wp\/v2\/types\/page"}],"author":[{"embeddable":true,"href":"https:\/\/smilinic.com\/tr\/wp-json\/wp\/v2\/users\/5"}],"replies":[{"embeddable":true,"href":"https:\/\/smilinic.com\/tr\/wp-json\/wp\/v2\/comments?post=1213"}],"version-history":[{"count":0,"href":"https:\/\/smilinic.com\/tr\/wp-json\/wp\/v2\/pages\/1213\/revisions"}],"up":[{"embeddable":true,"href":"https:\/\/smilinic.com\/tr\/wp-json\/wp\/v2\/pages\/1211"}],"wp:attachment":[{"href":"https:\/\/smilinic.com\/tr\/wp-json\/wp\/v2\/media?parent=1213"}],"curies":[{"name":"wp","href":"https:\/\/api.w.org\/{rel}","templated":true}]}}