{"id":1212,"date":"2022-10-06T21:26:13","date_gmt":"2022-10-06T21:26:13","guid":{"rendered":"https:\/\/smilinic.com\/hair-transplantation\/beard-transplantation\/"},"modified":"2024-07-27T11:37:12","modified_gmt":"2024-07-27T11:37:12","slug":"beard-transplantation","status":"publish","type":"page","link":"https:\/\/smilinic.com\/tr\/hair-transplantation\/beard-transplantation\/","title":{"rendered":"Sakal Ekimi"},"content":{"rendered":"<div class=\"brz-root__container brz-reset-all brz\">\n<section id=\"sgxwlejcezgsugkrvmtxzumcxkrdlzjgjlnd\" class=\"brz-section brz-css-oKEYj\">\n<div class=\"brz-section__content brz-section--boxed brz-css-aU82B brz-css-dPYGX\" data-brz-custom-id=\"gfoysdnakofqekrfxqnpkgqkoxvqflatziuz\">\n<div class=\"brz-bg\">\n<div class=\"brz-bg-image\"><\/div>\n<div class=\"brz-bg-color\"><\/div>\n<\/div>\n<div class=\"brz-container brz-css-m6bLt brz-css-cNteb\">\n<div id=\"\" class=\"brz-css-bwVbq brz-css-oNQAI brz-wrapper\">\n<div class=\"brz-rich-text brz-rich-text__custom brz-css-kfQ0F\" data-brz-custom-id=\"aagghqacftropipybvummgzacawxlinjkunr\">\n<div data-brz-translate-text=\"1\">\n<p class=\"brz-text-lg-center brz-tp-lg-paragraph brz-css-suIz6\" data-generated-css=\"brz-css-mqtcv\" data-uniq-id=\"tifgk\"><span class=\"brz-capitalize-on\">SA\u00c7 EK\u0130M\u0130<\/span><\/p>\n<\/div>\n<\/div>\n<\/div>\n<div id=\"\" class=\"brz-css-bwVbq brz-wrapper\">\n<div class=\"brz-rich-text brz-rich-text__custom brz-css-kfQ0F\" data-brz-custom-id=\"hfrhscautodvocijfqjakcjqrfndqmcrqssx\">\n<div data-brz-translate-text=\"1\">\n<p class=\"brz-fw-lg-700 brz-fss-lg-px brz-fs-lg-54 brz-ft-google brz-ff-roboto brz-tp-lg-empty brz-lh-lg-1 brz-ls-lg-0 brz-text-lg-center brz-css-bSwSQ\" data-generated-css=\"brz-css-anmhl\" data-uniq-id=\"oysah\">Sakal \u2013 B\u0131y\u0131k Ekimi<\/p>\n<\/div>\n<\/div>\n<\/div>\n<\/div>\n<\/div>\n<\/section>\n<section id=\"yyuxkkiiwekzszpkxudbfgmqkzxxbipxricr\" class=\"brz-section brz-css-oKEYj\">\n<div class=\"brz-section__content brz-section--boxed brz-css-aU82B brz-css-oZ_n1\" data-brz-custom-id=\"nqmikpspjscuiiribnvcjsatlcnhompgwzfo\">\n<div class=\"brz-bg\">\n<div class=\"brz-bg-color\"><\/div>\n<\/div>\n<div class=\"brz-container brz-css-m6bLt\">\n<div id=\"whitearea\" class=\"brz-row__container brz-css-zsVQx brz-css-r2G9Z\" data-brz-custom-id=\"amlptfcjhhkhpenqldaxvwnfywecdemjjrhi\">\n<div class=\"brz-bg\">\n<div class=\"brz-bg-color\"><\/div>\n<\/div>\n<div class=\"brz-row brz-css-gWXYU brz-css-rBLLR\">\n<div class=\"brz-columns brz-css-g44uf brz-css-hscFz\" data-brz-custom-id=\"yssalkqpevdpnamapiudbhrxxkzhysodpwla\">\n<div class=\"brz-bg\"><\/div>\n<div class=\"brz-column__items brz-css-rkqH6 brz-css-qyAKD\">\n<div id=\"\" class=\"brz-css-bwVbq brz-css-wRtB5 brz-wrapper\">\n<div class=\"brz-image brz-css-uc_o2 brz-css-zGF4o\" data-brz-custom-id=\"fabhzzkazceibnsofwiuznmhaxthznwsdpsf\"><img decoding=\"async\" class=\"brz-img\" src=\"https:\/\/cafeduo.com.tr\/wp-content\/uploads\/brizy\/imgs\/wp-4c2f90e688066cf52558d8c7c3473336-554x715x0x161x554x536x1714077551.jpg\" alt=\"\" loading=\"lazy\"><\/div>\n<\/div>\n<\/div>\n<\/div>\n<div class=\"brz-columns brz-css-g44uf brz-css-vdBwz\" data-brz-custom-id=\"xbjiczzcbynsfqbyiwottedmmlujpicdbdcy\">\n<div class=\"brz-bg\"><\/div>\n<div class=\"brz-column__items brz-css-rkqH6 brz-css-tFz28\">\n<div id=\"\" class=\"brz-css-bwVbq brz-css-pi9Oz brz-wrapper\">\n<div class=\"brz-rich-text brz-rich-text__custom brz-css-kfQ0F\" data-brz-custom-id=\"izmckpvmwsoejljctahhmfddajbdospnvqot\">\n<div data-brz-translate-text=\"1\">\n<p class=\"brz-ls-lg-0 brz-lh-lg-1_9 brz-tp-lg-empty brz-ff-ymubgefsxldrywogxtzekrfkmzwinepjvqkm brz-ft-upload brz-fs-lg-12 brz-fss-lg-px brz-fw-lg-700 brz-css-xtY16\" data-generated-css=\"brz-css-sdlmn\" data-uniq-id=\"xnpzy\"><span class=\"brz-cp-color7\">SA\u00c7 EK\u0130M\u0130<\/span><\/p>\n<\/div>\n<\/div>\n<\/div>\n<div id=\"\" class=\"brz-css-bwVbq brz-css-e7IdY brz-wrapper\">\n<div class=\"brz-rich-text brz-rich-text__custom brz-css-kfQ0F\" data-brz-custom-id=\"fkdozwkwwrdkohknqkwupyuketrowrfxiuku\">\n<div data-brz-translate-text=\"1\">\n<p class=\"brz-fs-lg-20 brz-ft-upload brz-ff-ymubgefsxldrywogxtzekrfkmzwinepjvqkm brz-tp-lg-empty brz-lh-lg-1_9 brz-ls-lg-0 brz-fw-lg-400 brz-fss-lg-px brz-css-qcUoB\" data-generated-css=\"brz-css-pridc\" data-uniq-id=\"odaor\"><strong>Sakal \u2013 B\u0131y\u0131k Ekimi<\/strong><\/p>\n<\/div>\n<\/div>\n<\/div>\n<div id=\"\" class=\"brz-css-bwVbq brz-wrapper\">\n<div class=\"brz-rich-text brz-rich-text__custom brz-css-kfQ0F\" data-brz-custom-id=\"usrhmwtgyyekymbbtmsytsulnsmxuodprvzh\">\n<div data-brz-translate-text=\"1\">\n<p class=\"brz-mb-lg-20 brz-tp-lg-empty brz-ff-ymubgefsxldrywogxtzekrfkmzwinepjvqkm brz-ft-upload brz-fs-lg-16 brz-fss-lg-px brz-fw-lg-400 brz-ls-lg-0 brz-lh-lg-1_9 brz-css-a7zh1\" data-uniq-id=\"dbtcs\" data-generated-css=\"brz-css-htpbv\"><span class=\"brz-cp-color7\">Yap\u0131lan ara\u015ft\u0131rmalara g\u00f6re sakal, bir erke\u011fin y\u00fcz b\u00f6lgesinin en bak\u0131ml\u0131 ve estetik b\u00f6lgesidir. Son y\u0131llarda, sa\u011flayabilecekleri bir dizi potansiyel fayda nedeniyle sakal ekiminin pop\u00fclaritesi artm\u0131\u015ft\u0131r. Sadece en iyi \u015fekilde g\u00f6r\u00fcnmenize yard\u0131mc\u0131 olmakla kalmaz, ayn\u0131 zamanda \u00f6zg\u00fcveninizi art\u0131r\u0131r.<\/span><\/p>\n<\/div>\n<\/div>\n<\/div>\n<\/div>\n<\/div>\n<\/div>\n<\/div>\n<\/div>\n<\/div>\n<\/section>\n<section id=\"ljdcgerrwrtestsbbzmtyzftbvwuewtzkiwr\" class=\"brz-section brz-css-oKEYj\">\n<div class=\"brz-section__content brz-section--boxed brz-css-aU82B brz-css-qxQnP\" data-brz-custom-id=\"enbxbotgsdeisyqnrjzuiwryypjmppefnial\">\n<div class=\"brz-bg\">\n<div class=\"brz-bg-color\"><\/div>\n<\/div>\n<div class=\"brz-container brz-css-m6bLt brz-css-b5GlG\">\n<div class=\"brz-row__container brz-css-zsVQx\" data-brz-custom-id=\"bjrypzjnzgqclekytkoliaffdtbmiaxcesgc\">\n<div class=\"brz-bg\"><\/div>\n<div class=\"brz-row brz-css-gWXYU brz-css-aBNYL\">\n<div class=\"brz-columns brz-css-g44uf brz-css-b7r3h\" data-brz-custom-id=\"pdidndbetwpxykkeazsczlijguhiozeilspf\">\n<div class=\"brz-bg\"><\/div>\n<div class=\"brz-column__items brz-css-rkqH6 brz-css-atixE\">\n<div id=\"\" class=\"brz-css-bwVbq brz-css-r_d1D brz-wrapper\">\n<div class=\"brz-rich-text brz-rich-text__custom brz-css-kfQ0F\" data-brz-custom-id=\"kvfxxmbaodbmbsoaswwzhndznsattiaimteh\">\n<div data-brz-translate-text=\"1\">\n<p class=\"ql-align-center brz-mb-lg-27 brz-text-lg-center brz-tp-lg-empty brz-ff-wezyasbxuqgubgesyrpopjmxdwuuvjhpghzy brz-ft-upload brz-fs-lg-16 brz-fss-lg-px brz-fw-lg-400 brz-ls-lg-0 brz-lh-lg-1_8 brz-css-xDt42\" data-uniq-id=\"ohqfs\" data-generated-css=\"brz-css-gkutg\"><span>Sakal, bir erke\u011fin kimli\u011finin \u00f6nemli bir y\u00f6n\u00fcd\u00fcr ve baz\u0131 durumlarda sa\u00e7 ekimi, k\u0131ll\u0131 y\u00fcz b\u00f6lgesinin restorasyonuna yard\u0131mc\u0131 olabilir. Sa\u00e7 ekimi ayr\u0131ca sakal greftlerinin canl\u0131l\u0131\u011f\u0131n\u0131 art\u0131rabilir ve bir erke\u011fi istenen y\u00fcz sa\u00e7 modeli tasar\u0131m\u0131na g\u00f6re \u015fekillendirebilir. Ense (don\u00f6r) b\u00f6lgesinden al\u0131nan sa\u00e7 k\u00f6kleri al\u0131nd\u0131ktan sonra istenilen sakal \u015fekline\/stiline yerle\u015ftirilir. Sakal ve b\u0131y\u0131k ekimi lokal anestezi ile hemen yap\u0131l\u0131r. Bu sayede tek seansta da ekimi aksatmadan tamamlamak m\u00fcmk\u00fcnd\u00fcr. \u0130\u015flem herhangi bir a\u011fr\u0131 olmadan yakla\u015f\u0131k 6-8 saat s\u00fcrer. \u0130\u015flem sonras\u0131 b\u00f6lgede olu\u015fan kabuklanmalar k\u0131sa s\u00fcrede iyile\u015fir. Sakal ve b\u0131y\u0131k ekiminde tekrar \u00e7\u0131kan yeni sa\u00e7lar 15. g\u00fcnde d\u00f6k\u00fclmeye ba\u015flayabilir. Bu tamamen normaldir. Ancak endi\u015felenmeyin \u00e7\u00fcnk\u00fc bu yeni sa\u00e7lar\u0131n tam olarak yeniden \u00e7\u0131kmas\u0131 yakla\u015f\u0131k 3 ay s\u00fcrecektir. Ayr\u0131ca istedi\u011finiz sakal ve b\u0131y\u0131k uzunlu\u011funa kavu\u015fmak i\u00e7in 6-8 aya kadar beklemeniz gerekir.<\/span><\/p>\n<\/div>\n<\/div>\n<\/div>\n<div class=\"brz-wrapper-clone brz-css-oHZYm\">\n<div class=\"brz-d-xs-flex brz-flex-xs-wrap brz-css-pmLjC\" data-brz-custom-id=\"\">\n<div class=\"brz-wrapper-clone__item\" id=\"qlmbfzaexaoldtdxkuvhthwqveoikaadzflr\"><a class=\"brz-a brz-btn brz-css-iSBbq\" href=\"\" target=\"_self\" rel=\"noopener\" data-brz-link-type=\"external\" data-brz-custom-id=\"qlmbfzaexaoldtdxkuvhthwqveoikaadzflr\"><span data-brz-translate-text=\"1\" class=\"brz-span brz-text__editor\">\u0130leti\u015fime Ge\u00e7in<\/span><\/a><\/div>\n<\/div>\n<\/div>\n<\/div>\n<\/div>\n<\/div>\n<\/div>\n<\/div>\n<\/div>\n<\/section>\n<\/div>\n<p>    <!-- version:1722080232 --><\/p>\n","protected":false},"excerpt":{"rendered":"<p>SA\u00c7 EK\u0130M\u0130 Sakal \u2013 B\u0131y\u0131k Ekimi SA\u00c7 EK\u0130M\u0130 Sakal \u2013 B\u0131y\u0131k Ekimi Yap\u0131lan ara\u015ft\u0131rmalara g\u00f6re sakal, bir erke\u011fin y\u00fcz b\u00f6lgesinin en bak\u0131ml\u0131 ve estetik b\u00f6lgesidir. Son y\u0131llarda, sa\u011flayabilecekleri bir dizi potansiyel fayda nedeniyle sakal ekiminin pop\u00fclaritesi artm\u0131\u015ft\u0131r. Sadece en iyi \u015fekilde g\u00f6r\u00fcnmenize yard\u0131mc\u0131 olmakla kalmaz, ayn\u0131 zamanda \u00f6zg\u00fcveninizi art\u0131r\u0131r. Sakal, bir erke\u011fin kimli\u011finin \u00f6nemli bir [&hellip;]<\/p>\n","protected":false},"author":5,"featured_media":0,"parent":1211,"menu_order":0,"comment_status":"closed","ping_status":"closed","template":"","meta":{"footnotes":""},"class_list":["post-1212","page","type-page","status-publish","hentry"],"blocksy_meta":{"styles_descriptor":{"styles":{"desktop":"","tablet":"","mobile":""},"google_fonts":[],"version":6}},"_links":{"self":[{"href":"https:\/\/smilinic.com\/tr\/wp-json\/wp\/v2\/pages\/1212","targetHints":{"allow":["GET"]}}],"collection":[{"href":"https:\/\/smilinic.com\/tr\/wp-json\/wp\/v2\/pages"}],"about":[{"href":"https:\/\/smilinic.com\/tr\/wp-json\/wp\/v2\/types\/page"}],"author":[{"embeddable":true,"href":"https:\/\/smilinic.com\/tr\/wp-json\/wp\/v2\/users\/5"}],"replies":[{"embeddable":true,"href":"https:\/\/smilinic.com\/tr\/wp-json\/wp\/v2\/comments?post=1212"}],"version-history":[{"count":0,"href":"https:\/\/smilinic.com\/tr\/wp-json\/wp\/v2\/pages\/1212\/revisions"}],"up":[{"embeddable":true,"href":"https:\/\/smilinic.com\/tr\/wp-json\/wp\/v2\/pages\/1211"}],"wp:attachment":[{"href":"https:\/\/smilinic.com\/tr\/wp-json\/wp\/v2\/media?parent=1212"}],"curies":[{"name":"wp","href":"https:\/\/api.w.org\/{rel}","templated":true}]}}