{"id":1208,"date":"2022-10-06T21:29:18","date_gmt":"2022-10-06T21:29:18","guid":{"rendered":"https:\/\/smilinic.com\/eye-treatments\/oculoplasty\/"},"modified":"2024-07-27T02:43:09","modified_gmt":"2024-07-27T02:43:09","slug":"oculoplasty","status":"publish","type":"page","link":"https:\/\/smilinic.com\/tr\/eye-treatments\/oculoplasty\/","title":{"rendered":"Ok\u00fcloplasti"},"content":{"rendered":"<div class=\"brz-root__container brz-reset-all brz\">\n<section id=\"tyejjabuyvktblymjzpytppqjcvxgkfumpjj\" class=\"brz-section brz-css-m2sFn\">\n<div class=\"brz-section__content brz-section--boxed brz-css-qvN3c brz-css-u9YSk\" data-brz-custom-id=\"otzfjopxtnedmzcknfnqkpgfttzafwmgztcl\">\n<div class=\"brz-bg\">\n<div class=\"brz-bg-image\"><\/div>\n<div class=\"brz-bg-color\"><\/div>\n<\/div>\n<div class=\"brz-container brz-css-o3Rx2 brz-css-fpPo1\">\n<div id=\"\" class=\"brz-css-uIOsT brz-css-zYGfM brz-wrapper\">\n<div class=\"brz-rich-text brz-rich-text__custom brz-css-e6D8u\" data-brz-custom-id=\"pdaqjvbgblhtgoozjykqbezutdypizbxnqtn\">\n<div data-brz-translate-text=\"1\">\n<p class=\"brz-text-lg-center brz-tp-lg-paragraph brz-css-a7YU5\" data-generated-css=\"brz-css-bffir\" data-uniq-id=\"pmnxw\">G\u00d6Z TEDAV\u0130LER\u0130<\/p>\n<\/div>\n<\/div>\n<\/div>\n<div id=\"\" class=\"brz-css-uIOsT brz-wrapper\">\n<div class=\"brz-rich-text brz-rich-text__custom brz-css-e6D8u\" data-brz-custom-id=\"lvfinkbzkcmademljahmwtfsyrqssfktfnqg\">\n<div data-brz-translate-text=\"1\">\n<p class=\"brz-text-lg-center brz-ls-lg-0 brz-lh-lg-1 brz-tp-lg-empty brz-ff-roboto brz-ft-google brz-fs-lg-54 brz-fss-lg-px brz-fw-lg-700 brz-css-b31Sg\" data-uniq-id=\"uueew\" data-generated-css=\"brz-css-fetlz\">G\u00f6z Esteti\u011fi<\/p>\n<\/div>\n<\/div>\n<\/div>\n<\/div>\n<\/div>\n<\/section>\n<section id=\"lwoknoitvsedjnzivokzbdimworfgbgqsnlc\" class=\"brz-section brz-css-m2sFn\">\n<div class=\"brz-section__content brz-section--boxed brz-css-qvN3c brz-css-i1qaZ\" data-brz-custom-id=\"zytdijhdwcrcwdhlskudjebujhgfhdkyvtuv\">\n<div class=\"brz-bg\">\n<div class=\"brz-bg-color\"><\/div>\n<\/div>\n<div class=\"brz-container brz-css-o3Rx2\">\n<div id=\"whitearea\" class=\"brz-row__container brz-css-bWJrN brz-css-wJ7id\" data-brz-custom-id=\"glwvvkwdlfmlctvyersuoqarxfmfwvwpuqsr\">\n<div class=\"brz-bg\">\n<div class=\"brz-bg-color\"><\/div>\n<\/div>\n<div class=\"brz-row brz-css-bX2ba brz-css-dy9Q_\">\n<div class=\"brz-columns brz-css-uJJbM brz-css-wNvU8\" data-brz-custom-id=\"yzqlledydnffremegmqwpbdvdxoadukgixjg\">\n<div class=\"brz-bg\"><\/div>\n<div class=\"brz-column__items brz-css-iF6uH brz-css-e08VT\">\n<div id=\"\" class=\"brz-css-uIOsT brz-css-p8LwN brz-wrapper\">\n<div class=\"brz-image brz-css-c7J68 brz-css-dFfEs\" data-brz-custom-id=\"tsgxjbnjptmjmucbblcxzdpkbghvonqdprfu\"><img decoding=\"async\" class=\"brz-img\" src=\"https:\/\/cafeduo.com.tr\/wp-content\/uploads\/brizy\/imgs\/wp-af1cec191e5d380cf6bbda156adc65d6-773x622x0x0x554x622x1714077551.jpg\" alt=\"\" loading=\"lazy\"><\/div>\n<\/div>\n<\/div>\n<\/div>\n<div class=\"brz-columns brz-css-uJJbM brz-css-nCt41\" data-brz-custom-id=\"xcnvwgjjhxohiynecqkoiyvwtwnqvvdpplsr\">\n<div class=\"brz-bg\"><\/div>\n<div class=\"brz-column__items brz-css-iF6uH brz-css-j1okA\">\n<div id=\"\" class=\"brz-css-uIOsT brz-css-chg65 brz-wrapper\">\n<div class=\"brz-rich-text brz-rich-text__custom brz-css-e6D8u\" data-brz-custom-id=\"mdwjuawatuiamhcdajyzdssbrcprczixgrhj\">\n<div data-brz-translate-text=\"1\">\n<p class=\"brz-fw-lg-700 brz-fss-lg-px brz-fs-lg-12 brz-ft-upload brz-ff-ymubgefsxldrywogxtzekrfkmzwinepjvqkm brz-tp-lg-empty brz-lh-lg-1_9 brz-ls-lg-0 brz-css-iXeLI\" data-uniq-id=\"bfetc\" data-generated-css=\"brz-css-sfgid\"><span class=\"brz-cp-color7\">G\u00d6Z TEDAV\u0130LER\u0130<\/span><\/p>\n<\/div>\n<\/div>\n<\/div>\n<div id=\"\" class=\"brz-css-uIOsT brz-css-jI5Rk brz-wrapper\">\n<div class=\"brz-rich-text brz-rich-text__custom brz-css-e6D8u\" data-brz-custom-id=\"lvlepgvzchclkygbucptvnmntkpmotfgcumn\">\n<div data-brz-translate-text=\"1\">\n<p class=\"brz-fss-lg-px brz-fw-lg-400 brz-ls-lg-0 brz-lh-lg-1_9 brz-tp-lg-empty brz-ff-ymubgefsxldrywogxtzekrfkmzwinepjvqkm brz-ft-upload brz-fs-lg-20 brz-css-h7VZJ\" data-uniq-id=\"xakky\" data-generated-css=\"brz-css-zyony\"><strong>G\u00f6z Esteti\u011fi<\/strong><\/p>\n<\/div>\n<\/div>\n<\/div>\n<div id=\"\" class=\"brz-css-uIOsT brz-wrapper\">\n<div class=\"brz-rich-text brz-rich-text__custom brz-css-e6D8u\" data-brz-custom-id=\"chtudeullfvviakxqvteekhlswqfzwwygqxx\">\n<div data-brz-translate-text=\"1\">\n<p class=\"brz-mb-lg-20 brz-tp-lg-empty brz-ff-ymubgefsxldrywogxtzekrfkmzwinepjvqkm brz-ft-upload brz-fs-lg-16 brz-fss-lg-px brz-fw-lg-400 brz-ls-lg-0 brz-lh-lg-1_9 brz-css-kzQQ_\" data-uniq-id=\"epcyh\" data-generated-css=\"brz-css-qfcdk\"><span class=\"brz-cp-color7\">Ok\u00fcloplasti ,g\u00f6z ve \u00e7evre dokulara yap\u0131lan ameliyatlara verilen isimdir. \u00c7e\u015fitli prosed\u00fcrler, g\u00f6z kapa\u011f\u0131 d\u00fczeltmelerini, g\u00f6z onar\u0131mlar\u0131n\u0131 ve \u00e7\u0131kar\u0131lmas\u0131n\u0131 i\u00e7erir. Ok\u00fcloplasti, \u00e7e\u015fitli g\u00f6z problemlerini ele al\u0131r ve ayn\u0131 zamanda hem bir sanat hem de bilim olarak bilinir. G\u00f6z Esteti\u011fi Ameliyat\u0131, hastalar\u0131 g\u00f6z\u00fcn rahats\u0131zl\u0131\u011f\u0131ndan, hissinden ve g\u00f6r\u00fcnt\u00fcs\u00fcnden kurtarmak i\u00e7in yap\u0131labilmektedir. Prosed\u00fcr genellikle sark\u0131k g\u00f6z kapaklar\u0131ndan tamamen metal protez g\u00f6zlere kadar her \u015feye sahip ki\u015filerde yap\u0131l\u0131r. <\/span><\/p>\n<p class=\"brz-mb-lg-20 brz-tp-lg-empty brz-ff-ymubgefsxldrywogxtzekrfkmzwinepjvqkm brz-ft-upload brz-fs-lg-16 brz-fss-lg-px brz-fw-lg-400 brz-ls-lg-0 brz-lh-lg-1_9 brz-css-eMuuu\" data-uniq-id=\"zysdx\" data-generated-css=\"brz-css-klkbh\"><span class=\"brz-cp-color7\">Ok\u00fcloplasti ameliyat\u0131, a\u015fa\u011f\u0131daki durumlarda i\u015flevi ve g\u00f6r\u00fcn\u00fcm\u00fc iyile\u015ftirmek i\u00e7in kullan\u0131l\u0131r: Ok\u00fcloplasti veya ok\u00fcloplastik prosed\u00fcr, \u00fcst g\u00f6z kapaklar\u0131n\u0131, ka\u015flar\u0131, y\u00f6r\u00fcngeyi, g\u00f6zya\u015f\u0131 kanallar\u0131n\u0131 ve y\u00fcz\u00fc i\u00e7eren \u00e7e\u015fitli prosed\u00fcrleri ifade etmek i\u00e7in kullan\u0131lan bir terimdir. Genellikle ok\u00fcloplasti olarak adland\u0131r\u0131lan ok\u00fcler rekonstr\u00fcktif cerrahi, g\u00f6z kapa\u011f\u0131 cerrahisi ve y\u00fcz plastik cerrahisi gibi kozmetik veya cerrahi olarak gerekli prosed\u00fcrlerden olu\u015fur. <\/span><\/p>\n<p class=\"brz-mb-lg-20 brz-tp-lg-empty brz-ff-ymubgefsxldrywogxtzekrfkmzwinepjvqkm brz-ft-upload brz-fs-lg-16 brz-fss-lg-px brz-fw-lg-400 brz-ls-lg-0 brz-lh-lg-1_9 brz-css-nkHnV\" data-uniq-id=\"xoqrt\" data-generated-css=\"brz-css-wsnad\"><span class=\"brz-cp-color7\">Ok\u00fcloplastinin faydalar\u0131, genellikle ya\u015flanma, travma veya enfeksiyonun bir sonucu olan herhangi bir t\u0131bbi g\u00f6z kapa\u011f\u0131 durumunu tedavi etmek i\u00e7in kullan\u0131labilece\u011fi yollard\u0131r. Ok\u00fcloplasti, bir g\u00f6z rahats\u0131zl\u0131\u011f\u0131n\u0131n neden olabilece\u011fi rahats\u0131zl\u0131\u011f\u0131 azaltabilir, g\u00f6r\u00fc\u015f\u00fc iyile\u015ftirebilir ve daha gen\u00e7 g\u00f6r\u00fcnmenizi sa\u011flayabilir. Prosed\u00fcr ayn\u0131 zamanda d\u00fc\u015f\u00fck bir komplikasyon riskine sahiptir, bu nedenle sark\u0131k g\u00f6z kapaklar\u0131 veya torbalar gibi bir durumunuz varsa ara\u015ft\u0131rmaya de\u011fer. Neyse ki, ok\u00fcloplasti ameliyat\u0131nda ortaya \u00e7\u0131kan \u00e7ok fazla komplikasyon yoktur ve \u00f6zel e\u011fitimli okuloplastik cerrah\u0131m\u0131z taraf\u0131ndan ameliyat\u0131n\u0131zdan \u00f6nce sizinle ayr\u0131nt\u0131l\u0131 olarak g\u00f6r\u00fc\u015fmekten mutluluk duyar\u0131z.<\/span><\/p>\n<\/div>\n<\/div>\n<\/div>\n<\/div>\n<\/div>\n<\/div>\n<\/div>\n<\/div>\n<\/div>\n<\/section>\n<\/div>\n<p>    <!-- version:1722048189 --><\/p>\n","protected":false},"excerpt":{"rendered":"<p>G\u00d6Z TEDAV\u0130LER\u0130 G\u00f6z Esteti\u011fi G\u00d6Z TEDAV\u0130LER\u0130 G\u00f6z Esteti\u011fi Ok\u00fcloplasti ,g\u00f6z ve \u00e7evre dokulara yap\u0131lan ameliyatlara verilen isimdir. \u00c7e\u015fitli prosed\u00fcrler, g\u00f6z kapa\u011f\u0131 d\u00fczeltmelerini, g\u00f6z onar\u0131mlar\u0131n\u0131 ve \u00e7\u0131kar\u0131lmas\u0131n\u0131 i\u00e7erir. Ok\u00fcloplasti, \u00e7e\u015fitli g\u00f6z problemlerini ele al\u0131r ve ayn\u0131 zamanda hem bir sanat hem de bilim olarak bilinir. G\u00f6z Esteti\u011fi Ameliyat\u0131, hastalar\u0131 g\u00f6z\u00fcn rahats\u0131zl\u0131\u011f\u0131ndan, hissinden ve g\u00f6r\u00fcnt\u00fcs\u00fcnden kurtarmak i\u00e7in [&hellip;]<\/p>\n","protected":false},"author":5,"featured_media":0,"parent":1202,"menu_order":0,"comment_status":"closed","ping_status":"closed","template":"","meta":{"footnotes":""},"class_list":["post-1208","page","type-page","status-publish","hentry"],"blocksy_meta":{"styles_descriptor":{"styles":{"desktop":"","tablet":"","mobile":""},"google_fonts":[],"version":6}},"_links":{"self":[{"href":"https:\/\/smilinic.com\/tr\/wp-json\/wp\/v2\/pages\/1208","targetHints":{"allow":["GET"]}}],"collection":[{"href":"https:\/\/smilinic.com\/tr\/wp-json\/wp\/v2\/pages"}],"about":[{"href":"https:\/\/smilinic.com\/tr\/wp-json\/wp\/v2\/types\/page"}],"author":[{"embeddable":true,"href":"https:\/\/smilinic.com\/tr\/wp-json\/wp\/v2\/users\/5"}],"replies":[{"embeddable":true,"href":"https:\/\/smilinic.com\/tr\/wp-json\/wp\/v2\/comments?post=1208"}],"version-history":[{"count":0,"href":"https:\/\/smilinic.com\/tr\/wp-json\/wp\/v2\/pages\/1208\/revisions"}],"up":[{"embeddable":true,"href":"https:\/\/smilinic.com\/tr\/wp-json\/wp\/v2\/pages\/1202"}],"wp:attachment":[{"href":"https:\/\/smilinic.com\/tr\/wp-json\/wp\/v2\/media?parent=1208"}],"curies":[{"name":"wp","href":"https:\/\/api.w.org\/{rel}","templated":true}]}}