{"id":1207,"date":"2022-10-06T21:28:38","date_gmt":"2022-10-06T21:28:38","guid":{"rendered":"https:\/\/smilinic.com\/eye-treatments\/lens-surgery\/"},"modified":"2024-07-27T13:57:07","modified_gmt":"2024-07-27T13:57:07","slug":"lens-surgery","status":"publish","type":"page","link":"https:\/\/smilinic.com\/tr\/eye-treatments\/lens-surgery\/","title":{"rendered":"Lens Cerrahisi"},"content":{"rendered":"<div class=\"brz-root__container brz-reset-all brz\">\n<section id=\"eugpbsvppcswueqgmlzbxiibfecewtbpugoy\" class=\"brz-section brz-css-nnJbo\">\n<div class=\"brz-section__content brz-section--boxed brz-css-dJN6S brz-css-dZ4Yd\" data-brz-custom-id=\"xtxjbzonxazstjsdyzixlwmkyvtpaajgvxam\">\n<div class=\"brz-bg\">\n<div class=\"brz-bg-image\"><\/div>\n<div class=\"brz-bg-color\"><\/div>\n<\/div>\n<div class=\"brz-container brz-css-s8weX brz-css-pxp8w\">\n<div id=\"\" class=\"brz-css-wP7wL brz-css-zAZF6 brz-wrapper\">\n<div class=\"brz-rich-text brz-rich-text__custom brz-css-zdIHy\" data-brz-custom-id=\"idnjiesovmwrppggpesjkimcldaxkhbktpif\">\n<div data-brz-translate-text=\"1\">\n<p class=\"brz-text-lg-center brz-tp-lg-paragraph brz-css-gLOHO\" data-generated-css=\"brz-css-aqlut\" data-uniq-id=\"qyzhk\">G\u00d6Z TEDAV\u0130LER\u0130<\/p>\n<\/div>\n<\/div>\n<\/div>\n<div id=\"\" class=\"brz-css-wP7wL brz-wrapper\">\n<div class=\"brz-rich-text brz-rich-text__custom brz-css-zdIHy\" data-brz-custom-id=\"mvtavzwcqdpzzgjvlyeytbobsaeckpylhfen\">\n<div data-brz-translate-text=\"1\">\n<p class=\"brz-fw-lg-700 brz-fss-lg-px brz-fs-lg-54 brz-ft-google brz-ff-roboto brz-tp-lg-empty brz-lh-lg-1 brz-ls-lg-0 brz-text-lg-center brz-css-eTdG9\" data-generated-css=\"brz-css-uwqbg\" data-uniq-id=\"evitk\">Lens Cerrahisi<\/p>\n<\/div>\n<\/div>\n<\/div>\n<\/div>\n<\/div>\n<\/section>\n<section id=\"bnnnufrusftimptkrruiekbrgzkccbmdhxvz\" class=\"brz-section brz-css-nnJbo\">\n<div class=\"brz-section__content brz-section--boxed brz-css-dJN6S brz-css-qdpJR\" data-brz-custom-id=\"hvuxqnsuwysmafeliafqbtpeedcgkkmzkejj\">\n<div class=\"brz-bg\">\n<div class=\"brz-bg-color\"><\/div>\n<\/div>\n<div class=\"brz-container brz-css-s8weX\">\n<div id=\"whitearea\" class=\"brz-row__container brz-css-tYiWQ brz-css-z5JtG\" data-brz-custom-id=\"uzsznsswunroyzuzcxjbovrvktqdebrzmewn\">\n<div class=\"brz-bg\">\n<div class=\"brz-bg-color\"><\/div>\n<\/div>\n<div class=\"brz-row brz-css-c_x9g brz-css-sRWVb\">\n<div class=\"brz-columns brz-css-lctmy brz-css-eAtrb\" data-brz-custom-id=\"vxbjsrtunifuaxbchwjggyxzjgzjavzrvxbd\">\n<div class=\"brz-bg\"><\/div>\n<div class=\"brz-column__items brz-css-qurlc brz-css-kEylv\">\n<div id=\"\" class=\"brz-css-wP7wL brz-css-rSGtp brz-wrapper\">\n<div class=\"brz-image brz-css-qDBpY brz-css-ejbiB\" data-brz-custom-id=\"swxwxoocyxnmwcsoizuldofxlhozzyopizxe\"><img decoding=\"async\" class=\"brz-img\" src=\"https:\/\/cafeduo.com.tr\/wp-content\/uploads\/brizy\/imgs\/wp-af1cec191e5d380cf6bbda156adc65d6-773x622x0x0x554x622x1714077551.jpg\" alt=\"\" loading=\"lazy\"><\/div>\n<\/div>\n<\/div>\n<\/div>\n<div class=\"brz-columns brz-css-lctmy brz-css-tpfCJ\" data-brz-custom-id=\"payghthyqkneyfvambkyusvwcxdlcxetyxtu\">\n<div class=\"brz-bg\"><\/div>\n<div class=\"brz-column__items brz-css-qurlc brz-css-tG2WS\">\n<div id=\"\" class=\"brz-css-wP7wL brz-css-kbjFW brz-wrapper\">\n<div class=\"brz-rich-text brz-rich-text__custom brz-css-zdIHy\" data-brz-custom-id=\"jutnezhidivhkknaosvnusagfiijyskcvwxc\">\n<div data-brz-translate-text=\"1\">\n<p class=\"brz-fw-lg-700 brz-fss-lg-px brz-fs-lg-12 brz-ft-upload brz-ff-ymubgefsxldrywogxtzekrfkmzwinepjvqkm brz-tp-lg-empty brz-lh-lg-1_9 brz-ls-lg-0 brz-css-lJMGF\" data-uniq-id=\"vietc\" data-generated-css=\"brz-css-ynknv\"><span class=\"brz-cp-color7\">G\u00d6Z TEDAV\u0130LER\u0130<\/span><\/p>\n<\/div>\n<\/div>\n<\/div>\n<div id=\"\" class=\"brz-css-wP7wL brz-css-hZalM brz-wrapper\">\n<div class=\"brz-rich-text brz-rich-text__custom brz-css-zdIHy\" data-brz-custom-id=\"znoxfyxsijhtrzjhcenxnizbuwdnaavrioll\">\n<div data-brz-translate-text=\"1\">\n<p class=\"brz-fss-lg-px brz-fw-lg-400 brz-ls-lg-0 brz-lh-lg-1_9 brz-tp-lg-empty brz-ff-ymubgefsxldrywogxtzekrfkmzwinepjvqkm brz-ft-upload brz-fs-lg-20 brz-css-wlBb8\" data-uniq-id=\"drqzg\" data-generated-css=\"brz-css-cqnxd\"><strong>Lens Cerrahisi<\/strong><\/p>\n<\/div>\n<\/div>\n<\/div>\n<div id=\"\" class=\"brz-css-wP7wL brz-wrapper\">\n<div class=\"brz-rich-text brz-rich-text__custom brz-css-zdIHy\" data-brz-custom-id=\"madjkzydhlrgrzicmwgpagfnapceramuedqg\">\n<div data-brz-translate-text=\"1\">\n<p class=\"brz-lh-lg-1_9 brz-ls-lg-0 brz-fw-lg-400 brz-fss-lg-px brz-fs-lg-16 brz-ft-upload brz-ff-ymubgefsxldrywogxtzekrfkmzwinepjvqkm brz-tp-lg-empty brz-mb-lg-20 brz-css-xlXls\" data-generated-css=\"brz-css-wdnvw\" data-uniq-id=\"doxbl\"><span class=\"brz-cp-color7\">Lens de\u011fi\u015ftirme ameliyat\u0131, g\u00f6zleriniz i\u00e7in yapabilece\u011finiz en g\u00fcvenli, en rutin prosed\u00fcrlerden biridir. Bu ameliyat t\u00fcr\u00fc genellikle g\u00f6zle ilgili bir\u00e7ok farkl\u0131 sorunu tedavi etmek i\u00e7in kullan\u0131l\u0131r. Lens cerrahisi ile tedavi edilebilecek durumlar aras\u0131nda okuma g\u00f6rme kusur(lar)\u0131 (okuma g\u00f6zl\u00fc\u011f\u00fc kullanmak yerine), astigmatizm, dar g\u00f6r\u00fc\u015fl\u00fcl\u00fck (miyopi) ve ileri g\u00f6r\u00fc\u015fl\u00fcl\u00fck (hipermetropi) yer al\u0131r. Lens cerrahisi ile tedavi edilebilecek durumlar da bu sorunlar\u0131n bir kombinasyonunu i\u00e7erir. <\/span><\/p>\n<p class=\"brz-lh-lg-1_9 brz-ls-lg-0 brz-fw-lg-400 brz-fss-lg-px brz-fs-lg-16 brz-ft-upload brz-ff-ymubgefsxldrywogxtzekrfkmzwinepjvqkm brz-tp-lg-empty brz-mb-lg-20 brz-css-kKrWB\" data-generated-css=\"brz-css-wdnvw\" data-uniq-id=\"doxbl\"><span class=\"brz-cp-color7\">Lens Ameliyat\u0131, do\u011fal lensinizin tek bir prosed\u00fcrde yap\u0131labilen bir protez lens ile de\u011fi\u015ftirilmesi ameliyat\u0131d\u0131r. Kataraktl\u0131 bir hasta i\u00e7in ameliyat genellikle merce\u011fin \u00e7\u0131kar\u0131lmas\u0131n\u0131 ve yapay bir mercekle de\u011fi\u015ftirilmesini i\u00e7erir. Lens cerrahisi g\u00f6r\u00fc\u015f\u00fcn\u00fcz\u00fc iyile\u015ftirebilir ve g\u00f6zl\u00fck ve kontakt lens maliyetlerini azaltabilir. Her hasta farkl\u0131d\u0131r, bu nedenle maliyet ki\u015fiden ki\u015fiye de\u011fi\u015fir.<\/span><\/p>\n<\/div>\n<\/div>\n<\/div>\n<\/div>\n<\/div>\n<\/div>\n<\/div>\n<\/div>\n<\/div>\n<\/section>\n<\/div>\n<p>    <!-- version:1722088627 --><\/p>\n","protected":false},"excerpt":{"rendered":"<p>G\u00d6Z TEDAV\u0130LER\u0130 Lens Cerrahisi G\u00d6Z TEDAV\u0130LER\u0130 Lens Cerrahisi Lens de\u011fi\u015ftirme ameliyat\u0131, g\u00f6zleriniz i\u00e7in yapabilece\u011finiz en g\u00fcvenli, en rutin prosed\u00fcrlerden biridir. Bu ameliyat t\u00fcr\u00fc genellikle g\u00f6zle ilgili bir\u00e7ok farkl\u0131 sorunu tedavi etmek i\u00e7in kullan\u0131l\u0131r. Lens cerrahisi ile tedavi edilebilecek durumlar aras\u0131nda okuma g\u00f6rme kusur(lar)\u0131 (okuma g\u00f6zl\u00fc\u011f\u00fc kullanmak yerine), astigmatizm, dar g\u00f6r\u00fc\u015fl\u00fcl\u00fck (miyopi) ve ileri g\u00f6r\u00fc\u015fl\u00fcl\u00fck (hipermetropi) [&hellip;]<\/p>\n","protected":false},"author":5,"featured_media":0,"parent":1202,"menu_order":0,"comment_status":"closed","ping_status":"closed","template":"","meta":{"footnotes":""},"class_list":["post-1207","page","type-page","status-publish","hentry"],"blocksy_meta":{"styles_descriptor":{"styles":{"desktop":"","tablet":"","mobile":""},"google_fonts":[],"version":6}},"_links":{"self":[{"href":"https:\/\/smilinic.com\/tr\/wp-json\/wp\/v2\/pages\/1207","targetHints":{"allow":["GET"]}}],"collection":[{"href":"https:\/\/smilinic.com\/tr\/wp-json\/wp\/v2\/pages"}],"about":[{"href":"https:\/\/smilinic.com\/tr\/wp-json\/wp\/v2\/types\/page"}],"author":[{"embeddable":true,"href":"https:\/\/smilinic.com\/tr\/wp-json\/wp\/v2\/users\/5"}],"replies":[{"embeddable":true,"href":"https:\/\/smilinic.com\/tr\/wp-json\/wp\/v2\/comments?post=1207"}],"version-history":[{"count":0,"href":"https:\/\/smilinic.com\/tr\/wp-json\/wp\/v2\/pages\/1207\/revisions"}],"up":[{"embeddable":true,"href":"https:\/\/smilinic.com\/tr\/wp-json\/wp\/v2\/pages\/1202"}],"wp:attachment":[{"href":"https:\/\/smilinic.com\/tr\/wp-json\/wp\/v2\/media?parent=1207"}],"curies":[{"name":"wp","href":"https:\/\/api.w.org\/{rel}","templated":true}]}}