{"id":1206,"date":"2022-10-06T21:28:21","date_gmt":"2022-10-06T21:28:21","guid":{"rendered":"https:\/\/smilinic.com\/eye-treatments\/laser-eye-surgery\/"},"modified":"2024-07-27T10:57:40","modified_gmt":"2024-07-27T10:57:40","slug":"laser-eye-surgery","status":"publish","type":"page","link":"https:\/\/smilinic.com\/tr\/eye-treatments\/laser-eye-surgery\/","title":{"rendered":"Lazer G\u00f6z Cerrahisi"},"content":{"rendered":"<div class=\"brz-root__container brz-reset-all brz\">\n<section id=\"tvbxblodvlfxpvblzpvvlmaviaaggmexlutx\" class=\"brz-section brz-css-xdvbZ\">\n<div class=\"brz-section__content brz-section--boxed brz-css-sw7DI brz-css-aIGa7\" data-brz-custom-id=\"ltokjgpmwoebiixsjkrifwdqcdpnvsibkyya\">\n<div class=\"brz-bg\">\n<div class=\"brz-bg-image\"><\/div>\n<div class=\"brz-bg-color\"><\/div>\n<\/div>\n<div class=\"brz-container brz-css-hQ4Ap brz-css-p8n5_\">\n<div id=\"\" class=\"brz-css-ig42s brz-css-aBP8S brz-wrapper\">\n<div class=\"brz-rich-text brz-rich-text__custom brz-css-cVhvV\" data-brz-custom-id=\"dhbtrmbwjfnjugnlerscdzzydzzjnvlbtula\">\n<div data-brz-translate-text=\"1\">\n<p class=\"brz-text-lg-center brz-tp-lg-paragraph brz-css-bMlva\" data-generated-css=\"brz-css-fmfwg\" data-uniq-id=\"sdmcu\">G\u00d6Z TEDAV\u0130LER\u0130<\/p>\n<\/div>\n<\/div>\n<\/div>\n<div id=\"\" class=\"brz-css-ig42s brz-wrapper\">\n<div class=\"brz-rich-text brz-rich-text__custom brz-css-cVhvV\" data-brz-custom-id=\"zhemcxgrdlzmsvfzsmxdtruwegyhqvyiqrez\">\n<div data-brz-translate-text=\"1\">\n<p class=\"brz-fw-lg-700 brz-fss-lg-px brz-fs-lg-54 brz-ft-google brz-ff-roboto brz-tp-lg-empty brz-lh-lg-1 brz-ls-lg-0 brz-text-lg-center brz-css-e2q0f\" data-generated-css=\"brz-css-ezfgy\" data-uniq-id=\"jxdip\">Lazer G\u00f6z Ameliyat\u0131<\/p>\n<\/div>\n<\/div>\n<\/div>\n<\/div>\n<\/div>\n<\/section>\n<section id=\"ulbrfwgnyngwhpxaynxdmhpmyyxupjwzbcyn\" class=\"brz-section brz-css-xdvbZ\">\n<div class=\"brz-section__content brz-section--boxed brz-css-sw7DI brz-css-hIPCf\" data-brz-custom-id=\"vubisexlyovvhfdewoibryhcyhklipetkjfk\">\n<div class=\"brz-bg\">\n<div class=\"brz-bg-color\"><\/div>\n<\/div>\n<div class=\"brz-container brz-css-hQ4Ap\">\n<div id=\"whitearea\" class=\"brz-row__container brz-css-bnJo_ brz-css-hq3xn\" data-brz-custom-id=\"mqcgjnquaommfxqmuqumztdanuzxkmtxotrm\">\n<div class=\"brz-bg\">\n<div class=\"brz-bg-color\"><\/div>\n<\/div>\n<div class=\"brz-row brz-css-u4Yvf brz-css-xuCOL\">\n<div class=\"brz-columns brz-css-ckGyi brz-css-oXnw9\" data-brz-custom-id=\"ysfdfawrduevwvddnvdlmulaftdltgiowzsq\">\n<div class=\"brz-bg\"><\/div>\n<div class=\"brz-column__items brz-css-o484A brz-css-kyMnR\">\n<div id=\"\" class=\"brz-css-ig42s brz-css-h66bH brz-wrapper\">\n<div class=\"brz-image brz-css-l6EqY brz-css-p4lDw\" data-brz-custom-id=\"anzslqzchdurcbzwpkgdkudzbrofsltpyqxh\"><img decoding=\"async\" class=\"brz-img\" src=\"https:\/\/cafeduo.com.tr\/wp-content\/uploads\/brizy\/imgs\/wp-af1cec191e5d380cf6bbda156adc65d6-773x622x0x0x554x622x1714077551.jpg\" alt=\"\" loading=\"lazy\"><\/div>\n<\/div>\n<\/div>\n<\/div>\n<div class=\"brz-columns brz-css-ckGyi brz-css-c2Gim\" data-brz-custom-id=\"rlttsnbiquqwxajluzhpepxzwjqpnrjkciro\">\n<div class=\"brz-bg\"><\/div>\n<div class=\"brz-column__items brz-css-o484A brz-css-zoVOk\">\n<div id=\"\" class=\"brz-css-ig42s brz-css-nIMAv brz-wrapper\">\n<div class=\"brz-rich-text brz-rich-text__custom brz-css-cVhvV\" data-brz-custom-id=\"ukxehwwjvvbxkiitcdnnqsrdwufqaqmmavuv\">\n<div data-brz-translate-text=\"1\">\n<p class=\"brz-fw-lg-700 brz-fss-lg-px brz-fs-lg-12 brz-ft-upload brz-ff-ymubgefsxldrywogxtzekrfkmzwinepjvqkm brz-tp-lg-empty brz-lh-lg-1_9 brz-ls-lg-0 brz-css-mOspo\" data-uniq-id=\"yggao\" data-generated-css=\"brz-css-safah\"><span class=\"brz-cp-color7\">G\u00d6Z TEDAV\u0130LER\u0130<\/span><\/p>\n<\/div>\n<\/div>\n<\/div>\n<div id=\"\" class=\"brz-css-ig42s brz-css-t87qr brz-wrapper\">\n<div class=\"brz-rich-text brz-rich-text__custom brz-css-cVhvV\" data-brz-custom-id=\"kjvwhagvzhfxrpersibucmfflxdfgfqlplye\">\n<div data-brz-translate-text=\"1\">\n<p class=\"brz-fss-lg-px brz-fw-lg-400 brz-ls-lg-0 brz-lh-lg-1_9 brz-tp-lg-empty brz-ff-ymubgefsxldrywogxtzekrfkmzwinepjvqkm brz-ft-upload brz-fs-lg-20 brz-css-lIDfw\" data-uniq-id=\"zoowt\" data-generated-css=\"brz-css-ihlxb\"><strong>Lazer G\u00f6z Ameliyat\u0131<\/strong><\/p>\n<\/div>\n<\/div>\n<\/div>\n<div id=\"\" class=\"brz-css-ig42s brz-wrapper\">\n<div class=\"brz-rich-text brz-rich-text__custom brz-css-cVhvV\" data-brz-custom-id=\"fghirjsxeqngtfdygmzzauxzfiawwrazbsaf\">\n<div data-brz-translate-text=\"1\">\n<p class=\"brz-lh-lg-1_9 brz-ls-lg-0 brz-fw-lg-400 brz-fss-lg-px brz-fs-lg-16 brz-ft-upload brz-ff-ymubgefsxldrywogxtzekrfkmzwinepjvqkm brz-tp-lg-empty brz-mb-lg-20 brz-css-pKpw5\" data-generated-css=\"brz-css-dbuow\" data-uniq-id=\"vvxmw\"><span class=\"brz-cp-color7\">Lazer g\u00f6z ameliyat\u0131, miyop veya astigmattan muzdarip ki\u015filer i\u00e7in bir se\u00e7enektir. Keratokonus hastalar\u0131 i\u00e7in de bir se\u00e7enek olabilir. G\u00f6rme ile ilgili problemler g\u00fcnl\u00fck hayat\u0131 ve ba\u015fkalar\u0131na ba\u011f\u0131ml\u0131 olmadan ya\u015fama yetene\u011fini etkileyebilir. D\u00fczenli olarak kontakt lens veya g\u00f6zl\u00fck takmak yard\u0131mc\u0131 olabilir. Bu da iyi olma hissinin azalmas\u0131na yol a\u00e7ar. Neyse ki bu, her zaman istenen bir \u00e7\u00f6z\u00fcm olmayan g\u00f6zl\u00fck kullan\u0131m\u0131yla d\u00fczeltilebilir. <\/span><\/p>\n<p class=\"brz-lh-lg-1_9 brz-ls-lg-0 brz-fw-lg-400 brz-fss-lg-px brz-fs-lg-16 brz-ft-upload brz-ff-ymubgefsxldrywogxtzekrfkmzwinepjvqkm brz-tp-lg-empty brz-mb-lg-20 brz-css-vqqQQ\" data-generated-css=\"brz-css-tlmnj\" data-uniq-id=\"ilsdu\"><span class=\"brz-cp-color7\">G\u00f6rme bozuklu\u011fu olan insanlar i\u00e7in g\u00f6zl\u00fck bir zorunluluktu. Kontakt lenslerin kullan\u0131lmaya ba\u015flanmas\u0131yla bu zorunluluk ortadan kalkt\u0131. Bununla birlikte, insanlar lens de\u011fi\u015ftirirken baz\u0131 zorluklarla da kar\u015f\u0131la\u015fmaktad\u0131r. <\/span><\/p>\n<p class=\"brz-lh-lg-1_9 brz-ls-lg-0 brz-fw-lg-400 brz-fss-lg-px brz-fs-lg-16 brz-ft-upload brz-ff-ymubgefsxldrywogxtzekrfkmzwinepjvqkm brz-tp-lg-empty brz-mb-lg-20 brz-css-cDpMm\" data-generated-css=\"brz-css-tzwra\" data-uniq-id=\"ltvhw\"><span class=\"brz-cp-color7\">G\u00f6z y\u00fczeyiyle do\u011frudan temas eden uygun kontakt lensler k\u0131r\u0131lgand\u0131r ve baz\u0131 durumlarda ciddi enfeksiyonlara yatk\u0131nd\u0131r. Lazer g\u00f6rme d\u00fczeltmesi, ge\u00e7ti\u011fimiz \u00e7eyrek y\u00fczy\u0131lda \u00f6nemli geli\u015fmeler kaydetti. Sonu\u00e7 olarak, lazer g\u00f6z ameliyatlar\u0131n\u0131n g\u00fcvenli\u011fi art\u0131r\u0131lmakta ve b\u00f6ylece hastalar g\u00f6zl\u00fck veya kontakt lenslere kal\u0131c\u0131 bir alternatif kazanmaktad\u0131r.<\/span><\/p>\n<\/div>\n<\/div>\n<\/div>\n<\/div>\n<\/div>\n<\/div>\n<\/div>\n<\/div>\n<\/div>\n<\/section>\n<\/div>\n<p>    <!-- version:1722077860 --><\/p>\n","protected":false},"excerpt":{"rendered":"<p>G\u00d6Z TEDAV\u0130LER\u0130 Lazer G\u00f6z Ameliyat\u0131 G\u00d6Z TEDAV\u0130LER\u0130 Lazer G\u00f6z Ameliyat\u0131 Lazer g\u00f6z ameliyat\u0131, miyop veya astigmattan muzdarip ki\u015filer i\u00e7in bir se\u00e7enektir. Keratokonus hastalar\u0131 i\u00e7in de bir se\u00e7enek olabilir. G\u00f6rme ile ilgili problemler g\u00fcnl\u00fck hayat\u0131 ve ba\u015fkalar\u0131na ba\u011f\u0131ml\u0131 olmadan ya\u015fama yetene\u011fini etkileyebilir. D\u00fczenli olarak kontakt lens veya g\u00f6zl\u00fck takmak yard\u0131mc\u0131 olabilir. Bu da iyi olma hissinin [&hellip;]<\/p>\n","protected":false},"author":5,"featured_media":0,"parent":1202,"menu_order":0,"comment_status":"closed","ping_status":"closed","template":"","meta":{"footnotes":""},"class_list":["post-1206","page","type-page","status-publish","hentry"],"blocksy_meta":{"styles_descriptor":{"styles":{"desktop":"","tablet":"","mobile":""},"google_fonts":[],"version":6}},"_links":{"self":[{"href":"https:\/\/smilinic.com\/tr\/wp-json\/wp\/v2\/pages\/1206","targetHints":{"allow":["GET"]}}],"collection":[{"href":"https:\/\/smilinic.com\/tr\/wp-json\/wp\/v2\/pages"}],"about":[{"href":"https:\/\/smilinic.com\/tr\/wp-json\/wp\/v2\/types\/page"}],"author":[{"embeddable":true,"href":"https:\/\/smilinic.com\/tr\/wp-json\/wp\/v2\/users\/5"}],"replies":[{"embeddable":true,"href":"https:\/\/smilinic.com\/tr\/wp-json\/wp\/v2\/comments?post=1206"}],"version-history":[{"count":0,"href":"https:\/\/smilinic.com\/tr\/wp-json\/wp\/v2\/pages\/1206\/revisions"}],"up":[{"embeddable":true,"href":"https:\/\/smilinic.com\/tr\/wp-json\/wp\/v2\/pages\/1202"}],"wp:attachment":[{"href":"https:\/\/smilinic.com\/tr\/wp-json\/wp\/v2\/media?parent=1206"}],"curies":[{"name":"wp","href":"https:\/\/api.w.org\/{rel}","templated":true}]}}