{"id":1205,"date":"2022-10-06T21:27:55","date_gmt":"2022-10-06T21:27:55","guid":{"rendered":"https:\/\/smilinic.com\/eye-treatments\/general-eye-examination\/"},"modified":"2024-07-27T03:47:58","modified_gmt":"2024-07-27T03:47:58","slug":"general-eye-examination","status":"publish","type":"page","link":"https:\/\/smilinic.com\/tr\/eye-treatments\/general-eye-examination\/","title":{"rendered":"Genel G\u00f6z Muayenesi"},"content":{"rendered":"<div class=\"brz-root__container brz-reset-all brz\">\n<section id=\"oscaezwcmwzhpobgbcamudvvmkcbmqaewoql\" class=\"brz-section brz-css-lm8Be\">\n<div class=\"brz-section__content brz-section--boxed brz-css-tIlR1 brz-css-wQUMe\" data-brz-custom-id=\"sezpwtfbcyeluglbrljinolpdowldpunqjdb\">\n<div class=\"brz-bg\">\n<div class=\"brz-bg-image\"><\/div>\n<div class=\"brz-bg-color\"><\/div>\n<\/div>\n<div class=\"brz-container brz-css-deW9B brz-css-sMOw0\">\n<div id=\"\" class=\"brz-css-atIjU brz-css-nYg3m brz-wrapper\">\n<div class=\"brz-rich-text brz-rich-text__custom brz-css-izlwB\" data-brz-custom-id=\"stbjviskbeaxaagrzzbitjnjfcoezqhppftw\">\n<div data-brz-translate-text=\"1\">\n<p class=\"brz-text-lg-center brz-tp-lg-paragraph brz-css-kxy2_\" data-generated-css=\"brz-css-xqpzy\" data-uniq-id=\"cmuyf\">G\u00d6Z TEDAV\u0130LER\u0130<\/p>\n<\/div>\n<\/div>\n<\/div>\n<div id=\"\" class=\"brz-css-atIjU brz-wrapper\">\n<div class=\"brz-rich-text brz-rich-text__custom brz-css-izlwB\" data-brz-custom-id=\"uoshauszmxdqgjeexdevjuvksvtjatbgxdxa\">\n<div data-brz-translate-text=\"1\">\n<p class=\"brz-text-lg-center brz-ls-lg-0 brz-lh-lg-1 brz-tp-lg-empty brz-ff-roboto brz-ft-google brz-fs-lg-54 brz-fss-lg-px brz-fw-lg-700 brz-css-bG9SM\" data-uniq-id=\"qjncj\" data-generated-css=\"brz-css-azmdi\">Genel G\u00f6z Muayenesi<\/p>\n<\/div>\n<\/div>\n<\/div>\n<\/div>\n<\/div>\n<\/section>\n<section id=\"purmolyltxirhihjajiaprgoauduuridrblx\" class=\"brz-section brz-css-lm8Be\">\n<div class=\"brz-section__content brz-section--boxed brz-css-tIlR1 brz-css-tAukw\" data-brz-custom-id=\"gnqhthmsresqmdnfltbqjeoalquddooncwet\">\n<div class=\"brz-bg\">\n<div class=\"brz-bg-color\"><\/div>\n<\/div>\n<div class=\"brz-container brz-css-deW9B\">\n<div id=\"whitearea\" class=\"brz-row__container brz-css-qwYO8 brz-css-xXJRz\" data-brz-custom-id=\"ookwvdgefxsfvynucyjvecdptpcshvtyjywq\">\n<div class=\"brz-bg\">\n<div class=\"brz-bg-color\"><\/div>\n<\/div>\n<div class=\"brz-row brz-css-nhZRY brz-css-q9sMo\">\n<div class=\"brz-columns brz-css-ha7RI brz-css-lwW85\" data-brz-custom-id=\"ckmcesgyanqpwdvhcqjaftirfvklrlmxjmkv\">\n<div class=\"brz-bg\"><\/div>\n<div class=\"brz-column__items brz-css-fB6Y8 brz-css-svsHj\">\n<div id=\"\" class=\"brz-css-atIjU brz-css-eS4Tg brz-wrapper\">\n<div class=\"brz-image brz-css-rtqRS brz-css-aqsTU\" data-brz-custom-id=\"iwhutxouldxgicyuymxkwmxusejgoooyzxse\"><img decoding=\"async\" class=\"brz-img\" src=\"https:\/\/cafeduo.com.tr\/wp-content\/uploads\/brizy\/imgs\/wp-af1cec191e5d380cf6bbda156adc65d6-773x622x0x0x554x622x1714077551.jpg\" alt=\"\" loading=\"lazy\"><\/div>\n<\/div>\n<\/div>\n<\/div>\n<div class=\"brz-columns brz-css-ha7RI brz-css-bSAjz\" data-brz-custom-id=\"bbwgmqpvwrvhqyksvksxxhpztrbsljxmgbxg\">\n<div class=\"brz-bg\"><\/div>\n<div class=\"brz-column__items brz-css-fB6Y8 brz-css-wO6ay\">\n<div id=\"\" class=\"brz-css-atIjU brz-css-kcNLg brz-wrapper\">\n<div class=\"brz-rich-text brz-rich-text__custom brz-css-izlwB\" data-brz-custom-id=\"qqccvftlaqtolllmteqptzmgwnlucyfifiua\">\n<div data-brz-translate-text=\"1\">\n<p class=\"brz-fw-lg-700 brz-fss-lg-px brz-fs-lg-12 brz-ft-upload brz-ff-ymubgefsxldrywogxtzekrfkmzwinepjvqkm brz-tp-lg-empty brz-lh-lg-1_9 brz-ls-lg-0 brz-css-gzkcA\" data-uniq-id=\"cyyba\" data-generated-css=\"brz-css-vcijy\"><span class=\"brz-cp-color7\">G\u00d6Z TEDAV\u0130LER\u0130<\/span><\/p>\n<\/div>\n<\/div>\n<\/div>\n<div id=\"\" class=\"brz-css-atIjU brz-css-shqKw brz-wrapper\">\n<div class=\"brz-rich-text brz-rich-text__custom brz-css-izlwB\" data-brz-custom-id=\"wszzpdwismrekvvvxhvuhgrgwaezbgefxcwm\">\n<div data-brz-translate-text=\"1\">\n<p class=\"brz-fs-lg-20 brz-ft-upload brz-ff-ymubgefsxldrywogxtzekrfkmzwinepjvqkm brz-tp-lg-empty brz-lh-lg-1_9 brz-ls-lg-0 brz-fw-lg-400 brz-fss-lg-px brz-css-lwf1T\" data-generated-css=\"brz-css-mpvjg\" data-uniq-id=\"sktiu\"><strong>Genel G\u00f6z Muayenesi<\/strong><\/p>\n<\/div>\n<\/div>\n<\/div>\n<div id=\"\" class=\"brz-css-atIjU brz-wrapper\">\n<div class=\"brz-rich-text brz-rich-text__custom brz-css-izlwB\" data-brz-custom-id=\"hoeoalkivkltydaygvlnryuhyxxflvhpbiet\">\n<div data-brz-translate-text=\"1\">\n<p class=\"brz-lh-lg-1_9 brz-ls-lg-0 brz-fw-lg-400 brz-fss-lg-px brz-fs-lg-16 brz-ft-upload brz-ff-ymubgefsxldrywogxtzekrfkmzwinepjvqkm brz-tp-lg-empty brz-mb-lg-20 brz-css-mn89D\" data-generated-css=\"brz-css-ttzgz\" data-uniq-id=\"kumyq\"><span class=\"brz-cp-color7\">Genel g\u00f6z muayenesi, g\u00f6zlerinizi incelemek i\u00e7in optometristlerle i\u015fbirli\u011fi i\u00e7inde bir g\u00f6z doktoru veya di\u011fer uzmanlar taraf\u0131ndan yap\u0131lan rutin bir de\u011ferlendirme setidir. G\u00f6r\u00fc\u015f\u00fcn\u00fcz\u00fcn farkl\u0131 y\u00f6nlerini de\u011ferlendiren farkl\u0131 t\u00fcrde genel g\u00f6z muayeneleri vard\u0131r; herkesin g\u00f6z sa\u011fl\u0131\u011f\u0131na bakmak ve dikkat edilmesi gereken bir \u015fey olup olmad\u0131\u011f\u0131n\u0131 g\u00f6rmek i\u00e7in periyodik genel g\u00f6z kontrolleri yapt\u0131rmas\u0131 \u00f6nerilir. <\/span><\/p>\n<p class=\"brz-lh-lg-1_9 brz-ls-lg-0 brz-fw-lg-400 brz-fss-lg-px brz-fs-lg-16 brz-ft-upload brz-ff-ymubgefsxldrywogxtzekrfkmzwinepjvqkm brz-tp-lg-empty brz-mb-lg-20 brz-css-p4jUt\" data-generated-css=\"brz-css-ttzgz\" data-uniq-id=\"kumyq\"><span class=\"brz-cp-color7\">Sa\u011fl\u0131kl\u0131 g\u00f6zlere sahip olmak i\u00e7in yirmili ya\u015flarda bir, otuzlu ya\u015flarda iki kez tam g\u00f6z muayenesi yapt\u0131rmal\u0131s\u0131n\u0131z. \u00c7ocuklar okul \u00f6ncesi e\u011fitime ba\u015flamadan \u00f6nce bir pratisyen hekim taraf\u0131ndan g\u00f6z muayenesinden ge\u00e7irilmeli ve ard\u0131ndan 1-2 y\u0131lda bir takip edilmelidir. <\/span><\/p>\n<p class=\"brz-lh-lg-1_9 brz-ls-lg-0 brz-fw-lg-400 brz-fss-lg-px brz-fs-lg-16 brz-ft-upload brz-ff-ymubgefsxldrywogxtzekrfkmzwinepjvqkm brz-tp-lg-empty brz-mb-lg-20 brz-css-ngcJ2\" data-generated-css=\"brz-css-ttzgz\" data-uniq-id=\"kumyq\"><span class=\"brz-cp-color7\">Her \u00e7ocu\u011fu ve genci y\u0131lda en az iki kez g\u00f6z muayenesinden ge\u00e7irmeye te\u015fvik ediyoruz. Ne kadar uzun s\u00fcre beklerseniz, daha sonra ciddi g\u00f6rme sorunlar\u0131 geli\u015ftirme riski o kadar y\u00fcksek olur.<\/span><\/p>\n<\/div>\n<\/div>\n<\/div>\n<\/div>\n<\/div>\n<\/div>\n<\/div>\n<\/div>\n<\/div>\n<\/section>\n<\/div>\n<p>    <!-- version:1722052078 --><\/p>\n","protected":false},"excerpt":{"rendered":"<p>G\u00d6Z TEDAV\u0130LER\u0130 Genel G\u00f6z Muayenesi G\u00d6Z TEDAV\u0130LER\u0130 Genel G\u00f6z Muayenesi Genel g\u00f6z muayenesi, g\u00f6zlerinizi incelemek i\u00e7in optometristlerle i\u015fbirli\u011fi i\u00e7inde bir g\u00f6z doktoru veya di\u011fer uzmanlar taraf\u0131ndan yap\u0131lan rutin bir de\u011ferlendirme setidir. G\u00f6r\u00fc\u015f\u00fcn\u00fcz\u00fcn farkl\u0131 y\u00f6nlerini de\u011ferlendiren farkl\u0131 t\u00fcrde genel g\u00f6z muayeneleri vard\u0131r; herkesin g\u00f6z sa\u011fl\u0131\u011f\u0131na bakmak ve dikkat edilmesi gereken bir \u015fey olup olmad\u0131\u011f\u0131n\u0131 g\u00f6rmek i\u00e7in [&hellip;]<\/p>\n","protected":false},"author":5,"featured_media":0,"parent":1202,"menu_order":0,"comment_status":"closed","ping_status":"closed","template":"","meta":{"footnotes":""},"class_list":["post-1205","page","type-page","status-publish","hentry"],"blocksy_meta":{"styles_descriptor":{"styles":{"desktop":"","tablet":"","mobile":""},"google_fonts":[],"version":6}},"_links":{"self":[{"href":"https:\/\/smilinic.com\/tr\/wp-json\/wp\/v2\/pages\/1205","targetHints":{"allow":["GET"]}}],"collection":[{"href":"https:\/\/smilinic.com\/tr\/wp-json\/wp\/v2\/pages"}],"about":[{"href":"https:\/\/smilinic.com\/tr\/wp-json\/wp\/v2\/types\/page"}],"author":[{"embeddable":true,"href":"https:\/\/smilinic.com\/tr\/wp-json\/wp\/v2\/users\/5"}],"replies":[{"embeddable":true,"href":"https:\/\/smilinic.com\/tr\/wp-json\/wp\/v2\/comments?post=1205"}],"version-history":[{"count":0,"href":"https:\/\/smilinic.com\/tr\/wp-json\/wp\/v2\/pages\/1205\/revisions"}],"up":[{"embeddable":true,"href":"https:\/\/smilinic.com\/tr\/wp-json\/wp\/v2\/pages\/1202"}],"wp:attachment":[{"href":"https:\/\/smilinic.com\/tr\/wp-json\/wp\/v2\/media?parent=1205"}],"curies":[{"name":"wp","href":"https:\/\/api.w.org\/{rel}","templated":true}]}}