{"id":1204,"date":"2022-10-06T21:29:06","date_gmt":"2022-10-06T21:29:06","guid":{"rendered":"https:\/\/smilinic.com\/eye-treatments\/cornea\/"},"modified":"2024-07-27T06:43:17","modified_gmt":"2024-07-27T06:43:17","slug":"cornea","status":"publish","type":"page","link":"https:\/\/smilinic.com\/tr\/eye-treatments\/cornea\/","title":{"rendered":"Kornea"},"content":{"rendered":"<div class=\"brz-root__container brz-reset-all brz\">\n<section id=\"uwizzvqjbqeebeehpgxjxrznntqukozofqvd\" class=\"brz-section brz-css-oLPRk\">\n<div class=\"brz-section__content brz-section--boxed brz-css-zb4Oj brz-css-r4Umz\" data-brz-custom-id=\"ufxwsqxpjmapzxcbrjlahxhjqyhvceovhcup\">\n<div class=\"brz-bg\">\n<div class=\"brz-bg-image\"><\/div>\n<div class=\"brz-bg-color\"><\/div>\n<\/div>\n<div class=\"brz-container brz-css-yVNdw brz-css-yABhB\">\n<div id=\"\" class=\"brz-css-sTj24 brz-css-x60kZ brz-wrapper\">\n<div class=\"brz-rich-text brz-rich-text__custom brz-css-jJwyK\" data-brz-custom-id=\"ubdigbjltatqkutpqfdwrbqyfhfykzssykuc\">\n<div data-brz-translate-text=\"1\">\n<p class=\"brz-text-lg-center brz-tp-lg-paragraph brz-css-ptOCp\" data-generated-css=\"brz-css-iujwj\" data-uniq-id=\"krxdi\">G\u00d6Z TEDAV\u0130LER\u0130<\/p>\n<\/div>\n<\/div>\n<\/div>\n<div id=\"\" class=\"brz-css-sTj24 brz-wrapper\">\n<div class=\"brz-rich-text brz-rich-text__custom brz-css-jJwyK\" data-brz-custom-id=\"mjjmxalforgdknhhczsxbazsfhfbbgmeceyx\">\n<div data-brz-translate-text=\"1\">\n<p class=\"brz-fw-lg-700 brz-fss-lg-px brz-fs-lg-54 brz-ft-google brz-ff-roboto brz-tp-lg-empty brz-lh-lg-1 brz-ls-lg-0 brz-text-lg-center brz-css-yVu3Y\" data-generated-css=\"brz-css-fvucr\" data-uniq-id=\"axglh\">Kornea<\/p>\n<\/div>\n<\/div>\n<\/div>\n<\/div>\n<\/div>\n<\/section>\n<section id=\"szfemewcuqvmxhawqhxlcqasdihgpjzeqwbl\" class=\"brz-section brz-css-oLPRk\">\n<div class=\"brz-section__content brz-section--boxed brz-css-zb4Oj brz-css-e0iYv\" data-brz-custom-id=\"otqbcguqiusdkxcpfwbpebrlejdcjhijwmbm\">\n<div class=\"brz-bg\">\n<div class=\"brz-bg-color\"><\/div>\n<\/div>\n<div class=\"brz-container brz-css-yVNdw\">\n<div id=\"whitearea\" class=\"brz-row__container brz-css-ozaeV brz-css-teTUE\" data-brz-custom-id=\"fuwxwpjfepfdjrmtvmzepizuoqyujjejzojq\">\n<div class=\"brz-bg\">\n<div class=\"brz-bg-color\"><\/div>\n<\/div>\n<div class=\"brz-row brz-css-pJSwP brz-css-szg_1\">\n<div class=\"brz-columns brz-css-fltgc brz-css-wsS9W\" data-brz-custom-id=\"syiuzpirckbqpzhvgjbufhpsutfzgvvmpwxs\">\n<div class=\"brz-bg\"><\/div>\n<div class=\"brz-column__items brz-css-b2Yem brz-css-f77G0\">\n<div id=\"\" class=\"brz-css-sTj24 brz-css-snaGH brz-wrapper\">\n<div class=\"brz-image brz-css-iqSFC brz-css-likat\" data-brz-custom-id=\"uegdvnzgsxgdxxaroibowlmprqkejxynubve\"><img decoding=\"async\" class=\"brz-img\" src=\"https:\/\/cafeduo.com.tr\/wp-content\/uploads\/brizy\/imgs\/wp-af1cec191e5d380cf6bbda156adc65d6-652x524x0x0x554x524x1714077551.jpg\" alt=\"\" loading=\"lazy\"><\/div>\n<\/div>\n<\/div>\n<\/div>\n<div class=\"brz-columns brz-css-fltgc brz-css-c4am2\" data-brz-custom-id=\"aictumlxwnobwpswdfjftoqlzjrbfwenemdf\">\n<div class=\"brz-bg\"><\/div>\n<div class=\"brz-column__items brz-css-b2Yem brz-css-kEmu7\">\n<div id=\"\" class=\"brz-css-sTj24 brz-css-wyzUC brz-wrapper\">\n<div class=\"brz-rich-text brz-rich-text__custom brz-css-jJwyK\" data-brz-custom-id=\"mkapywpyivohzlsjsnhdsnomrxarqsggbkac\">\n<div data-brz-translate-text=\"1\">\n<p class=\"brz-fw-lg-700 brz-fss-lg-px brz-fs-lg-12 brz-ft-upload brz-ff-ymubgefsxldrywogxtzekrfkmzwinepjvqkm brz-tp-lg-empty brz-lh-lg-1_9 brz-ls-lg-0 brz-css-q7Xfd\" data-uniq-id=\"pyqlf\" data-generated-css=\"brz-css-ioecz\"><span class=\"brz-cp-color7\">G\u00d6Z TEDAV\u0130LER\u0130<\/span><\/p>\n<\/div>\n<\/div>\n<\/div>\n<div id=\"\" class=\"brz-css-sTj24 brz-css-bLbHh brz-wrapper\">\n<div class=\"brz-rich-text brz-rich-text__custom brz-css-jJwyK\" data-brz-custom-id=\"mhtqrdjpzzvwdgfosocpdoqymxxrytlnxfoi\">\n<div data-brz-translate-text=\"1\">\n<p class=\"brz-fss-lg-px brz-fw-lg-400 brz-ls-lg-0 brz-lh-lg-1_9 brz-tp-lg-empty brz-ff-ymubgefsxldrywogxtzekrfkmzwinepjvqkm brz-ft-upload brz-fs-lg-20 brz-css-jNm1V\" data-uniq-id=\"auhdm\" data-generated-css=\"brz-css-cfuqn\"><strong>Kornea<\/strong><\/p>\n<\/div>\n<\/div>\n<\/div>\n<div id=\"\" class=\"brz-css-sTj24 brz-wrapper\">\n<div class=\"brz-rich-text brz-rich-text__custom brz-css-jJwyK\" data-brz-custom-id=\"mcrqodqvzmuultntawfxcumfdudqkuvyxvqb\">\n<div data-brz-translate-text=\"1\">\n<p class=\"brz-mb-lg-20 brz-tp-lg-empty brz-ff-ymubgefsxldrywogxtzekrfkmzwinepjvqkm brz-ft-upload brz-fs-lg-16 brz-fss-lg-px brz-fw-lg-400 brz-ls-lg-0 brz-lh-lg-1_9 brz-css-oSS5O\" data-uniq-id=\"dszbg\" data-generated-css=\"brz-css-tvpup\"><span class=\"brz-cp-color7\">Kornea, g\u00f6z\u00fcn en \u00f6nemli unsurlar\u0131ndan biridir. I\u015f\u0131k g\u00f6ze ilk olarak korneadan girer ve d\u0131\u015far\u0131dan gelen g\u00f6r\u00fcnt\u00fcleri k\u0131rarak g\u00f6rmemizi sa\u011flar. Kornean\u0131n ana rol\u00fc, g\u00f6ze giren \u0131\u015f\u0131\u011f\u0131n retinaya ula\u015fmas\u0131n\u0131 sa\u011flamak ve retina bu \u0131\u015f\u0131k modelini beyne giden elektrik sinyallerine d\u00f6n\u00fc\u015ft\u00fcrmektir.<\/span><\/p>\n<\/div>\n<\/div>\n<\/div>\n<\/div>\n<\/div>\n<\/div>\n<\/div>\n<\/div>\n<\/div>\n<\/section>\n<section id=\"sblzkopbctbokvrjjtadcuvexudlcktjrscb\" class=\"brz-section brz-css-oLPRk\">\n<div class=\"brz-section__content brz-section--boxed brz-css-zb4Oj brz-css-qpSdV\" data-brz-custom-id=\"gpuujcunzeqtcxxlacyntzdxgbvrrqxobvml\">\n<div class=\"brz-bg\">\n<div class=\"brz-bg-color\"><\/div>\n<\/div>\n<div class=\"brz-container brz-css-yVNdw brz-css-kOp70\">\n<div id=\"\" class=\"brz-css-sTj24 brz-css-bXjHJ brz-wrapper\">\n<div class=\"brz-rich-text brz-rich-text__custom brz-css-jJwyK\" data-brz-custom-id=\"azkfqegirmgtopjnipsamuoectegswkplvss\">\n<div data-brz-translate-text=\"1\">\n<h3 class=\"brz-tp-lg-heading3 brz-text-lg-center brz-css-apoQR\" data-uniq-id=\"hxvka\" data-generated-css=\"brz-css-ufdmi\"><span>Hipermetrop<\/span><\/h3>\n<\/div>\n<\/div>\n<\/div>\n<div id=\"\" class=\"brz-css-sTj24 brz-wrapper\">\n<div class=\"brz-rich-text brz-rich-text__custom brz-css-jJwyK\" data-brz-custom-id=\"zhzcmznqtalqvluyatuncscbdksdylwlckan\">\n<div data-brz-translate-text=\"1\">\n<p class=\"brz-text-lg-center brz-tp-lg-paragraph brz-css-em4Mo\" data-generated-css=\"brz-css-wrunl\" data-uniq-id=\"hjksu\"><span>Hipermetrop, yak\u0131n nesneler i\u00e7in bulan\u0131k g\u00f6r\u00fc\u015f ve uzaktaki nesneler i\u00e7in daha net g\u00f6r\u00fc\u015f deneyimledi\u011finiz anlam\u0131na gelir. Uza\u011f\u0131 g\u00f6rememe, g\u00f6z k\u00fcresi \u00e7ok k\u0131sa oldu\u011funda veya kornea \u00e7ok d\u00fcz oldu\u011funda ortaya \u00e7\u0131kar. Bu, \u0131\u015f\u0131k \u0131\u015f\u0131nlar\u0131n\u0131n retinan\u0131n arkas\u0131na odakland\u0131\u011f\u0131, dolay\u0131s\u0131yla uzaktaki nesnelerin daha net oldu\u011fu anlam\u0131na gelir. Hipermetropi, n\u00fcfusun yakla\u015f\u0131k %5&#8217;inde g\u00f6r\u00fclen en yayg\u0131n g\u00f6z rahats\u0131zl\u0131klar\u0131ndan biridir. Genellikle aileden ge\u00e7er ve diyabet gibi di\u011fer t\u0131bbi durumlardan kaynaklanabilir.<\/span><\/p>\n<\/div>\n<\/div>\n<\/div>\n<\/div>\n<\/div>\n<\/section>\n<section id=\"cvfykhpqmtocyihrenrgjggzdinkptfcaoyb\" class=\"brz-section brz-css-oLPRk\">\n<div class=\"brz-section__content brz-section--boxed brz-css-zb4Oj brz-css-is7Xe\" data-brz-custom-id=\"ugoghcgalnaxkcxfzmxdvvgkggqvgxdjxjis\">\n<div class=\"brz-bg\">\n<div class=\"brz-bg-color\"><\/div>\n<\/div>\n<div class=\"brz-container brz-css-yVNdw brz-css-dE7zj\">\n<div class=\"brz-row__container brz-css-ozaeV\" data-brz-custom-id=\"itpmzbfnewxzewnwrmaedxwuklgmyzqjrihs\">\n<div class=\"brz-bg\"><\/div>\n<div class=\"brz-row brz-css-pJSwP brz-css-zI6yp\">\n<div class=\"brz-columns brz-css-fltgc\" data-brz-custom-id=\"ntksthdqvwpkeycbspadxxhbbukiwombqvme\">\n<div class=\"brz-bg\"><\/div>\n<div class=\"brz-column__items brz-css-b2Yem brz-css-zRk3C\">\n<div id=\"\" class=\"brz-css-sTj24 brz-css-yWh8o brz-wrapper\">\n<div class=\"brz-rich-text brz-rich-text__custom brz-css-jJwyK\" data-brz-custom-id=\"zavzrgbrnygiftsmwkkszpihjavjxcvmgwzl\">\n<div data-brz-translate-text=\"1\">\n<h3 class=\"brz-tp-lg-heading3 brz-css-mSpI4\" data-generated-css=\"brz-css-zqsvc\" data-uniq-id=\"onkti\"><span>KERATOKONS TEDAV\u0130S\u0130<\/span><\/h3>\n<\/div>\n<\/div>\n<\/div>\n<div id=\"\" class=\"brz-css-sTj24 brz-css-jLOjc brz-css-xkh1B brz-wrapper\">\n<div class=\"brz-spacer brz-css-jkmMz brz-css-k6rX9\"><\/div>\n<\/div>\n<div id=\"\" class=\"brz-css-sTj24 brz-wrapper\">\n<div class=\"brz-rich-text brz-rich-text__custom brz-css-jJwyK\" data-brz-custom-id=\"zotdvckmbmabpvuoylodmvzsgnxbdmwwdgxs\">\n<div data-brz-translate-text=\"1\">\n<p class=\"brz-tp-lg-paragraph brz-css-kJklk\" data-uniq-id=\"scawc\" data-generated-css=\"brz-css-rkbcy\"><span>Keratokonus, g\u00f6z\u00fcn\u00fcz\u00fcn \u00f6n k\u0131sm\u0131na yak\u0131n \u015feffaf bir tabaka olan kornean\u0131n incelmesi ve zay\u0131flamas\u0131 ile karakterize edilen bir g\u00f6z hastal\u0131\u011f\u0131d\u0131r. Keratokonus s\u0131kl\u0131kla miyopi ve astigmat gibi semptomlarla seyreder. Bir t\u00fcr ilerleyici g\u00f6z hastal\u0131\u011f\u0131 olan keratokonus tipik olarak her iki g\u00f6zde geli\u015fir ve genellikle bir g\u00f6zde di\u011ferine g\u00f6re daha belirgin g\u00f6r\u00fcl\u00fcr. En yayg\u0131n olarak ergenlik \u00e7a\u011f\u0131ndan itibaren ba\u015flar ve di\u011fer semptomlardan daha h\u0131zl\u0131 ortaya \u00e7\u0131kabilir. Genetik fakt\u00f6rler hastal\u0131\u011f\u0131n ortaya \u00e7\u0131kmas\u0131nda rol oynar. Bu nedenle, ailesinde diyabet \u00f6yk\u00fcs\u00fc olanlar\u0131n d\u00fczenli olarak g\u00f6z doktorlar\u0131 taraf\u0131ndan kontrol edilmesi \u00f6nemlidir. Keratokonus genellikle 10-25 ya\u015f aral\u0131\u011f\u0131ndaki insanlar\u0131 etkiler. Genellikle 20&#8217;den itibaren ilerler, ancak 40&#8217;tan sonra yava\u015flar. G\u00f6z giderek daha d\u00fczensiz hale gelmeden \u00f6nce ba\u015fka belirtiler de vard\u0131r ve bu durum bizi uyaran \u015feydir. Bunun da maalesef d\u0131\u015f d\u00fcnyadan gelen \u0131\u015f\u0131\u011f\u0131n retinam\u0131z\u0131n i\u00e7 k\u0131sm\u0131na odaklanamamas\u0131 gibi talihsiz bir sonucu vard\u0131r. Sonu\u00e7 olarak, ki\u015finin kitap okumak, araba kullanmak gibi kendi ba\u015f\u0131na yapabilece\u011fi g\u00fcnl\u00fck aktiviteleri yapmas\u0131 zorla\u015f\u0131r.<\/span><\/p>\n<\/div>\n<\/div>\n<\/div>\n<\/div>\n<\/div>\n<div class=\"brz-columns brz-css-fltgc\" data-brz-custom-id=\"dgxcfsfvdqwmzgktzcqrxtjzmczjvyxhknly\">\n<div class=\"brz-column__items brz-css-b2Yem brz-css-gJ4xa\">\n<div id=\"\" class=\"brz-css-sTj24 brz-css-ktryp brz-wrapper\">\n<div class=\"brz-rich-text brz-rich-text__custom brz-css-jJwyK\" data-brz-custom-id=\"ngfabfdcogryacibzbpzdgggvnmmmsuwahfz\">\n<div data-brz-translate-text=\"1\">\n<h3 class=\"brz-tp-lg-heading3 brz-css-tOomi\" data-generated-css=\"brz-css-gbpsg\" data-uniq-id=\"dkwpk\"><strong>KORNEA NAKL\u0130 (Keratoplasti)<\/strong><\/h3>\n<\/div>\n<\/div>\n<\/div>\n<div id=\"\" class=\"brz-css-sTj24 brz-css-jLOjc brz-css-wb2xZ brz-wrapper\">\n<div class=\"brz-spacer brz-css-jkmMz brz-css-g9oIF\"><\/div>\n<\/div>\n<div id=\"\" class=\"brz-css-sTj24 brz-wrapper\">\n<div class=\"brz-rich-text brz-rich-text__custom brz-css-jJwyK\" data-brz-custom-id=\"curpqvhrfrhsdirvhrjyprjfvfbcwnsmhitu\">\n<div data-brz-translate-text=\"1\">\n<p class=\"brz-tp-lg-paragraph brz-css-pskfQ\" data-uniq-id=\"wckcx\" data-generated-css=\"brz-css-mflzn\">Kornea, g\u00f6z\u00fc kaplayan ve s\u0131v\u0131y\u0131 g\u00f6z\u00fcn\u00fczde tutan \u015feffaf dokudur. Bazen kornea opak hale gelir veya \u015fekli de\u011fi\u015febilir. Bu durumda ki\u015finin g\u00f6rme keskinli\u011fi azalacakt\u0131r. Kornea nakli ameliyat\u0131nda eski, bulan\u0131k tabaka kadavradan al\u0131nan \u015feffaf don\u00f6r tabaka ile de\u011fi\u015ftirilir. Kornea nakli lezyonun yerine g\u00f6re farkl\u0131 \u015fekillerde yap\u0131lmaktad\u0131r. Hastal\u0131k t\u00fcm katmanlar\u0131 etkilemi\u015fse, penetran kornea nakli yap\u0131lmas\u0131 muhtemeldir. Hastal\u0131k kornean\u0131n \u00f6n k\u0131sm\u0131n\u0131 etkilemi\u015f ve \u015feklinin de\u011fi\u015fmesine neden olmu\u015fsa kornean\u0131n sadece \u00f6n y\u00fczeyi de\u011fi\u015ftirilebilir. Biz buna derin anterior lameller keratoplasti (DALK) diyoruz. Korneadaki hasar sadece arka k\u0131s\u0131mda ise sadece o k\u0131s\u0131m de\u011fi\u015ftirilir. Sadece arka k\u0131sm\u0131 de\u011fi\u015ftirmek diki\u015f olmad\u0131\u011f\u0131 anlam\u0131na gelir, bu nedenle astigmat olu\u015fmaz.<\/p>\n<\/div>\n<\/div>\n<\/div>\n<\/div>\n<\/div>\n<\/div>\n<\/div>\n<\/div>\n<\/div>\n<\/section>\n<section id=\"ulmluzfknelhyrwpylbmsslfwqmjlknplhpg\" class=\"brz-section brz-css-oLPRk\">\n<div class=\"brz-section__content brz-section--boxed brz-css-zb4Oj brz-css-atcP3\" data-brz-custom-id=\"kdtdtcwzniohkviheseydwnhzpoogdyvdomy\">\n<div class=\"brz-bg\">\n<div class=\"brz-bg-color\"><\/div>\n<\/div>\n<div class=\"brz-container brz-css-yVNdw brz-css-qMQx5\">\n<div class=\"brz-row__container brz-css-ozaeV\" data-brz-custom-id=\"cxpokrthatoqvwcctrqjoutgirjrgmtobebc\">\n<div class=\"brz-bg\"><\/div>\n<div class=\"brz-row brz-css-pJSwP brz-css-zI6yp\">\n<div class=\"brz-columns brz-css-fltgc\" data-brz-custom-id=\"gnpgrfmnljlpsqwoaiknoyrftayaixpbgswp\">\n<div class=\"brz-bg\"><\/div>\n<div class=\"brz-column__items brz-css-b2Yem brz-css-dB40o\">\n<div id=\"\" class=\"brz-css-sTj24 brz-css-pIymB brz-wrapper\">\n<div class=\"brz-rich-text brz-rich-text__custom brz-css-jJwyK\" data-brz-custom-id=\"rtwhneqanxptvabxdndolqdctojxpuelvrxn\">\n<div data-brz-translate-text=\"1\">\n<h3 class=\"brz-tp-lg-heading3 brz-css-msCxs\" data-generated-css=\"brz-css-iykti\" data-uniq-id=\"dkczk\"><span>Miyop<\/span><\/h3>\n<\/div>\n<\/div>\n<\/div>\n<div id=\"\" class=\"brz-css-sTj24 brz-css-jLOjc brz-css-vtENJ brz-wrapper\">\n<div class=\"brz-spacer brz-css-jkmMz brz-css-oVGwo\"><\/div>\n<\/div>\n<div id=\"\" class=\"brz-css-sTj24 brz-wrapper\">\n<div class=\"brz-rich-text brz-rich-text__custom brz-css-jJwyK\" data-brz-custom-id=\"wmjnnqkahpcoxpeabfdgftyuwufexmrukfwd\">\n<div data-brz-translate-text=\"1\">\n<p class=\"brz-tp-lg-paragraph brz-css-pWVyO\" data-generated-css=\"brz-css-bwuyt\" data-uniq-id=\"udjcc\"><span>Miyopi, \u0131\u015f\u0131\u011f\u0131n retina yerine \u00f6n\u00fcnde odakland\u0131\u011f\u0131 bir g\u00f6z hastal\u0131\u011f\u0131d\u0131r. Yak\u0131n nesneleri normal bir \u015fekilde g\u00f6r\u00fcrken uzaktaki nesneleri bulan\u0131kla\u015ft\u0131ran bir g\u00f6z rahats\u0131zl\u0131\u011f\u0131d\u0131r. Miyopisi olan ki\u015filer uzaktaki nesneleri g\u00f6remezler; sadece kendilerine yak\u0131n olan \u015feyleri g\u00f6rebilirler. 3 ki\u015fiden 1&#8217;i, g\u00f6zl\u00fck, kontakt lens veya ameliyatla kolayca d\u00fczeltilebilen miyopi ad\u0131 verilen yayg\u0131n bir durumdan muzdariptir.<\/span><\/p>\n<\/div>\n<\/div>\n<\/div>\n<\/div>\n<\/div>\n<div class=\"brz-columns brz-css-fltgc\" data-brz-custom-id=\"kvjtesfdcffldwumnuwlwxsqxspurkjawsab\">\n<div class=\"brz-column__items brz-css-b2Yem brz-css-qFn8Z\">\n<div id=\"\" class=\"brz-css-sTj24 brz-css-pFM9z brz-wrapper\">\n<div class=\"brz-rich-text brz-rich-text__custom brz-css-jJwyK\" data-brz-custom-id=\"rkvqdthgeenaapsutvzkqtzhpxqdrjichurw\">\n<div data-brz-translate-text=\"1\">\n<h3 class=\"brz-tp-lg-heading3 brz-css-ueCDO\" data-generated-css=\"brz-css-efbdh\" data-uniq-id=\"ogszh\"><strong>AST\u0130GMAT<\/strong><\/h3>\n<\/div>\n<\/div>\n<\/div>\n<div id=\"\" class=\"brz-css-sTj24 brz-css-jLOjc brz-css-nPjDr brz-wrapper\">\n<div class=\"brz-spacer brz-css-jkmMz brz-css-srY7s\"><\/div>\n<\/div>\n<div id=\"\" class=\"brz-css-sTj24 brz-wrapper\">\n<div class=\"brz-rich-text brz-rich-text__custom brz-css-jJwyK\" data-brz-custom-id=\"cdyglymyvflztzljtevwyyqnrlhphthmpuri\">\n<div data-brz-translate-text=\"1\">\n<p class=\"brz-tp-lg-paragraph brz-css-eg_Uv\" data-generated-css=\"brz-css-lreww\" data-uniq-id=\"wplap\"><span>Astigmatizm, g\u00f6z\u00fcn\u00fcz\u00fcn \u0131\u015f\u0131\u011f\u0131 k\u0131rma bi\u00e7imindeki ince kusurlar\u0131n neden oldu\u011fu yayg\u0131n bir durumdur. G\u00f6z\u00fcn\u00fcz\u00fcn i\u00e7 k\u0131sm\u0131ndaki mercekten ge\u00e7en \u0131\u015f\u0131k \u0131\u015f\u0131nlar\u0131n\u0131n hepsi ayn\u0131 derecede b\u00fck\u00fclmedi\u011finde meydana gelir ve bu da bulan\u0131k bir g\u00f6r\u00fcnt\u00fcye neden olur. Astigmatl\u0131larda oldu\u011fu gibi Kornean\u0131n \u015fekli de\u011fi\u015fti\u011finde \u0131\u015f\u0131k \u0131\u015f\u0131nlar\u0131n\u0131n farkl\u0131 odak noktalar\u0131 olabilir. Astigmatizm, genellikle asferik bir korneaya sahip olarak not edilen bir durumdur. Bu, \u0131\u015f\u0131\u011f\u0131n birden fazla yerde toplanmas\u0131na ve odaklanmas\u0131na yol a\u00e7arak bulan\u0131k g\u00f6r\u00fc\u015fe neden olur. I\u015f\u0131k birden fazla odak noktas\u0131 olu\u015fturdu\u011fundan, bu bulan\u0131k g\u00f6r\u00fc\u015fe yol a\u00e7abilir. Hem uzak hem de yak\u0131n \u00e7ekimde bulan\u0131k g\u00f6rme ya\u015fayabilirsiniz. \u0130ki t\u00fcr astigmat vard\u0131r. Birincisi kornea astigmatizmi, di\u011feri ise lentik\u00fcler astigmatizmad\u0131r. Astigmatizm, miyop, hipermetrop gibi di\u011fer k\u0131rma kusurlar\u0131 ile birlikte veya baz\u0131 presbiyopi vakalar\u0131 ile birlikte g\u00f6r\u00fclebilir.<\/span><\/p>\n<\/div>\n<\/div>\n<\/div>\n<\/div>\n<\/div>\n<\/div>\n<\/div>\n<\/div>\n<\/div>\n<\/section>\n<\/div>\n<p>    <!-- version:1722062597 --><\/p>\n","protected":false},"excerpt":{"rendered":"<p>G\u00d6Z TEDAV\u0130LER\u0130 Kornea G\u00d6Z TEDAV\u0130LER\u0130 Kornea Kornea, g\u00f6z\u00fcn en \u00f6nemli unsurlar\u0131ndan biridir. I\u015f\u0131k g\u00f6ze ilk olarak korneadan girer ve d\u0131\u015far\u0131dan gelen g\u00f6r\u00fcnt\u00fcleri k\u0131rarak g\u00f6rmemizi sa\u011flar. Kornean\u0131n ana rol\u00fc, g\u00f6ze giren \u0131\u015f\u0131\u011f\u0131n retinaya ula\u015fmas\u0131n\u0131 sa\u011flamak ve retina bu \u0131\u015f\u0131k modelini beyne giden elektrik sinyallerine d\u00f6n\u00fc\u015ft\u00fcrmektir. Hipermetrop Hipermetrop, yak\u0131n nesneler i\u00e7in bulan\u0131k g\u00f6r\u00fc\u015f ve uzaktaki nesneler i\u00e7in [&hellip;]<\/p>\n","protected":false},"author":5,"featured_media":0,"parent":1202,"menu_order":0,"comment_status":"closed","ping_status":"closed","template":"","meta":{"footnotes":""},"class_list":["post-1204","page","type-page","status-publish","hentry"],"blocksy_meta":{"styles_descriptor":{"styles":{"desktop":"","tablet":"","mobile":""},"google_fonts":[],"version":6}},"_links":{"self":[{"href":"https:\/\/smilinic.com\/tr\/wp-json\/wp\/v2\/pages\/1204","targetHints":{"allow":["GET"]}}],"collection":[{"href":"https:\/\/smilinic.com\/tr\/wp-json\/wp\/v2\/pages"}],"about":[{"href":"https:\/\/smilinic.com\/tr\/wp-json\/wp\/v2\/types\/page"}],"author":[{"embeddable":true,"href":"https:\/\/smilinic.com\/tr\/wp-json\/wp\/v2\/users\/5"}],"replies":[{"embeddable":true,"href":"https:\/\/smilinic.com\/tr\/wp-json\/wp\/v2\/comments?post=1204"}],"version-history":[{"count":0,"href":"https:\/\/smilinic.com\/tr\/wp-json\/wp\/v2\/pages\/1204\/revisions"}],"up":[{"embeddable":true,"href":"https:\/\/smilinic.com\/tr\/wp-json\/wp\/v2\/pages\/1202"}],"wp:attachment":[{"href":"https:\/\/smilinic.com\/tr\/wp-json\/wp\/v2\/media?parent=1204"}],"curies":[{"name":"wp","href":"https:\/\/api.w.org\/{rel}","templated":true}]}}