{"id":1203,"date":"2022-10-06T21:28:53","date_gmt":"2022-10-06T21:28:53","guid":{"rendered":"https:\/\/smilinic.com\/eye-treatments\/cataract-surgery\/"},"modified":"2024-07-27T10:09:01","modified_gmt":"2024-07-27T10:09:01","slug":"cataract-surgery","status":"publish","type":"page","link":"https:\/\/smilinic.com\/tr\/eye-treatments\/cataract-surgery\/","title":{"rendered":"Katarakt Ameliyat\u0131"},"content":{"rendered":"<div class=\"brz-root__container brz-reset-all brz\">\n<section id=\"isenrgwblomkgdacrtzaojexftbywzqxhipa\" class=\"brz-section brz-css-jJsNn\">\n<div class=\"brz-section__content brz-section--boxed brz-css-iJDMJ brz-css-p9wQR\" data-brz-custom-id=\"xiuadukrqutnhqvqmfugnzbyigamtikutiry\">\n<div class=\"brz-bg\">\n<div class=\"brz-bg-image\"><\/div>\n<div class=\"brz-bg-color\"><\/div>\n<\/div>\n<div class=\"brz-container brz-css-hLcmp brz-css-sUeBz\">\n<div id=\"\" class=\"brz-css-ckn4K brz-css-lJVFX brz-wrapper\">\n<div class=\"brz-rich-text brz-rich-text__custom brz-css-rWEnH\" data-brz-custom-id=\"atntjqohsnilgolzlxicrcvpmjdymqcuiwbw\">\n<div data-brz-translate-text=\"1\">\n<p class=\"brz-text-lg-center brz-tp-lg-paragraph brz-css-mbPA4\" data-generated-css=\"brz-css-dtknd\" data-uniq-id=\"mgxph\">G\u00d6Z TEDAV\u0130LER\u0130<\/p>\n<\/div>\n<\/div>\n<\/div>\n<div id=\"\" class=\"brz-css-ckn4K brz-wrapper\">\n<div class=\"brz-rich-text brz-rich-text__custom brz-css-rWEnH\" data-brz-custom-id=\"tffhupdxyxiaottozijywkcybjkavjvsoiik\">\n<div data-brz-translate-text=\"1\">\n<p class=\"brz-text-lg-center brz-ls-lg-0 brz-lh-lg-1 brz-tp-lg-empty brz-ff-roboto brz-ft-google brz-fs-lg-54 brz-fss-lg-px brz-fw-lg-700 brz-css-lCV4S\" data-uniq-id=\"azdan\" data-generated-css=\"brz-css-ydvxb\">Katarakt Ameliyat\u0131<\/p>\n<\/div>\n<\/div>\n<\/div>\n<\/div>\n<\/div>\n<\/section>\n<section id=\"csjirgiqmgdolqlsfzezdptcpkypaoulhnkh\" class=\"brz-section brz-css-jJsNn\">\n<div class=\"brz-section__content brz-section--boxed brz-css-iJDMJ brz-css-aA8GH\" data-brz-custom-id=\"tmtgqspxnlqvrdlgjjoidwzmsgaausmrgikk\">\n<div class=\"brz-bg\">\n<div class=\"brz-bg-color\"><\/div>\n<\/div>\n<div class=\"brz-container brz-css-hLcmp\">\n<div id=\"whitearea\" class=\"brz-row__container brz-css-rVijJ brz-css-u0zPU\" data-brz-custom-id=\"ojniwbsambkohrgjxfgrsjptupuunpkfwpck\">\n<div class=\"brz-bg\">\n<div class=\"brz-bg-color\"><\/div>\n<\/div>\n<div class=\"brz-row brz-css-zlfE5 brz-css-qJIlE\">\n<div class=\"brz-columns brz-css-obuIr brz-css-bZjhA\" data-brz-custom-id=\"uzgseecubkggmocbmgmihtfuxhyckqnljbnx\">\n<div class=\"brz-bg\"><\/div>\n<div class=\"brz-column__items brz-css-cd6SC brz-css-gHzB5\">\n<div id=\"\" class=\"brz-css-ckn4K brz-css-nPMwI brz-wrapper\">\n<div class=\"brz-image brz-css-ekZY6 brz-css-nTthG\" data-brz-custom-id=\"xhcoolkobelnjtehkqkgtrnpkvedemdqgura\"><img decoding=\"async\" class=\"brz-img\" src=\"https:\/\/cafeduo.com.tr\/wp-content\/uploads\/brizy\/imgs\/wp-af1cec191e5d380cf6bbda156adc65d6-773x622x0x0x554x622x1714077551.jpg\" alt=\"\" loading=\"lazy\"><\/div>\n<\/div>\n<\/div>\n<\/div>\n<div class=\"brz-columns brz-css-obuIr brz-css-vD3fY\" data-brz-custom-id=\"bcatcxzrvfqfcobdcldoclaxumtozynzfsmy\">\n<div class=\"brz-bg\"><\/div>\n<div class=\"brz-column__items brz-css-cd6SC brz-css-difyM\">\n<div id=\"\" class=\"brz-css-ckn4K brz-css-niC8T brz-wrapper\">\n<div class=\"brz-rich-text brz-rich-text__custom brz-css-rWEnH\" data-brz-custom-id=\"shzejwgnfpvmmltfnayqjcofawzvcdozempc\">\n<div data-brz-translate-text=\"1\">\n<p class=\"brz-fw-lg-700 brz-fss-lg-px brz-fs-lg-12 brz-ft-upload brz-ff-ymubgefsxldrywogxtzekrfkmzwinepjvqkm brz-tp-lg-empty brz-lh-lg-1_9 brz-ls-lg-0 brz-css-bDs8g\" data-uniq-id=\"glcih\" data-generated-css=\"brz-css-fkzfz\"><span class=\"brz-cp-color7\">G\u00d6Z TEDAV\u0130LER\u0130<\/span><\/p>\n<\/div>\n<\/div>\n<\/div>\n<div id=\"\" class=\"brz-css-ckn4K brz-css-zW39X brz-wrapper\">\n<div class=\"brz-rich-text brz-rich-text__custom brz-css-rWEnH\" data-brz-custom-id=\"jxbcdkvjpbfzefaawfmglncvahdaynahvmze\">\n<div data-brz-translate-text=\"1\">\n<p class=\"brz-fss-lg-px brz-fw-lg-400 brz-ls-lg-0 brz-lh-lg-1_9 brz-tp-lg-empty brz-ff-ymubgefsxldrywogxtzekrfkmzwinepjvqkm brz-ft-upload brz-fs-lg-20 brz-css-q0U9f\" data-uniq-id=\"mgjrs\" data-generated-css=\"brz-css-rxyru\"><strong>Katarakt Ameliyat\u0131<\/strong><\/p>\n<\/div>\n<\/div>\n<\/div>\n<div id=\"\" class=\"brz-css-ckn4K brz-wrapper\">\n<div class=\"brz-rich-text brz-rich-text__custom brz-css-rWEnH\" data-brz-custom-id=\"xskgffsneduwnxyjgrmcmuydzuehgfjxsane\">\n<div data-brz-translate-text=\"1\">\n<p class=\"brz-mb-lg-20 brz-tp-lg-empty brz-ff-ymubgefsxldrywogxtzekrfkmzwinepjvqkm brz-ft-upload brz-fs-lg-16 brz-fss-lg-px brz-fw-lg-400 brz-ls-lg-0 brz-lh-lg-1_9 brz-css-x1d33\" data-uniq-id=\"rftwa\" data-generated-css=\"brz-css-zphdz\"><span class=\"brz-cp-color7\">Katarakt, g\u00f6z merce\u011finin bulan\u0131kla\u015ft\u0131\u011f\u0131 ve \u0131\u015f\u0131\u011f\u0131n g\u00f6ze gelmesini engelledi\u011fi bir durumdur. G\u00f6z\u00fcn renkli k\u0131sm\u0131 olan iris, g\u00f6z\u00fcn i\u00e7indeki yap\u0131daki proteinlerdeki kimyasal de\u011fi\u015fikliklerden olu\u015fur. Bu de\u011fi\u015fikliklerin bir sonucu olarak, y\u00fcksek d\u00fczeyde a\u011f\u0131rl\u0131kl\u0131 &#8220;molek\u00fcler protein k\u00fcmeleri&#8221; olu\u015fur. Lensin dokusundaki bu de\u011fi\u015fiklikle olu\u015fan g\u00f6z \u015feffafl\u0131\u011f\u0131n\u0131 kaybeder. I\u015f\u0131k retinaya sa\u011fl\u0131kl\u0131 bir \u015fekilde ula\u015fmad\u0131\u011f\u0131nda g\u00f6rme kayb\u0131 olu\u015fur. Bu durumun ana sebebi lekelenme sonucu olu\u015fan partik\u00fcller sonucunda g\u00f6ze giren \u0131\u015f\u0131\u011f\u0131n da\u011f\u0131l\u0131m\u0131n\u0131n azalmas\u0131 ve bu nedenle g\u00f6r\u00fcnt\u00fcn\u00fcn retina \u00fczerine sa\u011fl\u0131kl\u0131 bir \u015fekilde d\u00fc\u015fmemesidir. <\/span><\/p>\n<p class=\"brz-mb-lg-20 brz-tp-lg-empty brz-ff-ymubgefsxldrywogxtzekrfkmzwinepjvqkm brz-ft-upload brz-fs-lg-16 brz-fss-lg-px brz-fw-lg-400 brz-ls-lg-0 brz-lh-lg-1_9 brz-css-i455Z\" data-uniq-id=\"aawcj\" data-generated-css=\"brz-css-twcax\"><span class=\"brz-cp-color7\">G\u00f6rme bulan\u0131kl\u0131\u011f\u0131n\u0131 belli bir seviyeye geldi\u011finde tedavi etmek \u00f6nemlidir. Hastal\u0131\u011f\u0131n evresi ne kadar erken olursa, uyum sa\u011flamak o kadar kolay olur. G\u00f6rme g\u00fc\u00e7l\u00fckleri olu\u015fmaya ba\u015flad\u0131\u011f\u0131nda, insanlar art\u0131k araba kullanmak gibi basit g\u00fcnl\u00fck aktiviteleri yapamayacaklar\u0131n\u0131 fark edebilirler. <\/span><\/p>\n<p class=\"brz-mb-lg-20 brz-tp-lg-empty brz-ff-ymubgefsxldrywogxtzekrfkmzwinepjvqkm brz-ft-upload brz-fs-lg-16 brz-fss-lg-px brz-fw-lg-400 brz-ls-lg-0 brz-lh-lg-1_9 brz-css-hHper\" data-uniq-id=\"bnfpl\" data-generated-css=\"brz-css-lsnkc\"><span class=\"brz-cp-color7\">G\u00f6z merce\u011fimiz en erken ya\u015flanan dokumuzdur. Bireyler g\u00f6rme ile ilgili herhangi bir sorunu olmasa bile g\u00f6rme sorunu ya\u015fayabilirler. Bundan sonra 60 ya\u015f\u0131ndan itibaren \u015feffafl\u0131\u011f\u0131n\u0131 kaybetmeye ba\u015flayan g\u00f6z merce\u011finde katarakt geli\u015fme riski \u00e7ok y\u00fcksektir. Buradan bak\u0131ld\u0131\u011f\u0131nda katarakt bazen bir hastal\u0131k olabilir ama \u00e7o\u011funlukla do\u011fal bir sonu\u00e7 olarak ortaya \u00e7\u0131kan bir durumdur. Bu nedenle katarakt ameliyat\u0131 t\u00fcm d\u00fcnyada en yayg\u0131n ameliyatlardan biri olarak kabul edilir.<\/span><\/p>\n<\/div>\n<\/div>\n<\/div>\n<\/div>\n<\/div>\n<\/div>\n<\/div>\n<\/div>\n<\/div>\n<\/section>\n<\/div>\n<p>    <!-- version:1722074941 --><\/p>\n","protected":false},"excerpt":{"rendered":"<p>G\u00d6Z TEDAV\u0130LER\u0130 Katarakt Ameliyat\u0131 G\u00d6Z TEDAV\u0130LER\u0130 Katarakt Ameliyat\u0131 Katarakt, g\u00f6z merce\u011finin bulan\u0131kla\u015ft\u0131\u011f\u0131 ve \u0131\u015f\u0131\u011f\u0131n g\u00f6ze gelmesini engelledi\u011fi bir durumdur. G\u00f6z\u00fcn renkli k\u0131sm\u0131 olan iris, g\u00f6z\u00fcn i\u00e7indeki yap\u0131daki proteinlerdeki kimyasal de\u011fi\u015fikliklerden olu\u015fur. Bu de\u011fi\u015fikliklerin bir sonucu olarak, y\u00fcksek d\u00fczeyde a\u011f\u0131rl\u0131kl\u0131 &#8220;molek\u00fcler protein k\u00fcmeleri&#8221; olu\u015fur. Lensin dokusundaki bu de\u011fi\u015fiklikle olu\u015fan g\u00f6z \u015feffafl\u0131\u011f\u0131n\u0131 kaybeder. I\u015f\u0131k retinaya sa\u011fl\u0131kl\u0131 bir [&hellip;]<\/p>\n","protected":false},"author":5,"featured_media":0,"parent":1202,"menu_order":0,"comment_status":"closed","ping_status":"closed","template":"","meta":{"footnotes":""},"class_list":["post-1203","page","type-page","status-publish","hentry"],"blocksy_meta":{"styles_descriptor":{"styles":{"desktop":"","tablet":"","mobile":""},"google_fonts":[],"version":6}},"_links":{"self":[{"href":"https:\/\/smilinic.com\/tr\/wp-json\/wp\/v2\/pages\/1203","targetHints":{"allow":["GET"]}}],"collection":[{"href":"https:\/\/smilinic.com\/tr\/wp-json\/wp\/v2\/pages"}],"about":[{"href":"https:\/\/smilinic.com\/tr\/wp-json\/wp\/v2\/types\/page"}],"author":[{"embeddable":true,"href":"https:\/\/smilinic.com\/tr\/wp-json\/wp\/v2\/users\/5"}],"replies":[{"embeddable":true,"href":"https:\/\/smilinic.com\/tr\/wp-json\/wp\/v2\/comments?post=1203"}],"version-history":[{"count":0,"href":"https:\/\/smilinic.com\/tr\/wp-json\/wp\/v2\/pages\/1203\/revisions"}],"up":[{"embeddable":true,"href":"https:\/\/smilinic.com\/tr\/wp-json\/wp\/v2\/pages\/1202"}],"wp:attachment":[{"href":"https:\/\/smilinic.com\/tr\/wp-json\/wp\/v2\/media?parent=1203"}],"curies":[{"name":"wp","href":"https:\/\/api.w.org\/{rel}","templated":true}]}}