{"id":1201,"date":"2022-10-06T21:22:01","date_gmt":"2022-10-06T21:22:01","guid":{"rendered":"https:\/\/smilinic.com\/esthetic-beauty\/spider-web-aesthetics\/"},"modified":"2024-07-27T20:09:15","modified_gmt":"2024-07-27T20:09:15","slug":"spider-web-aesthetics","status":"publish","type":"page","link":"https:\/\/smilinic.com\/tr\/esthetic-beauty\/spider-web-aesthetics\/","title":{"rendered":"\u00d6r\u00fcmcek A\u011f\u0131 Esteti\u011fi"},"content":{"rendered":"<div class=\"brz-root__container brz-reset-all brz\">\n<section id=\"rmnewzwxjbqyvcdqdrjsirbgohlmxbicurav\" class=\"brz-section brz-css-zHS48\">\n<div class=\"brz-section__content brz-section--boxed brz-css-dqsNP brz-css-mC2B_\" data-brz-custom-id=\"ofvxziyipmnbispqlwdfnsiqynulmrdpbssq\">\n<div class=\"brz-bg\">\n<div class=\"brz-bg-image\"><\/div>\n<div class=\"brz-bg-color\"><\/div>\n<\/div>\n<div class=\"brz-container brz-css-pKY4r brz-css-d81Yv\">\n<div id=\"\" class=\"brz-css-hSNNz brz-css-kEji5 brz-wrapper\">\n<div class=\"brz-rich-text brz-rich-text__custom brz-css-eIx6R\" data-brz-custom-id=\"szmjoysuldriczdmpvuhfqqpigekeojscooy\">\n<div data-brz-translate-text=\"1\">\n<p class=\"brz-tp-lg-paragraph brz-text-lg-center brz-css-mP4sQ\" data-uniq-id=\"hidrh\" data-generated-css=\"brz-css-spqcz\">ESTET\u0130K &amp; G\u00dcZELL\u0130K<\/p>\n<\/div>\n<\/div>\n<\/div>\n<div id=\"\" class=\"brz-css-hSNNz brz-wrapper\">\n<div class=\"brz-rich-text brz-rich-text__custom brz-css-eIx6R\" data-brz-custom-id=\"ayfnawuaksafuruifmubzpqbaryzfiwnomsf\">\n<div data-brz-translate-text=\"1\">\n<p class=\"brz-fw-lg-700 brz-fss-lg-px brz-fs-lg-54 brz-ft-google brz-ff-roboto brz-tp-lg-empty brz-lh-lg-1 brz-ls-lg-0 brz-text-lg-center brz-css-nm93b\" data-generated-css=\"brz-css-uawdn\" data-uniq-id=\"naypo\">\u00d6r\u00fcmcek A\u011f\u0131 Esteti\u011fi<\/p>\n<\/div>\n<\/div>\n<\/div>\n<\/div>\n<\/div>\n<\/section>\n<section id=\"kfeiymbanvmncgcrsjndzboqcuervyamxldr\" class=\"brz-section brz-css-zHS48\">\n<div class=\"brz-section__content brz-section--boxed brz-css-dqsNP brz-css-zI5I3\" data-brz-custom-id=\"xtwjvragjmpbivzmgaqhqszyiwdeynccrrnd\">\n<div class=\"brz-bg\">\n<div class=\"brz-bg-color\"><\/div>\n<\/div>\n<div class=\"brz-container brz-css-pKY4r\">\n<div id=\"whitearea\" class=\"brz-row__container brz-css-gziJP brz-css-wt1gH\" data-brz-custom-id=\"vzviornevfcuvalqvnwydygflefpwgyrhfkp\">\n<div class=\"brz-bg\">\n<div class=\"brz-bg-color\"><\/div>\n<\/div>\n<div class=\"brz-row brz-css-ruR8a brz-css-dELkC\">\n<div class=\"brz-columns brz-css-xjABe brz-css-xGrh7\" data-brz-custom-id=\"qyxhhkvfvrldneojwmyympslnfxnqingrntk\">\n<div class=\"brz-bg\"><\/div>\n<div class=\"brz-column__items brz-css-arXul brz-css-z1W1w\">\n<div id=\"\" class=\"brz-css-hSNNz brz-css-eKwKY brz-wrapper\">\n<div class=\"brz-image brz-css-efC3b brz-css-zcntR\" data-brz-custom-id=\"eicwwzmcspcowkawkaibsuncyyzxpbopttdl\"><img decoding=\"async\" class=\"brz-img\" src=\"https:\/\/cafeduo.com.tr\/wp-content\/uploads\/brizy\/imgs\/wp-4494474457f2e1bc7d2f5bfb5fd2d9b6-554x832x0x55x554x622x1714077551.jpg\" alt=\"\" loading=\"lazy\"><\/div>\n<\/div>\n<\/div>\n<\/div>\n<div class=\"brz-columns brz-css-xjABe brz-css-adJl0\" data-brz-custom-id=\"qxdvotvwihfjnxlbdezvqzbkcgysijwvzaby\">\n<div class=\"brz-bg\"><\/div>\n<div class=\"brz-column__items brz-css-arXul brz-css-z3MQt\">\n<div id=\"\" class=\"brz-css-hSNNz brz-css-vJH0r brz-wrapper\">\n<div class=\"brz-rich-text brz-rich-text__custom brz-css-eIx6R\" data-brz-custom-id=\"gfrcomnzsdmtyectpoyvibpxsrvfwlkvafdu\">\n<div data-brz-translate-text=\"1\">\n<p class=\"brz-ls-lg-0 brz-lh-lg-1_9 brz-tp-lg-empty brz-ff-ymubgefsxldrywogxtzekrfkmzwinepjvqkm brz-ft-upload brz-fs-lg-12 brz-fss-lg-px brz-fw-lg-700 brz-css-zySke\" data-generated-css=\"brz-css-yqtbw\" data-uniq-id=\"yguub\"><span class=\"brz-cp-color7\">ESTET\u0130K &amp; G\u00dcZELL\u0130K<\/span><\/p>\n<\/div>\n<\/div>\n<\/div>\n<div id=\"\" class=\"brz-css-hSNNz brz-css-rfBGr brz-wrapper\">\n<div class=\"brz-rich-text brz-rich-text__custom brz-css-eIx6R\" data-brz-custom-id=\"nxjawtxdkfythvzmjkcaoaelyxeryellgkht\">\n<div data-brz-translate-text=\"1\">\n<p class=\"brz-fss-lg-px brz-fw-lg-400 brz-ls-lg-0 brz-lh-lg-1_9 brz-tp-lg-empty brz-ff-ymubgefsxldrywogxtzekrfkmzwinepjvqkm brz-ft-upload brz-fs-lg-20 brz-css-wVmcf\" data-uniq-id=\"yyjlp\" data-generated-css=\"brz-css-kozns\"><strong>\u00d6r\u00fcmcek A\u011f\u0131 Esteti\u011fi<\/strong><\/p>\n<\/div>\n<\/div>\n<\/div>\n<div id=\"\" class=\"brz-css-hSNNz brz-wrapper\">\n<div class=\"brz-rich-text brz-rich-text__custom brz-css-eIx6R\" data-brz-custom-id=\"kvllpbxanlouryojusdsgqttoqheixnmbbwj\">\n<div data-brz-translate-text=\"1\">\n<p class=\"brz-mb-lg-20 brz-tp-lg-empty brz-ff-ymubgefsxldrywogxtzekrfkmzwinepjvqkm brz-ft-upload brz-fs-lg-16 brz-fss-lg-px brz-fw-lg-400 brz-ls-lg-0 brz-lh-lg-1_9 brz-css-gercO\" data-uniq-id=\"mvbem\" data-generated-css=\"brz-css-kusvt\"><span class=\"brz-cp-color7\">\u00d6r\u00fcmcek a\u011f\u0131 esteti\u011fi, k\u0131r\u0131\u015f\u0131kl\u0131klar\u0131, sark\u0131k cildi \u00f6nemli \u00f6l\u00e7\u00fcde azaltt\u0131\u011f\u0131 kan\u0131tlanm\u0131\u015f pop\u00fcler bir cilt tedavisidir. Cerrahiye iyi bir alternatiftir. Anatomiye, bireysel cilt alt yap\u0131s\u0131na, ya\u015fa ve mevcut deformasyona uygun medikal iplerin yerle\u015ftirilmesi i\u015flemidir. \u0130\u015flem sonucunda a\u011fr\u0131 hissedilmez ve iz kalmaz. Bu kolay, \u00e7ok az veya hi\u00e7 risk olu\u015fturmayan h\u0131zl\u0131 teknik.<\/span><\/p>\n<\/div>\n<\/div>\n<\/div>\n<\/div>\n<\/div>\n<\/div>\n<\/div>\n<\/div>\n<\/div>\n<\/section>\n<\/div>\n<p>    <!-- version:1722110955 --><\/p>\n","protected":false},"excerpt":{"rendered":"<p>ESTET\u0130K &amp; G\u00dcZELL\u0130K \u00d6r\u00fcmcek A\u011f\u0131 Esteti\u011fi ESTET\u0130K &amp; G\u00dcZELL\u0130K \u00d6r\u00fcmcek A\u011f\u0131 Esteti\u011fi \u00d6r\u00fcmcek a\u011f\u0131 esteti\u011fi, k\u0131r\u0131\u015f\u0131kl\u0131klar\u0131, sark\u0131k cildi \u00f6nemli \u00f6l\u00e7\u00fcde azaltt\u0131\u011f\u0131 kan\u0131tlanm\u0131\u015f pop\u00fcler bir cilt tedavisidir. Cerrahiye iyi bir alternatiftir. Anatomiye, bireysel cilt alt yap\u0131s\u0131na, ya\u015fa ve mevcut deformasyona uygun medikal iplerin yerle\u015ftirilmesi i\u015flemidir. \u0130\u015flem sonucunda a\u011fr\u0131 hissedilmez ve iz kalmaz. Bu kolay, \u00e7ok az [&hellip;]<\/p>\n","protected":false},"author":5,"featured_media":0,"parent":1182,"menu_order":0,"comment_status":"closed","ping_status":"closed","template":"","meta":{"footnotes":""},"class_list":["post-1201","page","type-page","status-publish","hentry"],"blocksy_meta":{"styles_descriptor":{"styles":{"desktop":"","tablet":"","mobile":""},"google_fonts":[],"version":6}},"_links":{"self":[{"href":"https:\/\/smilinic.com\/tr\/wp-json\/wp\/v2\/pages\/1201","targetHints":{"allow":["GET"]}}],"collection":[{"href":"https:\/\/smilinic.com\/tr\/wp-json\/wp\/v2\/pages"}],"about":[{"href":"https:\/\/smilinic.com\/tr\/wp-json\/wp\/v2\/types\/page"}],"author":[{"embeddable":true,"href":"https:\/\/smilinic.com\/tr\/wp-json\/wp\/v2\/users\/5"}],"replies":[{"embeddable":true,"href":"https:\/\/smilinic.com\/tr\/wp-json\/wp\/v2\/comments?post=1201"}],"version-history":[{"count":0,"href":"https:\/\/smilinic.com\/tr\/wp-json\/wp\/v2\/pages\/1201\/revisions"}],"up":[{"embeddable":true,"href":"https:\/\/smilinic.com\/tr\/wp-json\/wp\/v2\/pages\/1182"}],"wp:attachment":[{"href":"https:\/\/smilinic.com\/tr\/wp-json\/wp\/v2\/media?parent=1201"}],"curies":[{"name":"wp","href":"https:\/\/api.w.org\/{rel}","templated":true}]}}