{"id":1199,"date":"2022-10-06T21:20:53","date_gmt":"2022-10-06T21:20:53","guid":{"rendered":"https:\/\/smilinic.com\/esthetic-beauty\/skin-care\/"},"modified":"2024-07-27T13:57:04","modified_gmt":"2024-07-27T13:57:04","slug":"skin-care","status":"publish","type":"page","link":"https:\/\/smilinic.com\/tr\/esthetic-beauty\/skin-care\/","title":{"rendered":"Cilt bak\u0131m\u0131"},"content":{"rendered":"<div class=\"brz-root__container brz-reset-all brz\">\n<section id=\"dauvuhfnjtojpkffiuoumisyabvniwsgkucr\" class=\"brz-section brz-css-l3Hae\">\n<div class=\"brz-section__content brz-section--boxed brz-css-r2cLo brz-css-qoaYh\" data-brz-custom-id=\"ioozlrtnmsrvvhhrvkqpwlpjhpltdbepobca\">\n<div class=\"brz-bg\">\n<div class=\"brz-bg-image\"><\/div>\n<div class=\"brz-bg-color\"><\/div>\n<\/div>\n<div class=\"brz-container brz-css-lxtkh brz-css-ubBCq\">\n<div id=\"\" class=\"brz-css-sZwF6 brz-css-sHyfu brz-wrapper\">\n<div class=\"brz-rich-text brz-rich-text__custom brz-css-ojFys\" data-brz-custom-id=\"mspbczulbypcuckvyvnigwjaxghtzpxrybqc\">\n<div data-brz-translate-text=\"1\">\n<p class=\"brz-tp-lg-paragraph brz-text-lg-center brz-css-tSSkU\" data-uniq-id=\"iqzlf\" data-generated-css=\"brz-css-lrrrp\">ESTET\u0130K &amp; G\u00dcZELL\u0130K<\/p>\n<\/div>\n<\/div>\n<\/div>\n<div id=\"\" class=\"brz-css-sZwF6 brz-wrapper\">\n<div class=\"brz-rich-text brz-rich-text__custom brz-css-ojFys\" data-brz-custom-id=\"mxgnlubvrynjcuexdxtaywkuwmfljiwwvmds\">\n<div data-brz-translate-text=\"1\">\n<p class=\"brz-text-lg-center brz-ls-lg-0 brz-lh-lg-1 brz-tp-lg-empty brz-ff-roboto brz-ft-google brz-fs-lg-54 brz-fss-lg-px brz-fw-lg-700 brz-css-kr6TL\" data-uniq-id=\"whyoe\" data-generated-css=\"brz-css-qlijf\">Cilt Bak\u0131m\u0131<\/p>\n<\/div>\n<\/div>\n<\/div>\n<\/div>\n<\/div>\n<\/section>\n<section id=\"goarfsdgwgkstrlomzgkgqpovmqmzrctmhbh\" class=\"brz-section brz-css-l3Hae\">\n<div class=\"brz-section__content brz-section--boxed brz-css-r2cLo brz-css-w6JYh\" data-brz-custom-id=\"qnailpodjjhwfmlxcnsjkutchvvzajlfujrt\">\n<div class=\"brz-bg\">\n<div class=\"brz-bg-color\"><\/div>\n<\/div>\n<div class=\"brz-container brz-css-lxtkh\">\n<div id=\"whitearea\" class=\"brz-row__container brz-css-s_Te0 brz-css-cC_Ns\" data-brz-custom-id=\"odiilplqlpcpovjduzmervxxtvbczhodbgjo\">\n<div class=\"brz-bg\">\n<div class=\"brz-bg-color\"><\/div>\n<\/div>\n<div class=\"brz-row brz-css-hw1zn brz-css-bY_kB\">\n<div class=\"brz-columns brz-css-qD5Qk brz-css-kNdpO\" data-brz-custom-id=\"jobnztcjzkcrdxumpqkkqxslumghlohybqeg\">\n<div class=\"brz-bg\"><\/div>\n<div class=\"brz-column__items brz-css-vCqCu brz-css-zPIet\">\n<div id=\"\" class=\"brz-css-sZwF6 brz-css-yo13E brz-wrapper\">\n<div class=\"brz-image brz-css-oed2c brz-css-zXDod\" data-brz-custom-id=\"ajvvycrsittanhncfuoduoqipyaakbssnhzz\"><img decoding=\"async\" class=\"brz-img\" src=\"https:\/\/cafeduo.com.tr\/wp-content\/uploads\/brizy\/imgs\/wp-4494474457f2e1bc7d2f5bfb5fd2d9b6-554x832x0x39x554x622x1714077551.jpg\" alt=\"\" loading=\"lazy\"><\/div>\n<\/div>\n<\/div>\n<\/div>\n<div class=\"brz-columns brz-css-qD5Qk brz-css-qQ9Gc\" data-brz-custom-id=\"ctxrkbwwbhkwyuskrxknpflumqbdbuwerxnv\">\n<div class=\"brz-bg\"><\/div>\n<div class=\"brz-column__items brz-css-vCqCu brz-css-kuxp0\">\n<div id=\"\" class=\"brz-css-sZwF6 brz-css-kDPfK brz-wrapper\">\n<div class=\"brz-rich-text brz-rich-text__custom brz-css-ojFys\" data-brz-custom-id=\"sgmdskbaqonpzmxldneihcrzqwhzxlhsxntl\">\n<div data-brz-translate-text=\"1\">\n<p class=\"brz-ls-lg-0 brz-lh-lg-1_9 brz-tp-lg-empty brz-ff-ymubgefsxldrywogxtzekrfkmzwinepjvqkm brz-ft-upload brz-fs-lg-12 brz-fss-lg-px brz-fw-lg-700 brz-css-cOvJY\" data-generated-css=\"brz-css-lpheb\" data-uniq-id=\"kyhsa\"><span class=\"brz-cp-color7\">ESTET\u0130K &amp; G\u00dcZELL\u0130K<\/span><\/p>\n<\/div>\n<\/div>\n<\/div>\n<div id=\"\" class=\"brz-css-sZwF6 brz-css-oRcpz brz-wrapper\">\n<div class=\"brz-rich-text brz-rich-text__custom brz-css-ojFys\" data-brz-custom-id=\"qapjfzuurgwwjlviqwgscyiwyhgvnhustrpl\">\n<div data-brz-translate-text=\"1\">\n<p class=\"brz-fss-lg-px brz-fw-lg-400 brz-ls-lg-0 brz-lh-lg-1_9 brz-tp-lg-empty brz-ff-ymubgefsxldrywogxtzekrfkmzwinepjvqkm brz-ft-upload brz-fs-lg-20 brz-css-s4xkC\" data-uniq-id=\"wxybe\" data-generated-css=\"brz-css-rqxtj\"><strong>Cilt Bak\u0131m\u0131<\/strong><\/p>\n<\/div>\n<\/div>\n<\/div>\n<div id=\"\" class=\"brz-css-sZwF6 brz-wrapper\">\n<div class=\"brz-rich-text brz-rich-text__custom brz-css-ojFys\" data-brz-custom-id=\"oahmrfxaschemetsnbykpuqaokolkzmrowtk\">\n<div data-brz-translate-text=\"1\">\n<p class=\"ql-align-justify brz-mb-lg-20 brz-tp-lg-empty brz-ff-ymubgefsxldrywogxtzekrfkmzwinepjvqkm brz-ft-upload brz-fs-lg-16 brz-fss-lg-px brz-fw-lg-400 brz-ls-lg-0 brz-lh-lg-1_9 brz-css-ifpNX\" data-uniq-id=\"uomhd\" data-generated-css=\"brz-css-krkyy\"><strong class=\"brz-cp-color7\">C\u0130LT YAPISI<\/strong><\/p>\n<p class=\"ql-align-justify brz-mb-lg-20 brz-tp-lg-empty brz-ff-ymubgefsxldrywogxtzekrfkmzwinepjvqkm brz-ft-upload brz-fs-lg-16 brz-fss-lg-px brz-fw-lg-400 brz-ls-lg-0 brz-lh-lg-1_9 brz-css-b_kkm\" data-uniq-id=\"gdepi\" data-generated-css=\"brz-css-vdohr\"><span class=\"brz-cp-color7\">Deri \u00e7e\u015fitli katmanlardan olu\u015fur ve en d\u0131\u015ftakine epidermis denir. V\u00fccudumuza girebilecek mikroplar ve kirleticiler gibi d\u0131\u015f tehditlerden bizi korur. Bazen bu tabaka tahri\u015f olabilir veya kuruyabilir, ancak birka\u00e7 saat i\u00e7inde kendini yenilemesi gerekir. <\/span><\/p>\n<p class=\"ql-align-justify brz-mb-lg-20 brz-tp-lg-empty brz-ff-ymubgefsxldrywogxtzekrfkmzwinepjvqkm brz-ft-upload brz-fs-lg-16 brz-fss-lg-px brz-fw-lg-400 brz-ls-lg-0 brz-lh-lg-1_9 brz-css-vYWZD\" data-uniq-id=\"bdawp\" data-generated-css=\"brz-css-enwtk\"><span class=\"brz-cp-color7\">Epidermis cildinizin en d\u0131\u015f tabakas\u0131d\u0131r ve son derece incedir. Tipik olarak 15-25 katmanl\u0131 epidermal h\u00fccrelerden olu\u015fur ve size bakteriler gibi mikroorganizmalara kar\u015f\u0131 bir d\u00fczeyde koruma sa\u011flar. Dermis tabakas\u0131 zengin bir kollajen dokusuna, kan damarlar\u0131na ve bezlere sahiptir. Epidermis, cildin zararl\u0131 partik\u00fclleri itmekten ve nem dengesi sa\u011flamaktan sorumlu olan ince d\u0131\u015f tabakas\u0131d\u0131r. Ayr\u0131ca s\u00fcrekli olarak zararl\u0131 g\u00fc\u00e7leri bloke eden bir pigment olan melanin \u00fcreten melanositler i\u00e7erir. Temel olarak, dermis \u00fc\u00e7 maddeden olu\u015fur. Bunlar: belirli polisakkaritlere ek olarak kollajen, elastin ve protein lifleridir. Bunlar cilde dayan\u0131kl\u0131l\u0131k, esneklik ve nem tutma gibi \u00f6zellikler sa\u011flar. Derinin alt\u0131nda bazal tabaka olarak bilinen ba\u015fka bir tabaka daha vard\u0131r. Bu katmanda s\u00fcrekli olarak yeni h\u00fccreler \u00fcretilir. <\/span><\/p>\n<p class=\"ql-align-justify brz-mb-lg-20 brz-tp-lg-empty brz-ff-ymubgefsxldrywogxtzekrfkmzwinepjvqkm brz-ft-upload brz-fs-lg-16 brz-fss-lg-px brz-fw-lg-400 brz-ls-lg-0 brz-lh-lg-1_9 brz-css-ursIR\" data-uniq-id=\"yuyzp\" data-generated-css=\"brz-css-rcoun\"><span class=\"brz-cp-color7\">H\u00fccreler yava\u015f yava\u015f derinin \u00fcst katmanlar\u0131na do\u011fru hareket eder ve burada yakla\u015f\u0131k 14 g\u00fcn sonra canl\u0131l\u0131klar\u0131n\u0131 kaybederler. Daha sonra Succi (boynuz benzeri katman) ad\u0131 verilen sert bir katman olu\u015fturarak \u00fcst katmanlara do\u011fru itilirler. Yeni cilt h\u00fccreleri eskilerinin \u00fczerine gelir. \u00dcst h\u00fccre tabakas\u0131n\u0131n sa\u011fl\u0131kl\u0131 kalmas\u0131 i\u00e7in \u00f6l\u00fc deri h\u00fccrelerinin d\u00f6k\u00fclmesi gerekir, bu nedenle iki tabaka s\u00fcrekli de\u011fi\u015fir.<\/span><\/p>\n<p class=\"ql-align-justify brz-mb-lg-20 brz-tp-lg-empty brz-ff-ymubgefsxldrywogxtzekrfkmzwinepjvqkm brz-ft-upload brz-fs-lg-16 brz-fss-lg-px brz-fw-lg-400 brz-ls-lg-0 brz-lh-lg-1_9 brz-css-jPqXH\" data-uniq-id=\"ekocq\" data-generated-css=\"brz-css-ascsu\"><strong class=\"brz-cp-color7\">C\u0130LT BAKIMI<\/strong><\/p>\n<p class=\"ql-align-justify brz-mb-lg-20 brz-tp-lg-empty brz-ff-ymubgefsxldrywogxtzekrfkmzwinepjvqkm brz-ft-upload brz-fs-lg-16 brz-fss-lg-px brz-fw-lg-400 brz-ls-lg-0 brz-lh-lg-1_9 brz-css-to7oo\" data-uniq-id=\"gcgnl\" data-generated-css=\"brz-css-ckoys\"><span class=\"brz-cp-color7\">Cildimiz en b\u00fcy\u00fck organ\u0131m\u0131zd\u0131r ve hayati organlar\u0131m\u0131z\u0131 sararak d\u0131\u015f etkenlere kar\u015f\u0131 koruma sa\u011flar. Mineraller, vitaminler ve \u00f6nemli elementler de cildimizin katmanlar\u0131nda depolan\u0131r ve bunlar v\u00fccudumuzun sa\u011fl\u0131kl\u0131 kalmas\u0131 i\u00e7in gereklidir. <\/span><\/p>\n<p class=\"ql-align-justify brz-mb-lg-20 brz-tp-lg-empty brz-ff-ymubgefsxldrywogxtzekrfkmzwinepjvqkm brz-ft-upload brz-fs-lg-16 brz-fss-lg-px brz-fw-lg-400 brz-ls-lg-0 brz-lh-lg-1_9 brz-css-l2CVE\" data-uniq-id=\"lxmfv\" data-generated-css=\"brz-css-jwqeg\"><span class=\"brz-cp-color7\">Sa\u011fl\u0131\u011f\u0131n bu kadar \u00f6nemli bir y\u00f6n\u00fc olan cildimizi korumak bir \u00f6ncelik olmal\u0131d\u0131r. Erkek ya da kad\u0131n olmam\u0131z farketmez &#8211; harika g\u00f6r\u00fcnen bir cilde sahip olmak en \u00f6zel aksesuar\u0131m\u0131z olabilir. Ya\u015f\u0131m\u0131z ne olursa olsun, cildimizin hem sa\u011fl\u0131kl\u0131 hem de g\u00fczel oldu\u011fundan emin olmak isteriz. <\/span><\/p>\n<p class=\"ql-align-justify brz-mb-lg-20 brz-tp-lg-empty brz-ff-ymubgefsxldrywogxtzekrfkmzwinepjvqkm brz-ft-upload brz-fs-lg-16 brz-fss-lg-px brz-fw-lg-400 brz-ls-lg-0 brz-lh-lg-1_9 brz-css-mAxvM\" data-uniq-id=\"islfi\" data-generated-css=\"brz-css-aqtgx\"><span class=\"brz-cp-color7\"> Cildimizin ya\u015flanmas\u0131n\u0131n nedeni b\u00fcy\u00fck \u00f6l\u00e7\u00fcde iki fakt\u00f6re ba\u011fl\u0131d\u0131r:<\/span><\/p>\n<p class=\"ql-align-justify brz-mb-lg-20 brz-tp-lg-empty brz-ff-ymubgefsxldrywogxtzekrfkmzwinepjvqkm brz-ft-upload brz-fs-lg-16 brz-fss-lg-px brz-fw-lg-400 brz-ls-lg-0 brz-lh-lg-1_9 brz-css-gODNB\" data-uniq-id=\"ernho\" data-generated-css=\"brz-css-pvhfm\"><strong class=\"brz-cp-color7\">1-) Genetik fakt\u00f6rlere ba\u011fl\u0131 d\u0131\u015f ya\u015flanma:<\/strong><span class=\"brz-cp-color7\"> Bu t\u00fcr ya\u015flanma, anne ve baban\u0131zdan miras ald\u0131\u011f\u0131n\u0131z genetik fakt\u00f6rlerle programlan\u0131r ve hi\u00e7bir \u015fekilde de\u011fi\u015ftirilemez.<\/span><\/p>\n<p class=\"ql-align-justify brz-mb-lg-20 brz-tp-lg-empty brz-ff-ymubgefsxldrywogxtzekrfkmzwinepjvqkm brz-ft-upload brz-fs-lg-16 brz-fss-lg-px brz-fw-lg-400 brz-ls-lg-0 brz-lh-lg-1_9 brz-css-k7ate\" data-uniq-id=\"jxnah\" data-generated-css=\"brz-css-oowyv\"><strong>2-) \u00c7evresel fakt\u00f6rlere ba\u011fl\u0131 d\u0131\u015f ya\u015flanma:<\/strong> Bu s\u00fcre\u00e7teki en \u00f6nemli fakt\u00f6r g\u00fcne\u015f \u0131\u015f\u0131nlar\u0131d\u0131r. Cildimizi g\u00fcne\u015fin zararl\u0131 etkilerinden korumak i\u00e7in gerekli ad\u0131mlar\u0131 atmazsak ve cildimize yeterli bak\u0131m\u0131 sa\u011flamazsak, g\u00fcne\u015f lekelere, k\u0131r\u0131\u015f\u0131kl\u0131klara ve di\u011fer erken ya\u015flanma belirtilerine neden olur.<\/p>\n<p class=\"ql-align-justify brz-mb-lg-20 brz-tp-lg-empty brz-ff-ymubgefsxldrywogxtzekrfkmzwinepjvqkm brz-ft-upload brz-fs-lg-16 brz-fss-lg-px brz-fw-lg-400 brz-ls-lg-0 brz-lh-lg-1_9 brz-css-mr3EU\" data-uniq-id=\"kcbnr\" data-generated-css=\"brz-css-emodq\">Cildimizin ya\u015flanma s\u00fcrecini h\u0131zland\u0131ran bir\u00e7ok \u00e7evresel ve ya\u015fam tarz\u0131 fakt\u00f6r\u00fc vard\u0131r. Sigara i\u00e7mek, alkol, k\u00f6t\u00fc madde kullan\u0131m\u0131, yetersiz beslenme, yanl\u0131\u015f kozmetik \u00fcr\u00fcnlerin kullan\u0131m\u0131 ve di\u011ferleri aras\u0131nda yetersiz uyku say\u0131labilir.<\/p>\n<p class=\"ql-align-justify brz-mb-lg-20 brz-tp-lg-empty brz-ff-ymubgefsxldrywogxtzekrfkmzwinepjvqkm brz-ft-upload brz-fs-lg-16 brz-fss-lg-px brz-fw-lg-400 brz-ls-lg-0 brz-lh-lg-1_9 brz-css-hoN00\" data-uniq-id=\"eldhw\" data-generated-css=\"brz-css-ejcue\">Ya\u015flanma s\u00fcrecinin %20&#8217;sini i\u00e7 etkenler, %80&#8217;ini ise d\u0131\u015f etkenler olu\u015fturmaktad\u0131r.<\/p>\n<p class=\"ql-align-justify brz-mb-lg-20 brz-tp-lg-empty brz-ff-ymubgefsxldrywogxtzekrfkmzwinepjvqkm brz-ft-upload brz-fs-lg-16 brz-fss-lg-px brz-fw-lg-400 brz-ls-lg-0 brz-lh-lg-1_9 brz-css-wojnZ\" data-uniq-id=\"qnppn\" data-generated-css=\"brz-css-yyjoy\">Cildimiz g\u00fcn boyunca \u00e7evre ko\u015fullar\u0131n\u0131n etkisiyle kirlenir. G\u00fcn\u00fcm\u00fcze devam ederken, cildinizde birikebilecek otomobil egzoz duman\u0131, makyaj art\u0131klar\u0131 ve di\u011fer kirleticiler \u015feklinde kire maruz kal\u0131r\u0131z. Bu, cildinizin sa\u011fl\u0131kl\u0131 g\u00f6zenekler ve h\u00fccreler \u00fcretmek i\u00e7in normal i\u015flevlerini \u00fcstlenmesini engeller.<\/p>\n<p class=\"ql-align-justify brz-mb-lg-20 brz-tp-lg-empty brz-ff-ymubgefsxldrywogxtzekrfkmzwinepjvqkm brz-ft-upload brz-fs-lg-16 brz-fss-lg-px brz-fw-lg-400 brz-ls-lg-0 brz-lh-lg-1_9 brz-css-lPuU5\" data-uniq-id=\"iavyn\" data-generated-css=\"brz-css-gqfsd\">Cilt temizli\u011fi m\u00fcmk\u00fcn oldu\u011funca s\u0131k yap\u0131lmal\u0131d\u0131r. Do\u011fru temizleyici, cildinizdeki \u00e7evresel kirleticiler ve kir gibi t\u00fcm olumsuz fakt\u00f6rlerin giderilmesine yard\u0131mc\u0131 olabilir. Bu, cildinizin nefes almas\u0131na izin vererek sa\u011fl\u0131kl\u0131 bir bariyer i\u015flevini korur. Cildin normal fonksiyonlar\u0131n\u0131 s\u00fcrd\u00fcrebilmesini sa\u011flayarak g\u00fc\u00e7lendirir. Derinin \u00fcst k\u0131s\u0131mlar\u0131 sonunda \u00f6l\u00fcr ve alt tabakadan yeni h\u00fccrelerle de\u011fi\u015ftirilerek d\u00f6k\u00fcl\u00fcr. Ya\u015flanma sonucunda bu d\u00f6ng\u00fc yava\u015flar. Eski h\u00fccreler yenilenmez, kolay at\u0131lmazlar. K\u0131sa s\u00fcre sonra cilt daha p\u00fcr\u00fczl\u00fc, daha kuru ve daha az esnek hale gelir. Bak\u0131m yapmad\u0131\u011f\u0131m\u0131zda cildin \u0131\u015f\u0131lt\u0131l\u0131, sa\u011fl\u0131kl\u0131 \u0131\u015f\u0131lt\u0131s\u0131 kaybolur. <\/p>\n<\/div>\n<\/div>\n<\/div>\n<\/div>\n<\/div>\n<\/div>\n<\/div>\n<\/div>\n<\/div>\n<\/section>\n<\/div>\n<p>    <!-- version:1722088624 --><\/p>\n","protected":false},"excerpt":{"rendered":"<p>ESTET\u0130K &amp; G\u00dcZELL\u0130K Cilt Bak\u0131m\u0131 ESTET\u0130K &amp; G\u00dcZELL\u0130K Cilt Bak\u0131m\u0131 C\u0130LT YAPISI Deri \u00e7e\u015fitli katmanlardan olu\u015fur ve en d\u0131\u015ftakine epidermis denir. V\u00fccudumuza girebilecek mikroplar ve kirleticiler gibi d\u0131\u015f tehditlerden bizi korur. Bazen bu tabaka tahri\u015f olabilir veya kuruyabilir, ancak birka\u00e7 saat i\u00e7inde kendini yenilemesi gerekir. Epidermis cildinizin en d\u0131\u015f tabakas\u0131d\u0131r ve son derece incedir. Tipik [&hellip;]<\/p>\n","protected":false},"author":5,"featured_media":0,"parent":1182,"menu_order":0,"comment_status":"closed","ping_status":"closed","template":"","meta":{"footnotes":""},"class_list":["post-1199","page","type-page","status-publish","hentry"],"blocksy_meta":{"styles_descriptor":{"styles":{"desktop":"","tablet":"","mobile":""},"google_fonts":[],"version":6}},"_links":{"self":[{"href":"https:\/\/smilinic.com\/tr\/wp-json\/wp\/v2\/pages\/1199","targetHints":{"allow":["GET"]}}],"collection":[{"href":"https:\/\/smilinic.com\/tr\/wp-json\/wp\/v2\/pages"}],"about":[{"href":"https:\/\/smilinic.com\/tr\/wp-json\/wp\/v2\/types\/page"}],"author":[{"embeddable":true,"href":"https:\/\/smilinic.com\/tr\/wp-json\/wp\/v2\/users\/5"}],"replies":[{"embeddable":true,"href":"https:\/\/smilinic.com\/tr\/wp-json\/wp\/v2\/comments?post=1199"}],"version-history":[{"count":0,"href":"https:\/\/smilinic.com\/tr\/wp-json\/wp\/v2\/pages\/1199\/revisions"}],"up":[{"embeddable":true,"href":"https:\/\/smilinic.com\/tr\/wp-json\/wp\/v2\/pages\/1182"}],"wp:attachment":[{"href":"https:\/\/smilinic.com\/tr\/wp-json\/wp\/v2\/media?parent=1199"}],"curies":[{"name":"wp","href":"https:\/\/api.w.org\/{rel}","templated":true}]}}