{"id":1198,"date":"2022-10-06T21:23:18","date_gmt":"2022-10-06T21:23:18","guid":{"rendered":"https:\/\/smilinic.com\/esthetic-beauty\/prp-platelet-rich-plasma\/"},"modified":"2024-07-27T15:25:55","modified_gmt":"2024-07-27T15:25:55","slug":"prp-platelet-rich-plasma","status":"publish","type":"page","link":"https:\/\/smilinic.com\/tr\/esthetic-beauty\/prp-platelet-rich-plasma\/","title":{"rendered":"PRP Trombositten Zengin Plazma"},"content":{"rendered":"<div class=\"brz-root__container brz-reset-all brz\">\n<section id=\"yvfsaugergllvyrvrwmyzvfvtwadktcxyjbf\" class=\"brz-section brz-css-n3nY9\">\n<div class=\"brz-section__content brz-section--boxed brz-css-w2uEK brz-css-fqwg_\" data-brz-custom-id=\"veglvaooyfkkymihbvkldxhghehblpsfrllv\">\n<div class=\"brz-bg\">\n<div class=\"brz-bg-image\"><\/div>\n<div class=\"brz-bg-color\"><\/div>\n<\/div>\n<div class=\"brz-container brz-css-zhUFz brz-css-mUV77\">\n<div id=\"\" class=\"brz-css-sv9fL brz-css-e7Tkf brz-wrapper\">\n<div class=\"brz-rich-text brz-rich-text__custom brz-css-wukMp\" data-brz-custom-id=\"nhklquqcgbqqnvovpdsixdpzhkrrmtvcdwdv\">\n<div data-brz-translate-text=\"1\">\n<p class=\"brz-tp-lg-paragraph brz-text-lg-center brz-css-zMr8_\" data-uniq-id=\"pzyzn\" data-generated-css=\"brz-css-uftks\">ESTET\u0130K &amp; G\u00dcZELL\u0130K<\/p>\n<\/div>\n<\/div>\n<\/div>\n<div id=\"\" class=\"brz-css-sv9fL brz-wrapper\">\n<div class=\"brz-rich-text brz-rich-text__custom brz-css-wukMp\" data-brz-custom-id=\"crrhnrgwelfifotysspcvtmfqzjktxvgnpxj\">\n<div data-brz-translate-text=\"1\">\n<p class=\"brz-text-lg-center brz-ls-lg-0 brz-lh-lg-1 brz-tp-lg-empty brz-ff-roboto brz-ft-google brz-fs-lg-54 brz-fss-lg-px brz-fw-lg-700 brz-css-bTk_P\" data-uniq-id=\"qhjfw\" data-generated-css=\"brz-css-gtncw\">PRP Trombositten Zengin Plazma<\/p>\n<\/div>\n<\/div>\n<\/div>\n<\/div>\n<\/div>\n<\/section>\n<section id=\"zekqacegqkxvysaccqjlgviwhfahnboqizvr\" class=\"brz-section brz-css-n3nY9\">\n<div class=\"brz-section__content brz-section--boxed brz-css-w2uEK brz-css-etafl\" data-brz-custom-id=\"mknswdivnjbbpgsgfsvktvlslwcojajinond\">\n<div class=\"brz-bg\">\n<div class=\"brz-bg-color\"><\/div>\n<\/div>\n<div class=\"brz-container brz-css-zhUFz\">\n<div id=\"whitearea\" class=\"brz-row__container brz-css-mprQp brz-css-gsa_F\" data-brz-custom-id=\"hjtxmrbssmmetknwfqnyheesodwojeaondow\">\n<div class=\"brz-bg\">\n<div class=\"brz-bg-color\"><\/div>\n<\/div>\n<div class=\"brz-row brz-css-n72j3 brz-css-iOiZA\">\n<div class=\"brz-columns brz-css-kygdi brz-css-ajCHd\" data-brz-custom-id=\"yyswpkovlvcqmeoulotwabddomvecezgfvgx\">\n<div class=\"brz-bg\"><\/div>\n<div class=\"brz-column__items brz-css-eZNW_ brz-css-dwEup\">\n<div id=\"\" class=\"brz-css-sv9fL brz-css-zmgr6 brz-wrapper\">\n<div class=\"brz-image brz-css-eGmFB brz-css-nwtRr\" data-brz-custom-id=\"qucjbajijrmnwqzubdjxbeunmrovqgdxubiy\"><img decoding=\"async\" class=\"brz-img\" src=\"https:\/\/cafeduo.com.tr\/wp-content\/uploads\/brizy\/imgs\/wp-4494474457f2e1bc7d2f5bfb5fd2d9b6-554x832x0x47x554x622x1714077551.jpg\" alt=\"\" loading=\"lazy\"><\/div>\n<\/div>\n<\/div>\n<\/div>\n<div class=\"brz-columns brz-css-kygdi brz-css-uT4Mj\" data-brz-custom-id=\"mimbpqzunwhjskaqdsymbwdeomqusoavrwrr\">\n<div class=\"brz-bg\"><\/div>\n<div class=\"brz-column__items brz-css-eZNW_ brz-css-kvJC_\">\n<div id=\"\" class=\"brz-css-sv9fL brz-css-wQ9dp brz-wrapper\">\n<div class=\"brz-rich-text brz-rich-text__custom brz-css-wukMp\" data-brz-custom-id=\"ldcdggvhtzoztpzhvmjxpvywdghbfgjttuun\">\n<div data-brz-translate-text=\"1\">\n<p class=\"brz-ls-lg-0 brz-lh-lg-1_9 brz-tp-lg-empty brz-ff-ymubgefsxldrywogxtzekrfkmzwinepjvqkm brz-ft-upload brz-fs-lg-12 brz-fss-lg-px brz-fw-lg-700 brz-css-hj95s\" data-generated-css=\"brz-css-ifswr\" data-uniq-id=\"yonyj\"><span class=\"brz-cp-color7\">ESTET\u0130K &amp; G\u00dcZELL\u0130K<\/span><\/p>\n<\/div>\n<\/div>\n<\/div>\n<div id=\"\" class=\"brz-css-sv9fL brz-css-cPu_0 brz-wrapper\">\n<div class=\"brz-rich-text brz-rich-text__custom brz-css-wukMp\" data-brz-custom-id=\"jpwsbwoghsjhhucxdgojrgaqnpjuysiipmrq\">\n<div data-brz-translate-text=\"1\">\n<p class=\"brz-fs-lg-20 brz-ft-upload brz-ff-ymubgefsxldrywogxtzekrfkmzwinepjvqkm brz-tp-lg-empty brz-lh-lg-1_9 brz-ls-lg-0 brz-fw-lg-400 brz-fss-lg-px brz-css-y54T3\" data-generated-css=\"brz-css-sfwqr\" data-uniq-id=\"ltydw\"><strong>PRP Trombositten Zengin Plazma<\/strong><\/p>\n<\/div>\n<\/div>\n<\/div>\n<div id=\"\" class=\"brz-css-sv9fL brz-wrapper\">\n<div class=\"brz-rich-text brz-rich-text__custom brz-css-wukMp\" data-brz-custom-id=\"hhnuhokzukpcimtcngxrlmvlyxnvtqqfdtav\">\n<div data-brz-translate-text=\"1\">\n<p class=\"ql-align-justify brz-mb-lg-20 brz-tp-lg-empty brz-ff-ymubgefsxldrywogxtzekrfkmzwinepjvqkm brz-ft-upload brz-fs-lg-16 brz-fss-lg-px brz-fw-lg-400 brz-ls-lg-0 brz-lh-lg-1_9 brz-css-mA3e9\" data-uniq-id=\"hkpvp\" data-generated-css=\"brz-css-zakef\"><span class=\"brz-cp-color7\">Plazma uygulamas\u0131, ki\u015fiden al\u0131nan az miktardaki kan\u0131n santrif\u00fcj edildikten sonra \u00f6zel bir t\u00fcpe konularak ayr\u0131\u015ft\u0131r\u0131lmas\u0131 ve elde edilen az miktardaki &#8220;trombositten zenginle\u015ftirilmi\u015f plazma&#8221;n\u0131n (PRP) ayn\u0131 ki\u015fiye enjeksiyon yolu ile verilmesidir. <\/span><\/p>\n<p class=\"ql-align-justify brz-mb-lg-20 brz-tp-lg-empty brz-ff-ymubgefsxldrywogxtzekrfkmzwinepjvqkm brz-ft-upload brz-fs-lg-16 brz-fss-lg-px brz-fw-lg-400 brz-ls-lg-0 brz-lh-lg-1_9 brz-css-lE39K\" data-uniq-id=\"zbvha\" data-generated-css=\"brz-css-fepzf\"><span class=\"brz-cp-color7\">Trombositler, hasarl\u0131 dokular\u0131 iyile\u015ftirmek i\u00e7in \u00e7e\u015fitli t\u0131bbi prosed\u00fcrlerde kullan\u0131lm\u0131\u015ft\u0131r. Her trombosit, b\u00fcy\u00fcme fakt\u00f6rleri i\u00e7erir, bu nedenle doku onar\u0131m\u0131na yard\u0131mc\u0131 olmak i\u00e7in kullan\u0131lm\u0131\u015ft\u0131r. V\u00fccutta herhangi bir doku hasar\u0131 olu\u015ftu\u011funda, lokal olarak toplanan trombositler bir dizi onar\u0131m s\u00fcrecini ba\u015flat\u0131r. PRP tedavisinde, hedef dokulara genellikle mevcut kan dola\u015f\u0131m\u0131nda meydana gelenden daha fazla trombosit sa\u011flan\u0131r. PRP&#8217;deki trombositler kandan 2-4 kat daha yo\u011fundur. Bunun iyile\u015fme s\u00fcreci \u00fczerinde \u00f6nemli etkileri vard\u0131r: onar\u0131m h\u0131zl\u0131 ve g\u00fc\u00e7l\u00fc bir \u015fekilde ger\u00e7ekle\u015fir. <\/span><\/p>\n<p class=\"ql-align-justify brz-mb-lg-20 brz-tp-lg-empty brz-ff-ymubgefsxldrywogxtzekrfkmzwinepjvqkm brz-ft-upload brz-fs-lg-16 brz-fss-lg-px brz-fw-lg-400 brz-ls-lg-0 brz-lh-lg-1_9 brz-css-p0PUv\" data-uniq-id=\"nepgt\" data-generated-css=\"brz-css-tuqgf\"><span class=\"brz-cp-color7\">Sonu\u00e7ta yaray\u0131 en etkili, en h\u0131zl\u0131 ve do\u011fal \u015fekilde iyile\u015ftirebilen organizma, ayn\u0131 zamanda derinin ait oldu\u011fu b\u00fct\u00fcn\u00fcn bir par\u00e7as\u0131d\u0131r. Bu nedenle plazma uygulamas\u0131 damarlar\u0131m\u0131zda dola\u015fan bu sihirli g\u00fcc\u00fc harekete ge\u00e7iren bir y\u00f6ntem olarak geli\u015fmi\u015ftir.<\/span><\/p>\n<p class=\"brz-lh-lg-1_1 brz-ls-lg-0 brz-fw-lg-400 brz-fss-lg-px brz-fs-lg-16 brz-ft-upload brz-ff-ymubgefsxldrywogxtzekrfkmzwinepjvqkm brz-tp-lg-empty brz-mb-lg-20 brz-css-w1uXx\" data-uniq-id=\"nsisz\" data-generated-css=\"brz-css-rxsek\"><strong class=\"brz-cp-color7\">PRP uygulamas\u0131ndan ne beklemeliyiz? <\/strong><\/p>\n<ul>\n<li class=\"brz-lh-lg-1_1 brz-ls-lg-0 brz-fw-lg-400 brz-fss-lg-px brz-fs-lg-16 brz-ft-upload brz-ff-ymubgefsxldrywogxtzekrfkmzwinepjvqkm brz-tp-lg-empty brz-mb-lg-20 brz-css-b8p_j\" data-uniq-id=\"stimz\" data-generated-css=\"brz-css-mpdry\"><span class=\"brz-cp-color7\">Uzun etkili Yenileyici \/ canland\u0131r\u0131c\u0131d\u0131r <\/span><\/li>\n<li class=\"brz-lh-lg-1_1 brz-ls-lg-0 brz-fw-lg-400 brz-fss-lg-px brz-fs-lg-16 brz-ft-upload brz-ff-ymubgefsxldrywogxtzekrfkmzwinepjvqkm brz-tp-lg-empty brz-mb-lg-20 brz-css-fKUGO\" data-uniq-id=\"czrud\" data-generated-css=\"brz-css-qpmvs\"><span class=\"brz-cp-color7\">Uygulamas\u0131 kolay ve g\u00fcvenli <\/span><\/li>\n<li class=\"brz-lh-lg-1_1 brz-ls-lg-0 brz-fw-lg-400 brz-fss-lg-px brz-fs-lg-16 brz-ft-upload brz-ff-ymubgefsxldrywogxtzekrfkmzwinepjvqkm brz-tp-lg-empty brz-mb-lg-20 brz-css-xYPoI\" data-uniq-id=\"pgtmb\" data-generated-css=\"brz-css-uwqwy\"><span class=\"brz-cp-color7\">Sadece yeni kolajen olu\u015fumunu de\u011fil, cildin t\u00fcm hayati fonksiyonlar\u0131n\u0131 destekler. <\/span><\/li>\n<li class=\"brz-lh-lg-1_1 brz-ls-lg-0 brz-fw-lg-400 brz-fss-lg-px brz-fs-lg-16 brz-ft-upload brz-ff-ymubgefsxldrywogxtzekrfkmzwinepjvqkm brz-tp-lg-empty brz-mb-lg-20 brz-css-ce2_H\" data-uniq-id=\"azduv\" data-generated-css=\"brz-css-dipvs\"><span class=\"brz-cp-color7\">Cildi &#8220;doldurarak&#8221; de\u011fil, gen\u00e7le\u015ftirerek k\u0131r\u0131\u015f\u0131kl\u0131k ve \u00e7izgilerin giderilmesini sa\u011flar. <\/span><\/li>\n<li class=\"brz-lh-lg-1_1 brz-ls-lg-0 brz-fw-lg-400 brz-fss-lg-px brz-fs-lg-16 brz-ft-upload brz-ff-ymubgefsxldrywogxtzekrfkmzwinepjvqkm brz-tp-lg-empty brz-mb-lg-20 brz-css-cwGKS\" data-uniq-id=\"saebf\" data-generated-css=\"brz-css-hmrel\"><span class=\"brz-cp-color7\">\u0130lk uygulamadan sonra ortaya \u00e7\u0131kan parlak sa\u011fl\u0131kl\u0131 g\u00f6r\u00fcn\u00fcm bir s\u00fcre sonra hafif bir gerileme g\u00f6sterebilir, bunun i\u00e7in arka arkaya birka\u00e7 uygulama yapmak ve genle\u015fme etkisinin g\u00fc\u00e7lenmesini sa\u011flamak gerekir.<\/span><\/li>\n<li class=\"brz-lh-lg-1_1 brz-ls-lg-0 brz-fw-lg-400 brz-fss-lg-px brz-fs-lg-16 brz-ft-upload brz-ff-ymubgefsxldrywogxtzekrfkmzwinepjvqkm brz-tp-lg-empty brz-mb-lg-20 brz-css-xKjGR\" data-uniq-id=\"ejztb\" data-generated-css=\"brz-css-ryrtq\"><span class=\"brz-cp-color7\">Etkili sonu\u00e7lar i\u00e7in y\u0131lda 3 uygulamadan olu\u015fan tedavi tekrarlanmal\u0131d\u0131r.<\/span><\/li>\n<\/ul>\n<p class=\"brz-lh-lg-1_1 brz-ls-lg-0 brz-fw-lg-400 brz-fss-lg-px brz-fs-lg-16 brz-ft-upload brz-ff-ymubgefsxldrywogxtzekrfkmzwinepjvqkm brz-tp-lg-empty brz-mb-lg-20 brz-css-k2U6r\" data-uniq-id=\"yardn\" data-generated-css=\"brz-css-sxhuf\"><strong class=\"brz-cp-color7\">Bu uygulama birka\u00e7 farkl\u0131 \u015fekilde yap\u0131lmaktad\u0131r.<\/strong><\/p>\n<ul>\n<li class=\"brz-lh-lg-1_1 brz-ls-lg-0 brz-fw-lg-400 brz-fss-lg-px brz-fs-lg-16 brz-ft-upload brz-ff-ymubgefsxldrywogxtzekrfkmzwinepjvqkm brz-tp-lg-empty brz-mb-lg-20 brz-css-qf0Ds\" data-uniq-id=\"svlfc\" data-generated-css=\"brz-css-fcyii\"><span class=\"brz-cp-color7\"> Estetik t\u0131p, trombositten zengin plazman\u0131n y\u00fcz, boyun, dekolte b\u00f6lgesi, eller veya i\u00e7 bacaklar gibi v\u00fccudun \u00e7e\u015fitli yerlerinde kullan\u0131lmas\u0131n\u0131 i\u00e7erir. PRP ayr\u0131ca kollarda veya v\u00fccudun di\u011fer b\u00f6lgelerinde de kullan\u0131labilir. <\/span><\/li>\n<li class=\"brz-lh-lg-1_1 brz-ls-lg-0 brz-fw-lg-400 brz-fss-lg-px brz-fs-lg-16 brz-ft-upload brz-ff-ymubgefsxldrywogxtzekrfkmzwinepjvqkm brz-tp-lg-empty brz-mb-lg-20 brz-css-q_XfR\" data-uniq-id=\"lfgmv\" data-generated-css=\"brz-css-yijxi\"><span class=\"brz-cp-color7\">Lazer\/peeling gibi uygulamalardan hemen sonra cildin h\u0131zla yeniden yap\u0131lanmas\u0131n\u0131 sa\u011flamak i\u00e7in.<\/span><\/li>\n<li class=\"brz-lh-lg-1_1 brz-ls-lg-0 brz-fw-lg-400 brz-fss-lg-px brz-fs-lg-16 brz-ft-upload brz-ff-ymubgefsxldrywogxtzekrfkmzwinepjvqkm brz-tp-lg-empty brz-mb-lg-20 brz-css-eNIbo\" data-uniq-id=\"eflrz\" data-generated-css=\"brz-css-tsgbd\"><span class=\"brz-cp-color7\">Y\u0131llar\u0131n ve UV \u0131\u015f\u0131nlar\u0131na maruz kalman\u0131n cildinizdeki etkilerini d\u00fczeltme, k\u0131r\u0131\u015f\u0131kl\u0131klar\u0131 d\u00fczeltme, \u00e7\u00f6k\u00fcnt\u00fcleri doldurma, cilt elastikiyetini geri kazanma ve pigmentasyon sorunlar\u0131ndan kurtulmak i\u00e7in.<\/span><\/li>\n<li class=\"brz-lh-lg-1_1 brz-ls-lg-0 brz-fw-lg-400 brz-fss-lg-px brz-fs-lg-16 brz-ft-upload brz-ff-ymubgefsxldrywogxtzekrfkmzwinepjvqkm brz-tp-lg-empty brz-mb-lg-20 brz-css-x5WWK\" data-uniq-id=\"rzkhf\" data-generated-css=\"brz-css-maktr\"><span class=\"brz-cp-color7\"> \u0130yile\u015fmesi uzun s\u00fcren yaralar\u0131, \u00e7atlaklar\u0131 ve cilt kalitesinin bozuldu\u011fu durumlar\u0131 kontrol alt\u0131na almak i\u00e7in. <\/span><\/li>\n<li class=\"brz-lh-lg-1_1 brz-ls-lg-0 brz-fw-lg-400 brz-fss-lg-px brz-fs-lg-16 brz-ft-upload brz-ff-ymubgefsxldrywogxtzekrfkmzwinepjvqkm brz-tp-lg-empty brz-mb-lg-20 brz-css-uWxhA\" data-uniq-id=\"mclvj\" data-generated-css=\"brz-css-egrim\"><span class=\"brz-cp-color7\">Sa\u00e7 d\u00f6k\u00fclmesi tedavisinde tek ba\u015f\u0131na kullanmak veya di\u011fer tedavi se\u00e7eneklerinin etkisini g\u00fc\u00e7lendirmek i\u00e7in.<\/span><\/li>\n<\/ul>\n<\/div>\n<\/div>\n<\/div>\n<\/div>\n<\/div>\n<\/div>\n<\/div>\n<\/div>\n<\/div>\n<\/section>\n<\/div>\n<p>    <!-- version:1722093955 --><\/p>\n","protected":false},"excerpt":{"rendered":"<p>ESTET\u0130K &amp; G\u00dcZELL\u0130K PRP Trombositten Zengin Plazma ESTET\u0130K &amp; G\u00dcZELL\u0130K PRP Trombositten Zengin Plazma Plazma uygulamas\u0131, ki\u015fiden al\u0131nan az miktardaki kan\u0131n santrif\u00fcj edildikten sonra \u00f6zel bir t\u00fcpe konularak ayr\u0131\u015ft\u0131r\u0131lmas\u0131 ve elde edilen az miktardaki &#8220;trombositten zenginle\u015ftirilmi\u015f plazma&#8221;n\u0131n (PRP) ayn\u0131 ki\u015fiye enjeksiyon yolu ile verilmesidir. Trombositler, hasarl\u0131 dokular\u0131 iyile\u015ftirmek i\u00e7in \u00e7e\u015fitli t\u0131bbi prosed\u00fcrlerde kullan\u0131lm\u0131\u015ft\u0131r. Her trombosit, [&hellip;]<\/p>\n","protected":false},"author":5,"featured_media":0,"parent":1182,"menu_order":0,"comment_status":"closed","ping_status":"closed","template":"","meta":{"footnotes":""},"class_list":["post-1198","page","type-page","status-publish","hentry"],"blocksy_meta":{"styles_descriptor":{"styles":{"desktop":"","tablet":"","mobile":""},"google_fonts":[],"version":6}},"_links":{"self":[{"href":"https:\/\/smilinic.com\/tr\/wp-json\/wp\/v2\/pages\/1198","targetHints":{"allow":["GET"]}}],"collection":[{"href":"https:\/\/smilinic.com\/tr\/wp-json\/wp\/v2\/pages"}],"about":[{"href":"https:\/\/smilinic.com\/tr\/wp-json\/wp\/v2\/types\/page"}],"author":[{"embeddable":true,"href":"https:\/\/smilinic.com\/tr\/wp-json\/wp\/v2\/users\/5"}],"replies":[{"embeddable":true,"href":"https:\/\/smilinic.com\/tr\/wp-json\/wp\/v2\/comments?post=1198"}],"version-history":[{"count":0,"href":"https:\/\/smilinic.com\/tr\/wp-json\/wp\/v2\/pages\/1198\/revisions"}],"up":[{"embeddable":true,"href":"https:\/\/smilinic.com\/tr\/wp-json\/wp\/v2\/pages\/1182"}],"wp:attachment":[{"href":"https:\/\/smilinic.com\/tr\/wp-json\/wp\/v2\/media?parent=1198"}],"curies":[{"name":"wp","href":"https:\/\/api.w.org\/{rel}","templated":true}]}}