{"id":1197,"date":"2022-10-06T21:23:01","date_gmt":"2022-10-06T21:23:01","guid":{"rendered":"https:\/\/smilinic.com\/esthetic-beauty\/ozone-therapy\/"},"modified":"2024-07-27T13:57:13","modified_gmt":"2024-07-27T13:57:13","slug":"ozone-therapy","status":"publish","type":"page","link":"https:\/\/smilinic.com\/tr\/esthetic-beauty\/ozone-therapy\/","title":{"rendered":"Ozon Terapisi"},"content":{"rendered":"<div class=\"brz-root__container brz-reset-all brz\">\n<section id=\"yknegroeuginacyyqkatazpkmirvzwadwygf\" class=\"brz-section brz-css-vCEuv\">\n<div class=\"brz-section__content brz-section--boxed brz-css-opWlR brz-css-qL_gt\" data-brz-custom-id=\"lrxfkhqqqnvzlzdzvvaiuxnephapkwqjhazc\">\n<div class=\"brz-bg\">\n<div class=\"brz-bg-image\"><\/div>\n<div class=\"brz-bg-color\"><\/div>\n<\/div>\n<div class=\"brz-container brz-css-xp0G3 brz-css-vb2ZF\">\n<div id=\"\" class=\"brz-css-hjPYn brz-css-wQIZ2 brz-wrapper\">\n<div class=\"brz-rich-text brz-rich-text__custom brz-css-ayACe\" data-brz-custom-id=\"aenmuncfipthokhqdavitlkbxdwanxqxjqov\">\n<div data-brz-translate-text=\"1\">\n<p class=\"brz-tp-lg-paragraph brz-text-lg-center brz-css-ly6QR\" data-uniq-id=\"hyttp\" data-generated-css=\"brz-css-oiiqz\">ESTET\u0130K &amp; G\u00dcZELL\u0130K<\/p>\n<\/div>\n<\/div>\n<\/div>\n<div id=\"\" class=\"brz-css-hjPYn brz-wrapper\">\n<div class=\"brz-rich-text brz-rich-text__custom brz-css-ayACe\" data-brz-custom-id=\"zsqeajfddhtipwwgtkqkmtvduzucvdmvnddp\">\n<div data-brz-translate-text=\"1\">\n<p class=\"brz-text-lg-center brz-ls-lg-0 brz-lh-lg-1 brz-tp-lg-empty brz-ff-roboto brz-ft-google brz-fs-lg-54 brz-fss-lg-px brz-fw-lg-700 brz-css-gmjLy\" data-uniq-id=\"mcqsf\" data-generated-css=\"brz-css-ruimf\">Ozon Tedavisi<\/p>\n<\/div>\n<\/div>\n<\/div>\n<\/div>\n<\/div>\n<\/section>\n<section id=\"qsfnucjhaopuszisfpsukbzxadhyjjklptgy\" class=\"brz-section brz-css-vCEuv\">\n<div class=\"brz-section__content brz-section--boxed brz-css-opWlR brz-css-mtmGG\" data-brz-custom-id=\"rjillksydtatgzbgyuycbmhvbmvtmvocxyvd\">\n<div class=\"brz-bg\">\n<div class=\"brz-bg-color\"><\/div>\n<\/div>\n<div class=\"brz-container brz-css-xp0G3\">\n<div id=\"whitearea\" class=\"brz-row__container brz-css-jhW_X brz-css-kLEf0\" data-brz-custom-id=\"didcuqugdtlmmxuopozybqzqvzziujxtyywg\">\n<div class=\"brz-bg\">\n<div class=\"brz-bg-color\"><\/div>\n<\/div>\n<div class=\"brz-row brz-css-g8Rs1 brz-css-cAMZf\">\n<div class=\"brz-columns brz-css-uAaUT brz-css-fXUDE\" data-brz-custom-id=\"fvjfygowarcwbdbtoyrsnhubyhjvlrcmuwja\">\n<div class=\"brz-bg\"><\/div>\n<div class=\"brz-column__items brz-css-cBDDW brz-css-sUB1j\">\n<div id=\"\" class=\"brz-css-hjPYn brz-css-cdbm6 brz-wrapper\">\n<div class=\"brz-image brz-css-euTkt brz-css-o7gof\" data-brz-custom-id=\"uaqpoqoywnbdcucisrxfejzumedgyuaiulcp\"><img decoding=\"async\" class=\"brz-img\" src=\"https:\/\/cafeduo.com.tr\/wp-content\/uploads\/brizy\/imgs\/wp-4494474457f2e1bc7d2f5bfb5fd2d9b6-554x832x0x14x554x622x1714077551.jpg\" alt=\"\" loading=\"lazy\"><\/div>\n<\/div>\n<\/div>\n<\/div>\n<div class=\"brz-columns brz-css-uAaUT brz-css-tC2El\" data-brz-custom-id=\"ixkwisaxepynmvgcyhaslomrbysddsiedpsq\">\n<div class=\"brz-bg\"><\/div>\n<div class=\"brz-column__items brz-css-cBDDW brz-css-pRLfA\">\n<div id=\"\" class=\"brz-css-hjPYn brz-css-eQGgD brz-wrapper\">\n<div class=\"brz-rich-text brz-rich-text__custom brz-css-ayACe\" data-brz-custom-id=\"gclnohxsczvnvwlbqsvyxwlbannckgajnxlq\">\n<div data-brz-translate-text=\"1\">\n<p class=\"brz-ls-lg-0 brz-lh-lg-1_9 brz-tp-lg-empty brz-ff-ymubgefsxldrywogxtzekrfkmzwinepjvqkm brz-ft-upload brz-fs-lg-12 brz-fss-lg-px brz-fw-lg-700 brz-css-foeHM\" data-generated-css=\"brz-css-kmtyw\" data-uniq-id=\"ycsyq\"><span class=\"brz-cp-color7\">ESTET\u0130K &amp; G\u00dcZELL\u0130K<\/span><\/p>\n<\/div>\n<\/div>\n<\/div>\n<div id=\"\" class=\"brz-css-hjPYn brz-css-uVxk8 brz-wrapper\">\n<div class=\"brz-rich-text brz-rich-text__custom brz-css-ayACe\" data-brz-custom-id=\"bqfzoqaixjjovcjcwdrdtcwkbveixqwybqjf\">\n<div data-brz-translate-text=\"1\">\n<p class=\"brz-fss-lg-px brz-fw-lg-400 brz-ls-lg-0 brz-lh-lg-1_9 brz-tp-lg-empty brz-ff-ymubgefsxldrywogxtzekrfkmzwinepjvqkm brz-ft-upload brz-fs-lg-20 brz-css-noELH\" data-uniq-id=\"cyppy\" data-generated-css=\"brz-css-sydnn\"><strong>Ozon Tedavisi<\/strong><\/p>\n<\/div>\n<\/div>\n<\/div>\n<div id=\"\" class=\"brz-css-hjPYn brz-wrapper\">\n<div class=\"brz-rich-text brz-rich-text__custom brz-css-ayACe\" data-brz-custom-id=\"iiwerpathekzyfjzlmzztiafihzslpughboj\">\n<div data-brz-translate-text=\"1\">\n<p class=\"brz-mb-lg-20 brz-tp-lg-empty brz-ff-ymubgefsxldrywogxtzekrfkmzwinepjvqkm brz-ft-upload brz-fs-lg-16 brz-fss-lg-px brz-fw-lg-400 brz-ls-lg-0 brz-lh-lg-1_9 ql-align-justify brz-css-viqE2\" data-uniq-id=\"gudln\" data-generated-css=\"brz-css-abkva\"><strong class=\"brz-cp-color7\">Tedavi ama\u00e7l\u0131 ozon <\/strong><\/p>\n<p class=\"brz-mb-lg-20 brz-tp-lg-empty brz-ff-ymubgefsxldrywogxtzekrfkmzwinepjvqkm brz-ft-upload brz-fs-lg-16 brz-fss-lg-px brz-fw-lg-400 brz-ls-lg-0 brz-lh-lg-1_9 ql-align-justify brz-css-hnJ3t\" data-uniq-id=\"xakna\" data-generated-css=\"brz-css-hrfnu\"><span class=\"brz-cp-color7\">T\u0131bbi ozon her zaman saf ozon ve saf oksijen kar\u0131\u015f\u0131m\u0131 olarak kullan\u0131l\u0131r. Ne i\u00e7in kullan\u0131ld\u0131\u011f\u0131na ba\u011fl\u0131 olarak, ozon konsantrasyonu 1-100 \u00b5g\/ml (%0,05 &#8211; %5) aras\u0131nda de\u011fi\u015febilir. Bir ozon terapisti veya doktor durumunuzu de\u011ferlendirecek ve sizin i\u00e7in en iyi tedavi y\u00f6ntemini belirleyecektir.<\/span><\/p>\n<p class=\"brz-mb-lg-20 brz-tp-lg-empty brz-ff-ymubgefsxldrywogxtzekrfkmzwinepjvqkm brz-ft-upload brz-fs-lg-16 brz-fss-lg-px brz-fw-lg-400 brz-ls-lg-0 brz-lh-lg-1_9 ql-align-justify brz-css-uSwbj\" data-uniq-id=\"yuqjq\" data-generated-css=\"brz-css-xpneg\"><span class=\"brz-cp-color7\">\u00d6zellikler ve etki: <\/span><\/p>\n<p class=\"brz-mb-lg-20 brz-tp-lg-empty brz-ff-ymubgefsxldrywogxtzekrfkmzwinepjvqkm brz-ft-upload brz-fs-lg-16 brz-fss-lg-px brz-fw-lg-400 brz-ls-lg-0 brz-lh-lg-1_9 ql-align-justify brz-css-xK4Nr\" data-uniq-id=\"uoral\" data-generated-css=\"brz-css-fqnne\"><span class=\"brz-cp-color7\">T\u0131bbi ozon, enfeksiyonlarla sava\u015fabilen g\u00fc\u00e7l\u00fc bir dezenfektand\u0131r. Yaralar\u0131 dezenfekte etmek, bakteri veya vir\u00fcslerin neden oldu\u011fu hastal\u0131klar\u0131 tedavi etmek i\u00e7in kullan\u0131labilir. Kan dola\u015f\u0131m\u0131n\u0131 iyile\u015ftirdi\u011fi i\u00e7in genellikle dola\u015f\u0131m bozukluklar\u0131n\u0131 tedavi etmek i\u00e7in kullan\u0131l\u0131r ve v\u00fccudun daha iyi performans g\u00f6stermesine yard\u0131mc\u0131 olur. <\/span><\/p>\n<p class=\"brz-mb-lg-20 brz-tp-lg-empty brz-ff-ymubgefsxldrywogxtzekrfkmzwinepjvqkm brz-ft-upload brz-fs-lg-16 brz-fss-lg-px brz-fw-lg-400 brz-ls-lg-0 brz-lh-lg-1_9 ql-align-justify brz-css-yn7VF\" data-uniq-id=\"cajlz\" data-generated-css=\"brz-css-ecrcp\"><span class=\"brz-cp-color7\">D\u00fc\u015f\u00fck dozda kullan\u0131ld\u0131\u011f\u0131nda ozon v\u00fccudun ba\u011f\u0131\u015f\u0131kl\u0131\u011f\u0131n\u0131 art\u0131rabilir, yani ba\u011f\u0131\u015f\u0131kl\u0131k sisteminin daha iyi \u00e7al\u0131\u015fmas\u0131na yard\u0131mc\u0131 olur. V\u00fccudunuz bu ozona maruz kald\u0131\u011f\u0131nda, \u00f6zel bir haberci h\u00fccre t\u00fcr\u00fc olan sitokinler \u00fcreterek yan\u0131t verir. <\/span><\/p>\n<p class=\"brz-mb-lg-20 brz-tp-lg-empty brz-ff-ymubgefsxldrywogxtzekrfkmzwinepjvqkm brz-ft-upload brz-fs-lg-16 brz-fss-lg-px brz-fw-lg-400 brz-ls-lg-0 brz-lh-lg-1_9 ql-align-justify brz-css-lZB0G\" data-uniq-id=\"prkgn\" data-generated-css=\"brz-css-sttyo\"><span class=\"brz-cp-color7\">Ozon, enfeksiyonla sava\u015fmak i\u00e7in harika bir yeni ara\u00e7t\u0131r \u00e7\u00fcnk\u00fc v\u00fccudunuzun hastal\u0131\u011fa direnmesi i\u00e7in do\u011fal savunmas\u0131n\u0131 uyar\u0131r. Bu da \u00f6zellikle di\u011fer tedavilere diren\u00e7li hastalarda medikal ozon tedavilerinde ba\u015far\u0131l\u0131 sonu\u00e7lar al\u0131nmas\u0131n\u0131 sa\u011flar. B\u00fcy\u00fck otohemoterapinin v\u00fccudun serbest radikalleri yok eden kendi savunma sistemini harekete ge\u00e7irdi\u011fi bulunmu\u015ftur. Bu nedenle kronik inflamatuar hastal\u0131klarda kullan\u0131l\u0131r.<\/span><\/p>\n<p class=\"brz-mb-lg-20 brz-tp-lg-empty brz-ff-ymubgefsxldrywogxtzekrfkmzwinepjvqkm brz-ft-upload brz-fs-lg-16 brz-fss-lg-px brz-fw-lg-400 brz-ls-lg-0 brz-lh-lg-1_9 brz-css-tw5Ni\" data-uniq-id=\"chxhj\" data-generated-css=\"brz-css-cochu\"><strong class=\"brz-cp-color7\">Se\u00e7ici \u00f6zelli\u011fi sayesinde t\u0131bbi ozon 4 temel alanda kullan\u0131lmaktad\u0131r: <\/strong><\/p>\n<ul>\n<li class=\"brz-mb-lg-20 brz-tp-lg-empty brz-ff-ymubgefsxldrywogxtzekrfkmzwinepjvqkm brz-ft-upload brz-fs-lg-16 brz-fss-lg-px brz-fw-lg-400 brz-ls-lg-0 brz-lh-lg-1_9 brz-css-hjlY0\" data-uniq-id=\"kllfi\" data-generated-css=\"brz-css-cibhu\"><span class=\"brz-cp-color7\">Dola\u015f\u0131m bozukluklar\u0131 ve geriatri tedavisinde <\/span><\/li>\n<li class=\"brz-mb-lg-20 brz-tp-lg-empty brz-ff-ymubgefsxldrywogxtzekrfkmzwinepjvqkm brz-ft-upload brz-fs-lg-16 brz-fss-lg-px brz-fw-lg-400 brz-ls-lg-0 brz-lh-lg-1_9 brz-css-rKK58\" data-uniq-id=\"umamv\" data-generated-css=\"brz-css-znzfq\"><span class=\"brz-cp-color7\">Karaci\u011fer hastal\u0131klar\u0131ndan kaynaklanan hepatit veya u\u00e7uk gibi viral hastal\u0131klar\u0131n tedavisinde, <\/span><\/li>\n<li class=\"brz-mb-lg-20 brz-tp-lg-empty brz-ff-ymubgefsxldrywogxtzekrfkmzwinepjvqkm brz-ft-upload brz-fs-lg-16 brz-fss-lg-px brz-fw-lg-400 brz-ls-lg-0 brz-lh-lg-1_9 brz-css-onpYm\" data-uniq-id=\"qqknd\" data-generated-css=\"brz-css-pfatc\"><span class=\"brz-cp-color7\">V\u00fccuttaki ya\u011f dokular\u0131 RF teknolojisi ile se\u00e7ici olarak \u0131s\u0131t\u0131l\u0131r ve b\u00f6ylece daha iyi klinik sonu\u00e7lar elde edilir. \u00d6rne\u011fin, iyile\u015fmesi zor olan \u00fclserlerde ve iltihapl\u0131 hastal\u0131klarda. \u00d6rne\u011fin, bacakta a\u00e7\u0131k bir yara (ulcus cruris). <\/span><\/li>\n<li class=\"brz-mb-lg-20 brz-tp-lg-empty brz-ff-ymubgefsxldrywogxtzekrfkmzwinepjvqkm brz-ft-upload brz-fs-lg-16 brz-fss-lg-px brz-fw-lg-400 brz-ls-lg-0 brz-lh-lg-1_9 brz-css-aczhG\" data-uniq-id=\"hdpzy\" data-generated-css=\"brz-css-rcdvd\"><span class=\"brz-cp-color7\">\u0130ltihabi ba\u011f\u0131rsak hastal\u0131klar\u0131 (kolit, proktit) <\/span><\/li>\n<li class=\"brz-mb-lg-20 brz-tp-lg-empty brz-ff-ymubgefsxldrywogxtzekrfkmzwinepjvqkm brz-ft-upload brz-fs-lg-16 brz-fss-lg-px brz-fw-lg-400 brz-ls-lg-0 brz-lh-lg-1_9 brz-css-l1XGV\" data-uniq-id=\"qrowu\" data-generated-css=\"brz-css-jnrsh\"><span class=\"brz-cp-color7\">Yan\u0131klar, ha\u015flanmalar ve enfekte yaralar, mantar enfeksiyonlar\u0131 <\/span><\/li>\n<li class=\"brz-mb-lg-20 brz-tp-lg-empty brz-ff-ymubgefsxldrywogxtzekrfkmzwinepjvqkm brz-ft-upload brz-fs-lg-16 brz-fss-lg-px brz-fw-lg-400 brz-ls-lg-0 brz-lh-lg-1_9 brz-css-c2n2x\" data-uniq-id=\"eeqhp\" data-generated-css=\"brz-css-kakkz\"><span class=\"brz-cp-color7\">Kanser tedavilerinde ozon genellikle &#8220;maj\u00f6r otohemoterapi&#8221; \u015feklinde veya &#8220;min\u00f6r otohemoterapi&#8221; \u015feklinde d\u00fc\u015f\u00fck dozlarda ba\u011f\u0131\u015f\u0131kl\u0131k sisteminize katk\u0131 veya tamamlay\u0131c\u0131 olarak kullan\u0131l\u0131r.<\/span><\/li>\n<\/ul>\n<p class=\"brz-mb-lg-20 brz-tp-lg-empty brz-ff-ymubgefsxldrywogxtzekrfkmzwinepjvqkm brz-ft-upload brz-fs-lg-16 brz-fss-lg-px brz-fw-lg-400 brz-ls-lg-0 brz-lh-lg-1_9 brz-css-sQczO\" data-uniq-id=\"ieqjv\" data-generated-css=\"brz-css-gtxkt\"><strong class=\"brz-cp-color7\">Uygulama y\u00f6ntemleri<\/strong><\/p>\n<p class=\"brz-mb-lg-20 brz-tp-lg-empty brz-ff-ymubgefsxldrywogxtzekrfkmzwinepjvqkm brz-ft-upload brz-fs-lg-16 brz-fss-lg-px brz-fw-lg-400 brz-ls-lg-0 brz-lh-lg-1_9 brz-css-p0IDN\" data-uniq-id=\"qprps\" data-generated-css=\"brz-css-luktz\"><strong class=\"brz-cp-color7\">Ozon gaz\u0131n\u0131 solursan\u0131z ci\u011ferlerinizi tahri\u015f edebilir ve bir\u00e7ok soruna neden olabilir. Son klinik ara\u015ft\u0131rmalara dayanarak, be\u015f uygulama \u015fekli onaylanm\u0131\u015ft\u0131r:<\/strong><\/p>\n<ul>\n<li class=\"brz-mb-lg-20 brz-tp-lg-empty brz-ff-ymubgefsxldrywogxtzekrfkmzwinepjvqkm brz-ft-upload brz-fs-lg-16 brz-fss-lg-px brz-fw-lg-400 brz-ls-lg-0 brz-lh-lg-1_9 brz-css-cuBdS\" data-uniq-id=\"fjtmq\" data-generated-css=\"brz-css-luxhv\"><span class=\"brz-cp-color7\">maj\u00f6r otohemoterapi <\/span><\/li>\n<li class=\"brz-mb-lg-20 brz-tp-lg-empty brz-ff-ymubgefsxldrywogxtzekrfkmzwinepjvqkm brz-ft-upload brz-fs-lg-16 brz-fss-lg-px brz-fw-lg-400 brz-ls-lg-0 brz-lh-lg-1_9 brz-css-ck4gu\" data-uniq-id=\"uxwnh\" data-generated-css=\"brz-css-icufs\"><span class=\"brz-cp-color7\">Min\u00f6r otohemoterapi <\/span><\/li>\n<li class=\"brz-mb-lg-20 brz-tp-lg-empty brz-ff-ymubgefsxldrywogxtzekrfkmzwinepjvqkm brz-ft-upload brz-fs-lg-16 brz-fss-lg-px brz-fw-lg-400 brz-ls-lg-0 brz-lh-lg-1_9 brz-css-mJx7H\" data-uniq-id=\"gfrze\" data-generated-css=\"brz-css-ahwub\"><span class=\"brz-cp-color7\">Harici terapi<\/span><\/li>\n<li class=\"brz-mb-lg-20 brz-tp-lg-empty brz-ff-ymubgefsxldrywogxtzekrfkmzwinepjvqkm brz-ft-upload brz-fs-lg-16 brz-fss-lg-px brz-fw-lg-400 brz-ls-lg-0 brz-lh-lg-1_9 brz-css-y_uOx\" data-uniq-id=\"iiqne\" data-generated-css=\"brz-css-ztozr\"><span class=\"brz-cp-color7\">Rektal veya vajinal ozon uygulamas\u0131 <\/span><\/li>\n<li class=\"brz-mb-lg-20 brz-tp-lg-empty brz-ff-ymubgefsxldrywogxtzekrfkmzwinepjvqkm brz-ft-upload brz-fs-lg-16 brz-fss-lg-px brz-fw-lg-400 brz-ls-lg-0 brz-lh-lg-1_9 brz-css-l0zEa\" data-uniq-id=\"llgcr\" data-generated-css=\"brz-css-cpuzd\"><span class=\"brz-cp-color7\">Eklem i\u00e7i ozon enjeksiyonu<\/span><\/li>\n<\/ul>\n<\/div>\n<\/div>\n<\/div>\n<\/div>\n<\/div>\n<\/div>\n<\/div>\n<\/div>\n<\/div>\n<\/section>\n<\/div>\n<p>    <!-- version:1722088633 --><\/p>\n","protected":false},"excerpt":{"rendered":"<p>ESTET\u0130K &amp; G\u00dcZELL\u0130K Ozon Tedavisi ESTET\u0130K &amp; G\u00dcZELL\u0130K Ozon Tedavisi Tedavi ama\u00e7l\u0131 ozon T\u0131bbi ozon her zaman saf ozon ve saf oksijen kar\u0131\u015f\u0131m\u0131 olarak kullan\u0131l\u0131r. Ne i\u00e7in kullan\u0131ld\u0131\u011f\u0131na ba\u011fl\u0131 olarak, ozon konsantrasyonu 1-100 \u00b5g\/ml (%0,05 &#8211; %5) aras\u0131nda de\u011fi\u015febilir. Bir ozon terapisti veya doktor durumunuzu de\u011ferlendirecek ve sizin i\u00e7in en iyi tedavi y\u00f6ntemini belirleyecektir. \u00d6zellikler [&hellip;]<\/p>\n","protected":false},"author":5,"featured_media":0,"parent":1182,"menu_order":0,"comment_status":"closed","ping_status":"closed","template":"","meta":{"footnotes":""},"class_list":["post-1197","page","type-page","status-publish","hentry"],"blocksy_meta":{"styles_descriptor":{"styles":{"desktop":"","tablet":"","mobile":""},"google_fonts":[],"version":6}},"_links":{"self":[{"href":"https:\/\/smilinic.com\/tr\/wp-json\/wp\/v2\/pages\/1197","targetHints":{"allow":["GET"]}}],"collection":[{"href":"https:\/\/smilinic.com\/tr\/wp-json\/wp\/v2\/pages"}],"about":[{"href":"https:\/\/smilinic.com\/tr\/wp-json\/wp\/v2\/types\/page"}],"author":[{"embeddable":true,"href":"https:\/\/smilinic.com\/tr\/wp-json\/wp\/v2\/users\/5"}],"replies":[{"embeddable":true,"href":"https:\/\/smilinic.com\/tr\/wp-json\/wp\/v2\/comments?post=1197"}],"version-history":[{"count":0,"href":"https:\/\/smilinic.com\/tr\/wp-json\/wp\/v2\/pages\/1197\/revisions"}],"up":[{"embeddable":true,"href":"https:\/\/smilinic.com\/tr\/wp-json\/wp\/v2\/pages\/1182"}],"wp:attachment":[{"href":"https:\/\/smilinic.com\/tr\/wp-json\/wp\/v2\/media?parent=1197"}],"curies":[{"name":"wp","href":"https:\/\/api.w.org\/{rel}","templated":true}]}}