{"id":1194,"date":"2022-10-06T21:20:10","date_gmt":"2022-10-06T21:20:10","guid":{"rendered":"https:\/\/smilinic.com\/esthetic-beauty\/moisturizing-vaccine\/"},"modified":"2024-07-27T03:43:00","modified_gmt":"2024-07-27T03:43:00","slug":"moisturizing-vaccine","status":"publish","type":"page","link":"https:\/\/smilinic.com\/tr\/esthetic-beauty\/moisturizing-vaccine\/","title":{"rendered":"Nemlendirici A\u015f\u0131"},"content":{"rendered":"<div class=\"brz-root__container brz-reset-all brz\">\n<section id=\"iwpgsjhcvgahoeyxhrlxnocqejvkhnfhhnjd\" class=\"brz-section brz-css-jZj82\">\n<div class=\"brz-section__content brz-section--boxed brz-css-g39ey brz-css-i5klG\" data-brz-custom-id=\"yxcdjhiasybrmlyqmplhcbmjaqfhmjvygltw\">\n<div class=\"brz-bg\">\n<div class=\"brz-bg-image\"><\/div>\n<div class=\"brz-bg-color\"><\/div>\n<\/div>\n<div class=\"brz-container brz-css-uaf_D brz-css-bkfFL\">\n<div id=\"\" class=\"brz-css-lvr1C brz-css-pDw9o brz-wrapper\">\n<div class=\"brz-rich-text brz-rich-text__custom brz-css-zWrJD\" data-brz-custom-id=\"feecahllidnfnjgwndkaqzdfjwuxhummvipr\">\n<div data-brz-translate-text=\"1\">\n<p class=\"brz-tp-lg-paragraph brz-text-lg-center brz-css-sVEYw\" data-uniq-id=\"jslnk\" data-generated-css=\"brz-css-hmfmi\">ESTET\u0130K &amp; G\u00dcZELL\u0130K<\/p>\n<\/div>\n<\/div>\n<\/div>\n<div id=\"\" class=\"brz-css-lvr1C brz-wrapper\">\n<div class=\"brz-rich-text brz-rich-text__custom brz-css-zWrJD\" data-brz-custom-id=\"xzpsexstwexvmlnwtwptjmyecunmhowpuwoj\">\n<div data-brz-translate-text=\"1\">\n<p class=\"brz-fw-lg-700 brz-fss-lg-px brz-fs-lg-54 brz-ft-google brz-ff-roboto brz-tp-lg-empty brz-lh-lg-1 brz-ls-lg-0 brz-text-lg-center brz-css-y7hn_\" data-generated-css=\"brz-css-pgmwy\" data-uniq-id=\"psgpe\">Nemlendirici A\u015f\u0131<\/p>\n<\/div>\n<\/div>\n<\/div>\n<\/div>\n<\/div>\n<\/section>\n<section id=\"lwwdmutvrwvbafbgxqzshbzfurkslpyatdag\" class=\"brz-section brz-css-jZj82\">\n<div class=\"brz-section__content brz-section--boxed brz-css-g39ey brz-css-p9wX4\" data-brz-custom-id=\"yjhseboaetkqgxtxaokapovivlpwkbsavybm\">\n<div class=\"brz-bg\">\n<div class=\"brz-bg-color\"><\/div>\n<\/div>\n<div class=\"brz-container brz-css-uaf_D\">\n<div id=\"whitearea\" class=\"brz-row__container brz-css-zQZYs brz-css-fa5U6\" data-brz-custom-id=\"rxoektnxmdtwulvjpovhaikkjfdxgjorzwvt\">\n<div class=\"brz-bg\">\n<div class=\"brz-bg-color\"><\/div>\n<\/div>\n<div class=\"brz-row brz-css-tQIS5 brz-css-bHdEv\">\n<div class=\"brz-columns brz-css-hIUyN brz-css-qIx0s\" data-brz-custom-id=\"lpdihtoqlparrprewgqzxdjjrphinvuwocqg\">\n<div class=\"brz-bg\"><\/div>\n<div class=\"brz-column__items brz-css-hWj1p brz-css-dmkfR\">\n<div id=\"\" class=\"brz-css-lvr1C brz-css-mn3lc brz-wrapper\">\n<div class=\"brz-image brz-css-vqjic brz-css-rI8XZ\" data-brz-custom-id=\"rywfmlbxsasqcgxqhvthfzkydngarsgikbmk\"><img decoding=\"async\" class=\"brz-img\" src=\"https:\/\/cafeduo.com.tr\/wp-content\/uploads\/brizy\/imgs\/wp-4494474457f2e1bc7d2f5bfb5fd2d9b6-554x832x0x22x554x622x1714077551.jpg\" alt=\"\" loading=\"lazy\"><\/div>\n<\/div>\n<\/div>\n<\/div>\n<div class=\"brz-columns brz-css-hIUyN brz-css-gvUPI\" data-brz-custom-id=\"xpteyjvtlrghmagzgwpdrfsgvcinskzhaqgt\">\n<div class=\"brz-bg\"><\/div>\n<div class=\"brz-column__items brz-css-hWj1p brz-css-yk8I3\">\n<div id=\"\" class=\"brz-css-lvr1C brz-css-w_Eq4 brz-wrapper\">\n<div class=\"brz-rich-text brz-rich-text__custom brz-css-zWrJD\" data-brz-custom-id=\"brdpqxsyhrcvtmvzqsgiwbxmbiqmndhiybeg\">\n<div data-brz-translate-text=\"1\">\n<p class=\"brz-ls-lg-0 brz-lh-lg-1_9 brz-tp-lg-empty brz-ff-ymubgefsxldrywogxtzekrfkmzwinepjvqkm brz-ft-upload brz-fs-lg-12 brz-fss-lg-px brz-fw-lg-700 brz-css-vrHL3\" data-generated-css=\"brz-css-inaaf\" data-uniq-id=\"tdooa\"><span class=\"brz-cp-color7\">ESTET\u0130K &amp; G\u00dcZELL\u0130K<\/span><\/p>\n<\/div>\n<\/div>\n<\/div>\n<div id=\"\" class=\"brz-css-lvr1C brz-css-wuXeM brz-wrapper\">\n<div class=\"brz-rich-text brz-rich-text__custom brz-css-zWrJD\" data-brz-custom-id=\"slurbnnfjxpiponvobmpjbfmfznuxcrbdeyd\">\n<div data-brz-translate-text=\"1\">\n<p class=\"brz-fss-lg-px brz-fw-lg-400 brz-ls-lg-0 brz-lh-lg-1_9 brz-tp-lg-empty brz-ff-ymubgefsxldrywogxtzekrfkmzwinepjvqkm brz-ft-upload brz-fs-lg-20 brz-css-xcTec\" data-uniq-id=\"byqlq\" data-generated-css=\"brz-css-juqut\"><strong>Nemlendirici A\u015f\u0131<\/strong><\/p>\n<\/div>\n<\/div>\n<\/div>\n<div id=\"\" class=\"brz-css-lvr1C brz-wrapper\">\n<div class=\"brz-rich-text brz-rich-text__custom brz-css-zWrJD\" data-brz-custom-id=\"tbrrpvejfmzmhehdmwfbnywyjiesvxghrrlw\">\n<div data-brz-translate-text=\"1\">\n<p class=\"brz-lh-lg-1_9 brz-tp-lg-empty brz-ff-ymubgefsxldrywogxtzekrfkmzwinepjvqkm brz-ft-upload brz-fs-lg-16 brz-fss-lg-px brz-fw-lg-400 brz-ls-lg-0 brz-mb-lg-20 brz-css-rRSdg\" data-generated-css=\"brz-css-amwks\" data-uniq-id=\"bworn\"><span class=\"brz-cp-color7\">Nemlendirici A\u015f\u0131, tek uygulama ile cildinizi nemlendirir ve cilt kalitesini art\u0131r\u0131r, \u00e7izgileri giderir ve daha gen\u00e7 bir cilt g\u00f6r\u00fcn\u00fcm\u00fc sa\u011flar. Etkileri dokuz aya kadar s\u00fcrer. Y\u00fcz, boyun, dekolte ve ellere uygulanabilen Nem A\u015f\u0131s\u0131, ya\u015flanma belirtilerini en aza indirmek ve ortadan kald\u0131rmak i\u00e7in etkili bir stratejidir.<\/span><\/p>\n<\/div>\n<\/div>\n<\/div>\n<\/div>\n<\/div>\n<\/div>\n<\/div>\n<\/div>\n<\/div>\n<\/section>\n<\/div>\n<p>    <!-- version:1722051780 --><\/p>\n","protected":false},"excerpt":{"rendered":"<p>ESTET\u0130K &amp; G\u00dcZELL\u0130K Nemlendirici A\u015f\u0131 ESTET\u0130K &amp; G\u00dcZELL\u0130K Nemlendirici A\u015f\u0131 Nemlendirici A\u015f\u0131, tek uygulama ile cildinizi nemlendirir ve cilt kalitesini art\u0131r\u0131r, \u00e7izgileri giderir ve daha gen\u00e7 bir cilt g\u00f6r\u00fcn\u00fcm\u00fc sa\u011flar. Etkileri dokuz aya kadar s\u00fcrer. Y\u00fcz, boyun, dekolte ve ellere uygulanabilen Nem A\u015f\u0131s\u0131, ya\u015flanma belirtilerini en aza indirmek ve ortadan kald\u0131rmak i\u00e7in etkili bir stratejidir.<\/p>\n","protected":false},"author":5,"featured_media":0,"parent":1182,"menu_order":0,"comment_status":"closed","ping_status":"closed","template":"","meta":{"footnotes":""},"class_list":["post-1194","page","type-page","status-publish","hentry"],"blocksy_meta":{"styles_descriptor":{"styles":{"desktop":"","tablet":"","mobile":""},"google_fonts":[],"version":6}},"_links":{"self":[{"href":"https:\/\/smilinic.com\/tr\/wp-json\/wp\/v2\/pages\/1194","targetHints":{"allow":["GET"]}}],"collection":[{"href":"https:\/\/smilinic.com\/tr\/wp-json\/wp\/v2\/pages"}],"about":[{"href":"https:\/\/smilinic.com\/tr\/wp-json\/wp\/v2\/types\/page"}],"author":[{"embeddable":true,"href":"https:\/\/smilinic.com\/tr\/wp-json\/wp\/v2\/users\/5"}],"replies":[{"embeddable":true,"href":"https:\/\/smilinic.com\/tr\/wp-json\/wp\/v2\/comments?post=1194"}],"version-history":[{"count":0,"href":"https:\/\/smilinic.com\/tr\/wp-json\/wp\/v2\/pages\/1194\/revisions"}],"up":[{"embeddable":true,"href":"https:\/\/smilinic.com\/tr\/wp-json\/wp\/v2\/pages\/1182"}],"wp:attachment":[{"href":"https:\/\/smilinic.com\/tr\/wp-json\/wp\/v2\/media?parent=1194"}],"curies":[{"name":"wp","href":"https:\/\/api.w.org\/{rel}","templated":true}]}}