{"id":1192,"date":"2022-10-06T21:24:01","date_gmt":"2022-10-06T21:24:01","guid":{"rendered":"https:\/\/smilinic.com\/esthetic-beauty\/mesotherapy\/"},"modified":"2024-07-27T11:37:16","modified_gmt":"2024-07-27T11:37:16","slug":"mesotherapy","status":"publish","type":"page","link":"https:\/\/smilinic.com\/tr\/esthetic-beauty\/mesotherapy\/","title":{"rendered":"Mezoterapi"},"content":{"rendered":"<div class=\"brz-root__container brz-reset-all brz\">\n<section id=\"dzhhwudmnvpnfyrskczpwscszfufrjnmoqtc\" class=\"brz-section brz-css-rBym_\">\n<div class=\"brz-section__content brz-section--boxed brz-css-ivSg8 brz-css-zqlMF\" data-brz-custom-id=\"wowiuheuugrnbeoqurbcyirizlkfnrsqsfxo\">\n<div class=\"brz-bg\">\n<div class=\"brz-bg-image\"><\/div>\n<div class=\"brz-bg-color\"><\/div>\n<\/div>\n<div class=\"brz-container brz-css-lVmJD brz-css-a9vqE\">\n<div id=\"\" class=\"brz-css-mdycS brz-css-wMO4J brz-wrapper\">\n<div class=\"brz-rich-text brz-rich-text__custom brz-css-hKozg\" data-brz-custom-id=\"llawozdgxozyfmrgpbrxlnojltsmqadbeswn\">\n<div data-brz-translate-text=\"1\">\n<p class=\"brz-tp-lg-paragraph brz-text-lg-center brz-css-itoUE\" data-uniq-id=\"deoaw\" data-generated-css=\"brz-css-evxap\">ESTET\u0130K &amp; G\u00dcZELL\u0130K<\/p>\n<\/div>\n<\/div>\n<\/div>\n<div id=\"\" class=\"brz-css-mdycS brz-wrapper\">\n<div class=\"brz-rich-text brz-rich-text__custom brz-css-hKozg\" data-brz-custom-id=\"lvcnfubrwvcqailuhkgksgcuzwcnxywphbww\">\n<div data-brz-translate-text=\"1\">\n<p class=\"brz-text-lg-center brz-ls-lg-0 brz-lh-lg-1 brz-tp-lg-empty brz-ff-roboto brz-ft-google brz-fs-lg-54 brz-fss-lg-px brz-fw-lg-700 brz-css-tECL8\" data-uniq-id=\"qdezm\" data-generated-css=\"brz-css-xrugq\">Mezoterapi<\/p>\n<\/div>\n<\/div>\n<\/div>\n<\/div>\n<\/div>\n<\/section>\n<section id=\"yyeeijabhactrjjhgeijhjchtikqglsvtlif\" class=\"brz-section brz-css-rBym_\">\n<div class=\"brz-section__content brz-section--boxed brz-css-ivSg8 brz-css-scPuc\" data-brz-custom-id=\"uhdmbmnobvppbsxttryfsuxjcwndtwmyeouu\">\n<div class=\"brz-bg\">\n<div class=\"brz-bg-color\"><\/div>\n<\/div>\n<div class=\"brz-container brz-css-lVmJD\">\n<div id=\"whitearea\" class=\"brz-row__container brz-css-r2lNw brz-css-g0pEx\" data-brz-custom-id=\"botudvxoqmewlibqclpelbnhczagvqenetrz\">\n<div class=\"brz-bg\">\n<div class=\"brz-bg-color\"><\/div>\n<\/div>\n<div class=\"brz-row brz-css-lDfv5 brz-css-vKRwK\">\n<div class=\"brz-columns brz-css-dJ890 brz-css-uTpbT\" data-brz-custom-id=\"lgrknfofmthzmsjbvexieavbgabnfsdrttdi\">\n<div class=\"brz-bg\"><\/div>\n<div class=\"brz-column__items brz-css-tVvpu brz-css-yHRGG\">\n<div id=\"\" class=\"brz-css-mdycS brz-css-yYX8L brz-wrapper\">\n<div class=\"brz-image brz-css-hcMSY brz-css-dffa9\" data-brz-custom-id=\"ivjjpcosuswtezoanoarhscgrthjckkqmoxy\"><img decoding=\"async\" class=\"brz-img\" src=\"https:\/\/cafeduo.com.tr\/wp-content\/uploads\/brizy\/imgs\/wp-4494474457f2e1bc7d2f5bfb5fd2d9b6-554x832x0x0x554x622x1714077551.jpg\" alt=\"\" loading=\"lazy\"><\/div>\n<\/div>\n<\/div>\n<\/div>\n<div class=\"brz-columns brz-css-dJ890 brz-css-yqAyG\" data-brz-custom-id=\"pxffpawzfebotgwhxibaswvjocsqmbexwdns\">\n<div class=\"brz-bg\"><\/div>\n<div class=\"brz-column__items brz-css-tVvpu brz-css-s9mKq\">\n<div id=\"\" class=\"brz-css-mdycS brz-css-uFgjz brz-wrapper\">\n<div class=\"brz-rich-text brz-rich-text__custom brz-css-hKozg\" data-brz-custom-id=\"votmlcnrikdhvufrtzztmdkdozhgsyzbdvak\">\n<div data-brz-translate-text=\"1\">\n<p class=\"brz-ls-lg-0 brz-lh-lg-1_9 brz-tp-lg-empty brz-ff-ymubgefsxldrywogxtzekrfkmzwinepjvqkm brz-ft-upload brz-fs-lg-12 brz-fss-lg-px brz-fw-lg-700 brz-css-f76I2\" data-generated-css=\"brz-css-ajyaf\" data-uniq-id=\"hbepu\"><span class=\"brz-cp-color7\">ESTET\u0130K &amp; G\u00dcZELL\u0130K<\/span><\/p>\n<\/div>\n<\/div>\n<\/div>\n<div id=\"\" class=\"brz-css-mdycS brz-css-pTG_k brz-wrapper\">\n<div class=\"brz-rich-text brz-rich-text__custom brz-css-hKozg\" data-brz-custom-id=\"xziikgfvjuaiqgttaujslmhfgovropdvmpai\">\n<div data-brz-translate-text=\"1\">\n<p class=\"brz-fs-lg-20 brz-ft-upload brz-ff-ymubgefsxldrywogxtzekrfkmzwinepjvqkm brz-tp-lg-empty brz-lh-lg-1_9 brz-ls-lg-0 brz-fw-lg-400 brz-fss-lg-px brz-css-uFYYI\" data-generated-css=\"brz-css-slnzk\" data-uniq-id=\"bgzus\"><strong>Mezoterapi<\/strong><\/p>\n<\/div>\n<\/div>\n<\/div>\n<div id=\"\" class=\"brz-css-mdycS brz-wrapper\">\n<div class=\"brz-rich-text brz-rich-text__custom brz-css-hKozg\" data-brz-custom-id=\"zqgiudqevrsegneroeffibdlbacxdpqqibij\">\n<div data-brz-translate-text=\"1\">\n<p class=\"ql-align-justify brz-lh-lg-1_9 brz-ls-lg-0 brz-fw-lg-400 brz-fss-lg-px brz-fs-lg-16 brz-ft-upload brz-ff-ymubgefsxldrywogxtzekrfkmzwinepjvqkm brz-tp-lg-empty brz-mb-lg-20 brz-css-vhunf\" data-generated-css=\"brz-css-hcvms\" data-uniq-id=\"syipp\"><span class=\"brz-cp-color7\">\u0130lk olarak 1952&#8217;de Frans\u0131z doktor Dr. Pistor taraf\u0131ndan tan\u0131nmaya ba\u015fland\u0131. Mezoterapi, v\u00fccuttaki bir anormalli\u011fin o b\u00f6lgeye k\u00fc\u00e7\u00fck enjeksiyonlar uygulanmas\u0131yla sabitlendi\u011fi yayg\u0131n bir tedavi \u015feklidir. Latince &#8220;mezo = orta&#8221; &#8211; &#8220;terapi = tedavi&#8221; kelimelerinden olu\u015fur ve &#8220;orta cilt tedavisi&#8221; anlam\u0131na gelir.<\/span><\/p>\n<p class=\"brz-lh-lg-1_9 brz-ls-lg-0 brz-fw-lg-400 brz-fss-lg-px brz-fs-lg-16 brz-ft-upload brz-ff-ymubgefsxldrywogxtzekrfkmzwinepjvqkm brz-tp-lg-empty brz-mb-lg-20 ql-align-justify brz-css-pwtn9\" data-generated-css=\"brz-css-dheqk\" data-uniq-id=\"bxeqz\"><span class=\"brz-cp-color7\">A\u011f\u0131zdan al\u0131nan veya do\u011frudan kas veya damara enjekte edilen t\u00fcm ila\u00e7lar ilgili v\u00fccut organ\u0131na ula\u015famaz. Bunun nedeni, bir k\u0131sm\u0131n\u0131n muhte\u015fem bir \u015fekilde emilmeden at\u0131lmas\u0131d\u0131r. Bu nedenle al\u0131nan ilac\u0131n etkisi s\u0131n\u0131rl\u0131d\u0131r. Ayr\u0131ca sistemik ila\u00e7lar kan yoluyla t\u00fcm v\u00fccuda yay\u0131labilece\u011fi i\u00e7in hastal\u0131kla ilgili olmayan ancak o ila\u00e7tan etkilenebilecek di\u011fer organ veya dokular\u0131 da etkileyecektir. En iyi sonu\u00e7lar i\u00e7in \u00f6nerilen \u00e7\u00f6z\u00fcm mezoterapidir. Bu se\u00e7ene\u011fin hi\u00e7bir yan etkisi olmad\u0131\u011f\u0131 ve problemli b\u00f6lgeye az miktarda mikroenjeksiyon uyguland\u0131\u011f\u0131 bilinmektedir. Mezoterapi i\u011fneleri k\u00fc\u00e7\u00fckt\u00fcr ve \u00e7ok fazla ac\u0131tmaz, bu nedenle bir\u00e7ok ki\u015fi onlar\u0131 di\u011fer tedavi bi\u00e7imlerine alternatif olarak kullanmak ister. Yaralar dezenfekte edildikten sonra spreylerle uyu\u015fturularak hissizle\u015ftirilmesi m\u00fcmk\u00fcnd\u00fcr. Gerekli enjeksiyon say\u0131s\u0131 hastadan hastaya, hastal\u0131\u011fa ve enjeksiyon b\u00f6lgesine g\u00f6re de\u011fi\u015fir. Ka\u00e7 enjeksiyona ihtiyac\u0131n\u0131z olaca\u011f\u0131n\u0131 farkl\u0131 fakt\u00f6rler belirleyecektir.<\/span><\/p>\n<p class=\"brz-lh-lg-1_9 brz-ls-lg-0 brz-fw-lg-400 brz-fss-lg-px brz-fs-lg-16 brz-ft-upload brz-ff-ymubgefsxldrywogxtzekrfkmzwinepjvqkm brz-tp-lg-empty brz-mb-lg-20 ql-align-justify brz-css-keBDs\" data-generated-css=\"brz-css-sieee\" data-uniq-id=\"qmona\"><span class=\"brz-cp-color7\">Mezoterapi, kire\u00e7lenme, boyun ve bel f\u0131t\u0131\u011f\u0131 a\u011fr\u0131lar\u0131, siyatik ve kol a\u011fr\u0131lar\u0131, migren ve adet a\u011fr\u0131lar\u0131, spor travmalar\u0131 gibi t\u00fcm eklem hastal\u0131klar\u0131nda, varis, lenf \u00f6dem ve flebit gibi baz\u0131 damar hastal\u0131klar\u0131nda ve sel\u00fclitlerde estetik ama\u00e7l\u0131 s\u0131kl\u0131kla kullan\u0131lmaktad\u0131r. damar lekeleri, \u00e7e\u015fitli cilt problemlerini, cilt ya\u015flanmas\u0131n\u0131 ve sa\u00e7 d\u00f6k\u00fclmesini \u00f6nlemek i\u00e7in yayg\u0131n olarak ba\u015far\u0131yla kullan\u0131lmaktad\u0131r.<\/span><\/p>\n<\/div>\n<\/div>\n<\/div>\n<\/div>\n<\/div>\n<\/div>\n<\/div>\n<\/div>\n<\/div>\n<\/section>\n<\/div>\n<p>    <!-- version:1722080236 --><\/p>\n","protected":false},"excerpt":{"rendered":"<p>ESTET\u0130K &amp; G\u00dcZELL\u0130K Mezoterapi ESTET\u0130K &amp; G\u00dcZELL\u0130K Mezoterapi \u0130lk olarak 1952&#8217;de Frans\u0131z doktor Dr. Pistor taraf\u0131ndan tan\u0131nmaya ba\u015fland\u0131. Mezoterapi, v\u00fccuttaki bir anormalli\u011fin o b\u00f6lgeye k\u00fc\u00e7\u00fck enjeksiyonlar uygulanmas\u0131yla sabitlendi\u011fi yayg\u0131n bir tedavi \u015feklidir. Latince &#8220;mezo = orta&#8221; &#8211; &#8220;terapi = tedavi&#8221; kelimelerinden olu\u015fur ve &#8220;orta cilt tedavisi&#8221; anlam\u0131na gelir. A\u011f\u0131zdan al\u0131nan veya do\u011frudan kas veya damara [&hellip;]<\/p>\n","protected":false},"author":5,"featured_media":0,"parent":1182,"menu_order":0,"comment_status":"closed","ping_status":"closed","template":"","meta":{"footnotes":""},"class_list":["post-1192","page","type-page","status-publish","hentry"],"blocksy_meta":{"styles_descriptor":{"styles":{"desktop":"","tablet":"","mobile":""},"google_fonts":[],"version":6}},"_links":{"self":[{"href":"https:\/\/smilinic.com\/tr\/wp-json\/wp\/v2\/pages\/1192","targetHints":{"allow":["GET"]}}],"collection":[{"href":"https:\/\/smilinic.com\/tr\/wp-json\/wp\/v2\/pages"}],"about":[{"href":"https:\/\/smilinic.com\/tr\/wp-json\/wp\/v2\/types\/page"}],"author":[{"embeddable":true,"href":"https:\/\/smilinic.com\/tr\/wp-json\/wp\/v2\/users\/5"}],"replies":[{"embeddable":true,"href":"https:\/\/smilinic.com\/tr\/wp-json\/wp\/v2\/comments?post=1192"}],"version-history":[{"count":0,"href":"https:\/\/smilinic.com\/tr\/wp-json\/wp\/v2\/pages\/1192\/revisions"}],"up":[{"embeddable":true,"href":"https:\/\/smilinic.com\/tr\/wp-json\/wp\/v2\/pages\/1182"}],"wp:attachment":[{"href":"https:\/\/smilinic.com\/tr\/wp-json\/wp\/v2\/media?parent=1192"}],"curies":[{"name":"wp","href":"https:\/\/api.w.org\/{rel}","templated":true}]}}