{"id":1191,"date":"2022-10-06T21:22:15","date_gmt":"2022-10-06T21:22:15","guid":{"rendered":"https:\/\/smilinic.com\/esthetic-beauty\/h100-vaccine\/"},"modified":"2024-07-27T18:30:03","modified_gmt":"2024-07-27T18:30:03","slug":"h100-vaccine","status":"publish","type":"page","link":"https:\/\/smilinic.com\/tr\/esthetic-beauty\/h100-vaccine\/","title":{"rendered":"H100 A\u015f\u0131s\u0131"},"content":{"rendered":"<div class=\"brz-root__container brz-reset-all brz\">\n<section id=\"zljbmvldieiuelisbtgpznsfkoxhpidxrzmw\" class=\"brz-section brz-css-zOkvw\">\n<div class=\"brz-section__content brz-section--boxed brz-css-y9V7m brz-css-lqHTA\" data-brz-custom-id=\"sdvjatatqeleobjvwvqhahwebfdddfeiqeqq\">\n<div class=\"brz-bg\">\n<div class=\"brz-bg-image\"><\/div>\n<div class=\"brz-bg-color\"><\/div>\n<\/div>\n<div class=\"brz-container brz-css-krPim brz-css-kwMMg\">\n<div id=\"\" class=\"brz-css-cpZF9 brz-css-uNIJ3 brz-wrapper\">\n<div class=\"brz-rich-text brz-rich-text__custom brz-css-sId31\" data-brz-custom-id=\"ydejtzdchjeqfwqfjqkvsphrwpeybubkrhlw\">\n<div data-brz-translate-text=\"1\">\n<p class=\"brz-tp-lg-paragraph brz-text-lg-center brz-css-pdqeQ\" data-uniq-id=\"ytjvg\" data-generated-css=\"brz-css-iuzre\">ESTET\u0130K &amp; G\u00dcZELL\u0130K<\/p>\n<\/div>\n<\/div>\n<\/div>\n<div id=\"\" class=\"brz-css-cpZF9 brz-wrapper\">\n<div class=\"brz-rich-text brz-rich-text__custom brz-css-sId31\" data-brz-custom-id=\"jiyazaczqyteywiiuoevbnhdtxtxyehlbvkb\">\n<div data-brz-translate-text=\"1\">\n<p class=\"brz-text-lg-center brz-ls-lg-0 brz-lh-lg-1 brz-tp-lg-empty brz-ff-roboto brz-ft-google brz-fs-lg-54 brz-fss-lg-px brz-fw-lg-700 brz-css-nbVPO\" data-uniq-id=\"rhwzx\" data-generated-css=\"brz-css-nzpnx\">H100 A\u015f\u0131s\u0131<\/p>\n<\/div>\n<\/div>\n<\/div>\n<\/div>\n<\/div>\n<\/section>\n<section id=\"rhqwsmkrlnqouunvypzesjmodmttzdbaeypx\" class=\"brz-section brz-css-zOkvw\">\n<div class=\"brz-section__content brz-section--boxed brz-css-y9V7m brz-css-gqfon\" data-brz-custom-id=\"sthokzugibetfhggtkoplgdmamenqacrlbhx\">\n<div class=\"brz-bg\">\n<div class=\"brz-bg-color\"><\/div>\n<\/div>\n<div class=\"brz-container brz-css-krPim\">\n<div id=\"whitearea\" class=\"brz-row__container brz-css-mdxqA brz-css-v7za7\" data-brz-custom-id=\"xgcrauqigxhdyvgcwknsutvznltsiicluxam\">\n<div class=\"brz-bg\">\n<div class=\"brz-bg-color\"><\/div>\n<\/div>\n<div class=\"brz-row brz-css-nLIoS brz-css-giPgQ\">\n<div class=\"brz-columns brz-css-kjiv5 brz-css-ncFps\" data-brz-custom-id=\"rpcszlvyhshlvkhbuticgttozgmgdrsxnhwd\">\n<div class=\"brz-bg\"><\/div>\n<div class=\"brz-column__items brz-css-vm2S9 brz-css-nOnNj\">\n<div id=\"\" class=\"brz-css-cpZF9 brz-css-nYokc brz-wrapper\">\n<div class=\"brz-image brz-css-fyLw1 brz-css-bMO2n\" data-brz-custom-id=\"nldcfcwutjqizonkrdujqovpznirldafltlo\"><img decoding=\"async\" class=\"brz-img\" src=\"https:\/\/cafeduo.com.tr\/wp-content\/uploads\/brizy\/imgs\/wp-4494474457f2e1bc7d2f5bfb5fd2d9b6-554x832x0x55x554x622x1714077551.jpg\" alt=\"\" loading=\"lazy\"><\/div>\n<\/div>\n<\/div>\n<\/div>\n<div class=\"brz-columns brz-css-kjiv5 brz-css-lhgEi\" data-brz-custom-id=\"yopdnhizzezaioqfbbctusqyypbpiywmhndz\">\n<div class=\"brz-bg\"><\/div>\n<div class=\"brz-column__items brz-css-vm2S9 brz-css-zrPeH\">\n<div id=\"\" class=\"brz-css-cpZF9 brz-css-jnTDz brz-wrapper\">\n<div class=\"brz-rich-text brz-rich-text__custom brz-css-sId31\" data-brz-custom-id=\"trlqyooomsgadxkridjxxjctgyyqcnlijkob\">\n<div data-brz-translate-text=\"1\">\n<p class=\"brz-ls-lg-0 brz-lh-lg-1_9 brz-tp-lg-empty brz-ff-ymubgefsxldrywogxtzekrfkmzwinepjvqkm brz-ft-upload brz-fs-lg-12 brz-fss-lg-px brz-fw-lg-700 brz-css-zoyLm\" data-generated-css=\"brz-css-khqzz\" data-uniq-id=\"ofats\"><span class=\"brz-cp-color7\">ESTET\u0130K &amp; G\u00dcZELL\u0130K<\/span><\/p>\n<\/div>\n<\/div>\n<\/div>\n<div id=\"\" class=\"brz-css-cpZF9 brz-css-eMFJi brz-wrapper\">\n<div class=\"brz-rich-text brz-rich-text__custom brz-css-sId31\" data-brz-custom-id=\"cjspbdyeycrcsttgtmhkloomxengxlsvcwvg\">\n<div data-brz-translate-text=\"1\">\n<p class=\"brz-fs-lg-20 brz-ft-upload brz-ff-ymubgefsxldrywogxtzekrfkmzwinepjvqkm brz-tp-lg-empty brz-lh-lg-1_9 brz-ls-lg-0 brz-fw-lg-400 brz-fss-lg-px brz-css-fD1Qr\" data-generated-css=\"brz-css-kfhmp\" data-uniq-id=\"jriug\"><strong>H100 A\u015f\u0131s\u0131<\/strong><\/p>\n<\/div>\n<\/div>\n<\/div>\n<div id=\"\" class=\"brz-css-cpZF9 brz-wrapper\">\n<div class=\"brz-rich-text brz-rich-text__custom brz-css-sId31\" data-brz-custom-id=\"lzkbojuaoaeagnwbtnpzrxjiyonxlyomhmvl\">\n<div data-brz-translate-text=\"1\">\n<p class=\"brz-mb-lg-20 brz-tp-lg-empty brz-ff-ymubgefsxldrywogxtzekrfkmzwinepjvqkm brz-ft-upload brz-fs-lg-16 brz-fss-lg-px brz-fw-lg-400 brz-ls-lg-0 brz-lh-lg-1_9 ql-align-justify brz-css-uRD1J\" data-uniq-id=\"pfytz\" data-generated-css=\"brz-css-azwav\"><span class=\"brz-cp-color7\">H100 a\u015f\u0131s\u0131, cildin nem tutma kapasitesini art\u0131rarak k\u0131r\u0131\u015f\u0131kl\u0131k, sarkma, dehidrasyon ve deformasyon gibi durumlar\u0131n iyile\u015fmesine yard\u0131mc\u0131 olabilir. Cildin nem kapasitesi sonsuz de\u011fildir, bu nedenle sadece d\u0131\u015f kaynaklara g\u00fcvenebilece\u011fimiz zamanlar vard\u0131r. Nem kapasitesini artt\u0131rarak cildin ileriki a\u015famalarda sentezleyemedi\u011fi mineraller, peptitler, amino asitler ve vitaminler gibi yap\u0131 ta\u015flar\u0131n\u0131n d\u0131\u015far\u0131dan emilmesini sa\u011flar. Bu sayede H100 a\u015f\u0131s\u0131 cildinizin t\u00fcm ihtiya\u00e7lar\u0131n\u0131 kar\u015f\u0131layarak gen\u00e7le\u015fmesini sa\u011flayabilir. Cildinizin elastikiyetini korumas\u0131na, gen\u00e7 bir g\u00f6r\u00fcn\u00fcm kazanmas\u0131na ve ya\u015flanma belirtileriyle sava\u015fmas\u0131na yard\u0131mc\u0131 olur. Ayr\u0131ca daha taze bir cilt i\u00e7in h\u00fccre d\u00f6n\u00fc\u015f\u00fcm\u00fcn\u00fc h\u0131zland\u0131r\u0131r.<\/span><\/p>\n<\/div>\n<\/div>\n<\/div>\n<\/div>\n<\/div>\n<\/div>\n<\/div>\n<\/div>\n<\/div>\n<\/section>\n<\/div>\n<p>    <!-- version:1722105003 --><\/p>\n","protected":false},"excerpt":{"rendered":"<p>ESTET\u0130K &amp; G\u00dcZELL\u0130K H100 A\u015f\u0131s\u0131 ESTET\u0130K &amp; G\u00dcZELL\u0130K H100 A\u015f\u0131s\u0131 H100 a\u015f\u0131s\u0131, cildin nem tutma kapasitesini art\u0131rarak k\u0131r\u0131\u015f\u0131kl\u0131k, sarkma, dehidrasyon ve deformasyon gibi durumlar\u0131n iyile\u015fmesine yard\u0131mc\u0131 olabilir. Cildin nem kapasitesi sonsuz de\u011fildir, bu nedenle sadece d\u0131\u015f kaynaklara g\u00fcvenebilece\u011fimiz zamanlar vard\u0131r. Nem kapasitesini artt\u0131rarak cildin ileriki a\u015famalarda sentezleyemedi\u011fi mineraller, peptitler, amino asitler ve vitaminler gibi yap\u0131 [&hellip;]<\/p>\n","protected":false},"author":5,"featured_media":0,"parent":1182,"menu_order":0,"comment_status":"closed","ping_status":"closed","template":"","meta":{"footnotes":""},"class_list":["post-1191","page","type-page","status-publish","hentry"],"blocksy_meta":{"styles_descriptor":{"styles":{"desktop":"","tablet":"","mobile":""},"google_fonts":[],"version":6}},"_links":{"self":[{"href":"https:\/\/smilinic.com\/tr\/wp-json\/wp\/v2\/pages\/1191","targetHints":{"allow":["GET"]}}],"collection":[{"href":"https:\/\/smilinic.com\/tr\/wp-json\/wp\/v2\/pages"}],"about":[{"href":"https:\/\/smilinic.com\/tr\/wp-json\/wp\/v2\/types\/page"}],"author":[{"embeddable":true,"href":"https:\/\/smilinic.com\/tr\/wp-json\/wp\/v2\/users\/5"}],"replies":[{"embeddable":true,"href":"https:\/\/smilinic.com\/tr\/wp-json\/wp\/v2\/comments?post=1191"}],"version-history":[{"count":0,"href":"https:\/\/smilinic.com\/tr\/wp-json\/wp\/v2\/pages\/1191\/revisions"}],"up":[{"embeddable":true,"href":"https:\/\/smilinic.com\/tr\/wp-json\/wp\/v2\/pages\/1182"}],"wp:attachment":[{"href":"https:\/\/smilinic.com\/tr\/wp-json\/wp\/v2\/media?parent=1191"}],"curies":[{"name":"wp","href":"https:\/\/api.w.org\/{rel}","templated":true}]}}