{"id":1190,"date":"2022-10-06T21:20:35","date_gmt":"2022-10-06T21:20:35","guid":{"rendered":"https:\/\/smilinic.com\/esthetic-beauty\/gold-needle-radiofrequency\/"},"modified":"2024-07-27T10:57:39","modified_gmt":"2024-07-27T10:57:39","slug":"gold-needle-radiofrequency","status":"publish","type":"page","link":"https:\/\/smilinic.com\/tr\/esthetic-beauty\/gold-needle-radiofrequency\/","title":{"rendered":"Alt\u0131n \u0130\u011fne Radyofrekans"},"content":{"rendered":"<div class=\"brz-root__container brz-reset-all brz\">\n<section id=\"qabicnlzaopcmhntcywuvbvelsziwtnfhdcl\" class=\"brz-section brz-css-bgUmy\">\n<div class=\"brz-section__content brz-section--boxed brz-css-kz8Mh brz-css-aRvuR\" data-brz-custom-id=\"pvvrwbwampqmmayhcdbinubwlcxjbnhhwexm\">\n<div class=\"brz-bg\">\n<div class=\"brz-bg-image\"><\/div>\n<div class=\"brz-bg-color\"><\/div>\n<\/div>\n<div class=\"brz-container brz-css-r5egw brz-css-m8JQC\">\n<div id=\"\" class=\"brz-css-m5s2y brz-css-vTszx brz-wrapper\">\n<div class=\"brz-rich-text brz-rich-text__custom brz-css-tlWOV\" data-brz-custom-id=\"izzmunwhuzjkdqlzojlerjtebfsgvoriqxie\">\n<div data-brz-translate-text=\"1\">\n<p class=\"brz-tp-lg-paragraph brz-text-lg-center brz-css-gjlXf\" data-uniq-id=\"teiuy\" data-generated-css=\"brz-css-nwzih\">ESTET\u0130K &amp; G\u00dcZELL\u0130K<\/p>\n<\/div>\n<\/div>\n<\/div>\n<div id=\"\" class=\"brz-css-m5s2y brz-wrapper\">\n<div class=\"brz-rich-text brz-rich-text__custom brz-css-tlWOV\" data-brz-custom-id=\"nvwzhzyaqxksbwesbdktmyohzmsdrhloevkj\">\n<div data-brz-translate-text=\"1\">\n<p class=\"brz-text-lg-center brz-ls-lg-0 brz-lh-lg-1 brz-tp-lg-empty brz-ff-roboto brz-ft-google brz-fs-lg-54 brz-fss-lg-px brz-fw-lg-700 brz-css-qfvto\" data-uniq-id=\"wzowd\" data-generated-css=\"brz-css-feeer\">Alt\u0131n \u0130\u011fne Radyofrekans<\/p>\n<\/div>\n<\/div>\n<\/div>\n<\/div>\n<\/div>\n<\/section>\n<section id=\"vnlhbpmbybaqggnqnmcvppxkbtdvisxltkrz\" class=\"brz-section brz-css-bgUmy\">\n<div class=\"brz-section__content brz-section--boxed brz-css-kz8Mh brz-css-lW_3g\" data-brz-custom-id=\"euiwepaimphiqopkydrlbuioulmxgnwoelql\">\n<div class=\"brz-bg\">\n<div class=\"brz-bg-color\"><\/div>\n<\/div>\n<div class=\"brz-container brz-css-r5egw\">\n<div id=\"whitearea\" class=\"brz-row__container brz-css-q4Cyw brz-css-k7PK_\" data-brz-custom-id=\"mcpmgooivajmbyxnlljckumxjknjwdpphwuj\">\n<div class=\"brz-bg\">\n<div class=\"brz-bg-color\"><\/div>\n<\/div>\n<div class=\"brz-row brz-css-oEAya brz-css-fgiZp\">\n<div class=\"brz-columns brz-css-oo8hb brz-css-k5W8O\" data-brz-custom-id=\"frwhciacvwvjjmhjqaltpcscntuyqjeorzjl\">\n<div class=\"brz-bg\"><\/div>\n<div class=\"brz-column__items brz-css-zrpjS brz-css-tECpY\">\n<div id=\"\" class=\"brz-css-m5s2y brz-css-seuOV brz-wrapper\">\n<div class=\"brz-image brz-css-oBKJk brz-css-hpGe4\" data-brz-custom-id=\"fxfwfmcmaoflzfmetqzwaaglzfofluzonqdt\"><img decoding=\"async\" class=\"brz-img\" src=\"https:\/\/cafeduo.com.tr\/wp-content\/uploads\/brizy\/imgs\/wp-4494474457f2e1bc7d2f5bfb5fd2d9b6-554x832x0x72x554x622x1714077551.jpg\" alt=\"\" loading=\"lazy\"><\/div>\n<\/div>\n<\/div>\n<\/div>\n<div class=\"brz-columns brz-css-oo8hb brz-css-cgocW\" data-brz-custom-id=\"hzjemerxvygmefudoepfjpnvejqifftaazgm\">\n<div class=\"brz-bg\"><\/div>\n<div class=\"brz-column__items brz-css-zrpjS brz-css-cNWLN\">\n<div id=\"\" class=\"brz-css-m5s2y brz-css-olBzr brz-wrapper\">\n<div class=\"brz-rich-text brz-rich-text__custom brz-css-tlWOV\" data-brz-custom-id=\"mdrjozeyybfldhozbsnfrwkgsyhmsfwyfzaw\">\n<div data-brz-translate-text=\"1\">\n<p class=\"brz-ls-lg-0 brz-lh-lg-1_9 brz-tp-lg-empty brz-ff-ymubgefsxldrywogxtzekrfkmzwinepjvqkm brz-ft-upload brz-fs-lg-12 brz-fss-lg-px brz-fw-lg-700 brz-css-plhOL\" data-generated-css=\"brz-css-ubvhd\" data-uniq-id=\"vmwtq\"><span class=\"brz-cp-color7\">ESTET\u0130K &amp; G\u00dcZELL\u0130K<\/span><\/p>\n<\/div>\n<\/div>\n<\/div>\n<div id=\"\" class=\"brz-css-m5s2y brz-css-pZIn2 brz-wrapper\">\n<div class=\"brz-rich-text brz-rich-text__custom brz-css-tlWOV\" data-brz-custom-id=\"rnzfakyvvoavpucofoupufyjdnyifovvjfqh\">\n<div data-brz-translate-text=\"1\">\n<p class=\"brz-fss-lg-px brz-fw-lg-400 brz-ls-lg-0 brz-lh-lg-1_9 brz-tp-lg-empty brz-ff-ymubgefsxldrywogxtzekrfkmzwinepjvqkm brz-ft-upload brz-fs-lg-20 brz-css-zAS_E\" data-uniq-id=\"hkokp\" data-generated-css=\"brz-css-osadd\"><strong>Alt\u0131n \u0130\u011fne Radyofrekans<\/strong><\/p>\n<\/div>\n<\/div>\n<\/div>\n<div id=\"\" class=\"brz-css-m5s2y brz-wrapper\">\n<div class=\"brz-rich-text brz-rich-text__custom brz-css-tlWOV\" data-brz-custom-id=\"zoijocauzkmiaadkhzzuthljgagmovuljcbf\">\n<div data-brz-translate-text=\"1\">\n<p class=\"ql-align-justify brz-lh-lg-1_9 brz-tp-lg-empty brz-ff-ymubgefsxldrywogxtzekrfkmzwinepjvqkm brz-ft-upload brz-fs-lg-16 brz-fss-lg-px brz-fw-lg-400 brz-ls-lg-0 brz-mb-lg-20 brz-css-kv10g\" data-generated-css=\"brz-css-tfmuu\" data-uniq-id=\"jhuoo\"><span class=\"brz-cp-color7\">Kan kayb\u0131n\u0131n kontrol alt\u0131na al\u0131nmas\u0131 gereken t\u0131bbi prosed\u00fcrlerde, radyofrekans dalgalar\u0131 uzun y\u0131llard\u0131r \u0131s\u0131 enerjisi kayna\u011f\u0131 olarak kullan\u0131lmaktad\u0131r. <\/span><\/p>\n<p class=\"ql-align-justify brz-lh-lg-1_9 brz-tp-lg-empty brz-ff-ymubgefsxldrywogxtzekrfkmzwinepjvqkm brz-ft-upload brz-fs-lg-16 brz-fss-lg-px brz-fw-lg-400 brz-ls-lg-0 brz-mb-lg-20 brz-css-di7xu\" data-generated-css=\"brz-css-jgvuv\" data-uniq-id=\"iyydt\"><span class=\"brz-cp-color7\">25 mikro i\u011fne ile cilt alt\u0131na verilen \u0131s\u0131 sayesinde kollajen aktive olur ince k\u0131r\u0131\u015f\u0131kl\u0131klar d\u00fczelir. <\/span><\/p>\n<p class=\"ql-align-justify brz-lh-lg-1_9 brz-tp-lg-empty brz-ff-ymubgefsxldrywogxtzekrfkmzwinepjvqkm brz-ft-upload brz-fs-lg-16 brz-fss-lg-px brz-fw-lg-400 brz-ls-lg-0 brz-mb-lg-20 brz-css-lByRC\" data-generated-css=\"brz-css-kqsxy\" data-uniq-id=\"zsahj\"><span class=\"brz-cp-color7\">Fraksiyonel lazer, 25 mikro i\u011fneye b\u00f6l\u00fcnm\u00fc\u015f 1000 \u0131\u015f\u0131k at\u0131m\u0131 i\u00e7eren bir prosed\u00fcrd\u00fcr. Bunlar cildiniz yoluyla hedeflenen b\u00f6lgeye iletilir ve her darbe bir \u00f6ncekinden biraz daha uzun s\u00fcrer. Bu art arda ger\u00e7ekle\u015fir, yani tek bir \u0131\u015f\u0131k parlamas\u0131 de\u011fildir. <\/span><\/p>\n<p class=\"ql-align-justify brz-lh-lg-1_9 brz-tp-lg-empty brz-ff-ymubgefsxldrywogxtzekrfkmzwinepjvqkm brz-ft-upload brz-fs-lg-16 brz-fss-lg-px brz-fw-lg-400 brz-ls-lg-0 brz-mb-lg-20 brz-css-wlqDw\" data-generated-css=\"brz-css-svegj\" data-uniq-id=\"toxcn\"><span class=\"brz-cp-color7\">Bu, cildi birka\u00e7 saniye \u0131s\u0131t\u0131r ve yakla\u015f\u0131k 25.000 saniye s\u00fcren k\u00fc\u00e7\u00fck delikler a\u00e7ar. Bunun g\u00f6zenekler \u00fczerinde s\u0131k\u0131la\u015ft\u0131r\u0131c\u0131 bir etkisi vard\u0131r, bu da onlar\u0131n \u00e7\u0131plak g\u00f6zle daha az g\u00f6r\u00fcn\u00fcr olmas\u0131n\u0131 sa\u011flar. <\/span><\/p>\n<p class=\"ql-align-justify brz-lh-lg-1_9 brz-tp-lg-empty brz-ff-ymubgefsxldrywogxtzekrfkmzwinepjvqkm brz-ft-upload brz-fs-lg-16 brz-fss-lg-px brz-fw-lg-400 brz-ls-lg-0 brz-mb-lg-20 brz-css-jwdf2\" data-generated-css=\"brz-css-omssl\" data-uniq-id=\"egvcf\"><span class=\"brz-cp-color7\">Bunun nedeni, uygulaman\u0131n y\u00fcz\u00fcn bir taraf\u0131nda olmas\u0131 ve o k\u0131sm\u0131n kar\u015f\u0131 tarafa g\u00f6re daha fazla gerilmesidir. Cihaz\u0131 kullan\u0131rken 30 dakika i\u00e7erisinde ge\u00e7ici \u015fi\u015flik ya\u015fayabilirsiniz. Bunun nedeni, \u0131s\u0131t\u0131lan alandaki su emilimidir. Cildi \u0131s\u0131tt\u0131\u011f\u0131n\u0131zda, bu v\u00fccudunuzun do\u011fal iyile\u015fme s\u00fcrecini harekete ge\u00e7irir &#8211; yava\u015f yava\u015f kendini onarmaya ba\u015flar. <\/span><\/p>\n<p class=\"ql-align-justify brz-lh-lg-1_9 brz-tp-lg-empty brz-ff-ymubgefsxldrywogxtzekrfkmzwinepjvqkm brz-ft-upload brz-fs-lg-16 brz-fss-lg-px brz-fw-lg-400 brz-ls-lg-0 brz-mb-lg-20 brz-css-e_Em8\" data-generated-css=\"brz-css-fxlmh\" data-uniq-id=\"ulavu\"><span class=\"brz-cp-color7\">\u0130yile\u015fme s\u00fcrecinde yeni kollajen bantlar yeniden olu\u015fturulur. Cildin damarlar\u0131 yeniden d\u00fczenlenir.<\/span><\/p>\n<p class=\"ql-align-justify brz-lh-lg-1_9 brz-tp-lg-empty brz-ff-ymubgefsxldrywogxtzekrfkmzwinepjvqkm brz-ft-upload brz-fs-lg-16 brz-fss-lg-px brz-fw-lg-400 brz-ls-lg-0 brz-mb-lg-20 brz-css-yRhN1\" data-generated-css=\"brz-css-mdhej\" data-uniq-id=\"nbmcu\"><strong class=\"brz-cp-color7\">Bir dizi farkl\u0131 durumu tedavi etmek i\u00e7in kullan\u0131labilecek alt\u0131n terapisi sunuyoruz, \u00f6rne\u011fin:<\/strong><\/p>\n<ul>\n<li class=\"brz-mb-lg-20 brz-tp-lg-empty brz-ff-ymubgefsxldrywogxtzekrfkmzwinepjvqkm brz-ft-upload brz-fs-lg-16 brz-fss-lg-px brz-fw-lg-400 brz-ls-lg-0 brz-lh-lg-1 brz-css-e2Xd3\" data-generated-css=\"brz-css-sjobr\" data-uniq-id=\"faxeo\"><span class=\"brz-cp-color7\">Yara \u0130zi<\/span><\/li>\n<li class=\"brz-mb-lg-20 brz-tp-lg-empty brz-ff-ymubgefsxldrywogxtzekrfkmzwinepjvqkm brz-ft-upload brz-fs-lg-16 brz-fss-lg-px brz-fw-lg-400 brz-ls-lg-0 brz-lh-lg-1 brz-css-gwjAk\" data-generated-css=\"brz-css-numlk\" data-uniq-id=\"lycbn\"><span class=\"brz-cp-color7\">Cilt gen\u00e7le\u015ftirme (cilt yenileme)<\/span><\/li>\n<li class=\"brz-mb-lg-20 brz-tp-lg-empty brz-ff-ymubgefsxldrywogxtzekrfkmzwinepjvqkm brz-ft-upload brz-fs-lg-16 brz-fss-lg-px brz-fw-lg-400 brz-ls-lg-0 brz-lh-lg-1 brz-css-jPFHx\" data-generated-css=\"brz-css-cppeo\" data-uniq-id=\"htzxn\"><span class=\"brz-cp-color7\">Ciltteki geni\u015f g\u00f6zeneklerin tedavisi<\/span><\/li>\n<li class=\"brz-mb-lg-20 brz-tp-lg-empty brz-ff-ymubgefsxldrywogxtzekrfkmzwinepjvqkm brz-ft-upload brz-fs-lg-16 brz-fss-lg-px brz-fw-lg-400 brz-ls-lg-0 brz-lh-lg-1 brz-css-sbMrB\" data-generated-css=\"brz-css-lahjg\" data-uniq-id=\"izhnq\"><span class=\"brz-cp-color7\">Y\u00fcz ve boyun kurtarma<\/span><\/li>\n<li class=\"brz-mb-lg-20 brz-tp-lg-empty brz-ff-ymubgefsxldrywogxtzekrfkmzwinepjvqkm brz-ft-upload brz-fs-lg-16 brz-fss-lg-px brz-fw-lg-400 brz-ls-lg-0 brz-lh-lg-1 brz-css-yGOHW\" data-generated-css=\"brz-css-hqdfh\" data-uniq-id=\"ohknu\"><span class=\"brz-cp-color7\">Enflamatuar aktif Sivilce<\/span><\/li>\n<li class=\"brz-mb-lg-20 brz-tp-lg-empty brz-ff-ymubgefsxldrywogxtzekrfkmzwinepjvqkm brz-ft-upload brz-fs-lg-16 brz-fss-lg-px brz-fw-lg-400 brz-ls-lg-0 brz-lh-lg-1 brz-css-eyux3\" data-generated-css=\"brz-css-drkco\" data-uniq-id=\"ovhec\"><span style=\"background-color: initial\">Sivilce Yara izi<\/span><\/li>\n<li class=\"brz-mb-lg-20 brz-tp-lg-empty brz-ff-ymubgefsxldrywogxtzekrfkmzwinepjvqkm brz-ft-upload brz-fs-lg-16 brz-fss-lg-px brz-fw-lg-400 brz-ls-lg-0 brz-lh-lg-1 brz-css-iqr1P\" data-generated-css=\"brz-css-asicw\" data-uniq-id=\"trbrp\"><span style=\"background-color: initial\">Cilt sebumu dengeleme<\/span><\/li>\n<li class=\"brz-mb-lg-20 brz-tp-lg-empty brz-ff-ymubgefsxldrywogxtzekrfkmzwinepjvqkm brz-ft-upload brz-fs-lg-16 brz-fss-lg-px brz-fw-lg-400 brz-ls-lg-0 brz-lh-lg-1 brz-css-rAE6H\" data-generated-css=\"brz-css-mqkfa\" data-uniq-id=\"ljoxm\"><span>Hiperhidroz (a\u015f\u0131r\u0131 terleme)<\/span><\/li>\n<li class=\"brz-lh-lg-1 brz-tp-lg-empty brz-ff-ymubgefsxldrywogxtzekrfkmzwinepjvqkm brz-ft-upload brz-fs-lg-16 brz-fss-lg-px brz-fw-lg-400 brz-ls-lg-0 brz-mb-lg-20 brz-css-n7exg\" data-generated-css=\"brz-css-kkrym\" data-uniq-id=\"vcaft\"><span>\u0130nce k\u0131r\u0131\u015f\u0131kl\u0131klar\u0131n tedavisi<\/span><\/li>\n<\/ul>\n<\/div>\n<\/div>\n<\/div>\n<\/div>\n<\/div>\n<\/div>\n<\/div>\n<\/div>\n<\/div>\n<\/section>\n<\/div>\n<p>    <!-- version:1722077859 --><\/p>\n","protected":false},"excerpt":{"rendered":"<p>ESTET\u0130K &amp; G\u00dcZELL\u0130K Alt\u0131n \u0130\u011fne Radyofrekans ESTET\u0130K &amp; G\u00dcZELL\u0130K Alt\u0131n \u0130\u011fne Radyofrekans Kan kayb\u0131n\u0131n kontrol alt\u0131na al\u0131nmas\u0131 gereken t\u0131bbi prosed\u00fcrlerde, radyofrekans dalgalar\u0131 uzun y\u0131llard\u0131r \u0131s\u0131 enerjisi kayna\u011f\u0131 olarak kullan\u0131lmaktad\u0131r. 25 mikro i\u011fne ile cilt alt\u0131na verilen \u0131s\u0131 sayesinde kollajen aktive olur ince k\u0131r\u0131\u015f\u0131kl\u0131klar d\u00fczelir. Fraksiyonel lazer, 25 mikro i\u011fneye b\u00f6l\u00fcnm\u00fc\u015f 1000 \u0131\u015f\u0131k at\u0131m\u0131 i\u00e7eren bir [&hellip;]<\/p>\n","protected":false},"author":5,"featured_media":0,"parent":1182,"menu_order":0,"comment_status":"closed","ping_status":"closed","template":"","meta":{"footnotes":""},"class_list":["post-1190","page","type-page","status-publish","hentry"],"blocksy_meta":{"styles_descriptor":{"styles":{"desktop":"","tablet":"","mobile":""},"google_fonts":[],"version":6}},"_links":{"self":[{"href":"https:\/\/smilinic.com\/tr\/wp-json\/wp\/v2\/pages\/1190","targetHints":{"allow":["GET"]}}],"collection":[{"href":"https:\/\/smilinic.com\/tr\/wp-json\/wp\/v2\/pages"}],"about":[{"href":"https:\/\/smilinic.com\/tr\/wp-json\/wp\/v2\/types\/page"}],"author":[{"embeddable":true,"href":"https:\/\/smilinic.com\/tr\/wp-json\/wp\/v2\/users\/5"}],"replies":[{"embeddable":true,"href":"https:\/\/smilinic.com\/tr\/wp-json\/wp\/v2\/comments?post=1190"}],"version-history":[{"count":0,"href":"https:\/\/smilinic.com\/tr\/wp-json\/wp\/v2\/pages\/1190\/revisions"}],"up":[{"embeddable":true,"href":"https:\/\/smilinic.com\/tr\/wp-json\/wp\/v2\/pages\/1182"}],"wp:attachment":[{"href":"https:\/\/smilinic.com\/tr\/wp-json\/wp\/v2\/media?parent=1190"}],"curies":[{"name":"wp","href":"https:\/\/api.w.org\/{rel}","templated":true}]}}