{"id":1189,"date":"2022-10-06T21:21:32","date_gmt":"2022-10-06T21:21:32","guid":{"rendered":"https:\/\/smilinic.com\/esthetic-beauty\/fibrocell\/"},"modified":"2024-07-27T17:46:14","modified_gmt":"2024-07-27T17:46:14","slug":"fibrocell","status":"publish","type":"page","link":"https:\/\/smilinic.com\/tr\/esthetic-beauty\/fibrocell\/","title":{"rendered":"Fibrocell"},"content":{"rendered":"<div class=\"brz-root__container brz-reset-all brz\">\n<section id=\"znctczcncqhkgfczqjqnvjqlahfswcxooumk\" class=\"brz-section brz-css-sNw67\">\n<div class=\"brz-section__content brz-section--boxed brz-css-wg8fu brz-css-jNywH\" data-brz-custom-id=\"ahigjfydcnchvjwjoynyxomurrwumbhalsiu\">\n<div class=\"brz-bg\">\n<div class=\"brz-bg-image\"><\/div>\n<div class=\"brz-bg-color\"><\/div>\n<\/div>\n<div class=\"brz-container brz-css-vWg9f brz-css-gyUr4\">\n<div id=\"\" class=\"brz-css-bpsVu brz-css-q8hE_ brz-wrapper\">\n<div class=\"brz-rich-text brz-rich-text__custom brz-css-lictH\" data-brz-custom-id=\"jbhirxrilhqaweyacsypyxkncjxreevnubqe\">\n<div data-brz-translate-text=\"1\">\n<p class=\"brz-tp-lg-paragraph brz-text-lg-center brz-css-o6gX0\" data-uniq-id=\"pctdn\" data-generated-css=\"brz-css-sgfvl\">ESTET\u0130K &amp; G\u00dcZELL\u0130K<\/p>\n<\/div>\n<\/div>\n<\/div>\n<div id=\"\" class=\"brz-css-bpsVu brz-wrapper\">\n<div class=\"brz-rich-text brz-rich-text__custom brz-css-lictH\" data-brz-custom-id=\"wzxqhflfxezjjssrfjjiayuivmrfrvqihncq\">\n<div data-brz-translate-text=\"1\">\n<p class=\"brz-fw-lg-700 brz-fss-lg-px brz-fs-lg-54 brz-ft-google brz-ff-roboto brz-tp-lg-empty brz-lh-lg-1 brz-ls-lg-0 brz-text-lg-center brz-css-nzilX\" data-generated-css=\"brz-css-cpqlb\" data-uniq-id=\"oyadf\">Fibrocell<\/p>\n<\/div>\n<\/div>\n<\/div>\n<\/div>\n<\/div>\n<\/section>\n<section id=\"foqiogjdcrnebuxbpxipnqexwjyyjohcazam\" class=\"brz-section brz-css-sNw67\">\n<div class=\"brz-section__content brz-section--boxed brz-css-wg8fu brz-css-uR1li\" data-brz-custom-id=\"eyahcvwqgptxzmxhxzdmtlyuauyxoiwszyvy\">\n<div class=\"brz-bg\">\n<div class=\"brz-bg-color\"><\/div>\n<\/div>\n<div class=\"brz-container brz-css-vWg9f\">\n<div id=\"whitearea\" class=\"brz-row__container brz-css-bfCbe brz-css-m_pGh\" data-brz-custom-id=\"dxzpvdgxchznbteevyfnvlsnoxzowpfgxpus\">\n<div class=\"brz-bg\">\n<div class=\"brz-bg-color\"><\/div>\n<\/div>\n<div class=\"brz-row brz-css-o06KG brz-css-lbDfb\">\n<div class=\"brz-columns brz-css-vAP6w brz-css-wzR5Q\" data-brz-custom-id=\"epqcmzdgawqtzncstfkwmxlkhlaqusystwuj\">\n<div class=\"brz-bg\"><\/div>\n<div class=\"brz-column__items brz-css-lPtWd brz-css-j5qxH\">\n<div id=\"\" class=\"brz-css-bpsVu brz-css-coEmM brz-wrapper\">\n<div class=\"brz-image brz-css-g4aji brz-css-pEMrN\" data-brz-custom-id=\"nlgbuvrabokwrrcbcqiisfduiybgulliwfto\"><img decoding=\"async\" class=\"brz-img\" src=\"https:\/\/cafeduo.com.tr\/wp-content\/uploads\/brizy\/imgs\/wp-4494474457f2e1bc7d2f5bfb5fd2d9b6-554x832x0x113x554x622x1714077551.jpg\" alt=\"\" loading=\"lazy\"><\/div>\n<\/div>\n<\/div>\n<\/div>\n<div class=\"brz-columns brz-css-vAP6w brz-css-sGQOs\" data-brz-custom-id=\"lpaafwgcqtecmtabqyddyqsaidmqssxbuzgr\">\n<div class=\"brz-bg\"><\/div>\n<div class=\"brz-column__items brz-css-lPtWd brz-css-xFQI1\">\n<div id=\"\" class=\"brz-css-bpsVu brz-css-fRXcj brz-wrapper\">\n<div class=\"brz-rich-text brz-rich-text__custom brz-css-lictH\" data-brz-custom-id=\"osfrgzecldkphegeaeibdjnxkexmuuczcxzi\">\n<div data-brz-translate-text=\"1\">\n<p class=\"brz-fw-lg-700 brz-fss-lg-px brz-fs-lg-12 brz-ft-upload brz-ff-ymubgefsxldrywogxtzekrfkmzwinepjvqkm brz-tp-lg-empty brz-lh-lg-1_9 brz-ls-lg-0 brz-css-qeqOt\" data-uniq-id=\"giodd\" data-generated-css=\"brz-css-lhntw\"><strong class=\"brz-cp-color7\">ESTET\u0130K &amp; G\u00dcZELL\u0130K<\/strong><\/p>\n<\/div>\n<\/div>\n<\/div>\n<div id=\"\" class=\"brz-css-bpsVu brz-css-uxQ3B brz-wrapper\">\n<div class=\"brz-rich-text brz-rich-text__custom brz-css-lictH\" data-brz-custom-id=\"fcngpugunnrumqyzykjhlyrwukywvitskmjq\">\n<div data-brz-translate-text=\"1\">\n<p class=\"brz-fs-lg-20 brz-ft-upload brz-ff-ymubgefsxldrywogxtzekrfkmzwinepjvqkm brz-tp-lg-empty brz-lh-lg-1_9 brz-ls-lg-0 brz-fw-lg-400 brz-fss-lg-px brz-css-xDWdg\" data-generated-css=\"brz-css-zwxwf\" data-uniq-id=\"zscju\"><strong>Fibrocell<\/strong><\/p>\n<\/div>\n<\/div>\n<\/div>\n<div id=\"\" class=\"brz-css-bpsVu brz-wrapper\">\n<div class=\"brz-rich-text brz-rich-text__custom brz-css-lictH\" data-brz-custom-id=\"avvoitlzfwwfyvklrgluxjvtytcxfryqhglh\">\n<div data-brz-translate-text=\"1\">\n<p class=\"brz-mb-lg-20 brz-ls-lg-0 brz-fw-lg-400 brz-fss-lg-px brz-fs-lg-16 brz-ft-upload brz-ff-ymubgefsxldrywogxtzekrfkmzwinepjvqkm brz-tp-lg-empty brz-lh-lg-1_9 ql-align-justify brz-css-hS7hr\" data-uniq-id=\"fsqmj\" data-generated-css=\"brz-css-qcjdw\"><span class=\"brz-cp-color7\">Fibrocell, hastan\u0131n kendi h\u00fccrelerinden \u00fcretilen do\u011fal bir tedavi y\u00f6ntemidir. Y\u0131pranan dokuda canl\u0131l\u0131\u011f\u0131n\u0131 kaybeden h\u00fccreler ile kolajen ve elastin \u00fcretimi azal\u0131r. Bu b\u00f6lgeye nakledilen fibroblast h\u00fccreleri, dokunun i\u015flevini tekrar kazanmas\u0131na olanak sa\u011flar. Kula\u011f\u0131n arkas\u0131ndan biyopsi i\u011fnesi kullan\u0131larak k\u00fc\u00e7\u00fck bir doku par\u00e7as\u0131n\u0131n al\u0131narak ki\u015finin ihtiya\u00e7 duydu\u011fu b\u00f6lgelere kollajen sentezini sa\u011flayan i\u015flenmi\u015f fibroblast h\u00fccrelerinin enjekte edildi\u011fi bir i\u015flemdir. Bu s\u00fcre\u00e7ten kaynaklanan herhangi bir yan etki yoktur. Kullan\u0131lan h\u00fccreler tedavi g\u00f6ren ki\u015fiden al\u0131n\u0131r ve onlara nakledilir.<\/span><\/p>\n<\/div>\n<\/div>\n<\/div>\n<\/div>\n<\/div>\n<\/div>\n<\/div>\n<\/div>\n<\/div>\n<\/section>\n<\/div>\n<p>    <!-- version:1722102374 --><\/p>\n","protected":false},"excerpt":{"rendered":"<p>ESTET\u0130K &amp; G\u00dcZELL\u0130K Fibrocell ESTET\u0130K &amp; G\u00dcZELL\u0130K Fibrocell Fibrocell, hastan\u0131n kendi h\u00fccrelerinden \u00fcretilen do\u011fal bir tedavi y\u00f6ntemidir. Y\u0131pranan dokuda canl\u0131l\u0131\u011f\u0131n\u0131 kaybeden h\u00fccreler ile kolajen ve elastin \u00fcretimi azal\u0131r. Bu b\u00f6lgeye nakledilen fibroblast h\u00fccreleri, dokunun i\u015flevini tekrar kazanmas\u0131na olanak sa\u011flar. Kula\u011f\u0131n arkas\u0131ndan biyopsi i\u011fnesi kullan\u0131larak k\u00fc\u00e7\u00fck bir doku par\u00e7as\u0131n\u0131n al\u0131narak ki\u015finin ihtiya\u00e7 duydu\u011fu b\u00f6lgelere kollajen sentezini [&hellip;]<\/p>\n","protected":false},"author":5,"featured_media":0,"parent":1182,"menu_order":0,"comment_status":"closed","ping_status":"closed","template":"","meta":{"footnotes":""},"class_list":["post-1189","page","type-page","status-publish","hentry"],"blocksy_meta":{"styles_descriptor":{"styles":{"desktop":"","tablet":"","mobile":""},"google_fonts":[],"version":6}},"_links":{"self":[{"href":"https:\/\/smilinic.com\/tr\/wp-json\/wp\/v2\/pages\/1189","targetHints":{"allow":["GET"]}}],"collection":[{"href":"https:\/\/smilinic.com\/tr\/wp-json\/wp\/v2\/pages"}],"about":[{"href":"https:\/\/smilinic.com\/tr\/wp-json\/wp\/v2\/types\/page"}],"author":[{"embeddable":true,"href":"https:\/\/smilinic.com\/tr\/wp-json\/wp\/v2\/users\/5"}],"replies":[{"embeddable":true,"href":"https:\/\/smilinic.com\/tr\/wp-json\/wp\/v2\/comments?post=1189"}],"version-history":[{"count":0,"href":"https:\/\/smilinic.com\/tr\/wp-json\/wp\/v2\/pages\/1189\/revisions"}],"up":[{"embeddable":true,"href":"https:\/\/smilinic.com\/tr\/wp-json\/wp\/v2\/pages\/1182"}],"wp:attachment":[{"href":"https:\/\/smilinic.com\/tr\/wp-json\/wp\/v2\/media?parent=1189"}],"curies":[{"name":"wp","href":"https:\/\/api.w.org\/{rel}","templated":true}]}}