{"id":1186,"date":"2022-10-06T21:21:49","date_gmt":"2022-10-06T21:21:49","guid":{"rendered":"https:\/\/smilinic.com\/esthetic-beauty\/carbon-peeling\/"},"modified":"2024-07-27T20:00:12","modified_gmt":"2024-07-27T20:00:12","slug":"carbon-peeling","status":"publish","type":"page","link":"https:\/\/smilinic.com\/tr\/esthetic-beauty\/carbon-peeling\/","title":{"rendered":"Karbon Peeling"},"content":{"rendered":"<div class=\"brz-root__container brz-reset-all brz\">\n<section id=\"wptwggjurcrowujjsmiypkhbmrtryxmvccgn\" class=\"brz-section brz-css-nfGOj\">\n<div class=\"brz-section__content brz-section--boxed brz-css-dL6jj brz-css-ntS_E\" data-brz-custom-id=\"iczdxekgkdecxjoviytydaycyypxajrahrvh\">\n<div class=\"brz-bg\">\n<div class=\"brz-bg-image\"><\/div>\n<div class=\"brz-bg-color\"><\/div>\n<\/div>\n<div class=\"brz-container brz-css-gKW86 brz-css-kr_2F\">\n<div id=\"\" class=\"brz-css-idFgm brz-css-naVcn brz-wrapper\">\n<div class=\"brz-rich-text brz-rich-text__custom brz-css-lgW5e\" data-brz-custom-id=\"hzzrdcwqsrhynwkxnjumtnbldclwbtqmkcxt\">\n<div data-brz-translate-text=\"1\">\n<p class=\"brz-tp-lg-paragraph brz-text-lg-center brz-css-e05On\" data-uniq-id=\"hftqa\" data-generated-css=\"brz-css-mhoag\">ESTET\u0130K &amp; G\u00dcZELL\u0130K<\/p>\n<\/div>\n<\/div>\n<\/div>\n<div id=\"\" class=\"brz-css-idFgm brz-wrapper\">\n<div class=\"brz-rich-text brz-rich-text__custom brz-css-lgW5e\" data-brz-custom-id=\"cbdhcaczhblppbqahhfniaptyumboornlrgk\">\n<div data-brz-translate-text=\"1\">\n<p class=\"brz-fw-lg-700 brz-fss-lg-px brz-fs-lg-54 brz-ft-google brz-ff-roboto brz-tp-lg-empty brz-lh-lg-1 brz-ls-lg-0 brz-text-lg-center brz-css-cVre3\" data-generated-css=\"brz-css-mogow\" data-uniq-id=\"ceshz\">Karbon Cilt Temizleme<\/p>\n<\/div>\n<\/div>\n<\/div>\n<\/div>\n<\/div>\n<\/section>\n<section id=\"gduhdaceisgmhmdkmfimjzugsnftzrvutobl\" class=\"brz-section brz-css-nfGOj\">\n<div class=\"brz-section__content brz-section--boxed brz-css-dL6jj brz-css-qcKgi\" data-brz-custom-id=\"xfrmgnoohunvbauojpwzdgmnvwbgopgheuxa\">\n<div class=\"brz-bg\">\n<div class=\"brz-bg-color\"><\/div>\n<\/div>\n<div class=\"brz-container brz-css-gKW86\">\n<div id=\"whitearea\" class=\"brz-row__container brz-css-zufGp brz-css-kxAeu\" data-brz-custom-id=\"ulnubnppjyvcowfddwrqyshzpcmpauajzdwu\">\n<div class=\"brz-bg\">\n<div class=\"brz-bg-color\"><\/div>\n<\/div>\n<div class=\"brz-row brz-css-hXQqP brz-css-udUA1\">\n<div class=\"brz-columns brz-css-wucVY brz-css-hJBIB\" data-brz-custom-id=\"zlbhzpevmcmaptxcjxeggxwddiuclowozffi\">\n<div class=\"brz-bg\"><\/div>\n<div class=\"brz-column__items brz-css-r0r5l brz-css-vkcBu\">\n<div id=\"\" class=\"brz-css-idFgm brz-css-h_NHi brz-wrapper\">\n<div class=\"brz-image brz-css-ozZl6 brz-css-kabeN\" data-brz-custom-id=\"gzodsnjskuyrlnlmgnbdnqdpjuuikitxjvcf\"><img decoding=\"async\" class=\"brz-img\" src=\"https:\/\/cafeduo.com.tr\/wp-content\/uploads\/brizy\/imgs\/wp-4494474457f2e1bc7d2f5bfb5fd2d9b6-554x832x0x0x554x622x1714077551.jpg\" alt=\"\" loading=\"lazy\"><\/div>\n<\/div>\n<\/div>\n<\/div>\n<div class=\"brz-columns brz-css-wucVY brz-css-voz__\" data-brz-custom-id=\"ksqswcoyptwaegdejzoveiawaufjvrfvucxt\">\n<div class=\"brz-bg\"><\/div>\n<div class=\"brz-column__items brz-css-r0r5l brz-css-irEEl\">\n<div id=\"\" class=\"brz-css-idFgm brz-css-aOFPg brz-wrapper\">\n<div class=\"brz-rich-text brz-rich-text__custom brz-css-lgW5e\" data-brz-custom-id=\"ywlahdcgiobvhsrkjabujyhvewbeleltppzg\">\n<div data-brz-translate-text=\"1\">\n<p class=\"brz-ls-lg-0 brz-lh-lg-1_9 brz-tp-lg-empty brz-ff-ymubgefsxldrywogxtzekrfkmzwinepjvqkm brz-ft-upload brz-fs-lg-12 brz-fss-lg-px brz-fw-lg-700 brz-css-biPwn\" data-generated-css=\"brz-css-lznhs\" data-uniq-id=\"rghgc\"><span class=\"brz-cp-color7\">ESTET\u0130K &amp; G\u00dcZELL\u0130K<\/span><\/p>\n<\/div>\n<\/div>\n<\/div>\n<div id=\"\" class=\"brz-css-idFgm brz-css-oVdae brz-wrapper\">\n<div class=\"brz-rich-text brz-rich-text__custom brz-css-lgW5e\" data-brz-custom-id=\"rbcxcdarhrdyqlindosicjghkiqltbagsanj\">\n<div data-brz-translate-text=\"1\">\n<p class=\"brz-fss-lg-px brz-fw-lg-400 brz-ls-lg-0 brz-lh-lg-1_9 brz-tp-lg-empty brz-ff-ymubgefsxldrywogxtzekrfkmzwinepjvqkm brz-ft-upload brz-fs-lg-20 brz-css-hTlLT\" data-uniq-id=\"icwuy\" data-generated-css=\"brz-css-muotv\"><strong>Karbon Cilt Temizleme<\/strong><\/p>\n<\/div>\n<\/div>\n<\/div>\n<div id=\"\" class=\"brz-css-idFgm brz-wrapper\">\n<div class=\"brz-rich-text brz-rich-text__custom brz-css-lgW5e\" data-brz-custom-id=\"mwilgmslayfcpatccsdqswyyfmqccrsiatnj\">\n<div data-brz-translate-text=\"1\">\n<p class=\"ql-align-justify brz-mb-lg-20 brz-ls-lg-0 brz-fw-lg-400 brz-fss-lg-px brz-fs-lg-16 brz-ft-upload brz-ff-ymubgefsxldrywogxtzekrfkmzwinepjvqkm brz-tp-lg-empty brz-lh-lg-1_9 brz-css-kPNsk\" data-uniq-id=\"mewta\" data-generated-css=\"brz-css-zouhi\"><span class=\"brz-cp-color7\">Karbon peeling, g\u00f6zenekleri k\u00fc\u00e7\u00fclten, cildi ayd\u0131nlatan ve hatta a\u00e7\u0131k renkli ince t\u00fcyleri bile yok eden kolay bir tedavidir. Y\u00fcz\u00fcn\u00fczdeki baz\u0131 lekeleri tedavi etmek, cildi gen\u00e7le\u015ftirmenin iyi bir yoludur. Lazerle uygulanan bu teknik, lazer ve karbon \u00e7\u00f6z\u00fcmlerinin \u00e7al\u0131\u015fma bi\u00e7imine g\u00f6re uyarlanm\u0131\u015ft\u0131r. Lazer ve karbon sol\u00fcsyonunun birlikte uygulanmas\u0131, cilt y\u00fczeyindeki \u0131s\u0131 ve ses dalgalar\u0131n\u0131\/enerjisini art\u0131rman\u0131n yan\u0131 s\u0131ra cilt katmanlar\u0131n\u0131 da kald\u0131r\u0131r.<\/span><\/p>\n<\/div>\n<\/div>\n<\/div>\n<\/div>\n<\/div>\n<\/div>\n<\/div>\n<\/div>\n<\/div>\n<\/section>\n<\/div>\n<p>    <!-- version:1722110412 --><\/p>\n","protected":false},"excerpt":{"rendered":"<p>ESTET\u0130K &amp; G\u00dcZELL\u0130K Karbon Cilt Temizleme ESTET\u0130K &amp; G\u00dcZELL\u0130K Karbon Cilt Temizleme Karbon peeling, g\u00f6zenekleri k\u00fc\u00e7\u00fclten, cildi ayd\u0131nlatan ve hatta a\u00e7\u0131k renkli ince t\u00fcyleri bile yok eden kolay bir tedavidir. Y\u00fcz\u00fcn\u00fczdeki baz\u0131 lekeleri tedavi etmek, cildi gen\u00e7le\u015ftirmenin iyi bir yoludur. Lazerle uygulanan bu teknik, lazer ve karbon \u00e7\u00f6z\u00fcmlerinin \u00e7al\u0131\u015fma bi\u00e7imine g\u00f6re uyarlanm\u0131\u015ft\u0131r. Lazer ve karbon [&hellip;]<\/p>\n","protected":false},"author":5,"featured_media":0,"parent":1182,"menu_order":0,"comment_status":"closed","ping_status":"closed","template":"","meta":{"footnotes":""},"class_list":["post-1186","page","type-page","status-publish","hentry"],"blocksy_meta":{"styles_descriptor":{"styles":{"desktop":"","tablet":"","mobile":""},"google_fonts":[],"version":6}},"_links":{"self":[{"href":"https:\/\/smilinic.com\/tr\/wp-json\/wp\/v2\/pages\/1186","targetHints":{"allow":["GET"]}}],"collection":[{"href":"https:\/\/smilinic.com\/tr\/wp-json\/wp\/v2\/pages"}],"about":[{"href":"https:\/\/smilinic.com\/tr\/wp-json\/wp\/v2\/types\/page"}],"author":[{"embeddable":true,"href":"https:\/\/smilinic.com\/tr\/wp-json\/wp\/v2\/users\/5"}],"replies":[{"embeddable":true,"href":"https:\/\/smilinic.com\/tr\/wp-json\/wp\/v2\/comments?post=1186"}],"version-history":[{"count":0,"href":"https:\/\/smilinic.com\/tr\/wp-json\/wp\/v2\/pages\/1186\/revisions"}],"up":[{"embeddable":true,"href":"https:\/\/smilinic.com\/tr\/wp-json\/wp\/v2\/pages\/1182"}],"wp:attachment":[{"href":"https:\/\/smilinic.com\/tr\/wp-json\/wp\/v2\/media?parent=1186"}],"curies":[{"name":"wp","href":"https:\/\/api.w.org\/{rel}","templated":true}]}}