{"id":1184,"date":"2022-10-06T21:22:34","date_gmt":"2022-10-06T21:22:34","guid":{"rendered":"https:\/\/smilinic.com\/esthetic-beauty\/botox\/"},"modified":"2024-07-27T17:54:11","modified_gmt":"2024-07-27T17:54:11","slug":"botox","status":"publish","type":"page","link":"https:\/\/smilinic.com\/tr\/esthetic-beauty\/botox\/","title":{"rendered":"Botox"},"content":{"rendered":"<div class=\"brz-root__container brz-reset-all brz\">\n<section id=\"oeqphwsyprmjbnstynlaejvdklyezucadjtv\" class=\"brz-section brz-css-qrZBL\">\n<div class=\"brz-section__content brz-section--boxed brz-css-wNKyK brz-css-jCdPv\" data-brz-custom-id=\"jmgfnfvflaqohxwbywfuwokpehxgqieojwtl\">\n<div class=\"brz-bg\">\n<div class=\"brz-bg-image\"><\/div>\n<div class=\"brz-bg-color\"><\/div>\n<\/div>\n<div class=\"brz-container brz-css-d0DTF brz-css-vYQUK\">\n<div id=\"\" class=\"brz-css-i41ko brz-css-eUZxo brz-wrapper\">\n<div class=\"brz-rich-text brz-rich-text__custom brz-css-qh7UF\" data-brz-custom-id=\"irzxicbdzvnfpnsdqtyzwrhyekdkofaxzofm\">\n<div data-brz-translate-text=\"1\">\n<p class=\"brz-tp-lg-paragraph brz-text-lg-center brz-css-jEcuy\" data-uniq-id=\"nshbz\" data-generated-css=\"brz-css-rgmvy\">ESTET\u0130K &amp; G\u00dcZELL\u0130K<\/p>\n<\/div>\n<\/div>\n<\/div>\n<div id=\"\" class=\"brz-css-i41ko brz-wrapper\">\n<div class=\"brz-rich-text brz-rich-text__custom brz-css-qh7UF\" data-brz-custom-id=\"asltntdjzjpjafycahzxdnywwlrkhjtswgyq\">\n<div data-brz-translate-text=\"1\">\n<p class=\"brz-text-lg-center brz-ls-lg-0 brz-lh-lg-1 brz-tp-lg-empty brz-ff-roboto brz-ft-google brz-fs-lg-54 brz-fss-lg-px brz-fw-lg-700 brz-css-tesD8\" data-uniq-id=\"jxrak\" data-generated-css=\"brz-css-koybw\">Botoks<\/p>\n<\/div>\n<\/div>\n<\/div>\n<\/div>\n<\/div>\n<\/section>\n<section id=\"pclzljtqfjjutemajrhwbzgapyumbqkfegcw\" class=\"brz-section brz-css-qrZBL\">\n<div class=\"brz-section__content brz-section--boxed brz-css-wNKyK brz-css-bQPW7\" data-brz-custom-id=\"pkmkxvsccwtslayeazjbgastimvunqtdjbti\">\n<div class=\"brz-bg\">\n<div class=\"brz-bg-color\"><\/div>\n<\/div>\n<div class=\"brz-container brz-css-d0DTF\">\n<div id=\"whitearea\" class=\"brz-row__container brz-css-e_kYB brz-css-e2_MQ\" data-brz-custom-id=\"dpntpoduiobzvyhsuowgcfxkcwryjkkhobbp\">\n<div class=\"brz-bg\">\n<div class=\"brz-bg-color\"><\/div>\n<\/div>\n<div class=\"brz-row brz-css-zHHuQ brz-css-npomB\">\n<div class=\"brz-columns brz-css-vVSHr brz-css-xjAFf\" data-brz-custom-id=\"feousgyootmqigcdghwskpewjlzebcpmxijy\">\n<div class=\"brz-bg\"><\/div>\n<div class=\"brz-column__items brz-css-e3Lqe brz-css-bu_ZS\">\n<div id=\"\" class=\"brz-css-i41ko brz-css-uTvuQ brz-wrapper\">\n<div class=\"brz-image brz-css-tEYjk brz-css-dmI2A\" data-brz-custom-id=\"jwbhllgophugbtvnbkatrarowfebaeadgcok\"><img decoding=\"async\" class=\"brz-img\" src=\"https:\/\/cafeduo.com.tr\/wp-content\/uploads\/brizy\/imgs\/wp-4494474457f2e1bc7d2f5bfb5fd2d9b6-554x832x0x0x554x622x1714077551.jpg\" alt=\"\" loading=\"lazy\"><\/div>\n<\/div>\n<\/div>\n<\/div>\n<div class=\"brz-columns brz-css-vVSHr brz-css-fTE1f\" data-brz-custom-id=\"wxtvkeincigiojjkecldevbfnjnfoqtzpyez\">\n<div class=\"brz-bg\"><\/div>\n<div class=\"brz-column__items brz-css-e3Lqe brz-css-yCvKO\">\n<div id=\"\" class=\"brz-css-i41ko brz-css-uxl12 brz-wrapper\">\n<div class=\"brz-rich-text brz-rich-text__custom brz-css-qh7UF\" data-brz-custom-id=\"xxnnxfqvrisfzcccsohoetzhrjjfqrhmgprp\">\n<div data-brz-translate-text=\"1\">\n<p class=\"brz-ls-lg-0 brz-lh-lg-1_9 brz-tp-lg-empty brz-ff-ymubgefsxldrywogxtzekrfkmzwinepjvqkm brz-ft-upload brz-fs-lg-12 brz-fss-lg-px brz-fw-lg-700 brz-css-dmLvv\" data-generated-css=\"brz-css-dgymm\" data-uniq-id=\"piedp\"><span class=\"brz-cp-color7\">ESTET\u0130K &amp; G\u00dcZELL\u0130K<\/span><\/p>\n<\/div>\n<\/div>\n<\/div>\n<div id=\"\" class=\"brz-css-i41ko brz-css-b_IoR brz-wrapper\">\n<div class=\"brz-rich-text brz-rich-text__custom brz-css-qh7UF\" data-brz-custom-id=\"uugntzormiudbdrjlgjzbhdfcotohhpasrgh\">\n<div data-brz-translate-text=\"1\">\n<p class=\"brz-fs-lg-20 brz-ft-upload brz-ff-ymubgefsxldrywogxtzekrfkmzwinepjvqkm brz-tp-lg-empty brz-lh-lg-1_9 brz-ls-lg-0 brz-fw-lg-400 brz-fss-lg-px brz-css-o4hXM\" data-generated-css=\"brz-css-cqykc\" data-uniq-id=\"afhpk\"><strong>Botoks<\/strong><\/p>\n<\/div>\n<\/div>\n<\/div>\n<div id=\"\" class=\"brz-css-i41ko brz-wrapper\">\n<div class=\"brz-rich-text brz-rich-text__custom brz-css-qh7UF\" data-brz-custom-id=\"kaymckvwlklnzlagckwwjwjgxkldtozxcfgq\">\n<div data-brz-translate-text=\"1\">\n<p class=\"brz-lh-lg-1_9 brz-ls-lg-0 brz-fw-lg-400 brz-fss-lg-px brz-fs-lg-16 brz-ft-upload brz-ff-ymubgefsxldrywogxtzekrfkmzwinepjvqkm brz-tp-lg-empty brz-mb-lg-20 ql-align-justify brz-css-hwefN\" data-generated-css=\"brz-css-ujipw\" data-uniq-id=\"zcbyf\"><span class=\"brz-cp-color7\">Ayn\u0131 ifadeyi tekrar tekrar yapt\u0131\u011f\u0131n\u0131zda y\u00fcz\u00fcn\u00fczdeki \u00e7izgiler olu\u015fur. K\u0131r\u0131\u015f\u0131kl\u0131klar, derinin alt\u0131ndaki kaslar\u0131n kas\u0131lmas\u0131 ve onlar\u0131n \u00fczerine bask\u0131 uygulamalar\u0131ndan kaynaklan\u0131r. K\u0131r\u0131\u015f\u0131kl\u0131klar, daha ince g\u00f6r\u00fcn\u00fcmleri nedeniyle ve genellikle g\u00f6zlerin kenarlar\u0131nda veya al\u0131nda bulunduklar\u0131 i\u00e7in &#8220;kaz aya\u011f\u0131&#8221; olarak da adland\u0131r\u0131l\u0131r. Botox, clostridium botulinum&#8217;dan elde edilen safla\u015ft\u0131r\u0131lm\u0131\u015f bir protein toksinidir. K\u00fc\u00e7\u00fck doz ve s\u0131n\u0131rl\u0131 etki s\u00fcresi, v\u00fccutta yay\u0131lmad\u0131\u011f\u0131 i\u00e7in g\u00fcvenli olmas\u0131n\u0131 sa\u011flar. Bu protein kullan\u0131ld\u0131\u011f\u0131 b\u00f6lgede kaslar\u0131n kademeli olarak gev\u015femesini sa\u011flar ve cildin belirli bir s\u00fcre s\u0131k\u0131la\u015fmas\u0131na yard\u0131mc\u0131 olarak cildin daha gen\u00e7 g\u00f6r\u00fcnmesini sa\u011flar.<\/span><\/p>\n<\/div>\n<\/div>\n<\/div>\n<\/div>\n<\/div>\n<\/div>\n<\/div>\n<\/div>\n<\/div>\n<\/section>\n<\/div>\n<p>    <!-- version:1722102851 --><\/p>\n","protected":false},"excerpt":{"rendered":"<p>ESTET\u0130K &amp; G\u00dcZELL\u0130K Botoks ESTET\u0130K &amp; G\u00dcZELL\u0130K Botoks Ayn\u0131 ifadeyi tekrar tekrar yapt\u0131\u011f\u0131n\u0131zda y\u00fcz\u00fcn\u00fczdeki \u00e7izgiler olu\u015fur. K\u0131r\u0131\u015f\u0131kl\u0131klar, derinin alt\u0131ndaki kaslar\u0131n kas\u0131lmas\u0131 ve onlar\u0131n \u00fczerine bask\u0131 uygulamalar\u0131ndan kaynaklan\u0131r. K\u0131r\u0131\u015f\u0131kl\u0131klar, daha ince g\u00f6r\u00fcn\u00fcmleri nedeniyle ve genellikle g\u00f6zlerin kenarlar\u0131nda veya al\u0131nda bulunduklar\u0131 i\u00e7in &#8220;kaz aya\u011f\u0131&#8221; olarak da adland\u0131r\u0131l\u0131r. Botox, clostridium botulinum&#8217;dan elde edilen safla\u015ft\u0131r\u0131lm\u0131\u015f bir protein toksinidir. K\u00fc\u00e7\u00fck [&hellip;]<\/p>\n","protected":false},"author":5,"featured_media":0,"parent":1182,"menu_order":0,"comment_status":"closed","ping_status":"closed","template":"","meta":{"footnotes":""},"class_list":["post-1184","page","type-page","status-publish","hentry"],"blocksy_meta":{"styles_descriptor":{"styles":{"desktop":"","tablet":"","mobile":""},"google_fonts":[],"version":6}},"_links":{"self":[{"href":"https:\/\/smilinic.com\/tr\/wp-json\/wp\/v2\/pages\/1184","targetHints":{"allow":["GET"]}}],"collection":[{"href":"https:\/\/smilinic.com\/tr\/wp-json\/wp\/v2\/pages"}],"about":[{"href":"https:\/\/smilinic.com\/tr\/wp-json\/wp\/v2\/types\/page"}],"author":[{"embeddable":true,"href":"https:\/\/smilinic.com\/tr\/wp-json\/wp\/v2\/users\/5"}],"replies":[{"embeddable":true,"href":"https:\/\/smilinic.com\/tr\/wp-json\/wp\/v2\/comments?post=1184"}],"version-history":[{"count":0,"href":"https:\/\/smilinic.com\/tr\/wp-json\/wp\/v2\/pages\/1184\/revisions"}],"up":[{"embeddable":true,"href":"https:\/\/smilinic.com\/tr\/wp-json\/wp\/v2\/pages\/1182"}],"wp:attachment":[{"href":"https:\/\/smilinic.com\/tr\/wp-json\/wp\/v2\/media?parent=1184"}],"curies":[{"name":"wp","href":"https:\/\/api.w.org\/{rel}","templated":true}]}}