{"id":1183,"date":"2022-10-06T21:19:43","date_gmt":"2022-10-06T21:19:43","guid":{"rendered":"https:\/\/smilinic.com\/esthetic-beauty\/baby-face\/"},"modified":"2024-07-27T07:11:26","modified_gmt":"2024-07-27T07:11:26","slug":"baby-face","status":"publish","type":"page","link":"https:\/\/smilinic.com\/tr\/esthetic-beauty\/baby-face\/","title":{"rendered":"Baby Face"},"content":{"rendered":"<div class=\"brz-root__container brz-reset-all brz\">\n<section id=\"fvnjevidynpameoxclojzzarfzwnnshhkfot\" class=\"brz-section brz-css-iYNCH\">\n<div class=\"brz-section__content brz-section--boxed brz-css-qafHo brz-css-qNbr6\" data-brz-custom-id=\"cstvmwzrvixsiyptvaejknysvvxmnmuqarxc\">\n<div class=\"brz-bg\">\n<div class=\"brz-bg-image\"><\/div>\n<div class=\"brz-bg-color\"><\/div>\n<\/div>\n<div class=\"brz-container brz-css-dTgsa brz-css-q8neb\">\n<div id=\"\" class=\"brz-css-mTzn6 brz-css-hFp6O brz-wrapper\">\n<div class=\"brz-rich-text brz-rich-text__custom brz-css-gZsuN\" data-brz-custom-id=\"lfiucpgfrbayrqpdkxrsrbvcqlmgbcuksipv\">\n<div data-brz-translate-text=\"1\">\n<p class=\"brz-text-lg-center brz-tp-lg-paragraph brz-css-dUsvr\" data-generated-css=\"brz-css-jyaob\" data-uniq-id=\"wbakd\"><span class=\"brz-capitalize-on\">ESTET\u0130K &amp; G\u00dcZELL\u0130K<\/span><\/p>\n<\/div>\n<\/div>\n<\/div>\n<div id=\"\" class=\"brz-css-mTzn6 brz-wrapper\">\n<div class=\"brz-rich-text brz-rich-text__custom brz-css-gZsuN\" data-brz-custom-id=\"tykxsohnrgabmzebirwdzepyxssdknqqoiaj\">\n<div data-brz-translate-text=\"1\">\n<p class=\"brz-fw-lg-700 brz-fss-lg-px brz-fs-lg-54 brz-ft-google brz-ff-roboto brz-tp-lg-empty brz-lh-lg-1 brz-ls-lg-0 brz-text-lg-center brz-css-c5Fer\" data-generated-css=\"brz-css-wtadn\" data-uniq-id=\"juzos\"><strong>Bebek Y\u00fcz<\/strong><\/p>\n<\/div>\n<\/div>\n<\/div>\n<\/div>\n<\/div>\n<\/section>\n<section id=\"cmiighibpczewxyqqrpwoptwiitippzncqcx\" class=\"brz-section brz-css-iYNCH\">\n<div class=\"brz-section__content brz-section--boxed brz-css-qafHo brz-css-dusQn\" data-brz-custom-id=\"ifkhgrwbxnidxycvjkywvwkqbysdhpwkjfqb\">\n<div class=\"brz-bg\">\n<div class=\"brz-bg-color\"><\/div>\n<\/div>\n<div class=\"brz-container brz-css-dTgsa\">\n<div id=\"whitearea\" class=\"brz-row__container brz-css-sieXS brz-css-mBHoi\" data-brz-custom-id=\"ecgvjpafzxttnenfcmlcbsspkiotdmvrwwsj\">\n<div class=\"brz-bg\">\n<div class=\"brz-bg-color\"><\/div>\n<\/div>\n<div class=\"brz-row brz-css-yZRTC brz-css-lQCFf\">\n<div class=\"brz-columns brz-css-eZnrl brz-css-iLZtr\" data-brz-custom-id=\"qqurhahxryefpgpilwsviybuhjgpsyalizob\">\n<div class=\"brz-bg\"><\/div>\n<div class=\"brz-column__items brz-css-rblbR brz-css-syakn\">\n<div id=\"\" class=\"brz-css-mTzn6 brz-css-lfpaD brz-wrapper\">\n<div class=\"brz-image brz-css-nmXW1 brz-css-wlDND\" data-brz-custom-id=\"fhusljotsylsxnvldfhgibshpdldaagdwbul\"><img decoding=\"async\" class=\"brz-img\" src=\"https:\/\/cafeduo.com.tr\/wp-content\/uploads\/brizy\/imgs\/wp-4494474457f2e1bc7d2f5bfb5fd2d9b6-554x832x0x188x554x622x1714077551.jpg\" alt=\"\" loading=\"lazy\"><\/div>\n<\/div>\n<\/div>\n<\/div>\n<div class=\"brz-columns brz-css-eZnrl brz-css-fLReG\" data-brz-custom-id=\"lpkvwbbgvhkxuvbyfsjnbyeizixwwtvecmat\">\n<div class=\"brz-bg\"><\/div>\n<div class=\"brz-column__items brz-css-rblbR brz-css-nmC44\">\n<div id=\"\" class=\"brz-css-mTzn6 brz-css-fKqm9 brz-wrapper\">\n<div class=\"brz-rich-text brz-rich-text__custom brz-css-gZsuN\" data-brz-custom-id=\"yncibywffntdpkodnooksxlormdwmeqbrilg\">\n<div data-brz-translate-text=\"1\">\n<p class=\"brz-ls-lg-0 brz-lh-lg-1_9 brz-tp-lg-empty brz-ff-ymubgefsxldrywogxtzekrfkmzwinepjvqkm brz-ft-upload brz-fs-lg-12 brz-fss-lg-px brz-fw-lg-700 brz-css-sbNLa\" data-generated-css=\"brz-css-wfprr\" data-uniq-id=\"qvkae\"><span class=\"brz-cp-color7\">ESTET\u0130K &amp; G\u00dcZELL\u0130K<\/span><\/p>\n<\/div>\n<\/div>\n<\/div>\n<div id=\"\" class=\"brz-css-mTzn6 brz-css-y7vRr brz-wrapper\">\n<div class=\"brz-rich-text brz-rich-text__custom brz-css-gZsuN\" data-brz-custom-id=\"kqxqvcjeqtlufmrvlsgweeivgvjegvenzler\">\n<div data-brz-translate-text=\"1\">\n<p class=\"brz-fss-lg-px brz-fw-lg-400 brz-ls-lg-0 brz-lh-lg-1_9 brz-tp-lg-empty brz-ff-ymubgefsxldrywogxtzekrfkmzwinepjvqkm brz-ft-upload brz-fs-lg-20 brz-css-mDB8Y\" data-uniq-id=\"ikspw\" data-generated-css=\"brz-css-ktabd\"><strong>Bebek Y\u00fcz<\/strong><\/p>\n<\/div>\n<\/div>\n<\/div>\n<div id=\"\" class=\"brz-css-mTzn6 brz-wrapper\">\n<div class=\"brz-rich-text brz-rich-text__custom brz-css-gZsuN\" data-brz-custom-id=\"whjxnakhcrhtebjlhlfuecgyrfedfanebysv\">\n<div data-brz-translate-text=\"1\">\n<p class=\"brz-mb-lg-20 brz-tp-lg-empty brz-ff-ymubgefsxldrywogxtzekrfkmzwinepjvqkm brz-ft-upload brz-fs-lg-16 brz-fss-lg-px brz-fw-lg-400 brz-ls-lg-0 brz-lh-lg-1_9 brz-css-vzxdm\" data-uniq-id=\"kiqzx\" data-generated-css=\"brz-css-psfwq\"><span class=\"brz-cp-color7\">Baby Face Beauty, son zamanlarda daha kaliteli bir cilt sa\u011flamak i\u00e7in geli\u015fmi\u015f lazer teknolojisi ve dermokozmetik kullanan yeni bir cilt gen\u00e7le\u015ftirme sistemi ile kar\u015f\u0131m\u0131za \u00e7\u0131kt\u0131. Baby Face Beauty\u2122 Ampuller, cildin kalitesini i\u00e7eriden iyile\u015ftirerek i\u00e7eri\u011finin sa\u011fl\u0131kl\u0131 bir ortama n\u00fcfuz etmesini en \u00fcst d\u00fczeye \u00e7\u0131kar\u0131r. B\u00f6yle bir sistem, cildinizin durumunu ger\u00e7ekten h\u0131zl\u0131 bir \u015fekilde iyile\u015ftirir. \u00d6zel form\u00fclasyona sahip Baby Face Beauty\u2122 Ampullerin cilt \u00fczerinde harikalar yaratt\u0131\u011f\u0131 klinik olarak kan\u0131tlanm\u0131\u015ft\u0131r. Yeniler, gen\u00e7le\u015ftirir, ayd\u0131nlat\u0131r ve kusurlar\u0131 tedavi eder.<\/span><\/p>\n<\/div>\n<\/div>\n<\/div>\n<\/div>\n<\/div>\n<\/div>\n<\/div>\n<\/div>\n<\/div>\n<\/section>\n<\/div>\n<p>    <!-- version:1722064286 --><\/p>\n","protected":false},"excerpt":{"rendered":"<p>ESTET\u0130K &amp; G\u00dcZELL\u0130K Bebek Y\u00fcz ESTET\u0130K &amp; G\u00dcZELL\u0130K Bebek Y\u00fcz Baby Face Beauty, son zamanlarda daha kaliteli bir cilt sa\u011flamak i\u00e7in geli\u015fmi\u015f lazer teknolojisi ve dermokozmetik kullanan yeni bir cilt gen\u00e7le\u015ftirme sistemi ile kar\u015f\u0131m\u0131za \u00e7\u0131kt\u0131. Baby Face Beauty\u2122 Ampuller, cildin kalitesini i\u00e7eriden iyile\u015ftirerek i\u00e7eri\u011finin sa\u011fl\u0131kl\u0131 bir ortama n\u00fcfuz etmesini en \u00fcst d\u00fczeye \u00e7\u0131kar\u0131r. B\u00f6yle bir [&hellip;]<\/p>\n","protected":false},"author":5,"featured_media":0,"parent":1182,"menu_order":0,"comment_status":"closed","ping_status":"closed","template":"","meta":{"footnotes":""},"class_list":["post-1183","page","type-page","status-publish","hentry"],"blocksy_meta":{"styles_descriptor":{"styles":{"desktop":"","tablet":"","mobile":""},"google_fonts":[],"version":6}},"_links":{"self":[{"href":"https:\/\/smilinic.com\/tr\/wp-json\/wp\/v2\/pages\/1183","targetHints":{"allow":["GET"]}}],"collection":[{"href":"https:\/\/smilinic.com\/tr\/wp-json\/wp\/v2\/pages"}],"about":[{"href":"https:\/\/smilinic.com\/tr\/wp-json\/wp\/v2\/types\/page"}],"author":[{"embeddable":true,"href":"https:\/\/smilinic.com\/tr\/wp-json\/wp\/v2\/users\/5"}],"replies":[{"embeddable":true,"href":"https:\/\/smilinic.com\/tr\/wp-json\/wp\/v2\/comments?post=1183"}],"version-history":[{"count":0,"href":"https:\/\/smilinic.com\/tr\/wp-json\/wp\/v2\/pages\/1183\/revisions"}],"up":[{"embeddable":true,"href":"https:\/\/smilinic.com\/tr\/wp-json\/wp\/v2\/pages\/1182"}],"wp:attachment":[{"href":"https:\/\/smilinic.com\/tr\/wp-json\/wp\/v2\/media?parent=1183"}],"curies":[{"name":"wp","href":"https:\/\/api.w.org\/{rel}","templated":true}]}}