{"id":1181,"date":"2022-10-06T21:18:13","date_gmt":"2022-10-06T21:18:13","guid":{"rendered":"https:\/\/smilinic.com\/dental-treatments\/zoom-4-teeth-whitening\/"},"modified":"2024-07-27T03:16:28","modified_gmt":"2024-07-27T03:16:28","slug":"zoom-4-teeth-whitening","status":"publish","type":"page","link":"https:\/\/smilinic.com\/tr\/dental-treatments\/zoom-4-teeth-whitening\/","title":{"rendered":"Zoom 4 Di\u015f Beyazlatma"},"content":{"rendered":"<div class=\"brz-root__container brz-reset-all brz\">\n<section id=\"eyaptjqrugvykwhqktvvvfpqlrauykdebjtt\" class=\"brz-section brz-css-vmiQa\">\n<div class=\"brz-section__content brz-section--boxed brz-css-x9IjD brz-css-fHnLk\" data-brz-custom-id=\"jqlkqfpoyizhwilkzfzeihsclxggqnvkcaio\">\n<div class=\"brz-bg\">\n<div class=\"brz-bg-image\"><\/div>\n<div class=\"brz-bg-color\"><\/div>\n<\/div>\n<div class=\"brz-container brz-css-kqA48 brz-css-rSGCP\">\n<div id=\"\" class=\"brz-css-kd3PI brz-css-tv25n brz-wrapper\">\n<div class=\"brz-rich-text brz-rich-text__custom brz-css-tqShp\" data-brz-custom-id=\"jptopbvbtshrzubpuopwarriumpdkrakhgmz\">\n<div data-brz-translate-text=\"1\">\n<p class=\"brz-text-lg-center brz-tp-lg-paragraph brz-css-lfJsn\" data-generated-css=\"brz-css-kgjdz\" data-uniq-id=\"nbfig\">D\u0130\u015e TEDAV\u0130LER\u0130<\/p>\n<\/div>\n<\/div>\n<\/div>\n<div id=\"\" class=\"brz-css-kd3PI brz-wrapper\">\n<div class=\"brz-rich-text brz-rich-text__custom brz-css-tqShp\" data-brz-custom-id=\"gzkcakmpbtrpxknpihusszyrapxtufqfgter\">\n<div data-brz-translate-text=\"1\">\n<p class=\"brz-text-lg-center brz-ls-lg-0 brz-lh-lg-1 brz-tp-lg-empty brz-ff-roboto brz-ft-google brz-fs-lg-54 brz-fss-lg-px brz-fw-lg-700 brz-css-b0b5b\" data-uniq-id=\"hhzdj\" data-generated-css=\"brz-css-azfov\">Zoom 4 Di\u015f Beyazlatma<\/p>\n<\/div>\n<\/div>\n<\/div>\n<\/div>\n<\/div>\n<\/section>\n<section id=\"cfckhszbrerzumczptlcvpsikksqzmkfimtx\" class=\"brz-section brz-css-vmiQa\">\n<div class=\"brz-section__content brz-section--boxed brz-css-x9IjD brz-css-nKfvf\" data-brz-custom-id=\"myxqbowjiqufchwebtqqfvdjywjtqfrgqosj\">\n<div class=\"brz-bg\">\n<div class=\"brz-bg-color\"><\/div>\n<\/div>\n<div class=\"brz-container brz-css-kqA48\">\n<div id=\"whitearea\" class=\"brz-row__container brz-css-a_E2n brz-css-frnOk\" data-brz-custom-id=\"pzjhuxovewcpevpfgoolemksavalkvkrloba\">\n<div class=\"brz-bg\">\n<div class=\"brz-bg-color\"><\/div>\n<\/div>\n<div class=\"brz-row brz-css-ntIqr brz-css-hLHa7\">\n<div class=\"brz-columns brz-css-zsXfS brz-css-jsvA8\" data-brz-custom-id=\"kvcozctwplrzqphfstlfxwbtkewrxvjrbulb\">\n<div class=\"brz-bg\"><\/div>\n<div class=\"brz-column__items brz-css-vewEs brz-css-vdcPW\">\n<div id=\"\" class=\"brz-css-kd3PI brz-css-vBHWO brz-wrapper\">\n<div class=\"brz-image brz-css-zA12M brz-css-omN9J\" data-brz-custom-id=\"dazahmbllmduaffpypfcoygrchgadhdrskgc\"><img decoding=\"async\" class=\"brz-img\" src=\"https:\/\/cafeduo.com.tr\/wp-content\/uploads\/brizy\/imgs\/wp-68f2f02591e56376164ba0fd73112593-554x749x0x127x554x622x1714077551.jpg\" alt=\"\" loading=\"lazy\"><\/div>\n<\/div>\n<\/div>\n<\/div>\n<div class=\"brz-columns brz-css-zsXfS brz-css-mYFiP\" data-brz-custom-id=\"jsnmwvzznxjtslqvgpxppjdasuejnqfkzkan\">\n<div class=\"brz-bg\"><\/div>\n<div class=\"brz-column__items brz-css-vewEs brz-css-fReoD\">\n<div id=\"\" class=\"brz-css-kd3PI brz-css-aTEkQ brz-wrapper\">\n<div class=\"brz-rich-text brz-rich-text__custom brz-css-tqShp\" data-brz-custom-id=\"cbhnhcwuktpaweuondmdyatbgaicridcilzo\">\n<div data-brz-translate-text=\"1\">\n<p class=\"brz-fw-lg-700 brz-fss-lg-px brz-fs-lg-12 brz-ft-upload brz-ff-ymubgefsxldrywogxtzekrfkmzwinepjvqkm brz-tp-lg-empty brz-lh-lg-1_9 brz-ls-lg-0 brz-css-cubcC\" data-uniq-id=\"qtral\" data-generated-css=\"brz-css-jolvl\"><span class=\"brz-cp-color7\">D\u0130\u015e TEDAV\u0130LER\u0130<\/span><\/p>\n<\/div>\n<\/div>\n<\/div>\n<div id=\"\" class=\"brz-css-kd3PI brz-css-bMCwV brz-wrapper\">\n<div class=\"brz-rich-text brz-rich-text__custom brz-css-tqShp\" data-brz-custom-id=\"nbbssxfplqydpbrdlnreovrwqfkxisfaicoq\">\n<div data-brz-translate-text=\"1\">\n<p class=\"brz-fs-lg-20 brz-ft-upload brz-ff-ymubgefsxldrywogxtzekrfkmzwinepjvqkm brz-tp-lg-empty brz-lh-lg-1_9 brz-ls-lg-0 brz-fw-lg-400 brz-fss-lg-px brz-css-sLaAA\" data-generated-css=\"brz-css-sdkfs\" data-uniq-id=\"izbos\"><strong>Zoom 4 Di\u015f Beyazlatma<\/strong><\/p>\n<\/div>\n<\/div>\n<\/div>\n<div id=\"\" class=\"brz-css-kd3PI brz-wrapper\">\n<div class=\"brz-rich-text brz-rich-text__custom brz-css-tqShp\" data-brz-custom-id=\"wnacmdthnwtibtljepjzlwodabeioidslnbe\">\n<div data-brz-translate-text=\"1\">\n<p class=\"brz-mb-lg-20 brz-ls-lg-0 brz-fw-lg-400 brz-fss-lg-px brz-fs-lg-16 brz-ft-upload brz-ff-ymubgefsxldrywogxtzekrfkmzwinepjvqkm brz-tp-lg-empty brz-lh-lg-1_9 brz-css-tZLb5\" data-uniq-id=\"qwjse\" data-generated-css=\"brz-css-uauyh\"><span class=\"brz-cp-color7\">Sa\u011fl\u0131kl\u0131 beyaz di\u015flere sahip olmak art\u0131k bir\u00e7ok hasta i\u00e7in en \u00f6ncelikli estetik arzusudur. Sadece sizi g\u00fcl\u00fcmsetmekle kalmayacak, ayn\u0131 zamanda g\u00fcl\u00fcmsemenizi daha da g\u00fczelle\u015ftirecek basit ve ucuz bir di\u015f tedavisidir. <\/span><\/p>\n<p class=\"brz-mb-lg-20 brz-ls-lg-0 brz-fw-lg-400 brz-fss-lg-px brz-fs-lg-16 brz-ft-upload brz-ff-ymubgefsxldrywogxtzekrfkmzwinepjvqkm brz-tp-lg-empty brz-lh-lg-1_9 brz-css-kHXYA\" data-uniq-id=\"qdavn\" data-generated-css=\"brz-css-yfxch\"><span class=\"brz-cp-color7\">Zoom 4, genellikle kahve, \u00e7ay, kola ve sigara i\u00e7mekten kaynaklanan di\u015flerdeki koyu lekelerin g\u00f6r\u00fcn\u00fcm\u00fcn\u00fc hafifletmeyi ama\u00e7layan bir beyazlatma i\u015flemidir. <\/span><\/p>\n<p class=\"brz-mb-lg-20 brz-ls-lg-0 brz-fw-lg-400 brz-fss-lg-px brz-fs-lg-16 brz-ft-upload brz-ff-ymubgefsxldrywogxtzekrfkmzwinepjvqkm brz-tp-lg-empty brz-lh-lg-1_9 brz-css-xXWXX\" data-uniq-id=\"aimke\" data-generated-css=\"brz-css-eapcj\"><span class=\"brz-cp-color7\">Zoom 4 prosed\u00fcr\u00fc, Zoom Geli\u015fmi\u015f G\u00fc\u00e7 Lambas\u0131n\u0131 kullan\u0131r. Ancak bu lamba sadece \u0131\u015f\u0131\u011f\u0131 tutmaz, ayn\u0131 zamanda fabrikada \u00fcretilen sisteminin %25&#8217;ini olu\u015fturan bir peroksit jeline sahiptir. Hidrojen peroksit ve oksijen veren gaz kan h\u00fccreleriyle temas etti\u011finde par\u00e7alan\u0131r. Oksijen molek\u00fcl\u00fc mine ve dentine girerken a\u011fartma durumuna girer. Bununla birlikte, bu eksiksiz prosed\u00fcr yaln\u0131zca en fazla 60 dakika s\u00fcrer. <\/span><\/p>\n<p class=\"brz-mb-lg-20 brz-ls-lg-0 brz-fw-lg-400 brz-fss-lg-px brz-fs-lg-16 brz-ft-upload brz-ff-ymubgefsxldrywogxtzekrfkmzwinepjvqkm brz-tp-lg-empty brz-lh-lg-1_9 brz-css-f_cl1\" data-uniq-id=\"gyslj\" data-generated-css=\"brz-css-wtqyx\"><span class=\"brz-cp-color7\">Bu y\u00f6ntemin bir\u00e7ok faydas\u0131 vard\u0131r. T\u00fcm di\u015flerinizle ayn\u0131 anda ilgilenildi\u011fi i\u00e7in olduk\u00e7a h\u0131zl\u0131d\u0131r. Ayr\u0131ca hassas di\u015fler i\u00e7in \u00e7ok rahats\u0131z edici de\u011fildir ve sonu\u00e7lar\u0131 uzun \u00f6m\u00fcrl\u00fcd\u00fcr. Kronlar ve di\u011fer di\u015f restorasyonlar\u0131 \u00fczerindeki lekeleri giderir. Prosed\u00fcr tamamen g\u00fcvenlidir ve sonu\u00e7tan memnun kalaca\u011f\u0131n\u0131zdan eminiz.<\/span><\/p>\n<\/div>\n<\/div>\n<\/div>\n<\/div>\n<\/div>\n<\/div>\n<\/div>\n<\/div>\n<\/div>\n<\/section>\n<\/div>\n<p>    <!-- version:1722050188 --><\/p>\n","protected":false},"excerpt":{"rendered":"<p>D\u0130\u015e TEDAV\u0130LER\u0130 Zoom 4 Di\u015f Beyazlatma D\u0130\u015e TEDAV\u0130LER\u0130 Zoom 4 Di\u015f Beyazlatma Sa\u011fl\u0131kl\u0131 beyaz di\u015flere sahip olmak art\u0131k bir\u00e7ok hasta i\u00e7in en \u00f6ncelikli estetik arzusudur. Sadece sizi g\u00fcl\u00fcmsetmekle kalmayacak, ayn\u0131 zamanda g\u00fcl\u00fcmsemenizi daha da g\u00fczelle\u015ftirecek basit ve ucuz bir di\u015f tedavisidir. Zoom 4, genellikle kahve, \u00e7ay, kola ve sigara i\u00e7mekten kaynaklanan di\u015flerdeki koyu lekelerin g\u00f6r\u00fcn\u00fcm\u00fcn\u00fc [&hellip;]<\/p>\n","protected":false},"author":5,"featured_media":0,"parent":1168,"menu_order":0,"comment_status":"closed","ping_status":"closed","template":"","meta":{"footnotes":""},"class_list":["post-1181","page","type-page","status-publish","hentry"],"blocksy_meta":{"styles_descriptor":{"styles":{"desktop":"","tablet":"","mobile":""},"google_fonts":[],"version":6}},"_links":{"self":[{"href":"https:\/\/smilinic.com\/tr\/wp-json\/wp\/v2\/pages\/1181","targetHints":{"allow":["GET"]}}],"collection":[{"href":"https:\/\/smilinic.com\/tr\/wp-json\/wp\/v2\/pages"}],"about":[{"href":"https:\/\/smilinic.com\/tr\/wp-json\/wp\/v2\/types\/page"}],"author":[{"embeddable":true,"href":"https:\/\/smilinic.com\/tr\/wp-json\/wp\/v2\/users\/5"}],"replies":[{"embeddable":true,"href":"https:\/\/smilinic.com\/tr\/wp-json\/wp\/v2\/comments?post=1181"}],"version-history":[{"count":0,"href":"https:\/\/smilinic.com\/tr\/wp-json\/wp\/v2\/pages\/1181\/revisions"}],"up":[{"embeddable":true,"href":"https:\/\/smilinic.com\/tr\/wp-json\/wp\/v2\/pages\/1168"}],"wp:attachment":[{"href":"https:\/\/smilinic.com\/tr\/wp-json\/wp\/v2\/media?parent=1181"}],"curies":[{"name":"wp","href":"https:\/\/api.w.org\/{rel}","templated":true}]}}