{"id":1180,"date":"2022-10-06T21:16:02","date_gmt":"2022-10-06T21:16:02","guid":{"rendered":"https:\/\/smilinic.com\/dental-treatments\/zirconia-crowns-and-veneers\/"},"modified":"2024-07-27T07:54:46","modified_gmt":"2024-07-27T07:54:46","slug":"zirconia-crowns-and-veneers","status":"publish","type":"page","link":"https:\/\/smilinic.com\/tr\/dental-treatments\/zirconia-crowns-and-veneers\/","title":{"rendered":"Zirkonya Kronlar ve Kaplamalar"},"content":{"rendered":"<div class=\"brz-root__container brz-reset-all brz\">\n<section id=\"bkoybrhrztwtfjuzeddpsrhmniaztapervre\" class=\"brz-section brz-css-hneTU\">\n<div class=\"brz-section__content brz-section--boxed brz-css-yDRTG brz-css-bEuVt\" data-brz-custom-id=\"bcgoaylnwubctdykcftgfuykenfywqvrybqq\">\n<div class=\"brz-bg\">\n<div class=\"brz-bg-image\"><\/div>\n<div class=\"brz-bg-color\"><\/div>\n<\/div>\n<div class=\"brz-container brz-css-aCpHd brz-css-vuI2G\">\n<div id=\"\" class=\"brz-css-ogc7B brz-css-nMzsO brz-wrapper\">\n<div class=\"brz-rich-text brz-rich-text__custom brz-css-zzrxy\" data-brz-custom-id=\"mvyjnuaswpigrmyquhbeqtpxtkftuqcnwlmj\">\n<div data-brz-translate-text=\"1\">\n<p class=\"brz-text-lg-center brz-tp-lg-paragraph brz-css-ixwo0\" data-generated-css=\"brz-css-fcvpd\" data-uniq-id=\"qpgva\">D\u0130\u015e TEDAV\u0130LER\u0130<\/p>\n<\/div>\n<\/div>\n<\/div>\n<div id=\"\" class=\"brz-css-ogc7B brz-wrapper\">\n<div class=\"brz-rich-text brz-rich-text__custom brz-css-zzrxy\" data-brz-custom-id=\"etvhbqmayfwjqjzqzverqvtdcscnmxbtsdsb\">\n<div data-brz-translate-text=\"1\">\n<p class=\"brz-text-lg-center brz-ls-lg-0 brz-lh-lg-1 brz-tp-lg-empty brz-ff-roboto brz-ft-google brz-fs-lg-54 brz-fss-lg-px brz-fw-lg-700 brz-css-xaxkT\" data-uniq-id=\"hfsyc\" data-generated-css=\"brz-css-ypuje\">Zirkonyum Kronlar ve Kaplamalar<\/p>\n<\/div>\n<\/div>\n<\/div>\n<\/div>\n<\/div>\n<\/section>\n<section id=\"ahytqooltyuzhxpqmacxadkznyrkvfeniyzy\" class=\"brz-section brz-css-hneTU\">\n<div class=\"brz-section__content brz-section--boxed brz-css-yDRTG brz-css-zx1Ds\" data-brz-custom-id=\"movzknznmynhjffovvqmingbgxsbqslhixmr\">\n<div class=\"brz-bg\">\n<div class=\"brz-bg-color\"><\/div>\n<\/div>\n<div class=\"brz-container brz-css-aCpHd\">\n<div id=\"whitearea\" class=\"brz-row__container brz-css-nCMIh brz-css-voWoW\" data-brz-custom-id=\"fblpurwilctmkkxpgfktebffupzgsljjakgv\">\n<div class=\"brz-bg\">\n<div class=\"brz-bg-color\"><\/div>\n<\/div>\n<div class=\"brz-row brz-css-lgy_r brz-css-u2iLa\">\n<div class=\"brz-columns brz-css-qcRhu brz-css-ohRrp\" data-brz-custom-id=\"obgmpzkrfclcqtgjfpylfedqtpnkogkcmazn\">\n<div class=\"brz-bg\"><\/div>\n<div class=\"brz-column__items brz-css-c55uA brz-css-thHR_\">\n<div id=\"\" class=\"brz-css-ogc7B brz-css-teGfs brz-wrapper\">\n<div class=\"brz-image brz-css-gUzx9 brz-css-sHteB\" data-brz-custom-id=\"sczxcftvnvyxteibwgfhyarsxbjwpiwmiouu\"><img decoding=\"async\" class=\"brz-img\" src=\"https:\/\/cafeduo.com.tr\/wp-content\/uploads\/brizy\/imgs\/wp-68f2f02591e56376164ba0fd73112593-554x749x0x127x554x622x1714077551.jpg\" alt=\"\" loading=\"lazy\"><\/div>\n<\/div>\n<\/div>\n<\/div>\n<div class=\"brz-columns brz-css-qcRhu brz-css-mOoF8\" data-brz-custom-id=\"jfwpuivhmtksnkvwmtfpmgtvjvaxtttvmikr\">\n<div class=\"brz-bg\"><\/div>\n<div class=\"brz-column__items brz-css-c55uA brz-css-dcBva\">\n<div id=\"\" class=\"brz-css-ogc7B brz-css-tGlbz brz-wrapper\">\n<div class=\"brz-rich-text brz-rich-text__custom brz-css-zzrxy\" data-brz-custom-id=\"onkujyaepvqtupgsxvgnpzfpqbgbdlvvycoy\">\n<div data-brz-translate-text=\"1\">\n<p class=\"brz-fw-lg-700 brz-fss-lg-px brz-fs-lg-12 brz-ft-upload brz-ff-ymubgefsxldrywogxtzekrfkmzwinepjvqkm brz-tp-lg-empty brz-lh-lg-1_9 brz-ls-lg-0 brz-css-xIfmn\" data-uniq-id=\"whwli\" data-generated-css=\"brz-css-lczvd\"><span class=\"brz-cp-color7\">D\u0130\u015e TEDAV\u0130LER\u0130<\/span><\/p>\n<\/div>\n<\/div>\n<\/div>\n<div id=\"\" class=\"brz-css-ogc7B brz-css-v95O_ brz-wrapper\">\n<div class=\"brz-rich-text brz-rich-text__custom brz-css-zzrxy\" data-brz-custom-id=\"vgvtoharpkpepozcdgkdhvzmrmaorghbornl\">\n<div data-brz-translate-text=\"1\">\n<p class=\"brz-fs-lg-20 brz-ft-upload brz-ff-ymubgefsxldrywogxtzekrfkmzwinepjvqkm brz-tp-lg-empty brz-lh-lg-1_9 brz-ls-lg-0 brz-fw-lg-400 brz-fss-lg-px brz-css-msUTZ\" data-generated-css=\"brz-css-dqyjz\" data-uniq-id=\"hezme\"><strong>Zirkonyum Kronlar ve Kaplamalar<\/strong><\/p>\n<\/div>\n<\/div>\n<\/div>\n<div id=\"\" class=\"brz-css-ogc7B brz-wrapper\">\n<div class=\"brz-rich-text brz-rich-text__custom brz-css-zzrxy\" data-brz-custom-id=\"scnriabeonolzzvhjkpjpqentrhnryljtuuc\">\n<div data-brz-translate-text=\"1\">\n<p class=\"brz-lh-lg-1_9 brz-tp-lg-empty brz-ff-ymubgefsxldrywogxtzekrfkmzwinepjvqkm brz-ft-upload brz-fs-lg-16 brz-fss-lg-px brz-fw-lg-400 brz-ls-lg-0 brz-mb-lg-20 brz-css-lm1PS\" data-generated-css=\"brz-css-qobgm\" data-uniq-id=\"vzffe\"><span class=\"brz-cp-color7\">Zirkon kaplamalar, en dayan\u0131kl\u0131 kaplama t\u00fcr\u00fcd\u00fcr ve lekelenmeye kompozitlerden daha iyi diren\u00e7 g\u00f6sterebilir. Ayr\u0131ca yar\u0131 saydamd\u0131rlar, bu nedenle daha \u00e7ok do\u011fal di\u015fler gibi g\u00f6r\u00fcn\u00fcrler. <\/span><\/p>\n<p class=\"brz-lh-lg-1_9 brz-tp-lg-empty brz-ff-ymubgefsxldrywogxtzekrfkmzwinepjvqkm brz-ft-upload brz-fs-lg-16 brz-fss-lg-px brz-fw-lg-400 brz-ls-lg-0 brz-mb-lg-20 brz-css-os3af\" data-generated-css=\"brz-css-lgdcn\" data-uniq-id=\"ekfrb\"><span class=\"brz-cp-color7\">Zirkon kaplamalar, en son teknoloji kullan\u0131larak di\u015flerinize \u00f6zel olarak yap\u0131l\u0131r. Bu, boyut ve \u015feklin tamamen \u00f6zel yap\u0131laca\u011f\u0131 anlam\u0131na gelir, bu nedenle di\u015flerinizin haz\u0131rlanmas\u0131 gerekir. <\/span><\/p>\n<p class=\"brz-lh-lg-1_9 brz-tp-lg-empty brz-ff-ymubgefsxldrywogxtzekrfkmzwinepjvqkm brz-ft-upload brz-fs-lg-16 brz-fss-lg-px brz-fw-lg-400 brz-ls-lg-0 brz-mb-lg-20 brz-css-nQr2K\" data-generated-css=\"brz-css-viedb\" data-uniq-id=\"oiche\"><span class=\"brz-cp-color7\">Di\u015f hekimimiz ile size en uygun kaplama malzemesini se\u00e7ebilirsiniz. Aralar\u0131ndan se\u00e7im yapabilece\u011finiz \u00e7e\u015fitli renklere sahip olacaks\u0131n\u0131z.<\/span><\/p>\n<\/div>\n<\/div>\n<\/div>\n<\/div>\n<\/div>\n<\/div>\n<\/div>\n<\/div>\n<\/div>\n<\/section>\n<\/div>\n<p>    <!-- version:1722066886 --><\/p>\n","protected":false},"excerpt":{"rendered":"<p>D\u0130\u015e TEDAV\u0130LER\u0130 Zirkonyum Kronlar ve Kaplamalar D\u0130\u015e TEDAV\u0130LER\u0130 Zirkonyum Kronlar ve Kaplamalar Zirkon kaplamalar, en dayan\u0131kl\u0131 kaplama t\u00fcr\u00fcd\u00fcr ve lekelenmeye kompozitlerden daha iyi diren\u00e7 g\u00f6sterebilir. Ayr\u0131ca yar\u0131 saydamd\u0131rlar, bu nedenle daha \u00e7ok do\u011fal di\u015fler gibi g\u00f6r\u00fcn\u00fcrler. Zirkon kaplamalar, en son teknoloji kullan\u0131larak di\u015flerinize \u00f6zel olarak yap\u0131l\u0131r. Bu, boyut ve \u015feklin tamamen \u00f6zel yap\u0131laca\u011f\u0131 anlam\u0131na gelir, [&hellip;]<\/p>\n","protected":false},"author":5,"featured_media":0,"parent":1168,"menu_order":0,"comment_status":"closed","ping_status":"closed","template":"","meta":{"footnotes":""},"class_list":["post-1180","page","type-page","status-publish","hentry"],"blocksy_meta":{"styles_descriptor":{"styles":{"desktop":"","tablet":"","mobile":""},"google_fonts":[],"version":6}},"_links":{"self":[{"href":"https:\/\/smilinic.com\/tr\/wp-json\/wp\/v2\/pages\/1180","targetHints":{"allow":["GET"]}}],"collection":[{"href":"https:\/\/smilinic.com\/tr\/wp-json\/wp\/v2\/pages"}],"about":[{"href":"https:\/\/smilinic.com\/tr\/wp-json\/wp\/v2\/types\/page"}],"author":[{"embeddable":true,"href":"https:\/\/smilinic.com\/tr\/wp-json\/wp\/v2\/users\/5"}],"replies":[{"embeddable":true,"href":"https:\/\/smilinic.com\/tr\/wp-json\/wp\/v2\/comments?post=1180"}],"version-history":[{"count":0,"href":"https:\/\/smilinic.com\/tr\/wp-json\/wp\/v2\/pages\/1180\/revisions"}],"up":[{"embeddable":true,"href":"https:\/\/smilinic.com\/tr\/wp-json\/wp\/v2\/pages\/1168"}],"wp:attachment":[{"href":"https:\/\/smilinic.com\/tr\/wp-json\/wp\/v2\/media?parent=1180"}],"curies":[{"name":"wp","href":"https:\/\/api.w.org\/{rel}","templated":true}]}}