{"id":1179,"date":"2022-10-06T21:18:00","date_gmt":"2022-10-06T21:18:00","guid":{"rendered":"https:\/\/smilinic.com\/dental-treatments\/teeth-cleaning-air-flow\/"},"modified":"2024-07-27T06:59:41","modified_gmt":"2024-07-27T06:59:41","slug":"teeth-cleaning-air-flow","status":"publish","type":"page","link":"https:\/\/smilinic.com\/tr\/dental-treatments\/teeth-cleaning-air-flow\/","title":{"rendered":"Hava ile Di\u015f Temizleme"},"content":{"rendered":"<div class=\"brz-root__container brz-reset-all brz\">\n<section id=\"kkjvkxdfjtqvasyqkvhfuiewbzbdmblogwhb\" class=\"brz-section brz-css-oQ1mP\">\n<div class=\"brz-section__content brz-section--boxed brz-css-b6Vg1 brz-css-tOI7K\" data-brz-custom-id=\"qvjdgovqtxzwzgaemlediipgozrtrcciwswi\">\n<div class=\"brz-bg\">\n<div class=\"brz-bg-image\"><\/div>\n<div class=\"brz-bg-color\"><\/div>\n<\/div>\n<div class=\"brz-container brz-css-mZpiq brz-css-i6Nl1\">\n<div id=\"\" class=\"brz-css-bStpj brz-css-pQnNY brz-wrapper\">\n<div class=\"brz-rich-text brz-rich-text__custom brz-css-yB5eh\" data-brz-custom-id=\"jcloxjlzhmkdmqcttvrvpbypghvsjxbuvscw\">\n<div data-brz-translate-text=\"1\">\n<p class=\"brz-text-lg-center brz-tp-lg-paragraph brz-css-nd2Xk\" data-generated-css=\"brz-css-ddnve\" data-uniq-id=\"mmixc\">D\u0130\u015e TEDAV\u0130LER\u0130<\/p>\n<\/div>\n<\/div>\n<\/div>\n<div id=\"\" class=\"brz-css-bStpj brz-wrapper\">\n<div class=\"brz-rich-text brz-rich-text__custom brz-css-yB5eh\" data-brz-custom-id=\"vdetjbvtbgqyfqyodvnbcblgiwqokjujtaem\">\n<div data-brz-translate-text=\"1\">\n<p class=\"brz-fw-lg-700 brz-fss-lg-px brz-fs-lg-54 brz-ft-google brz-ff-roboto brz-tp-lg-empty brz-lh-lg-1 brz-ls-lg-0 brz-text-lg-center brz-css-fWnLx\" data-generated-css=\"brz-css-rcoce\" data-uniq-id=\"sreyp\">Hava \u0130le Di\u015f Temizleme<\/p>\n<\/div>\n<\/div>\n<\/div>\n<\/div>\n<\/div>\n<\/section>\n<section id=\"ommfgocupyxspuysdmzgckvkgauqqrqoffmn\" class=\"brz-section brz-css-oQ1mP\">\n<div class=\"brz-section__content brz-section--boxed brz-css-b6Vg1 brz-css-r16gp\" data-brz-custom-id=\"hhtzbdnwqzptmhzdpajsrlsfwydqsiyjximx\">\n<div class=\"brz-bg\">\n<div class=\"brz-bg-color\"><\/div>\n<\/div>\n<div class=\"brz-container brz-css-mZpiq\">\n<div id=\"whitearea\" class=\"brz-row__container brz-css-szpK4 brz-css-pS2WR\" data-brz-custom-id=\"cmpwqcppsdeufjbqxpbbvusfyojcgzdzqihp\">\n<div class=\"brz-bg\">\n<div class=\"brz-bg-color\"><\/div>\n<\/div>\n<div class=\"brz-row brz-css-eiLlu brz-css-lfF9M\">\n<div class=\"brz-columns brz-css-l6Cb3 brz-css-kJxuE\" data-brz-custom-id=\"dnvsgwemsvxtzdmuuhjxydbxmlwatulljhgs\">\n<div class=\"brz-bg\"><\/div>\n<div class=\"brz-column__items brz-css-cwtuE brz-css-loBR8\">\n<div id=\"\" class=\"brz-css-bStpj brz-css-vx5JL brz-wrapper\">\n<div class=\"brz-image brz-css-tIJc4 brz-css-axQiO\" data-brz-custom-id=\"tfybqqgkospskckcosojnejlknaunazjukwl\"><img decoding=\"async\" class=\"brz-img\" src=\"https:\/\/cafeduo.com.tr\/wp-content\/uploads\/brizy\/imgs\/wp-68f2f02591e56376164ba0fd73112593-554x749x0x127x554x622x1714077551.jpg\" alt=\"\" loading=\"lazy\"><\/div>\n<\/div>\n<\/div>\n<\/div>\n<div class=\"brz-columns brz-css-l6Cb3 brz-css-q8L9H\" data-brz-custom-id=\"gybljfoxiqmuljkagzzhqiampkugkitutdkw\">\n<div class=\"brz-bg\"><\/div>\n<div class=\"brz-column__items brz-css-cwtuE brz-css-eiXng\">\n<div id=\"\" class=\"brz-css-bStpj brz-css-vpzgU brz-wrapper\">\n<div class=\"brz-rich-text brz-rich-text__custom brz-css-yB5eh\" data-brz-custom-id=\"iubcyrkjzlfpbfujslecxyiizfbbkagyovty\">\n<div data-brz-translate-text=\"1\">\n<p class=\"brz-fw-lg-700 brz-fss-lg-px brz-fs-lg-12 brz-ft-upload brz-ff-ymubgefsxldrywogxtzekrfkmzwinepjvqkm brz-tp-lg-empty brz-lh-lg-1_9 brz-ls-lg-0 brz-css-uvNIk\" data-uniq-id=\"vlkxp\" data-generated-css=\"brz-css-tnkwi\"><span class=\"brz-cp-color7\">D\u0130\u015e TEDAV\u0130LER\u0130<\/span><\/p>\n<\/div>\n<\/div>\n<\/div>\n<div id=\"\" class=\"brz-css-bStpj brz-css-m5fcR brz-wrapper\">\n<div class=\"brz-rich-text brz-rich-text__custom brz-css-yB5eh\" data-brz-custom-id=\"qldqyjqtcxlbbbjbpjijdexfhsighjihsadc\">\n<div data-brz-translate-text=\"1\">\n<p class=\"brz-fss-lg-px brz-fw-lg-400 brz-ls-lg-0 brz-lh-lg-1_9 brz-tp-lg-empty brz-ff-ymubgefsxldrywogxtzekrfkmzwinepjvqkm brz-ft-upload brz-fs-lg-20 brz-css-uRJWN\" data-uniq-id=\"uwwjj\" data-generated-css=\"brz-css-ureta\"><strong>Hava \u0130le Di\u015f Temizleme<\/strong><\/p>\n<\/div>\n<\/div>\n<\/div>\n<div id=\"\" class=\"brz-css-bStpj brz-wrapper\">\n<div class=\"brz-rich-text brz-rich-text__custom brz-css-yB5eh\" data-brz-custom-id=\"xcvoezspdzsvdfuswhvysbprgttajwsjwoxh\">\n<div data-brz-translate-text=\"1\">\n<p class=\"brz-mb-lg-20 brz-ls-lg-0 brz-fw-lg-400 brz-fss-lg-px brz-fs-lg-16 brz-ft-upload brz-ff-ymubgefsxldrywogxtzekrfkmzwinepjvqkm brz-tp-lg-empty brz-lh-lg-1_9 brz-css-fWCZz\" data-uniq-id=\"pydph\" data-generated-css=\"brz-css-gcuvh\"><span class=\"brz-cp-color7\">Hava ak\u0131m\u0131 tedavisi, kal\u0131c\u0131 lekeler, plak ve renk solmalar\u0131nda m\u00fcthi\u015f sonu\u00e7lar veren h\u0131zl\u0131 ve kolay bir hijyen tedavisidir. Bu, inat\u00e7\u0131 lekelerin \u00e7\u0131kar\u0131lmas\u0131na ve ayr\u0131ca sa\u011fl\u0131kl\u0131 bir a\u011f\u0131z sa\u011flanmas\u0131na yard\u0131mc\u0131 olur. Renk fark\u0131 neredeyse an\u0131nda g\u00f6r\u00fclecektir. <\/span><\/p>\n<p class=\"brz-mb-lg-20 brz-ls-lg-0 brz-fw-lg-400 brz-fss-lg-px brz-fs-lg-16 brz-ft-upload brz-ff-ymubgefsxldrywogxtzekrfkmzwinepjvqkm brz-tp-lg-empty brz-lh-lg-1_9 brz-css-p1jrm\" data-uniq-id=\"jhvav\" data-generated-css=\"brz-css-ifeqt\"><span class=\"brz-cp-color7\">Di\u015f eti hastal\u0131\u011f\u0131n\u0131n tedavisinde de hava ak\u0131m\u0131 \u00f6nerilir. Di\u015f ve di\u015f eti \u00e7evresinde do\u011fal olarak olu\u015fan biyofilmi yok eder. Bu malzemelerin uzakla\u015ft\u0131r\u0131lmas\u0131, di\u015f eti hastal\u0131klar\u0131n\u0131 azaltmaya, di\u015f etlerinizi ve di\u015flerinizi sa\u011fl\u0131kl\u0131 tutmaya yard\u0131mc\u0131 olur.<\/span><\/p>\n<\/div>\n<\/div>\n<\/div>\n<\/div>\n<\/div>\n<\/div>\n<\/div>\n<\/div>\n<\/div>\n<\/section>\n<\/div>\n<p>    <!-- version:1722063580 --><\/p>\n","protected":false},"excerpt":{"rendered":"<p>D\u0130\u015e TEDAV\u0130LER\u0130 Hava \u0130le Di\u015f Temizleme D\u0130\u015e TEDAV\u0130LER\u0130 Hava \u0130le Di\u015f Temizleme Hava ak\u0131m\u0131 tedavisi, kal\u0131c\u0131 lekeler, plak ve renk solmalar\u0131nda m\u00fcthi\u015f sonu\u00e7lar veren h\u0131zl\u0131 ve kolay bir hijyen tedavisidir. Bu, inat\u00e7\u0131 lekelerin \u00e7\u0131kar\u0131lmas\u0131na ve ayr\u0131ca sa\u011fl\u0131kl\u0131 bir a\u011f\u0131z sa\u011flanmas\u0131na yard\u0131mc\u0131 olur. Renk fark\u0131 neredeyse an\u0131nda g\u00f6r\u00fclecektir. Di\u015f eti hastal\u0131\u011f\u0131n\u0131n tedavisinde de hava ak\u0131m\u0131 \u00f6nerilir. [&hellip;]<\/p>\n","protected":false},"author":5,"featured_media":0,"parent":1168,"menu_order":0,"comment_status":"closed","ping_status":"closed","template":"","meta":{"footnotes":""},"class_list":["post-1179","page","type-page","status-publish","hentry"],"blocksy_meta":{"styles_descriptor":{"styles":{"desktop":"","tablet":"","mobile":""},"google_fonts":[],"version":6}},"_links":{"self":[{"href":"https:\/\/smilinic.com\/tr\/wp-json\/wp\/v2\/pages\/1179","targetHints":{"allow":["GET"]}}],"collection":[{"href":"https:\/\/smilinic.com\/tr\/wp-json\/wp\/v2\/pages"}],"about":[{"href":"https:\/\/smilinic.com\/tr\/wp-json\/wp\/v2\/types\/page"}],"author":[{"embeddable":true,"href":"https:\/\/smilinic.com\/tr\/wp-json\/wp\/v2\/users\/5"}],"replies":[{"embeddable":true,"href":"https:\/\/smilinic.com\/tr\/wp-json\/wp\/v2\/comments?post=1179"}],"version-history":[{"count":0,"href":"https:\/\/smilinic.com\/tr\/wp-json\/wp\/v2\/pages\/1179\/revisions"}],"up":[{"embeddable":true,"href":"https:\/\/smilinic.com\/tr\/wp-json\/wp\/v2\/pages\/1168"}],"wp:attachment":[{"href":"https:\/\/smilinic.com\/tr\/wp-json\/wp\/v2\/media?parent=1179"}],"curies":[{"name":"wp","href":"https:\/\/api.w.org\/{rel}","templated":true}]}}