{"id":1178,"date":"2022-10-06T21:19:06","date_gmt":"2022-10-06T21:19:06","guid":{"rendered":"https:\/\/smilinic.com\/dental-treatments\/root-canal\/"},"modified":"2024-07-27T10:57:36","modified_gmt":"2024-07-27T10:57:36","slug":"root-canal","status":"publish","type":"page","link":"https:\/\/smilinic.com\/tr\/dental-treatments\/root-canal\/","title":{"rendered":"K\u00f6k Kanal Tedavisi"},"content":{"rendered":"<div class=\"brz-root__container brz-reset-all brz\">\n<section id=\"mdidqceugetgdikbddharrkbrbrmfqgqrcyt\" class=\"brz-section brz-css-zBJTz\">\n<div class=\"brz-section__content brz-section--boxed brz-css-uVsG7 brz-css-gfgPn\" data-brz-custom-id=\"oxrszyghkmsxtvzjvbpqvkygmpwmpqhfyfiv\">\n<div class=\"brz-bg\">\n<div class=\"brz-bg-image\"><\/div>\n<div class=\"brz-bg-color\"><\/div>\n<\/div>\n<div class=\"brz-container brz-css-laQQT brz-css-zxqa5\">\n<div id=\"\" class=\"brz-css-sBqfU brz-css-aYSB6 brz-wrapper\">\n<div class=\"brz-rich-text brz-rich-text__custom brz-css-rO5qK\" data-brz-custom-id=\"ifdklyoriscohsikodsvbirzcposopgppvrt\">\n<div data-brz-translate-text=\"1\">\n<p class=\"brz-text-lg-center brz-tp-lg-paragraph brz-css-f6625\" data-generated-css=\"brz-css-qodlk\" data-uniq-id=\"osvcl\">D\u0130\u015e TEDAV\u0130LER\u0130<\/p>\n<\/div>\n<\/div>\n<\/div>\n<div id=\"\" class=\"brz-css-sBqfU brz-wrapper\">\n<div class=\"brz-rich-text brz-rich-text__custom brz-css-rO5qK\" data-brz-custom-id=\"ypnehkjwosakwjlbxseemlrqwvuuwfypcogb\">\n<div data-brz-translate-text=\"1\">\n<p class=\"brz-fw-lg-700 brz-fss-lg-px brz-fs-lg-54 brz-ft-google brz-ff-roboto brz-tp-lg-empty brz-lh-lg-1 brz-ls-lg-0 brz-text-lg-center brz-css-eBORM\" data-generated-css=\"brz-css-mejog\" data-uniq-id=\"djfen\">K\u00f6k Kanal Tedavisi<\/p>\n<\/div>\n<\/div>\n<\/div>\n<\/div>\n<\/div>\n<\/section>\n<section id=\"arqqiphycojjentmovpimghbvqswkbcazmvd\" class=\"brz-section brz-css-zBJTz\">\n<div class=\"brz-section__content brz-section--boxed brz-css-uVsG7 brz-css-e4BIg\" data-brz-custom-id=\"uhbbahhnwjndjmwrlysobacojdaqwirixuld\">\n<div class=\"brz-bg\">\n<div class=\"brz-bg-color\"><\/div>\n<\/div>\n<div class=\"brz-container brz-css-laQQT\">\n<div id=\"whitearea\" class=\"brz-row__container brz-css-wDxQg brz-css-su_cO\" data-brz-custom-id=\"hxwsdipugxdrpyfvhuzhfogwreorpklceddm\">\n<div class=\"brz-bg\">\n<div class=\"brz-bg-color\"><\/div>\n<\/div>\n<div class=\"brz-row brz-css-qZrsr brz-css-edN5a\">\n<div class=\"brz-columns brz-css-rEvoW brz-css-h2R3W\" data-brz-custom-id=\"jsjxbyqpatrnqrvpapyjtkjrndqseuiqwkqo\">\n<div class=\"brz-bg\"><\/div>\n<div class=\"brz-column__items brz-css-pDK3l brz-css-hGoBn\">\n<div id=\"\" class=\"brz-css-sBqfU brz-css-vIa5g brz-wrapper\">\n<div class=\"brz-image brz-css-nrXjr brz-css-f49xQ\" data-brz-custom-id=\"srkbvhhrbqnzypwxsvszdjxornxgvuqapltm\"><img decoding=\"async\" class=\"brz-img\" src=\"https:\/\/cafeduo.com.tr\/wp-content\/uploads\/brizy\/imgs\/wp-68f2f02591e56376164ba0fd73112593-554x749x0x127x554x622x1714077551.jpg\" alt=\"\" loading=\"lazy\"><\/div>\n<\/div>\n<\/div>\n<\/div>\n<div class=\"brz-columns brz-css-rEvoW brz-css-o8Kg0\" data-brz-custom-id=\"lhzepzvecyuoqhqkevlqkwywewbzswwrqshz\">\n<div class=\"brz-bg\"><\/div>\n<div class=\"brz-column__items brz-css-pDK3l brz-css-rrcZm\">\n<div id=\"\" class=\"brz-css-sBqfU brz-css-jxWDK brz-wrapper\">\n<div class=\"brz-rich-text brz-rich-text__custom brz-css-rO5qK\" data-brz-custom-id=\"mcdvhrwrjdehqxeyshehlrorgwsnmavuwlrm\">\n<div data-brz-translate-text=\"1\">\n<p class=\"brz-fw-lg-700 brz-fss-lg-px brz-fs-lg-12 brz-ft-upload brz-ff-ymubgefsxldrywogxtzekrfkmzwinepjvqkm brz-tp-lg-empty brz-lh-lg-1_9 brz-ls-lg-0 brz-css-olfEI\" data-uniq-id=\"ebagf\" data-generated-css=\"brz-css-alarw\"><span class=\"brz-cp-color7\">D\u0130\u015e TEDAV\u0130LER\u0130<\/span><\/p>\n<\/div>\n<\/div>\n<\/div>\n<div id=\"\" class=\"brz-css-sBqfU brz-css-b54nv brz-wrapper\">\n<div class=\"brz-rich-text brz-rich-text__custom brz-css-rO5qK\" data-brz-custom-id=\"oksgzxuwauccryioyluwgirnsxolpxsbyawz\">\n<div data-brz-translate-text=\"1\">\n<p class=\"brz-fss-lg-px brz-fw-lg-400 brz-ls-lg-0 brz-lh-lg-1_9 brz-tp-lg-empty brz-ff-ymubgefsxldrywogxtzekrfkmzwinepjvqkm brz-ft-upload brz-fs-lg-20 brz-css-i_Drc\" data-uniq-id=\"njgby\" data-generated-css=\"brz-css-hlrpj\"><strong>K\u00f6k Kanal Tedavisi<\/strong><\/p>\n<\/div>\n<\/div>\n<\/div>\n<div id=\"\" class=\"brz-css-sBqfU brz-wrapper\">\n<div class=\"brz-rich-text brz-rich-text__custom brz-css-rO5qK\" data-brz-custom-id=\"mrycdrexvnlqwzkzdqglfjxulfjeqvjavxrb\">\n<div data-brz-translate-text=\"1\">\n<p class=\"brz-lh-lg-1_9 brz-tp-lg-empty brz-ff-ymubgefsxldrywogxtzekrfkmzwinepjvqkm brz-ft-upload brz-fs-lg-16 brz-fss-lg-px brz-fw-lg-400 brz-ls-lg-0 brz-mb-lg-20 brz-css-gfP2N\" data-generated-css=\"brz-css-flokl\" data-uniq-id=\"xzpdc\"><span class=\"brz-cp-color7\">Kanal tedavisi, tamamen \u00e7\u0131kar\u0131lmas\u0131 gerekebilecek di\u015fleri kurtarmak i\u00e7in kullan\u0131lan bir di\u015f prosed\u00fcr\u00fcd\u00fcr. Prosed\u00fcr ac\u0131 vermez ve enfekte olmu\u015f doku \u00e7\u0131kar\u0131ld\u0131ktan sonra a\u011fr\u0131dan di\u015fi kurtarabilir. <\/span><\/p>\n<p class=\"brz-lh-lg-1_9 brz-tp-lg-empty brz-ff-ymubgefsxldrywogxtzekrfkmzwinepjvqkm brz-ft-upload brz-fs-lg-16 brz-fss-lg-px brz-fw-lg-400 brz-ls-lg-0 brz-mb-lg-20 brz-css-j2w1Y\" data-generated-css=\"brz-css-swtxj\" data-uniq-id=\"hfyiw\"><span class=\"brz-cp-color7\">K\u00f6k kanallar\u0131, di\u015ften hasarl\u0131 veya enfekte olmu\u015f dokuyu \u00e7\u0131kararak ve ayr\u0131ca herhangi bir enfeksiyonu temizleyerek di\u015f sa\u011fl\u0131\u011f\u0131n\u0131za h\u0131zl\u0131 bir ba\u015flang\u0131\u00e7 \u200b\u200byapar. O di\u015fte gelecekteki enfeksiyon riskini azaltmaya yard\u0131mc\u0131 olmak i\u00e7in baz\u0131 k\u00f6k kanallar\u0131yla birlikte antibiyotikler verilebilir. Kalan di\u015finiz, do\u011fal g\u00f6r\u00fcnmesi ve tekrar iyi \u00e7al\u0131\u015fmas\u0131 i\u00e7in kapat\u0131labilir\/kaplanabilir.<\/span><\/p>\n<\/div>\n<\/div>\n<\/div>\n<\/div>\n<\/div>\n<\/div>\n<\/div>\n<\/div>\n<\/div>\n<\/section>\n<\/div>\n<p>    <!-- version:1722077856 --><\/p>\n","protected":false},"excerpt":{"rendered":"<p>D\u0130\u015e TEDAV\u0130LER\u0130 K\u00f6k Kanal Tedavisi D\u0130\u015e TEDAV\u0130LER\u0130 K\u00f6k Kanal Tedavisi Kanal tedavisi, tamamen \u00e7\u0131kar\u0131lmas\u0131 gerekebilecek di\u015fleri kurtarmak i\u00e7in kullan\u0131lan bir di\u015f prosed\u00fcr\u00fcd\u00fcr. Prosed\u00fcr ac\u0131 vermez ve enfekte olmu\u015f doku \u00e7\u0131kar\u0131ld\u0131ktan sonra a\u011fr\u0131dan di\u015fi kurtarabilir. K\u00f6k kanallar\u0131, di\u015ften hasarl\u0131 veya enfekte olmu\u015f dokuyu \u00e7\u0131kararak ve ayr\u0131ca herhangi bir enfeksiyonu temizleyerek di\u015f sa\u011fl\u0131\u011f\u0131n\u0131za h\u0131zl\u0131 bir ba\u015flang\u0131\u00e7 \u200b\u200byapar. [&hellip;]<\/p>\n","protected":false},"author":5,"featured_media":0,"parent":1168,"menu_order":0,"comment_status":"closed","ping_status":"closed","template":"","meta":{"footnotes":""},"class_list":["post-1178","page","type-page","status-publish","hentry"],"blocksy_meta":{"styles_descriptor":{"styles":{"desktop":"","tablet":"","mobile":""},"google_fonts":[],"version":6}},"_links":{"self":[{"href":"https:\/\/smilinic.com\/tr\/wp-json\/wp\/v2\/pages\/1178","targetHints":{"allow":["GET"]}}],"collection":[{"href":"https:\/\/smilinic.com\/tr\/wp-json\/wp\/v2\/pages"}],"about":[{"href":"https:\/\/smilinic.com\/tr\/wp-json\/wp\/v2\/types\/page"}],"author":[{"embeddable":true,"href":"https:\/\/smilinic.com\/tr\/wp-json\/wp\/v2\/users\/5"}],"replies":[{"embeddable":true,"href":"https:\/\/smilinic.com\/tr\/wp-json\/wp\/v2\/comments?post=1178"}],"version-history":[{"count":0,"href":"https:\/\/smilinic.com\/tr\/wp-json\/wp\/v2\/pages\/1178\/revisions"}],"up":[{"embeddable":true,"href":"https:\/\/smilinic.com\/tr\/wp-json\/wp\/v2\/pages\/1168"}],"wp:attachment":[{"href":"https:\/\/smilinic.com\/tr\/wp-json\/wp\/v2\/media?parent=1178"}],"curies":[{"name":"wp","href":"https:\/\/api.w.org\/{rel}","templated":true}]}}