{"id":1175,"date":"2022-10-06T21:16:16","date_gmt":"2022-10-06T21:16:16","guid":{"rendered":"https:\/\/smilinic.com\/dental-treatments\/emax-crowns-veneers-and-lumineers\/"},"modified":"2024-07-27T07:45:17","modified_gmt":"2024-07-27T07:45:17","slug":"emax-crowns-veneers-and-lumineers","status":"publish","type":"page","link":"https:\/\/smilinic.com\/tr\/dental-treatments\/emax-crowns-veneers-and-lumineers\/","title":{"rendered":"Emax Kaplamalar, Kaplamalar ve Lumineerler"},"content":{"rendered":"<div class=\"brz-root__container brz-reset-all brz\">\n<section id=\"cpbszdhtsdavelyshhvlejaoqsfjltyqwdkb\" class=\"brz-section brz-css-q_z5D\">\n<div class=\"brz-section__content brz-section--boxed brz-css-uJfbM brz-css-y45RB\" data-brz-custom-id=\"etcxcfdredolbqodhgevettodeqbymvwfaxi\">\n<div class=\"brz-bg\">\n<div class=\"brz-bg-image\"><\/div>\n<div class=\"brz-bg-color\"><\/div>\n<\/div>\n<div class=\"brz-container brz-css-qWPNi brz-css-iVaAw\">\n<div id=\"\" class=\"brz-css-yvAQY brz-css-yXMIZ brz-wrapper\">\n<div class=\"brz-rich-text brz-rich-text__custom brz-css-iv_jB\" data-brz-custom-id=\"xzashplhjxfzzkvizszwtqycdhwfhaqlxqoy\">\n<div data-brz-translate-text=\"1\">\n<p class=\"brz-text-lg-center brz-tp-lg-paragraph brz-css-xBx_V\" data-generated-css=\"brz-css-oohnp\" data-uniq-id=\"zmgim\">D\u0130\u015e TEDAV\u0130LER\u0130<\/p>\n<\/div>\n<\/div>\n<\/div>\n<div id=\"\" class=\"brz-css-yvAQY brz-wrapper\">\n<div class=\"brz-rich-text brz-rich-text__custom brz-css-iv_jB\" data-brz-custom-id=\"jejstgsdsqqaktssqmjlivlzwmfpttyhmtte\">\n<div data-brz-translate-text=\"1\">\n<p class=\"brz-text-lg-center brz-ls-lg-0 brz-lh-lg-1 brz-tp-lg-empty brz-ff-roboto brz-ft-google brz-fs-lg-54 brz-fss-lg-px brz-fw-lg-700 brz-css-tzFCU\" data-uniq-id=\"fkwfx\" data-generated-css=\"brz-css-rdwkb\">Emax Kuronlar, Kaplamalar ve Lumineers<\/p>\n<\/div>\n<\/div>\n<\/div>\n<\/div>\n<\/div>\n<\/section>\n<section id=\"cgmdljutcjldkgmidgoviiysarhcajlaibhg\" class=\"brz-section brz-css-q_z5D\">\n<div class=\"brz-section__content brz-section--boxed brz-css-uJfbM brz-css-hqgbY\" data-brz-custom-id=\"hkyxkmesvvpdedgvjlafxcrzmydkiyqqvmjd\">\n<div class=\"brz-bg\">\n<div class=\"brz-bg-color\"><\/div>\n<\/div>\n<div class=\"brz-container brz-css-qWPNi\">\n<div id=\"whitearea\" class=\"brz-row__container brz-css-opx6z brz-css-xH4Qd\" data-brz-custom-id=\"bzbuyprayplxvukntqcxmmkjvmavapkselan\">\n<div class=\"brz-bg\">\n<div class=\"brz-bg-color\"><\/div>\n<\/div>\n<div class=\"brz-row brz-css-eduH2 brz-css-oVJk9\">\n<div class=\"brz-columns brz-css-nFz05 brz-css-uQ6VY\" data-brz-custom-id=\"qrnmvlrjxcqpainbeauqsyfoaebtpfwvkqds\">\n<div class=\"brz-bg\"><\/div>\n<div class=\"brz-column__items brz-css-msLJM brz-css-w0kB6\">\n<div id=\"\" class=\"brz-css-yvAQY brz-css-wtxtO brz-wrapper\">\n<div class=\"brz-image brz-css-msAXY brz-css-b7_8N\" data-brz-custom-id=\"lfwdtruttrfoqcbowmtkeivesmlkvgxgftve\"><img decoding=\"async\" class=\"brz-img\" src=\"https:\/\/cafeduo.com.tr\/wp-content\/uploads\/brizy\/imgs\/wp-68f2f02591e56376164ba0fd73112593-554x749x0x127x554x622x1714077551.jpg\" alt=\"\" loading=\"lazy\"><\/div>\n<\/div>\n<\/div>\n<\/div>\n<div class=\"brz-columns brz-css-nFz05 brz-css-nRrtC\" data-brz-custom-id=\"evcukoymyzmexhjxnhuojgwnlxphykmkaeue\">\n<div class=\"brz-bg\"><\/div>\n<div class=\"brz-column__items brz-css-msLJM brz-css-zUq6o\">\n<div id=\"\" class=\"brz-css-yvAQY brz-css-vRkUy brz-wrapper\">\n<div class=\"brz-rich-text brz-rich-text__custom brz-css-iv_jB\" data-brz-custom-id=\"xpgxocqbrinikifwxgsxlcwhvwsuncrlvvau\">\n<div data-brz-translate-text=\"1\">\n<p class=\"brz-fw-lg-700 brz-fss-lg-px brz-fs-lg-12 brz-ft-upload brz-ff-ymubgefsxldrywogxtzekrfkmzwinepjvqkm brz-tp-lg-empty brz-lh-lg-1_9 brz-ls-lg-0 brz-css-rlXTV\" data-uniq-id=\"mhqzc\" data-generated-css=\"brz-css-fqwie\"><span class=\"brz-cp-color7\">D\u0130\u015e TEDAV\u0130LER\u0130<\/span><\/p>\n<\/div>\n<\/div>\n<\/div>\n<div id=\"\" class=\"brz-css-yvAQY brz-css-rCscx brz-wrapper\">\n<div class=\"brz-rich-text brz-rich-text__custom brz-css-iv_jB\" data-brz-custom-id=\"teanyvblpgjbfbtrjlgiptvmdugnmiaczrnq\">\n<div data-brz-translate-text=\"1\">\n<p class=\"brz-fs-lg-20 brz-ft-upload brz-ff-ymubgefsxldrywogxtzekrfkmzwinepjvqkm brz-tp-lg-empty brz-lh-lg-1_9 brz-ls-lg-0 brz-fw-lg-400 brz-fss-lg-px brz-css-tijjy\" data-generated-css=\"brz-css-keotm\" data-uniq-id=\"cndsz\"><strong>Emax Kuronlar, Kaplamalar ve Lumineers<\/strong><\/p>\n<\/div>\n<\/div>\n<\/div>\n<div id=\"\" class=\"brz-css-yvAQY brz-wrapper\">\n<div class=\"brz-rich-text brz-rich-text__custom brz-css-iv_jB\" data-brz-custom-id=\"vhtlrsjsmusppgvopynwsjnzklwculjydjwj\">\n<div data-brz-translate-text=\"1\">\n<p class=\"brz-mb-lg-20 brz-ls-lg-0 brz-fw-lg-400 brz-fss-lg-px brz-fs-lg-16 brz-ft-upload brz-ff-ymubgefsxldrywogxtzekrfkmzwinepjvqkm brz-tp-lg-empty brz-lh-lg-1_9 brz-css-zm62u\" data-uniq-id=\"ocipm\" data-generated-css=\"brz-css-akngl\"><span class=\"brz-cp-color7\">Bu porselen kaplamalar en y\u00fcksek kalitededir. Di\u015f hekimi bir \u00f6l\u00e7\u00fc al\u0131p ideal renk tonunuzu belirledikten sonra, size \u00f6zel bir par\u00e7a haz\u0131rlayacakt\u0131r. Bunlar, di\u015flerinizin \u00fczerine sorunsuz bir \u015fekilde oturmalar\u0131n\u0131 sa\u011flamak i\u00e7in ince katmanl\u0131 olup, yaln\u0131zca g\u00f6r\u00fcn\u00fcmlerini de\u011fil ayn\u0131 zamanda fonksiyonlar\u0131n\u0131 da iyile\u015ftirir. Bu kompozit kaplamalar\u0131n yerine yerle\u015ftirilmesi h\u0131zl\u0131 ve kolayd\u0131r ve \u00e7ok fazla di\u015f modifikasyonu gerektirmez. Ayr\u0131ca \u00e7ok dayan\u0131kl\u0131d\u0131rlar, b\u00f6ylece i\u015flemi s\u0131k s\u0131k yeniden yapmaktan ka\u00e7\u0131nabilirsiniz. <\/span><\/p>\n<p class=\"brz-mb-lg-20 brz-ls-lg-0 brz-fw-lg-400 brz-fss-lg-px brz-fs-lg-16 brz-ft-upload brz-ff-ymubgefsxldrywogxtzekrfkmzwinepjvqkm brz-tp-lg-empty brz-lh-lg-1_9 brz-css-o714k\" data-uniq-id=\"fsnrx\" data-generated-css=\"brz-css-mifbn\"><span class=\"brz-cp-color7\">Tedavi \u00e7ok basittir. \u0130lk olarak, di\u015f hekimimiz bir miktar kaplama malzemesi ile di\u015flerinizi kaplamak i\u00e7in bir \u00f6l\u00e7\u00fc al\u0131r. Daha sonra laboratuvar\u0131n kaplamalar\u0131n\u0131z\u0131 \u00f6zel olarak \u00fcretmesi i\u00e7in laboratuvara gerekli bilgileri iletecektir. <\/span><\/p>\n<p class=\"brz-mb-lg-20 brz-ls-lg-0 brz-fw-lg-400 brz-fss-lg-px brz-fs-lg-16 brz-ft-upload brz-ff-ymubgefsxldrywogxtzekrfkmzwinepjvqkm brz-tp-lg-empty brz-lh-lg-1_9 brz-css-a5yLf\" data-uniq-id=\"tidic\" data-generated-css=\"brz-css-dlrrp\"><span class=\"brz-cp-color7\">Bu takma di\u015fler, kal\u0131c\u0131 bir di\u015f yap\u0131\u015ft\u0131r\u0131c\u0131s\u0131 ile yap\u0131\u015ft\u0131r\u0131lacakt\u0131r. Kaplaman\u0131z t\u0131pk\u0131 do\u011fal di\u015fleriniz gibi hissedilecek ve g\u00f6r\u00fcnecektir.<\/span><\/p>\n<\/div>\n<\/div>\n<\/div>\n<\/div>\n<\/div>\n<\/div>\n<\/div>\n<\/div>\n<\/div>\n<\/section>\n<\/div>\n<p>    <!-- version:1722066317 --><\/p>\n","protected":false},"excerpt":{"rendered":"<p>D\u0130\u015e TEDAV\u0130LER\u0130 Emax Kuronlar, Kaplamalar ve Lumineers D\u0130\u015e TEDAV\u0130LER\u0130 Emax Kuronlar, Kaplamalar ve Lumineers Bu porselen kaplamalar en y\u00fcksek kalitededir. Di\u015f hekimi bir \u00f6l\u00e7\u00fc al\u0131p ideal renk tonunuzu belirledikten sonra, size \u00f6zel bir par\u00e7a haz\u0131rlayacakt\u0131r. Bunlar, di\u015flerinizin \u00fczerine sorunsuz bir \u015fekilde oturmalar\u0131n\u0131 sa\u011flamak i\u00e7in ince katmanl\u0131 olup, yaln\u0131zca g\u00f6r\u00fcn\u00fcmlerini de\u011fil ayn\u0131 zamanda fonksiyonlar\u0131n\u0131 da iyile\u015ftirir. [&hellip;]<\/p>\n","protected":false},"author":5,"featured_media":0,"parent":1168,"menu_order":0,"comment_status":"closed","ping_status":"closed","template":"","meta":{"footnotes":""},"class_list":["post-1175","page","type-page","status-publish","hentry"],"blocksy_meta":{"styles_descriptor":{"styles":{"desktop":"","tablet":"","mobile":""},"google_fonts":[],"version":6}},"_links":{"self":[{"href":"https:\/\/smilinic.com\/tr\/wp-json\/wp\/v2\/pages\/1175","targetHints":{"allow":["GET"]}}],"collection":[{"href":"https:\/\/smilinic.com\/tr\/wp-json\/wp\/v2\/pages"}],"about":[{"href":"https:\/\/smilinic.com\/tr\/wp-json\/wp\/v2\/types\/page"}],"author":[{"embeddable":true,"href":"https:\/\/smilinic.com\/tr\/wp-json\/wp\/v2\/users\/5"}],"replies":[{"embeddable":true,"href":"https:\/\/smilinic.com\/tr\/wp-json\/wp\/v2\/comments?post=1175"}],"version-history":[{"count":0,"href":"https:\/\/smilinic.com\/tr\/wp-json\/wp\/v2\/pages\/1175\/revisions"}],"up":[{"embeddable":true,"href":"https:\/\/smilinic.com\/tr\/wp-json\/wp\/v2\/pages\/1168"}],"wp:attachment":[{"href":"https:\/\/smilinic.com\/tr\/wp-json\/wp\/v2\/media?parent=1175"}],"curies":[{"name":"wp","href":"https:\/\/api.w.org\/{rel}","templated":true}]}}