{"id":1174,"date":"2022-10-06T21:17:30","date_gmt":"2022-10-06T21:17:30","guid":{"rendered":"https:\/\/smilinic.com\/dental-treatments\/dentures-removable\/"},"modified":"2024-07-27T08:23:25","modified_gmt":"2024-07-27T08:23:25","slug":"dentures-removable","status":"publish","type":"page","link":"https:\/\/smilinic.com\/tr\/dental-treatments\/dentures-removable\/","title":{"rendered":"\u00c7\u0131kar\u0131labilir Protezler"},"content":{"rendered":"<div class=\"brz-root__container brz-reset-all brz\">\n<section id=\"lioywasvihnbjbohjvjqfwielwqgnagzrrht\" class=\"brz-section brz-css-veTlj\">\n<div class=\"brz-section__content brz-section--boxed brz-css-zeUNO brz-css-msJhD\" data-brz-custom-id=\"lfiucsqugkykuwhiktxtfiqjvdlvadhqwgwh\">\n<div class=\"brz-bg\">\n<div class=\"brz-bg-image\"><\/div>\n<div class=\"brz-bg-color\"><\/div>\n<\/div>\n<div class=\"brz-container brz-css-dTlI8 brz-css-emclF\">\n<div id=\"\" class=\"brz-css-rDpI4 brz-css-oEzSl brz-wrapper\">\n<div class=\"brz-rich-text brz-rich-text__custom brz-css-v6HqL\" data-brz-custom-id=\"kekgcjxpuvbvwkcyeqsqjpnbdjgtruodqwgj\">\n<div data-brz-translate-text=\"1\">\n<p class=\"brz-text-lg-center brz-tp-lg-paragraph brz-css-vBaLC\" data-generated-css=\"brz-css-czxkt\" data-uniq-id=\"skixm\">Di\u015f Tedavisi<\/p>\n<\/div>\n<\/div>\n<\/div>\n<div id=\"\" class=\"brz-css-rDpI4 brz-wrapper\">\n<div class=\"brz-rich-text brz-rich-text__custom brz-css-v6HqL\" data-brz-custom-id=\"lgpbcndevxeaffmvsslmpywlengciwcguyzl\">\n<div data-brz-translate-text=\"1\">\n<p class=\"brz-fw-lg-700 brz-fss-lg-px brz-fs-lg-54 brz-ft-google brz-ff-roboto brz-tp-lg-empty brz-lh-lg-1 brz-ls-lg-0 brz-text-lg-center brz-css-uGHF3\" data-generated-css=\"brz-css-inajv\" data-uniq-id=\"szbmc\">\u00c7\u0131kar\u0131labilir Protez<\/p>\n<\/div>\n<\/div>\n<\/div>\n<\/div>\n<\/div>\n<\/section>\n<section id=\"hzmcredqhtivrdgyvboutwhtlyagiwrfflgn\" class=\"brz-section brz-css-veTlj\">\n<div class=\"brz-section__content brz-section--boxed brz-css-zeUNO brz-css-qKZI8\" data-brz-custom-id=\"jvkoqgauizccpmzbuqsatxpijsnfsqsmilum\">\n<div class=\"brz-bg\">\n<div class=\"brz-bg-color\"><\/div>\n<\/div>\n<div class=\"brz-container brz-css-dTlI8\">\n<div id=\"whitearea\" class=\"brz-row__container brz-css-qj2v_ brz-css-xGjE2\" data-brz-custom-id=\"ooiovyeirlyebjlnvnocgafckqosgzziddai\">\n<div class=\"brz-bg\">\n<div class=\"brz-bg-color\"><\/div>\n<\/div>\n<div class=\"brz-row brz-css-d8KCu brz-css-qqfmW\">\n<div class=\"brz-columns brz-css-uW3Wq brz-css-kJhag\" data-brz-custom-id=\"dfmsmvwabltdhdgfcfmfjyohzcytppzdtlin\">\n<div class=\"brz-bg\"><\/div>\n<div class=\"brz-column__items brz-css-v2XVe brz-css-xOm9u\">\n<div id=\"\" class=\"brz-css-rDpI4 brz-css-xHRVH brz-wrapper\">\n<div class=\"brz-image brz-css-eJ7PC brz-css-sgtWf\" data-brz-custom-id=\"sstqpwontohqigxjxocxklsmxjaamslxsjbk\"><img decoding=\"async\" class=\"brz-img\" src=\"https:\/\/cafeduo.com.tr\/wp-content\/uploads\/brizy\/imgs\/wp-68f2f02591e56376164ba0fd73112593-554x749x0x127x554x622x1714077551.jpg\" alt=\"\" loading=\"lazy\"><\/div>\n<\/div>\n<\/div>\n<\/div>\n<div class=\"brz-columns brz-css-uW3Wq brz-css-dhh9H\" data-brz-custom-id=\"dffkrejwuhinenaavnpdyyhwrygadhkniyjj\">\n<div class=\"brz-bg\"><\/div>\n<div class=\"brz-column__items brz-css-v2XVe brz-css-jbTkX\">\n<div id=\"\" class=\"brz-css-rDpI4 brz-css-sqpMI brz-wrapper\">\n<div class=\"brz-rich-text brz-rich-text__custom brz-css-v6HqL\" data-brz-custom-id=\"rbonhiksniclvwgqakgvvsqocseemxintdyc\">\n<div data-brz-translate-text=\"1\">\n<p class=\"brz-fw-lg-700 brz-fss-lg-px brz-fs-lg-12 brz-ft-upload brz-ff-ymubgefsxldrywogxtzekrfkmzwinepjvqkm brz-tp-lg-empty brz-lh-lg-1_9 brz-ls-lg-0 brz-css-wMnwR\" data-uniq-id=\"jkraz\" data-generated-css=\"brz-css-myete\"><span class=\"brz-cp-color7\">Di\u015f Tedavisi<\/span><\/p>\n<\/div>\n<\/div>\n<\/div>\n<div id=\"\" class=\"brz-css-rDpI4 brz-css-wi7sG brz-wrapper\">\n<div class=\"brz-rich-text brz-rich-text__custom brz-css-v6HqL\" data-brz-custom-id=\"uwqoktazdyovlssldcxxbapzzohvmqvsxhsp\">\n<div data-brz-translate-text=\"1\">\n<p class=\"brz-fss-lg-px brz-fw-lg-400 brz-ls-lg-0 brz-lh-lg-1_9 brz-tp-lg-empty brz-ff-ymubgefsxldrywogxtzekrfkmzwinepjvqkm brz-ft-upload brz-fs-lg-20 brz-css-xiJEl\" data-uniq-id=\"kanoh\" data-generated-css=\"brz-css-yqnrl\"><strong>\u00c7\u0131kar\u0131labilir Protez<\/strong><\/p>\n<\/div>\n<\/div>\n<\/div>\n<div id=\"\" class=\"brz-css-rDpI4 brz-wrapper\">\n<div class=\"brz-rich-text brz-rich-text__custom brz-css-v6HqL\" data-brz-custom-id=\"hvirzydbfakkdlunrrdnucqvhxxfthzqoxqm\">\n<div data-brz-translate-text=\"1\">\n<p class=\"brz-mb-lg-20 brz-ls-lg-0 brz-fw-lg-400 brz-fss-lg-px brz-fs-lg-16 brz-ft-upload brz-ff-ymubgefsxldrywogxtzekrfkmzwinepjvqkm brz-tp-lg-empty brz-lh-lg-1_9 brz-css-gTc2l\" data-uniq-id=\"kpsrx\" data-generated-css=\"brz-css-ruxvn\"><span class=\"brz-cp-color7\">Protezler, eksik di\u015flerin yerine tak\u0131labilen protez cihazlard\u0131r. A\u011fz\u0131n\u0131zdaki sert ve yumu\u015fak dokular taraf\u0131ndan desteklenirler. Temizlemek i\u00e7in periyodik olarak \u00e7\u0131kar\u0131lmas\u0131 gereken geleneksel takma di\u015fler, zamanla k\u0131r\u0131labilir ve par\u00e7alanabilir.<\/span><\/p>\n<\/div>\n<\/div>\n<\/div>\n<\/div>\n<\/div>\n<\/div>\n<\/div>\n<\/div>\n<\/div>\n<\/section>\n<\/div>\n<p>    <!-- version:1722068605 --><\/p>\n","protected":false},"excerpt":{"rendered":"<p>Di\u015f Tedavisi \u00c7\u0131kar\u0131labilir Protez Di\u015f Tedavisi \u00c7\u0131kar\u0131labilir Protez Protezler, eksik di\u015flerin yerine tak\u0131labilen protez cihazlard\u0131r. A\u011fz\u0131n\u0131zdaki sert ve yumu\u015fak dokular taraf\u0131ndan desteklenirler. Temizlemek i\u00e7in periyodik olarak \u00e7\u0131kar\u0131lmas\u0131 gereken geleneksel takma di\u015fler, zamanla k\u0131r\u0131labilir ve par\u00e7alanabilir.<\/p>\n","protected":false},"author":5,"featured_media":0,"parent":1168,"menu_order":0,"comment_status":"closed","ping_status":"closed","template":"","meta":{"footnotes":""},"class_list":["post-1174","page","type-page","status-publish","hentry"],"blocksy_meta":{"styles_descriptor":{"styles":{"desktop":"","tablet":"","mobile":""},"google_fonts":[],"version":6}},"_links":{"self":[{"href":"https:\/\/smilinic.com\/tr\/wp-json\/wp\/v2\/pages\/1174","targetHints":{"allow":["GET"]}}],"collection":[{"href":"https:\/\/smilinic.com\/tr\/wp-json\/wp\/v2\/pages"}],"about":[{"href":"https:\/\/smilinic.com\/tr\/wp-json\/wp\/v2\/types\/page"}],"author":[{"embeddable":true,"href":"https:\/\/smilinic.com\/tr\/wp-json\/wp\/v2\/users\/5"}],"replies":[{"embeddable":true,"href":"https:\/\/smilinic.com\/tr\/wp-json\/wp\/v2\/comments?post=1174"}],"version-history":[{"count":0,"href":"https:\/\/smilinic.com\/tr\/wp-json\/wp\/v2\/pages\/1174\/revisions"}],"up":[{"embeddable":true,"href":"https:\/\/smilinic.com\/tr\/wp-json\/wp\/v2\/pages\/1168"}],"wp:attachment":[{"href":"https:\/\/smilinic.com\/tr\/wp-json\/wp\/v2\/media?parent=1174"}],"curies":[{"name":"wp","href":"https:\/\/api.w.org\/{rel}","templated":true}]}}