{"id":1173,"date":"2022-10-06T21:16:32","date_gmt":"2022-10-06T21:16:32","guid":{"rendered":"https:\/\/smilinic.com\/dental-treatments\/dental-implants-non-removable\/"},"modified":"2024-07-27T04:57:30","modified_gmt":"2024-07-27T04:57:30","slug":"dental-implants-non-removable","status":"publish","type":"page","link":"https:\/\/smilinic.com\/tr\/dental-treatments\/dental-implants-non-removable\/","title":{"rendered":"Di\u015f \u0130mplantlar\u0131"},"content":{"rendered":"<div class=\"brz-root__container brz-reset-all brz\">\n<section id=\"codxbeaplkwfkogafclbqyvadecjvcohlnmb\" class=\"brz-section brz-css-v7MyZ\">\n<div class=\"brz-section__content brz-section--boxed brz-css-rL2ra brz-css-aPrAE\" data-brz-custom-id=\"zjpyvzdiqmekuqomsjvpncymbivsocofpehg\">\n<div class=\"brz-bg\">\n<div class=\"brz-bg-image\"><\/div>\n<div class=\"brz-bg-color\"><\/div>\n<\/div>\n<div class=\"brz-container brz-css-guLY7 brz-css-udX8s\">\n<div id=\"\" class=\"brz-css-tJCnR brz-css-e_ErE brz-wrapper\">\n<div class=\"brz-rich-text brz-rich-text__custom brz-css-gykyL\" data-brz-custom-id=\"eljndfgcdleipfhnxthwivdprneuxwpcuazj\">\n<div data-brz-translate-text=\"1\">\n<p class=\"brz-text-lg-center brz-tp-lg-paragraph brz-css-g_jmM\" data-generated-css=\"brz-css-dhfcn\" data-uniq-id=\"pcxud\">D\u0130\u015e TEDAV\u0130LER\u0130<\/p>\n<\/div>\n<\/div>\n<\/div>\n<div id=\"\" class=\"brz-css-tJCnR brz-wrapper\">\n<div class=\"brz-rich-text brz-rich-text__custom brz-css-gykyL\" data-brz-custom-id=\"ramundlttfazlgftmstvrpwcaprhirmsnasy\">\n<div data-brz-translate-text=\"1\">\n<p class=\"brz-fw-lg-700 brz-fss-lg-px brz-fs-lg-54 brz-ft-google brz-ff-roboto brz-tp-lg-empty brz-lh-lg-1 brz-ls-lg-0 brz-text-lg-center brz-css-xKSEC\" data-generated-css=\"brz-css-zukwm\" data-uniq-id=\"awmmy\">Di\u015f \u0130mplantlar\u0131<\/p>\n<\/div>\n<\/div>\n<\/div>\n<\/div>\n<\/div>\n<\/section>\n<section id=\"zrkncnkryhujgglrieyhzmlbhjpmaaxpaqbd\" class=\"brz-section brz-css-v7MyZ\">\n<div class=\"brz-section__content brz-section--boxed brz-css-rL2ra brz-css-aio4R\" data-brz-custom-id=\"gpzthntmtpmptkrzfhmvuqmpppdghrncyxpg\">\n<div class=\"brz-bg\">\n<div class=\"brz-bg-color\"><\/div>\n<\/div>\n<div class=\"brz-container brz-css-guLY7\">\n<div id=\"whitearea\" class=\"brz-row__container brz-css-dfzaC brz-css-mP9Is\" data-brz-custom-id=\"dtxgzpcedaucyklvfiqzvhhodfhhzyjxlwda\">\n<div class=\"brz-bg\">\n<div class=\"brz-bg-color\"><\/div>\n<\/div>\n<div class=\"brz-row brz-css-wMref brz-css-gMmml\">\n<div class=\"brz-columns brz-css-vG3MI brz-css-oIPch\" data-brz-custom-id=\"grevjpfpcoplsuybuxtwpymetmnoekuwpzug\">\n<div class=\"brz-bg\"><\/div>\n<div class=\"brz-column__items brz-css-sr4nf brz-css-yeOVP\">\n<div id=\"\" class=\"brz-css-tJCnR brz-css-nUK2U brz-wrapper\">\n<div class=\"brz-image brz-css-uZ7BJ brz-css-xPteo\" data-brz-custom-id=\"oeybxseamemukyjyqeimxwnzjvxkitzxdvvp\"><img decoding=\"async\" class=\"brz-img\" src=\"https:\/\/cafeduo.com.tr\/wp-content\/uploads\/brizy\/imgs\/wp-68f2f02591e56376164ba0fd73112593-554x749x0x127x554x622x1714077551.jpg\" alt=\"\" loading=\"lazy\"><\/div>\n<\/div>\n<\/div>\n<\/div>\n<div class=\"brz-columns brz-css-vG3MI brz-css-hyUvQ\" data-brz-custom-id=\"cyapxscuzhndmqellpziyymhabmglrfohekz\">\n<div class=\"brz-bg\"><\/div>\n<div class=\"brz-column__items brz-css-sr4nf brz-css-oXqcT\">\n<div id=\"\" class=\"brz-css-tJCnR brz-css-wSxOp brz-wrapper\">\n<div class=\"brz-rich-text brz-rich-text__custom brz-css-gykyL\" data-brz-custom-id=\"luluctusadgjpfsekxecxcylsyhgehsdcwml\">\n<div data-brz-translate-text=\"1\">\n<p class=\"brz-fw-lg-700 brz-fss-lg-px brz-fs-lg-12 brz-ft-upload brz-ff-ymubgefsxldrywogxtzekrfkmzwinepjvqkm brz-tp-lg-empty brz-lh-lg-1_9 brz-ls-lg-0 brz-css-wZw6o\" data-uniq-id=\"ptnth\" data-generated-css=\"brz-css-cmpvf\"><span class=\"brz-cp-color7\">D\u0130\u015e TEDAV\u0130LER\u0130<\/span><\/p>\n<\/div>\n<\/div>\n<\/div>\n<div id=\"\" class=\"brz-css-tJCnR brz-css-woiE_ brz-wrapper\">\n<div class=\"brz-rich-text brz-rich-text__custom brz-css-gykyL\" data-brz-custom-id=\"bytupmxgybmqqyukmszsvkevjuofzzozlysu\">\n<div data-brz-translate-text=\"1\">\n<p class=\"brz-fs-lg-20 brz-ft-upload brz-ff-ymubgefsxldrywogxtzekrfkmzwinepjvqkm brz-tp-lg-empty brz-lh-lg-1_9 brz-ls-lg-0 brz-fw-lg-400 brz-fss-lg-px brz-css-bVQ8x\" data-generated-css=\"brz-css-koskx\" data-uniq-id=\"kbosr\"><strong>Di\u015f \u0130mplantlar\u0131<\/strong><\/p>\n<\/div>\n<\/div>\n<\/div>\n<div id=\"\" class=\"brz-css-tJCnR brz-wrapper\">\n<div class=\"brz-rich-text brz-rich-text__custom brz-css-gykyL\" data-brz-custom-id=\"cebsmiqkttdmxfjurutoguejcsxdlfesuxtn\">\n<div data-brz-translate-text=\"1\">\n<p class=\"brz-mb-lg-20 brz-ls-lg-0 brz-fw-lg-400 brz-fss-lg-px brz-fs-lg-16 brz-ft-upload brz-ff-ymubgefsxldrywogxtzekrfkmzwinepjvqkm brz-tp-lg-empty brz-lh-lg-1_9 brz-css-wesB3\" data-uniq-id=\"pslbd\" data-generated-css=\"brz-css-tjlgp\"><span class=\"brz-cp-color7\">Bir di\u015f implant\u0131, eksik di\u015flerin yerine \u00e7ene kemi\u011fine yerle\u015ftirilen metal bir fikst\u00fcrd\u00fcr. Birka\u00e7 ay i\u00e7inde kemikle kayna\u015ft\u0131ktan sonra, di\u015f k\u00f6k\u00fcn\u00fcz\u00fcn bulundu\u011fu yerdeki bu yapay versiyon di\u015finizin kayboldu\u011fu yeri doldurur ve eskisi gibi \u00e7i\u011fnemenize yard\u0131mc\u0131 olur. <\/span><\/p>\n<p class=\"brz-mb-lg-20 brz-ls-lg-0 brz-fw-lg-400 brz-fss-lg-px brz-fs-lg-16 brz-ft-upload brz-ff-ymubgefsxldrywogxtzekrfkmzwinepjvqkm brz-tp-lg-empty brz-lh-lg-1_9 brz-css-m1C2_\" data-uniq-id=\"bvujb\" data-generated-css=\"brz-css-jfzjk\"><span class=\"brz-cp-color7\">Di\u015f implantlar\u0131 \u00e7ok etkili olabilir ve di\u011fer di\u015f de\u011fi\u015ftirme t\u00fcrlerine g\u00f6re bir tak\u0131m avantajlar sunar. \u00d6rne\u011fin, tamamen ba\u011f\u0131ms\u0131zd\u0131rlar, bu nedenle yak\u0131n di\u015fleri etkilemezler ve m\u00fckemmel stabilite sa\u011flarlar. \u00c7o\u011fu implant titanyumdan yap\u0131l\u0131r ve kemi\u011fe \u00e7ok iyi entegre olur. Sonu\u00e7 olarak, hastalar onlarla temasa ge\u00e7tiklerinde genellikle onlar\u0131 hissetmezler.<\/span><\/p>\n<\/div>\n<\/div>\n<\/div>\n<\/div>\n<\/div>\n<\/div>\n<\/div>\n<\/div>\n<\/div>\n<\/section>\n<\/div>\n<p>    <!-- version:1722056250 --><\/p>\n","protected":false},"excerpt":{"rendered":"<p>D\u0130\u015e TEDAV\u0130LER\u0130 Di\u015f \u0130mplantlar\u0131 D\u0130\u015e TEDAV\u0130LER\u0130 Di\u015f \u0130mplantlar\u0131 Bir di\u015f implant\u0131, eksik di\u015flerin yerine \u00e7ene kemi\u011fine yerle\u015ftirilen metal bir fikst\u00fcrd\u00fcr. Birka\u00e7 ay i\u00e7inde kemikle kayna\u015ft\u0131ktan sonra, di\u015f k\u00f6k\u00fcn\u00fcz\u00fcn bulundu\u011fu yerdeki bu yapay versiyon di\u015finizin kayboldu\u011fu yeri doldurur ve eskisi gibi \u00e7i\u011fnemenize yard\u0131mc\u0131 olur. Di\u015f implantlar\u0131 \u00e7ok etkili olabilir ve di\u011fer di\u015f de\u011fi\u015ftirme t\u00fcrlerine g\u00f6re bir [&hellip;]<\/p>\n","protected":false},"author":5,"featured_media":0,"parent":1168,"menu_order":0,"comment_status":"closed","ping_status":"closed","template":"","meta":{"footnotes":""},"class_list":["post-1173","page","type-page","status-publish","hentry"],"blocksy_meta":{"styles_descriptor":{"styles":{"desktop":"","tablet":"","mobile":""},"google_fonts":[],"version":6}},"_links":{"self":[{"href":"https:\/\/smilinic.com\/tr\/wp-json\/wp\/v2\/pages\/1173","targetHints":{"allow":["GET"]}}],"collection":[{"href":"https:\/\/smilinic.com\/tr\/wp-json\/wp\/v2\/pages"}],"about":[{"href":"https:\/\/smilinic.com\/tr\/wp-json\/wp\/v2\/types\/page"}],"author":[{"embeddable":true,"href":"https:\/\/smilinic.com\/tr\/wp-json\/wp\/v2\/users\/5"}],"replies":[{"embeddable":true,"href":"https:\/\/smilinic.com\/tr\/wp-json\/wp\/v2\/comments?post=1173"}],"version-history":[{"count":0,"href":"https:\/\/smilinic.com\/tr\/wp-json\/wp\/v2\/pages\/1173\/revisions"}],"up":[{"embeddable":true,"href":"https:\/\/smilinic.com\/tr\/wp-json\/wp\/v2\/pages\/1168"}],"wp:attachment":[{"href":"https:\/\/smilinic.com\/tr\/wp-json\/wp\/v2\/media?parent=1173"}],"curies":[{"name":"wp","href":"https:\/\/api.w.org\/{rel}","templated":true}]}}