{"id":1172,"date":"2022-10-06T21:18:48","date_gmt":"2022-10-06T21:18:48","guid":{"rendered":"https:\/\/smilinic.com\/dental-treatments\/dental-filling-procedure\/"},"modified":"2024-07-27T10:12:30","modified_gmt":"2024-07-27T10:12:30","slug":"dental-filling-procedure","status":"publish","type":"page","link":"https:\/\/smilinic.com\/tr\/dental-treatments\/dental-filling-procedure\/","title":{"rendered":"Di\u015f dolgusu"},"content":{"rendered":"<div class=\"brz-root__container brz-reset-all brz\">\n<section id=\"yfgqnbdbptkiucgllrsnyziksmsyynllgccw\" class=\"brz-section brz-css-m1DhD\">\n<div class=\"brz-section__content brz-section--boxed brz-css-eHneg brz-css-d6BvU\" data-brz-custom-id=\"icvkmsolaiezkkldndvcmwtdhrmlqyzqnfqj\">\n<div class=\"brz-bg\">\n<div class=\"brz-bg-image\"><\/div>\n<div class=\"brz-bg-color\"><\/div>\n<\/div>\n<div class=\"brz-container brz-css-dMYjG brz-css-gwtGP\">\n<div id=\"\" class=\"brz-css-aiyiE brz-css-dGJ_p brz-wrapper\">\n<div class=\"brz-rich-text brz-rich-text__custom brz-css-drP9C\" data-brz-custom-id=\"hxodtbxamjgvcooqcobguqrrlczvtidzctav\">\n<div data-brz-translate-text=\"1\">\n<p class=\"brz-text-lg-center brz-tp-lg-paragraph brz-css-hbwc_\" data-generated-css=\"brz-css-krwpa\" data-uniq-id=\"zguds\">Di\u015f Tedavisi<\/p>\n<\/div>\n<\/div>\n<\/div>\n<div id=\"\" class=\"brz-css-aiyiE brz-wrapper\">\n<div class=\"brz-rich-text brz-rich-text__custom brz-css-drP9C\" data-brz-custom-id=\"rarktzhyrrsuouqnssfegdpbzpiijgxoadem\">\n<div data-brz-translate-text=\"1\">\n<p class=\"brz-fw-lg-700 brz-fss-lg-px brz-fs-lg-54 brz-ft-google brz-ff-roboto brz-tp-lg-empty brz-lh-lg-1 brz-ls-lg-0 brz-text-lg-center brz-css-igs4B\" data-generated-css=\"brz-css-qkquf\" data-uniq-id=\"opowb\">Di\u015f Dolgusu<\/p>\n<\/div>\n<\/div>\n<\/div>\n<\/div>\n<\/div>\n<\/section>\n<section id=\"aqylrclrufnfaeqnbgfiacrbyeyighxlalyn\" class=\"brz-section brz-css-m1DhD\">\n<div class=\"brz-section__content brz-section--boxed brz-css-eHneg brz-css-pR8BP\" data-brz-custom-id=\"ofrgduwtbohotuauvjnzmfpokloupumjgzxl\">\n<div class=\"brz-bg\">\n<div class=\"brz-bg-color\"><\/div>\n<\/div>\n<div class=\"brz-container brz-css-dMYjG\">\n<div id=\"whitearea\" class=\"brz-row__container brz-css-xTq49 brz-css-tkr7G\" data-brz-custom-id=\"dtvqutusfpgcdqtuekuycsxexvydeqwjigzv\">\n<div class=\"brz-bg\">\n<div class=\"brz-bg-color\"><\/div>\n<\/div>\n<div class=\"brz-row brz-css-tqEvW brz-css-mSLLV\">\n<div class=\"brz-columns brz-css-rLgN1 brz-css-xIhiK\" data-brz-custom-id=\"ujnovmvduwklnwtaamdgibebtdfwbnshlzwq\">\n<div class=\"brz-bg\"><\/div>\n<div class=\"brz-column__items brz-css-vVXX9 brz-css-cpJDr\">\n<div id=\"\" class=\"brz-css-aiyiE brz-css-teekL brz-wrapper\">\n<div class=\"brz-image brz-css-idfYB brz-css-jPUH8\" data-brz-custom-id=\"qwqyuvptofniwludkcllcymhbxkwcjtovibn\"><img decoding=\"async\" class=\"brz-img\" src=\"https:\/\/cafeduo.com.tr\/wp-content\/uploads\/brizy\/imgs\/wp-68f2f02591e56376164ba0fd73112593-554x749x0x127x554x622x1714077551.jpg\" alt=\"\" loading=\"lazy\"><\/div>\n<\/div>\n<\/div>\n<\/div>\n<div class=\"brz-columns brz-css-rLgN1 brz-css-vWLIT\" data-brz-custom-id=\"nqpzhsabswsuhgjfbesxliunrokomzmqvzhn\">\n<div class=\"brz-bg\"><\/div>\n<div class=\"brz-column__items brz-css-vVXX9 brz-css-v4u5N\">\n<div id=\"\" class=\"brz-css-aiyiE brz-css-arrnz brz-wrapper\">\n<div class=\"brz-rich-text brz-rich-text__custom brz-css-drP9C\" data-brz-custom-id=\"pyfijncipvrezqphktjukrieekirleumrnod\">\n<div data-brz-translate-text=\"1\">\n<p class=\"brz-fw-lg-700 brz-fss-lg-px brz-fs-lg-12 brz-ft-upload brz-ff-ymubgefsxldrywogxtzekrfkmzwinepjvqkm brz-tp-lg-empty brz-lh-lg-1_9 brz-ls-lg-0 brz-css-rPwnZ\" data-uniq-id=\"wlwaj\" data-generated-css=\"brz-css-zjtfa\"><span class=\"brz-cp-color7\">Di\u015f Tedavisi<\/span><\/p>\n<\/div>\n<\/div>\n<\/div>\n<div id=\"\" class=\"brz-css-aiyiE brz-css-r6jeL brz-wrapper\">\n<div class=\"brz-rich-text brz-rich-text__custom brz-css-drP9C\" data-brz-custom-id=\"eykraaigdyoeoekkfvlsmxubmtqfhaaozldw\">\n<div data-brz-translate-text=\"1\">\n<p class=\"brz-fs-lg-20 brz-ft-upload brz-ff-ymubgefsxldrywogxtzekrfkmzwinepjvqkm brz-tp-lg-empty brz-lh-lg-1_9 brz-ls-lg-0 brz-fw-lg-400 brz-fss-lg-px brz-css-bPbLU\" data-generated-css=\"brz-css-zzsos\" data-uniq-id=\"rvbtu\"><strong>Di\u015f Dolgusu<\/strong><\/p>\n<\/div>\n<\/div>\n<\/div>\n<div id=\"\" class=\"brz-css-aiyiE brz-wrapper\">\n<div class=\"brz-rich-text brz-rich-text__custom brz-css-drP9C\" data-brz-custom-id=\"ngngujeizxalrfurlceptrpcljtdqpbjocyd\">\n<div data-brz-translate-text=\"1\">\n<p class=\"brz-mb-lg-20 brz-tp-lg-empty brz-ff-ymubgefsxldrywogxtzekrfkmzwinepjvqkm brz-ft-upload brz-fs-lg-16 brz-fss-lg-px brz-fw-lg-400 brz-ls-lg-0 brz-lh-lg-1_9 brz-css-tU_Ei\" data-uniq-id=\"tizjm\" data-generated-css=\"brz-css-hjass\"><span class=\"brz-cp-color7\">Di\u015f dolgusu, di\u015f \u00e7\u00fcr\u00fcmesini tedavi etmenin ve daha fazla hasar\u0131 ve di\u015f kayb\u0131n\u0131 \u00f6nlemenin do\u011fal bir yoludur. A\u011fr\u0131 ve enfeksiyonu \u00f6nleyen di\u015fteki deli\u011fi veya bo\u015flu\u011fu doldururlar. Di\u015f hekimlerimiz, di\u015flerinizin en iyi \u015fekilde g\u00f6r\u00fcnmesini sa\u011flamak i\u00e7in kompozit beyaz dolgu kullan\u0131yor!<\/span><\/p>\n<p class=\"brz-mb-lg-20 brz-ls-lg-0 brz-fw-lg-400 brz-fss-lg-px brz-fs-lg-16 brz-ft-upload brz-ff-ymubgefsxldrywogxtzekrfkmzwinepjvqkm brz-tp-lg-empty brz-lh-lg-1_9 brz-css-zXTUd\" data-uniq-id=\"vafhz\" data-generated-css=\"brz-css-qflbj\"><span class=\"brz-cp-color7\">Di\u015f dolgular\u0131, \u00e7ene i\u015flevini ve \u00e7i\u011fnemeyi etkileyen y\u00fczey d\u00fczensizliklerini doldurdu\u011fu i\u00e7in di\u015fler i\u00e7in iyidir. Di\u015f hekimi di\u015f eti b\u00f6lgesine uyu\u015fturma jeli uygulayaca\u011f\u0131 i\u00e7in i\u015flem nispeten a\u011fr\u0131s\u0131zd\u0131r. \u00c7\u00fcr\u00fcyen b\u00f6lge daha sonra delinir ve deli\u011fe kompozit beyaz dolgu yerle\u015ftirilir. Son olarak di\u015f hekimi dolguyu parlatacak ve hastan\u0131n \u0131s\u0131rmas\u0131 normal olacak \u015fekilde ayarlayabilir.<\/span><\/p>\n<\/div>\n<\/div>\n<\/div>\n<\/div>\n<\/div>\n<\/div>\n<\/div>\n<\/div>\n<\/div>\n<\/section>\n<\/div>\n<p>    <!-- version:1722075150 --><\/p>\n","protected":false},"excerpt":{"rendered":"<p>Di\u015f Tedavisi Di\u015f Dolgusu Di\u015f Tedavisi Di\u015f Dolgusu Di\u015f dolgusu, di\u015f \u00e7\u00fcr\u00fcmesini tedavi etmenin ve daha fazla hasar\u0131 ve di\u015f kayb\u0131n\u0131 \u00f6nlemenin do\u011fal bir yoludur. A\u011fr\u0131 ve enfeksiyonu \u00f6nleyen di\u015fteki deli\u011fi veya bo\u015flu\u011fu doldururlar. Di\u015f hekimlerimiz, di\u015flerinizin en iyi \u015fekilde g\u00f6r\u00fcnmesini sa\u011flamak i\u00e7in kompozit beyaz dolgu kullan\u0131yor! Di\u015f dolgular\u0131, \u00e7ene i\u015flevini ve \u00e7i\u011fnemeyi etkileyen y\u00fczey [&hellip;]<\/p>\n","protected":false},"author":5,"featured_media":0,"parent":1168,"menu_order":0,"comment_status":"closed","ping_status":"closed","template":"","meta":{"footnotes":""},"class_list":["post-1172","page","type-page","status-publish","hentry"],"blocksy_meta":{"styles_descriptor":{"styles":{"desktop":"","tablet":"","mobile":""},"google_fonts":[],"version":6}},"_links":{"self":[{"href":"https:\/\/smilinic.com\/tr\/wp-json\/wp\/v2\/pages\/1172","targetHints":{"allow":["GET"]}}],"collection":[{"href":"https:\/\/smilinic.com\/tr\/wp-json\/wp\/v2\/pages"}],"about":[{"href":"https:\/\/smilinic.com\/tr\/wp-json\/wp\/v2\/types\/page"}],"author":[{"embeddable":true,"href":"https:\/\/smilinic.com\/tr\/wp-json\/wp\/v2\/users\/5"}],"replies":[{"embeddable":true,"href":"https:\/\/smilinic.com\/tr\/wp-json\/wp\/v2\/comments?post=1172"}],"version-history":[{"count":0,"href":"https:\/\/smilinic.com\/tr\/wp-json\/wp\/v2\/pages\/1172\/revisions"}],"up":[{"embeddable":true,"href":"https:\/\/smilinic.com\/tr\/wp-json\/wp\/v2\/pages\/1168"}],"wp:attachment":[{"href":"https:\/\/smilinic.com\/tr\/wp-json\/wp\/v2\/media?parent=1172"}],"curies":[{"name":"wp","href":"https:\/\/api.w.org\/{rel}","templated":true}]}}