{"id":1171,"date":"2022-10-06T21:18:33","date_gmt":"2022-10-06T21:18:33","guid":{"rendered":"https:\/\/smilinic.com\/dental-treatments\/bruxism-teeth-grindingbotox\/"},"modified":"2024-07-27T06:59:41","modified_gmt":"2024-07-27T06:59:41","slug":"bruxism-teeth-grindingbotox","status":"publish","type":"page","link":"https:\/\/smilinic.com\/tr\/dental-treatments\/bruxism-teeth-grindingbotox\/","title":{"rendered":"Bruxism (Di\u015f G\u0131c\u0131rdatma) Botoks"},"content":{"rendered":"<div class=\"brz-root__container brz-reset-all brz\">\n<section id=\"idfwpajauvwzvnmkmxihhjaxvazkijsnkcaj\" class=\"brz-section brz-css-aRR25\">\n<div class=\"brz-section__content brz-section--boxed brz-css-doSVN brz-css-kb6HL\" data-brz-custom-id=\"wdywjtvhrkfvpgczzhyaioydiergufctijoz\">\n<div class=\"brz-bg\">\n<div class=\"brz-bg-image\"><\/div>\n<div class=\"brz-bg-color\"><\/div>\n<\/div>\n<div class=\"brz-container brz-css-xn75H brz-css-rsgwA\">\n<div id=\"\" class=\"brz-css-u_PzI brz-css-ef7Fa brz-wrapper\">\n<div class=\"brz-rich-text brz-rich-text__custom brz-css-wuHC5\" data-brz-custom-id=\"kpirnieujuobmtpwlqhesxplafofwbmezfsx\">\n<div data-brz-translate-text=\"1\">\n<p class=\"brz-text-lg-center brz-tp-lg-paragraph brz-css-gEDCA\" data-generated-css=\"brz-css-upked\" data-uniq-id=\"ziddl\">Di\u015f Tedavisi<\/p>\n<\/div>\n<\/div>\n<\/div>\n<div id=\"\" class=\"brz-css-u_PzI brz-wrapper\">\n<div class=\"brz-rich-text brz-rich-text__custom brz-css-wuHC5\" data-brz-custom-id=\"bbfzzjcyzicqceevvjyycqslbrtlhmtalnwx\">\n<div data-brz-translate-text=\"1\">\n<p class=\"brz-text-lg-center brz-ls-lg-0 brz-lh-lg-1 brz-tp-lg-empty brz-ff-roboto brz-ft-google brz-fs-lg-54 brz-fss-lg-px brz-fw-lg-700 brz-css-zXnWx\" data-uniq-id=\"ywoox\" data-generated-css=\"brz-css-glopg\">Bruxism-Botoks<\/p>\n<\/div>\n<\/div>\n<\/div>\n<\/div>\n<\/div>\n<\/section>\n<section id=\"tahriobacoipbwarikxohgjgbmvwkjtiuvzw\" class=\"brz-section brz-css-aRR25\">\n<div class=\"brz-section__content brz-section--boxed brz-css-doSVN brz-css-ytGLV\" data-brz-custom-id=\"ncufgkcqmfhqhfxuxohhdrrhsknncsmrjvft\">\n<div class=\"brz-bg\">\n<div class=\"brz-bg-color\"><\/div>\n<\/div>\n<div class=\"brz-container brz-css-xn75H\">\n<div id=\"whitearea\" class=\"brz-row__container brz-css-jwzxW brz-css-dTXbO\" data-brz-custom-id=\"kunnztkzyrmhgxqvimbprdhvudyhzneuaycx\">\n<div class=\"brz-bg\">\n<div class=\"brz-bg-color\"><\/div>\n<\/div>\n<div class=\"brz-row brz-css-sKFwZ brz-css-bj2dD\">\n<div class=\"brz-columns brz-css-tSlm1 brz-css-u_BtJ\" data-brz-custom-id=\"nrlskpsiowrmhwewyfskcowbmfhzeotirnwv\">\n<div class=\"brz-bg\"><\/div>\n<div class=\"brz-column__items brz-css-fW7EQ brz-css-t0zVO\">\n<div id=\"\" class=\"brz-css-u_PzI brz-css-vWxB8 brz-wrapper\">\n<div class=\"brz-image brz-css-wSE92 brz-css-qbCiG\" data-brz-custom-id=\"gxfqapkiteprygnzhyjzlcuftoxcgonlrnua\"><img decoding=\"async\" class=\"brz-img\" src=\"https:\/\/cafeduo.com.tr\/wp-content\/uploads\/brizy\/imgs\/wp-68f2f02591e56376164ba0fd73112593-554x749x0x127x554x622x1714077551.jpg\" alt=\"\" loading=\"lazy\"><\/div>\n<\/div>\n<\/div>\n<\/div>\n<div class=\"brz-columns brz-css-tSlm1 brz-css-kZJNb\" data-brz-custom-id=\"jfkgjvzykswvkwwzemahtiitvfnerofdqgox\">\n<div class=\"brz-bg\"><\/div>\n<div class=\"brz-column__items brz-css-fW7EQ brz-css-qLh_y\">\n<div id=\"\" class=\"brz-css-u_PzI brz-css-lVdfo brz-wrapper\">\n<div class=\"brz-rich-text brz-rich-text__custom brz-css-wuHC5\" data-brz-custom-id=\"qbzwycoouatlivxxwioyzenjmjloocjzziyk\">\n<div data-brz-translate-text=\"1\">\n<p class=\"brz-fw-lg-700 brz-fss-lg-px brz-fs-lg-12 brz-ft-upload brz-ff-ymubgefsxldrywogxtzekrfkmzwinepjvqkm brz-tp-lg-empty brz-lh-lg-1_9 brz-ls-lg-0 brz-css-bPLoh\" data-uniq-id=\"grspw\" data-generated-css=\"brz-css-jzkyx\"><span class=\"brz-cp-color7\">Di\u015f Tedavisi<\/span><\/p>\n<\/div>\n<\/div>\n<\/div>\n<div id=\"\" class=\"brz-css-u_PzI brz-css-nwFC4 brz-wrapper\">\n<div class=\"brz-rich-text brz-rich-text__custom brz-css-wuHC5\" data-brz-custom-id=\"drbqvvfusvuxbteajsejiupmksgbopzaiiyp\">\n<div data-brz-translate-text=\"1\">\n<p class=\"brz-fs-lg-20 brz-ft-upload brz-ff-ymubgefsxldrywogxtzekrfkmzwinepjvqkm brz-tp-lg-empty brz-lh-lg-1_9 brz-ls-lg-0 brz-fw-lg-400 brz-fss-lg-px brz-css-oSKGW\" data-generated-css=\"brz-css-eruko\" data-uniq-id=\"rzqbr\"><strong>Bruxism-Botoks<\/strong><\/p>\n<\/div>\n<\/div>\n<\/div>\n<div id=\"\" class=\"brz-css-u_PzI brz-wrapper\">\n<div class=\"brz-rich-text brz-rich-text__custom brz-css-wuHC5\" data-brz-custom-id=\"oqbgtifxvizvyoofjhkzwbsmzfergnpbdwtd\">\n<div data-brz-translate-text=\"1\">\n<p class=\"brz-mb-lg-20 brz-ls-lg-0 brz-fw-lg-400 brz-fss-lg-px brz-fs-lg-16 brz-ft-upload brz-ff-ymubgefsxldrywogxtzekrfkmzwinepjvqkm brz-tp-lg-empty brz-lh-lg-1_9 brz-css-yKm4M\" data-uniq-id=\"dwork\" data-generated-css=\"brz-css-gjztd\"><span class=\"brz-cp-color7\">Ani ve uzun vadeli hasara neden oldu\u011fu kan\u0131tlanm\u0131\u015f olan bruksizm, ba\u015f a\u011fr\u0131s\u0131, \u00e7ene a\u011fr\u0131s\u0131 ve hasarl\u0131 di\u015fler gibi \u00e7e\u015fitli sa\u011fl\u0131k sorunlar\u0131na yol a\u00e7abilir. \u00c7i\u011fneme kaslar\u0131na enjekte edilen botoks, bu kaslar\u0131n kas\u0131lmas\u0131n\u0131 s\u00f6yleyen sinyalleri iptal ederek g\u0131c\u0131rdatma ve di\u015f s\u0131kmay\u0131 \u00f6nleyebilir.<\/span><\/p>\n<\/div>\n<\/div>\n<\/div>\n<\/div>\n<\/div>\n<\/div>\n<\/div>\n<\/div>\n<\/div>\n<\/section>\n<\/div>\n<p>    <!-- version:1722063581 --><\/p>\n","protected":false},"excerpt":{"rendered":"<p>Di\u015f Tedavisi Bruxism-Botoks Di\u015f Tedavisi Bruxism-Botoks Ani ve uzun vadeli hasara neden oldu\u011fu kan\u0131tlanm\u0131\u015f olan bruksizm, ba\u015f a\u011fr\u0131s\u0131, \u00e7ene a\u011fr\u0131s\u0131 ve hasarl\u0131 di\u015fler gibi \u00e7e\u015fitli sa\u011fl\u0131k sorunlar\u0131na yol a\u00e7abilir. \u00c7i\u011fneme kaslar\u0131na enjekte edilen botoks, bu kaslar\u0131n kas\u0131lmas\u0131n\u0131 s\u00f6yleyen sinyalleri iptal ederek g\u0131c\u0131rdatma ve di\u015f s\u0131kmay\u0131 \u00f6nleyebilir.<\/p>\n","protected":false},"author":5,"featured_media":0,"parent":1168,"menu_order":0,"comment_status":"closed","ping_status":"closed","template":"","meta":{"footnotes":""},"class_list":["post-1171","page","type-page","status-publish","hentry"],"blocksy_meta":{"styles_descriptor":{"styles":{"desktop":"","tablet":"","mobile":""},"google_fonts":[],"version":6}},"_links":{"self":[{"href":"https:\/\/smilinic.com\/tr\/wp-json\/wp\/v2\/pages\/1171","targetHints":{"allow":["GET"]}}],"collection":[{"href":"https:\/\/smilinic.com\/tr\/wp-json\/wp\/v2\/pages"}],"about":[{"href":"https:\/\/smilinic.com\/tr\/wp-json\/wp\/v2\/types\/page"}],"author":[{"embeddable":true,"href":"https:\/\/smilinic.com\/tr\/wp-json\/wp\/v2\/users\/5"}],"replies":[{"embeddable":true,"href":"https:\/\/smilinic.com\/tr\/wp-json\/wp\/v2\/comments?post=1171"}],"version-history":[{"count":0,"href":"https:\/\/smilinic.com\/tr\/wp-json\/wp\/v2\/pages\/1171\/revisions"}],"up":[{"embeddable":true,"href":"https:\/\/smilinic.com\/tr\/wp-json\/wp\/v2\/pages\/1168"}],"wp:attachment":[{"href":"https:\/\/smilinic.com\/tr\/wp-json\/wp\/v2\/media?parent=1171"}],"curies":[{"name":"wp","href":"https:\/\/api.w.org\/{rel}","templated":true}]}}