{"id":1170,"date":"2022-10-06T21:17:17","date_gmt":"2022-10-06T21:17:17","guid":{"rendered":"https:\/\/smilinic.com\/dental-treatments\/bonding-dental\/"},"modified":"2024-07-27T06:32:04","modified_gmt":"2024-07-27T06:32:04","slug":"bonding-dental","status":"publish","type":"page","link":"https:\/\/smilinic.com\/tr\/dental-treatments\/bonding-dental\/","title":{"rendered":"Bonding Di\u015f Tedavileri"},"content":{"rendered":"<div class=\"brz-root__container brz-reset-all brz\">\n<section id=\"vanzffxkciydgwavskxnfkuenicdvhvvrmad\" class=\"brz-section brz-css-reGEH\">\n<div class=\"brz-section__content brz-section--boxed brz-css-wMvHJ brz-css-mKRVS\" data-brz-custom-id=\"ieazexjgjtsvpvbekcpcidiiyhqvzdlwkjfa\">\n<div class=\"brz-bg\">\n<div class=\"brz-bg-image\"><\/div>\n<div class=\"brz-bg-color\"><\/div>\n<\/div>\n<div class=\"brz-container brz-css-zQvpX brz-css-swWMb\">\n<div id=\"\" class=\"brz-css-oQkjp brz-css-sEOLK brz-wrapper\">\n<div class=\"brz-rich-text brz-rich-text__custom brz-css-fLhGF\" data-brz-custom-id=\"rktfwsicqkzynefmoquktzdvljmjiqwkkjyr\">\n<div data-brz-translate-text=\"1\">\n<p class=\"brz-text-lg-center brz-tp-lg-paragraph brz-css-hghYz\" data-generated-css=\"brz-css-mfrdr\" data-uniq-id=\"fewuq\">Di\u015f Tedavisi<\/p>\n<\/div>\n<\/div>\n<\/div>\n<div id=\"\" class=\"brz-css-oQkjp brz-wrapper\">\n<div class=\"brz-rich-text brz-rich-text__custom brz-css-fLhGF\" data-brz-custom-id=\"oqmayoblbmqrpmhgoiedcilvlidovzvznnbp\">\n<div data-brz-translate-text=\"1\">\n<p class=\"brz-fw-lg-700 brz-fss-lg-px brz-fs-lg-54 brz-ft-google brz-ff-roboto brz-tp-lg-empty brz-lh-lg-1 brz-ls-lg-0 brz-text-lg-center brz-css-y7fIs\" data-generated-css=\"brz-css-bltum\" data-uniq-id=\"cfasd\">Bonding Di\u015f Tedavileri<\/p>\n<\/div>\n<\/div>\n<\/div>\n<\/div>\n<\/div>\n<\/section>\n<section id=\"lcizcxyrxvuikmicjukrhtuvobknxyvulapf\" class=\"brz-section brz-css-reGEH\">\n<div class=\"brz-section__content brz-section--boxed brz-css-wMvHJ brz-css-beAps\" data-brz-custom-id=\"nagxmjxkzvylkbasuhstvxkezpwulfrarayn\">\n<div class=\"brz-bg\">\n<div class=\"brz-bg-color\"><\/div>\n<\/div>\n<div class=\"brz-container brz-css-zQvpX\">\n<div id=\"whitearea\" class=\"brz-row__container brz-css-jNs0M brz-css-iEJSR\" data-brz-custom-id=\"wariiytrjpllgwoqmvuadeghixnapnaisjls\">\n<div class=\"brz-bg\">\n<div class=\"brz-bg-color\"><\/div>\n<\/div>\n<div class=\"brz-row brz-css-hTwhz brz-css-p8n7r\">\n<div class=\"brz-columns brz-css-ztQwL brz-css-c6lGc\" data-brz-custom-id=\"sixhfdeedioxmlpdjlgbuyriysbkessbdmab\">\n<div class=\"brz-bg\"><\/div>\n<div class=\"brz-column__items brz-css-pCnfM brz-css-kkLx2\">\n<div id=\"\" class=\"brz-css-oQkjp brz-css-qdXMh brz-wrapper\">\n<div class=\"brz-image brz-css-o6h41 brz-css-xP1tE\" data-brz-custom-id=\"mwatigbfriwgvcybtrwvjhnnjdtyozwgqtdv\"><img decoding=\"async\" class=\"brz-img\" src=\"https:\/\/cafeduo.com.tr\/wp-content\/uploads\/brizy\/imgs\/wp-68f2f02591e56376164ba0fd73112593-554x749x0x127x554x622x1714077551.jpg\" alt=\"\" loading=\"lazy\"><\/div>\n<\/div>\n<\/div>\n<\/div>\n<div class=\"brz-columns brz-css-ztQwL brz-css-yF1gs\" data-brz-custom-id=\"skwmugcivvvekwxwwledlfempetrfstsbzah\">\n<div class=\"brz-bg\"><\/div>\n<div class=\"brz-column__items brz-css-pCnfM brz-css-o1SYJ\">\n<div id=\"\" class=\"brz-css-oQkjp brz-css-z8bYM brz-wrapper\">\n<div class=\"brz-rich-text brz-rich-text__custom brz-css-fLhGF\" data-brz-custom-id=\"ekmwwtqmipshbnjzyuragzlezrxwbsahdlml\">\n<div data-brz-translate-text=\"1\">\n<p class=\"brz-fw-lg-700 brz-fss-lg-px brz-fs-lg-12 brz-ft-upload brz-ff-ymubgefsxldrywogxtzekrfkmzwinepjvqkm brz-tp-lg-empty brz-lh-lg-1_9 brz-ls-lg-0 brz-css-r88Xs\" data-uniq-id=\"kofdh\" data-generated-css=\"brz-css-idxgk\"><span class=\"brz-cp-color7\">Di\u015f Tedavisi<\/span><\/p>\n<\/div>\n<\/div>\n<\/div>\n<div id=\"\" class=\"brz-css-oQkjp brz-css-mz6I6 brz-wrapper\">\n<div class=\"brz-rich-text brz-rich-text__custom brz-css-fLhGF\" data-brz-custom-id=\"aycljqhyporgqtwbbarorbnsoykevisfmncm\">\n<div data-brz-translate-text=\"1\">\n<p class=\"brz-fss-lg-px brz-fw-lg-400 brz-ls-lg-0 brz-lh-lg-1_9 brz-tp-lg-empty brz-ff-ymubgefsxldrywogxtzekrfkmzwinepjvqkm brz-ft-upload brz-fs-lg-20 brz-css-qM4yc\" data-uniq-id=\"cwjfz\" data-generated-css=\"brz-css-dayzo\"><strong>Bonding Di\u015f Tedavileri<\/strong><\/p>\n<\/div>\n<\/div>\n<\/div>\n<div id=\"\" class=\"brz-css-oQkjp brz-wrapper\">\n<div class=\"brz-rich-text brz-rich-text__custom brz-css-fLhGF\" data-brz-custom-id=\"crsvtbmcvzcypfsxuvkycwqumgprvxxxtpho\">\n<div data-brz-translate-text=\"1\">\n<p class=\"brz-lh-lg-1_9 brz-tp-lg-empty brz-ff-ymubgefsxldrywogxtzekrfkmzwinepjvqkm brz-ft-upload brz-fs-lg-16 brz-fss-lg-px brz-fw-lg-400 brz-ls-lg-0 brz-mb-lg-20 brz-css-qfMc_\" data-generated-css=\"brz-css-neboy\" data-uniq-id=\"cgker\"><span class=\"brz-cp-color7\">Bonding, di\u015f hekimimizin di\u015flerdeki hasar\u0131 onarmak i\u00e7in uygulad\u0131\u011f\u0131 di\u015f renginde bir kompozittir. Kron veya kaplama gibi herhangi bir i\u015flem gerektirmedi\u011fi i\u00e7in size \u00e7ekici ve do\u011fal bir g\u00f6r\u00fcn\u00fcm b\u0131rakan uygun maliyetli bir \u00e7\u00f6z\u00fcmd\u00fcr.<\/span><\/p>\n<\/div>\n<\/div>\n<\/div>\n<\/div>\n<\/div>\n<\/div>\n<\/div>\n<\/div>\n<\/div>\n<\/section>\n<\/div>\n<p>    <!-- version:1722061924 --><\/p>\n","protected":false},"excerpt":{"rendered":"<p>Di\u015f Tedavisi Bonding Di\u015f Tedavileri Di\u015f Tedavisi Bonding Di\u015f Tedavileri Bonding, di\u015f hekimimizin di\u015flerdeki hasar\u0131 onarmak i\u00e7in uygulad\u0131\u011f\u0131 di\u015f renginde bir kompozittir. Kron veya kaplama gibi herhangi bir i\u015flem gerektirmedi\u011fi i\u00e7in size \u00e7ekici ve do\u011fal bir g\u00f6r\u00fcn\u00fcm b\u0131rakan uygun maliyetli bir \u00e7\u00f6z\u00fcmd\u00fcr.<\/p>\n","protected":false},"author":5,"featured_media":0,"parent":1168,"menu_order":0,"comment_status":"closed","ping_status":"closed","template":"","meta":{"footnotes":""},"class_list":["post-1170","page","type-page","status-publish","hentry"],"blocksy_meta":{"styles_descriptor":{"styles":{"desktop":"","tablet":"","mobile":""},"google_fonts":[],"version":6}},"_links":{"self":[{"href":"https:\/\/smilinic.com\/tr\/wp-json\/wp\/v2\/pages\/1170","targetHints":{"allow":["GET"]}}],"collection":[{"href":"https:\/\/smilinic.com\/tr\/wp-json\/wp\/v2\/pages"}],"about":[{"href":"https:\/\/smilinic.com\/tr\/wp-json\/wp\/v2\/types\/page"}],"author":[{"embeddable":true,"href":"https:\/\/smilinic.com\/tr\/wp-json\/wp\/v2\/users\/5"}],"replies":[{"embeddable":true,"href":"https:\/\/smilinic.com\/tr\/wp-json\/wp\/v2\/comments?post=1170"}],"version-history":[{"count":0,"href":"https:\/\/smilinic.com\/tr\/wp-json\/wp\/v2\/pages\/1170\/revisions"}],"up":[{"embeddable":true,"href":"https:\/\/smilinic.com\/tr\/wp-json\/wp\/v2\/pages\/1168"}],"wp:attachment":[{"href":"https:\/\/smilinic.com\/tr\/wp-json\/wp\/v2\/media?parent=1170"}],"curies":[{"name":"wp","href":"https:\/\/api.w.org\/{rel}","templated":true}]}}