{"id":1169,"date":"2022-10-06T21:16:45","date_gmt":"2022-10-06T21:16:45","guid":{"rendered":"https:\/\/smilinic.com\/dental-treatments\/all-on-4-non-removable\/"},"modified":"2024-07-27T01:07:04","modified_gmt":"2024-07-27T01:07:04","slug":"all-on-4-non-removable","status":"publish","type":"page","link":"https:\/\/smilinic.com\/tr\/dental-treatments\/all-on-4-non-removable\/","title":{"rendered":"All on 4"},"content":{"rendered":"<div class=\"brz-root__container brz-reset-all brz\">\n<section id=\"czppwekofveajdlwcxauystodltjabpbuzcu\" class=\"brz-section brz-css-makmz\">\n<div class=\"brz-section__content brz-section--boxed brz-css-dtFNj brz-css-h_KHW\" data-brz-custom-id=\"goohgqyxllyvnsmzvngmorpzaspkqjhbkumw\">\n<div class=\"brz-bg\">\n<div class=\"brz-bg-image\"><\/div>\n<div class=\"brz-bg-color\"><\/div>\n<\/div>\n<div class=\"brz-container brz-css-bfjHZ brz-css-jQf5R\">\n<div id=\"\" class=\"brz-css-jgjYL brz-css-ocoLH brz-wrapper\">\n<div class=\"brz-rich-text brz-rich-text__custom brz-css-gRviC\" data-brz-custom-id=\"rlajntdahpzppiveoyasogxaqvxhwnbgoqva\">\n<div data-brz-translate-text=\"1\">\n<p class=\"brz-text-lg-center brz-tp-lg-paragraph brz-css-jAZOB\" data-generated-css=\"brz-css-djgfo\" data-uniq-id=\"oefpn\">Di\u015f Tedavileri<\/p>\n<\/div>\n<\/div>\n<\/div>\n<div id=\"\" class=\"brz-css-jgjYL brz-wrapper\">\n<div class=\"brz-rich-text brz-rich-text__custom brz-css-gRviC\" data-brz-custom-id=\"hfijrdailxhycaiorhhxcbyrlfuhkfdcovtc\">\n<div data-brz-translate-text=\"1\">\n<p class=\"brz-fw-lg-700 brz-fss-lg-px brz-fs-lg-54 brz-ft-google brz-ff-roboto brz-tp-lg-empty brz-lh-lg-1 brz-ls-lg-0 brz-text-lg-center brz-css-vNFYv\" data-generated-css=\"brz-css-pookp\" data-uniq-id=\"kvzoj\">All \u2013 on \u2013 4<\/p>\n<\/div>\n<\/div>\n<\/div>\n<\/div>\n<\/div>\n<\/section>\n<section id=\"kmvpiramagrnxzmgkdgrjcvmasgcjkkikmia\" class=\"brz-section brz-css-makmz\">\n<div class=\"brz-section__content brz-section--boxed brz-css-dtFNj brz-css-cu465\" data-brz-custom-id=\"iqwaqgyciqoyfvgkwasddgoauarpxvvanqzq\">\n<div class=\"brz-bg\">\n<div class=\"brz-bg-color\"><\/div>\n<\/div>\n<div class=\"brz-container brz-css-bfjHZ\">\n<div id=\"whitearea\" class=\"brz-row__container brz-css-kKe0l brz-css-tYSVo\" data-brz-custom-id=\"pxdohzezzxcoqwujzwphihtgdqrljqaudcyx\">\n<div class=\"brz-bg\">\n<div class=\"brz-bg-color\"><\/div>\n<\/div>\n<div class=\"brz-row brz-css-e6128 brz-css-l8OIF\">\n<div class=\"brz-columns brz-css-aYXk0 brz-css-e9s8I\" data-brz-custom-id=\"zowrglnctzfnwbazctpihtwkceyuzozqfrmq\">\n<div class=\"brz-bg\"><\/div>\n<div class=\"brz-column__items brz-css-zr7MZ brz-css-yC65t\">\n<div id=\"\" class=\"brz-css-jgjYL brz-css-p6j8C brz-wrapper\">\n<div class=\"brz-image brz-css-gaLGK brz-css-j_QLC\" data-brz-custom-id=\"bsedwjvcgbdwmdptpwmbivhftikbvxcblufk\"><img decoding=\"async\" class=\"brz-img\" src=\"https:\/\/cafeduo.com.tr\/wp-content\/uploads\/brizy\/imgs\/wp-68f2f02591e56376164ba0fd73112593-554x749x0x127x554x622x1714077551.jpg\" alt=\"\" loading=\"lazy\"><\/div>\n<\/div>\n<\/div>\n<\/div>\n<div class=\"brz-columns brz-css-aYXk0 brz-css-rQtsM\" data-brz-custom-id=\"irktbwkoepanbqvyfohchyygqlfwuddvanqo\">\n<div class=\"brz-bg\"><\/div>\n<div class=\"brz-column__items brz-css-zr7MZ brz-css-dnT_A\">\n<div id=\"\" class=\"brz-css-jgjYL brz-css-n5Bcl brz-wrapper\">\n<div class=\"brz-rich-text brz-rich-text__custom brz-css-gRviC\" data-brz-custom-id=\"easkbocmwqdrugxnacyjziwvjsrkgsiapypo\">\n<div data-brz-translate-text=\"1\">\n<p class=\"brz-fw-lg-700 brz-fss-lg-px brz-fs-lg-12 brz-ft-upload brz-ff-ymubgefsxldrywogxtzekrfkmzwinepjvqkm brz-tp-lg-empty brz-lh-lg-1_9 brz-ls-lg-0 brz-css-sGKpY\" data-uniq-id=\"pqmel\" data-generated-css=\"brz-css-icpjk\"><span class=\"brz-cp-color7\">Di\u015f Tedavileri<\/span><\/p>\n<\/div>\n<\/div>\n<\/div>\n<div id=\"\" class=\"brz-css-jgjYL brz-css-xqoyo brz-wrapper\">\n<div class=\"brz-rich-text brz-rich-text__custom brz-css-gRviC\" data-brz-custom-id=\"vcgjpeadfyvtftawkmgrpvpndiwwtlbjpfxv\">\n<div data-brz-translate-text=\"1\">\n<p class=\"brz-fss-lg-px brz-fw-lg-400 brz-ls-lg-0 brz-lh-lg-1_9 brz-tp-lg-empty brz-ff-ymubgefsxldrywogxtzekrfkmzwinepjvqkm brz-ft-upload brz-fs-lg-20 brz-css-qV237\" data-uniq-id=\"gmlfj\" data-generated-css=\"brz-css-kulnt\"><strong>All \u2013 on \u2013 4<\/strong><\/p>\n<\/div>\n<\/div>\n<\/div>\n<div id=\"\" class=\"brz-css-jgjYL brz-wrapper\">\n<div class=\"brz-rich-text brz-rich-text__custom brz-css-gRviC\" data-brz-custom-id=\"wzfkuacdlgiiplftbnkwiserqiixuhgwwteg\">\n<div data-brz-translate-text=\"1\">\n<p class=\"brz-lh-lg-1_9 brz-ls-lg-0 brz-fw-lg-400 brz-fss-lg-px brz-fs-lg-16 brz-ft-upload brz-ff-ymubgefsxldrywogxtzekrfkmzwinepjvqkm brz-tp-lg-empty brz-mb-lg-20 brz-css-vQ3at\" data-generated-css=\"brz-css-sokfd\" data-uniq-id=\"frsvr\"><span class=\"brz-cp-color7\">All-on-4, takma di\u015fleri a\u011fza takman\u0131n daha sa\u011flam ve g\u00fcvenli bir yolunu sa\u011flayan farkl\u0131 di\u015f y\u00f6ntemleri ve teknolojilerinin bir kombinasyonudur. All-on-4 tekni\u011fi, yedek di\u015flerine sa\u011flam destek sa\u011flamak i\u00e7in hastan\u0131n \u00e7enesine g\u00f6m\u00fcl\u00fc 4 implanta dayan\u0131r.<\/span><\/p>\n<p class=\"brz-lh-lg-1_9 brz-tp-lg-empty brz-ff-ymubgefsxldrywogxtzekrfkmzwinepjvqkm brz-ft-upload brz-fs-lg-16 brz-fss-lg-px brz-fw-lg-400 brz-ls-lg-0 brz-mb-lg-20 brz-css-mSaCg\" data-generated-css=\"brz-css-apxnc\" data-uniq-id=\"mgsuv\"><span>All-on-4, kemik kayb\u0131n\u0131 \u00f6nledi\u011fi i\u00e7in di\u015f sa\u011fl\u0131\u011f\u0131n\u0131z i\u00e7in harikad\u0131r. All-on-4 di\u015flerin ve implantlar\u0131n bak\u0131m\u0131 kolayd\u0131r ve zaten a\u015fina oldu\u011funuz bir\u00e7ok normal a\u011f\u0131z bak\u0131m\u0131 al\u0131\u015fkanl\u0131\u011f\u0131n\u0131 takip eder. Kal\u0131c\u0131 bir \u00e7\u00f6z\u00fcmd\u00fcr. All-on-4 hizmeti alan hastalar, tekrar tekrar prova yapt\u0131rmak zorunda kalmadan, a\u011f\u0131zlar\u0131nda do\u011fal g\u00f6r\u00fcn\u00fcml\u00fc di\u015flere sahip olurlar. <\/span><\/p>\n<p class=\"brz-lh-lg-1_9 brz-tp-lg-empty brz-ff-ymubgefsxldrywogxtzekrfkmzwinepjvqkm brz-ft-upload brz-fs-lg-16 brz-fss-lg-px brz-fw-lg-400 brz-ls-lg-0 brz-mb-lg-20 brz-css-u9v5F\" data-generated-css=\"brz-css-apxnc\" data-uniq-id=\"mgsuv\"><span>Gev\u015fek takma di\u015flerle ilgili endi\u015felerinizi anl\u0131yoruz \u00e7\u00fcnk\u00fc bunlar utan\u00e7 verici olabilir. Ama neyse ki, takma di\u015f tokalar\u0131 \u015feklinde bir \u00e7\u00f6z\u00fcm var. Bunlarla, her g\u00fcl\u00fcmsedi\u011finizde tam bir g\u00f6n\u00fcl rahatl\u0131\u011f\u0131na sahip olabilir ve kendinize g\u00fcvenebilirsiniz.<\/span><\/p>\n<\/div>\n<\/div>\n<\/div>\n<\/div>\n<\/div>\n<\/div>\n<\/div>\n<\/div>\n<\/div>\n<\/section>\n<\/div>\n<p>    <!-- version:1722042424 --><\/p>\n","protected":false},"excerpt":{"rendered":"<p>Di\u015f Tedavileri All \u2013 on \u2013 4 Di\u015f Tedavileri All \u2013 on \u2013 4 All-on-4, takma di\u015fleri a\u011fza takman\u0131n daha sa\u011flam ve g\u00fcvenli bir yolunu sa\u011flayan farkl\u0131 di\u015f y\u00f6ntemleri ve teknolojilerinin bir kombinasyonudur. All-on-4 tekni\u011fi, yedek di\u015flerine sa\u011flam destek sa\u011flamak i\u00e7in hastan\u0131n \u00e7enesine g\u00f6m\u00fcl\u00fc 4 implanta dayan\u0131r. All-on-4, kemik kayb\u0131n\u0131 \u00f6nledi\u011fi i\u00e7in di\u015f sa\u011fl\u0131\u011f\u0131n\u0131z i\u00e7in [&hellip;]<\/p>\n","protected":false},"author":5,"featured_media":0,"parent":1168,"menu_order":0,"comment_status":"closed","ping_status":"closed","template":"","meta":{"footnotes":""},"class_list":["post-1169","page","type-page","status-publish","hentry"],"blocksy_meta":{"styles_descriptor":{"styles":{"desktop":"","tablet":"","mobile":""},"google_fonts":[],"version":6}},"_links":{"self":[{"href":"https:\/\/smilinic.com\/tr\/wp-json\/wp\/v2\/pages\/1169","targetHints":{"allow":["GET"]}}],"collection":[{"href":"https:\/\/smilinic.com\/tr\/wp-json\/wp\/v2\/pages"}],"about":[{"href":"https:\/\/smilinic.com\/tr\/wp-json\/wp\/v2\/types\/page"}],"author":[{"embeddable":true,"href":"https:\/\/smilinic.com\/tr\/wp-json\/wp\/v2\/users\/5"}],"replies":[{"embeddable":true,"href":"https:\/\/smilinic.com\/tr\/wp-json\/wp\/v2\/comments?post=1169"}],"version-history":[{"count":0,"href":"https:\/\/smilinic.com\/tr\/wp-json\/wp\/v2\/pages\/1169\/revisions"}],"up":[{"embeddable":true,"href":"https:\/\/smilinic.com\/tr\/wp-json\/wp\/v2\/pages\/1168"}],"wp:attachment":[{"href":"https:\/\/smilinic.com\/tr\/wp-json\/wp\/v2\/media?parent=1169"}],"curies":[{"name":"wp","href":"https:\/\/api.w.org\/{rel}","templated":true}]}}