{"id":1167,"date":"2022-10-06T21:30:27","date_gmt":"2022-10-06T21:30:27","guid":{"rendered":"https:\/\/smilinic.com\/contact-us\/"},"modified":"2024-07-27T06:43:16","modified_gmt":"2024-07-27T06:43:16","slug":"contact-us","status":"publish","type":"page","link":"https:\/\/smilinic.com\/tr\/contact-us\/","title":{"rendered":"\u0130leti\u015fim"},"content":{"rendered":"<div class=\"brz-root__container brz-reset-all brz\">\n<section id=\"rxcvzhckjgakrpksuaachxokjhwazgyyfkut\" class=\"brz-section brz-css-pU8dm\">\n<div class=\"brz-section__content brz-section--boxed brz-css-f13K3 brz-css-bMrAC\" data-brz-custom-id=\"bskwrivzgcaihutgbhzcyiwkwrpqnuogruyy\">\n<div class=\"brz-bg\">\n<div class=\"brz-bg-color\"><\/div>\n<\/div>\n<div class=\"brz-container brz-css-eKAmY\">\n<div class=\"brz-row__container brz-css-xtNfY brz-css-vHLVy\" data-brz-custom-id=\"mbccqcxziarntwgwwbxastdupvtpvzajndte\">\n<div class=\"brz-bg\"><\/div>\n<div class=\"brz-row brz-css-bgce7 brz-css-cmGoT\">\n<div class=\"brz-columns brz-css-o2u3D\" data-brz-custom-id=\"xqjndzjokseliwgwrrcmmxrhcpkylmftsfnx\">\n<div class=\"brz-bg\"><\/div>\n<div class=\"brz-column__items brz-css-hrRpt brz-css-gpXbB\">\n<div id=\"\" class=\"brz-css-bAfbf brz-css-vAESo brz-wrapper\">\n<div class=\"brz-icon-text brz-css-uW1xP\" data-brz-custom-id=\"tyfakbxyrifvyuwlvcivmehycddhchgomemt\">\n<div class=\"brz-icon__container\" data-brz-custom-id=\"hymhirjtmekorcdrrkupbhboaugupifyzurp\"><span class=\"brz-icon brz-span brz-css-mERIq brz-css-wnZVT\"><\/span><\/div>\n<div class=\"brz-text-btn\">\n<div class=\"brz-rich-text brz-rich-text__custom brz-css-k8hpC\" data-brz-custom-id=\"nsiudixavykjjloxwfqbxtbqnxugoneodtty\">\n<div data-brz-translate-text=\"1\">\n<h4 class=\"brz-mb-lg-0 brz-tp-lg-heading4 brz-css-a64pu\" data-uniq-id=\"inusm\" data-generated-css=\"brz-css-fktue\">+44 7984 267880<\/h4>\n<\/div>\n<\/div>\n<\/div>\n<\/div>\n<\/div>\n<div id=\"\" class=\"brz-css-bAfbf brz-css-kX4Lj brz-wrapper\">\n<div class=\"brz-icon-text brz-css-uW1xP\" data-brz-custom-id=\"xverefymftknfopnqzoerysyzcneqxrhooai\">\n<div class=\"brz-icon__container\" data-brz-custom-id=\"wfqefuyamgzmnhsqhajsueiutjptfqbgchxp\"><span class=\"brz-icon brz-span brz-css-mERIq brz-css-wMhep\"><\/span><\/div>\n<div class=\"brz-text-btn\">\n<div class=\"brz-rich-text brz-rich-text__custom brz-css-k8hpC\" data-brz-custom-id=\"bxrkncohfpbltuerihjzcbdhkrvpodjrvjvy\">\n<div data-brz-translate-text=\"1\">\n<h4 class=\"brz-tp-lg-heading4 brz-mb-lg-0 brz-css-lVe35\" data-uniq-id=\"rpbrp\" data-generated-css=\"brz-css-augar\">info@smilinic.com<\/h4>\n<\/div>\n<\/div>\n<\/div>\n<\/div>\n<\/div>\n<div class=\"brz-wrapper-clone brz-css-qlyGF\">\n<div class=\"brz-d-xs-flex brz-flex-xs-wrap brz-css-xSZwg brz-css-hhGoc\" data-brz-custom-id=\"\">\n<div class=\"brz-wrapper-clone__item\" id=\"qgdnferyjzzqzvukiyrspasjorlkypjcfvij\">\n<div class=\"brz-icon__container\" data-brz-custom-id=\"qgdnferyjzzqzvukiyrspasjorlkypjcfvij\"><a class=\"brz-a\" href=\"https:\/\/www.facebook.com\/smilinic\/\" target=\"_self\" rel=\"noopener\" data-brz-link-type=\"external\"><span class=\"brz-icon brz-span brz-css-mERIq brz-css-ucbjV\"><\/span><\/a><\/div>\n<\/div>\n<div class=\"brz-wrapper-clone__item\" id=\"cgwqfphzxawubwopgjdqrykcxffvvkjszhyw\">\n<div class=\"brz-icon__container\" data-brz-custom-id=\"cgwqfphzxawubwopgjdqrykcxffvvkjszhyw\"><a class=\"brz-a\" href=\"https:\/\/wa.me\/+447984267880\" target=\"_self\" rel=\"noopener\" data-brz-link-type=\"external\"><span class=\"brz-icon brz-span brz-css-mERIq brz-css-kgyq8\"><\/span><\/a><\/div>\n<\/div>\n<div class=\"brz-wrapper-clone__item\" id=\"bbdvobyasqkjosxuwmrcvilxcmvltzibuyxk\">\n<div class=\"brz-icon__container\" data-brz-custom-id=\"bbdvobyasqkjosxuwmrcvilxcmvltzibuyxk\"><a class=\"brz-a\" href=\"https:\/\/www.instagram.com\/smilinic_\/\" target=\"_self\" rel=\"noopener\" data-brz-link-type=\"external\"><span class=\"brz-icon brz-span brz-css-mERIq brz-css-paVev\"><\/span><\/a><\/div>\n<\/div>\n<\/div>\n<\/div>\n<div id=\"\" class=\"brz-css-bAfbf brz-wrapper\">\n<div class=\"brz-rich-text brz-rich-text__custom brz-css-k8hpC\" data-brz-custom-id=\"wpincwzquzixxaldmuyverduvflmditwgnzz\">\n<div data-brz-translate-text=\"1\">\n<p class=\"brz-mt-lg-45 brz-mb-lg-0 brz-tp-lg-paragraph brz-css-dfxN5\" data-uniq-id=\"jydbv\" data-generated-css=\"brz-css-hqmqr\"><a class=\"link--external brz-cp-color2\" href=\"\/schedule-a-call\/\" data-brz-link-type=\"external\">G\u00f6r\u00fc\u015fme yapmak isterseniz g\u00f6r\u00fc\u015fme talebi olu\u015fturarak sanal asistan hizmetimizden yararlanabilirsiniz. Aramay\u0131 \u015fimdi yap\u0131n!<\/a><\/p>\n<\/div>\n<\/div>\n<\/div>\n<\/div>\n<\/div>\n<div class=\"brz-columns brz-css-o2u3D\" data-brz-custom-id=\"crfwjqaltbzalqhcejhyujcogodkqgatczgj\">\n<div class=\"brz-bg\"><\/div>\n<div class=\"brz-column__items brz-css-hrRpt brz-css-xHEit\">\n<div id=\"\" class=\"brz-css-bAfbf brz-css-v1uR9 brz-wrapper\">\n<div data-brz-form-version=\"2\" class=\"brz-forms2 brz-css-bDXjk brz-css-erWqb\" data-brz-custom-id=\"exqmfbqlnmaxazbdqnjngdeeqlccghorgmcl\">\n<div data-brz-translate-text=\"1\" class=\"brz-forms2__item brz-css-yUBdR brz-css-iFNK9 brz-css-hemJt brz-css-kyCu8\"><\/div>\n<div data-brz-translate-text=\"1\" class=\"brz-forms2__item brz-css-yUBdR brz-css-iFNK9 brz-css-hemJt brz-css-wmN47\"><\/div>\n<div data-brz-translate-text=\"1\" class=\"brz-forms2__item brz-css-yUBdR brz-css-iFNK9 brz-css-hemJt brz-css-wLO4P\"><\/div>\n<div data-brz-translate-text=\"1\" class=\"brz-forms2__item brz-css-yUBdR brz-css-iFNK9 brz-css-hemJt brz-css-kqPjR\"><\/div>\n<div data-brz-translate-text=\"1\" class=\"brz-forms2__item brz-css-yUBdR brz-css-iFNK9 brz-css-hemJt\">\n<div class=\"brz-forms2__field brz-forms2__field-select brz-css-zf9kH brz-css-qCkOh\"> Bizi nereden duydunuz?MagazinSosyal MedyaDi\u011fer<\/div>\n<\/div>\n<div data-brz-translate-text=\"1\" class=\"brz-forms2__item brz-css-yUBdR brz-css-iFNK9 brz-css-hemJt brz-css-og1B_\"><textarea id=\"nIhSwbO0vk80\" name=\"xfcddahammrirklvgqwmjfexopxpvbwrrbed\" data-brz-type=\"Paragraph\" data-brz-label=\"Mesaj\u0131n\u0131z\u0131 Yaz\u0131n\u0131z...\" data-brz-placeholder=\"Mesaj\u0131n\u0131z\u0131 Yaz\u0131n\u0131z...\" class=\"brz-textarea brz-forms2__field brz-forms2__field-paragraph\"><\/textarea><\/div>\n<div class=\"brz-forms2 brz-forms2__item brz-forms2__item-button\" data-brz-custom-id=\"exqmfbqlnmaxazbdqnjngdeeqlccghorgmcl\"><button class=\"brz-btn brz-btn-submit brz-css-v1Kre brz-css-mbPZ3\" data-brz-custom-id=\"alxxifjpvbbpjsxgjsiwopdisbhqtyrlyshf\"><span data-brz-translate-text=\"1\" class=\"brz-span brz-text__editor\">Mesaj G\u00f6nder<\/span><\/button><\/div>\n<\/div>\n<\/div>\n<\/div>\n<\/div>\n<\/div>\n<\/div>\n<\/div>\n<\/div>\n<\/section>\n<section id=\"lckgstfyizvvcpgyzhdvekstaiohxzofyqko\" class=\"brz-section brz-css-pU8dm\">\n<div class=\"brz-section__content brz-section--fullWidth brz-css-f13K3 brz-css-pD5sL\" data-brz-custom-id=\"eltjzbdvrkhkoajzpzhujalezvxalkugqbgi\">\n<div class=\"brz-bg\">\n<div class=\"brz-bg-map\"><\/div>\n<div class=\"brz-bg-color\"><\/div>\n<\/div>\n<div class=\"brz-container brz-css-eKAmY brz-css-oULjg\">\n<div id=\"\" class=\"brz-css-bAfbf brz-css-eGLGU brz-wrapper\">\n<div class=\"brz-spacer brz-css-ctTdy brz-css-kkwAd\"><\/div>\n<\/div>\n<\/div>\n<\/div>\n<\/section>\n<\/div>\n<p>    <!-- version:1722062596 --><\/p>\n","protected":false},"excerpt":{"rendered":"<p>+44 7984 267880 info@smilinic.com G\u00f6r\u00fc\u015fme yapmak isterseniz g\u00f6r\u00fc\u015fme talebi olu\u015fturarak sanal asistan hizmetimizden yararlanabilirsiniz. Aramay\u0131 \u015fimdi yap\u0131n! Bizi nereden duydunuz?MagazinSosyal MedyaDi\u011fer Mesaj G\u00f6nder<\/p>\n","protected":false},"author":5,"featured_media":0,"parent":0,"menu_order":0,"comment_status":"closed","ping_status":"closed","template":"","meta":{"footnotes":""},"class_list":["post-1167","page","type-page","status-publish","hentry"],"blocksy_meta":{"styles_descriptor":{"styles":{"desktop":"","tablet":"","mobile":""},"google_fonts":[],"version":6}},"_links":{"self":[{"href":"https:\/\/smilinic.com\/tr\/wp-json\/wp\/v2\/pages\/1167","targetHints":{"allow":["GET"]}}],"collection":[{"href":"https:\/\/smilinic.com\/tr\/wp-json\/wp\/v2\/pages"}],"about":[{"href":"https:\/\/smilinic.com\/tr\/wp-json\/wp\/v2\/types\/page"}],"author":[{"embeddable":true,"href":"https:\/\/smilinic.com\/tr\/wp-json\/wp\/v2\/users\/5"}],"replies":[{"embeddable":true,"href":"https:\/\/smilinic.com\/tr\/wp-json\/wp\/v2\/comments?post=1167"}],"version-history":[{"count":0,"href":"https:\/\/smilinic.com\/tr\/wp-json\/wp\/v2\/pages\/1167\/revisions"}],"wp:attachment":[{"href":"https:\/\/smilinic.com\/tr\/wp-json\/wp\/v2\/media?parent=1167"}],"curies":[{"name":"wp","href":"https:\/\/api.w.org\/{rel}","templated":true}]}}