{"id":1165,"date":"2022-10-06T21:30:09","date_gmt":"2022-10-06T21:30:09","guid":{"rendered":"https:\/\/smilinic.com\/about-us\/"},"modified":"2024-07-27T02:43:08","modified_gmt":"2024-07-27T02:43:08","slug":"about-us","status":"publish","type":"page","link":"https:\/\/smilinic.com\/tr\/about-us\/","title":{"rendered":"Hakk\u0131m\u0131zda"},"content":{"rendered":"<div class=\"brz-root__container brz-reset-all brz\">\n<section id=\"cwruwwqryyxojeepwstdrzrdejftwfyyouog\" class=\"brz-section brz-css-sZqqp\">\n<div class=\"brz-section__content brz-section--boxed brz-css-tCpI8 brz-css-lc5BF\" data-brz-custom-id=\"tntowqfwleshdmhyorptvqvfqwzpzdmargyr\">\n<div class=\"brz-bg\">\n<div class=\"brz-bg-image\"><\/div>\n<div class=\"brz-bg-color\"><\/div>\n<\/div>\n<div class=\"brz-container brz-css-rZCjJ brz-css-hTc2H\">\n<div id=\"\" class=\"brz-css-pcEZp brz-css-ko31j brz-wrapper\">\n<div class=\"brz-rich-text brz-rich-text__custom brz-css-h7RT3\" data-brz-custom-id=\"jsaszpdyxngfkhgwdfdibushauaxfddxveev\">\n<div data-brz-translate-text=\"1\">\n<p class=\"brz-text-lg-center brz-tp-lg-paragraph brz-css-q1Ptr\" data-generated-css=\"brz-css-mbnts\" data-uniq-id=\"vitrb\">SMILINIC<\/p>\n<\/div>\n<\/div>\n<\/div>\n<div id=\"\" class=\"brz-css-pcEZp brz-wrapper\">\n<div class=\"brz-rich-text brz-rich-text__custom brz-css-h7RT3\" data-brz-custom-id=\"opcztgfrvpybreqxyxdcwvnxazkjeuwjhlnj\">\n<div data-brz-translate-text=\"1\">\n<p class=\"brz-mb-lg-30 brz-fw-lg-700 brz-fss-lg-px brz-fs-lg-54 brz-ft-google brz-ff-roboto brz-tp-lg-empty brz-lh-lg-1 brz-ls-lg-0 brz-text-lg-center brz-css-c2csE\" data-generated-css=\"brz-css-vvhwa\" data-uniq-id=\"fzeei\">Hakk\u0131m\u0131zda<\/p>\n<\/div>\n<\/div>\n<\/div>\n<div id=\"\" class=\"brz-css-pcEZp brz-wrapper\">\n<div class=\"brz-rich-text brz-rich-text__custom brz-css-h7RT3\" data-brz-custom-id=\"mpldnhkowrvxyjuzwoaishdykemmalzlcrlo\">\n<div data-brz-translate-text=\"1\">\n<p class=\"brz-fss-lg-px brz-fw-lg-400 brz-ls-lg-0 brz-lh-lg-1_9 brz-tp-lg-empty brz-ff-ymubgefsxldrywogxtzekrfkmzwinepjvqkm brz-ft-upload brz-fs-lg-24 brz-css-s8w0G\" data-generated-css=\"brz-css-aofbo\" data-uniq-id=\"rmvpf\"><span class=\"brz-cp-color7\">Erdem ve Fulya Karakas, m\u00fc\u015fterilerine m\u00fckemmel bir deneyim ya\u015fatmak ve birinci s\u0131n\u0131f hizmet sunmak amac\u0131yla Smilinic&#8217;i kurdu.<\/span><\/p>\n<p class=\"brz-fss-lg-px brz-fw-lg-400 brz-ls-lg-0 brz-lh-lg-1_9 brz-tp-lg-empty brz-ff-ymubgefsxldrywogxtzekrfkmzwinepjvqkm brz-ft-upload brz-fs-lg-24 brz-css-fXChr\" data-generated-css=\"brz-css-idngo\" data-uniq-id=\"xdmab\"><span class=\"brz-cp-color7\">Smilinic&#8217;te size ve ihtiya\u00e7lar\u0131n\u0131za hizmet etmek i\u00e7in buraday\u0131z. Her zaman hak etti\u011finiz en y\u00fcksek standartlar\u0131 kar\u015f\u0131lamaya \u00e7al\u0131\u015f\u0131yoruz. <\/span><\/p>\n<p class=\"brz-fss-lg-px brz-fw-lg-400 brz-ls-lg-0 brz-lh-lg-1_9 brz-tp-lg-empty brz-ff-ymubgefsxldrywogxtzekrfkmzwinepjvqkm brz-ft-upload brz-fs-lg-24 brz-css-l2juN\" data-generated-css=\"brz-css-sheoc\" data-uniq-id=\"lsbfm\"><span class=\"brz-cp-color7\">IT&#8217;S YOU TIME.<\/span><\/p>\n<\/div>\n<\/div>\n<\/div>\n<\/div>\n<\/div>\n<\/section>\n<\/div>\n<p>    <!-- version:1722048188 --><\/p>\n","protected":false},"excerpt":{"rendered":"<p>SMILINIC Hakk\u0131m\u0131zda Erdem ve Fulya Karakas, m\u00fc\u015fterilerine m\u00fckemmel bir deneyim ya\u015fatmak ve birinci s\u0131n\u0131f hizmet sunmak amac\u0131yla Smilinic&#8217;i kurdu. Smilinic&#8217;te size ve ihtiya\u00e7lar\u0131n\u0131za hizmet etmek i\u00e7in buraday\u0131z. Her zaman hak etti\u011finiz en y\u00fcksek standartlar\u0131 kar\u015f\u0131lamaya \u00e7al\u0131\u015f\u0131yoruz. IT&#8217;S YOU TIME.<\/p>\n","protected":false},"author":5,"featured_media":0,"parent":0,"menu_order":0,"comment_status":"closed","ping_status":"closed","template":"","meta":{"footnotes":""},"class_list":["post-1165","page","type-page","status-publish","hentry"],"blocksy_meta":{"styles_descriptor":{"styles":{"desktop":"","tablet":"","mobile":""},"google_fonts":[],"version":6}},"_links":{"self":[{"href":"https:\/\/smilinic.com\/tr\/wp-json\/wp\/v2\/pages\/1165","targetHints":{"allow":["GET"]}}],"collection":[{"href":"https:\/\/smilinic.com\/tr\/wp-json\/wp\/v2\/pages"}],"about":[{"href":"https:\/\/smilinic.com\/tr\/wp-json\/wp\/v2\/types\/page"}],"author":[{"embeddable":true,"href":"https:\/\/smilinic.com\/tr\/wp-json\/wp\/v2\/users\/5"}],"replies":[{"embeddable":true,"href":"https:\/\/smilinic.com\/tr\/wp-json\/wp\/v2\/comments?post=1165"}],"version-history":[{"count":0,"href":"https:\/\/smilinic.com\/tr\/wp-json\/wp\/v2\/pages\/1165\/revisions"}],"wp:attachment":[{"href":"https:\/\/smilinic.com\/tr\/wp-json\/wp\/v2\/media?parent=1165"}],"curies":[{"name":"wp","href":"https:\/\/api.w.org\/{rel}","templated":true}]}}